{"id":10,"date":"2024-11-11T10:20:43","date_gmt":"2024-11-11T10:20:43","guid":{"rendered":"http:\/\/localhost\/connectwp\/?page_id=10"},"modified":"2025-12-18T04:09:24","modified_gmt":"2025-12-18T04:09:24","slug":"faq","status":"publish","type":"page","link":"https:\/\/connectandactivate.info\/cs\/faq\/","title":{"rendered":"Faq"},"content":{"rendered":"<p>Connect &amp; Activate je praktick\u00fd syst\u00e9m, kter\u00fd vyu\u017e\u00edv\u00e1 sedm sol\u00ed zalo\u017een\u00fdch na inspiraci k podpo\u0159e sebeuv\u011bdom\u011bn\u00ed, jasnosti a osobn\u00edho rozvoje.<br \/>\nTyto webov\u00e9 str\u00e1nky a doprovodn\u00e1 kniha jsou koncipov\u00e1ny jako jednoduch\u00fd strukturovan\u00fd pr\u016fvodce, kter\u00fd v\u00e1m pom\u016f\u017ee pracovat se solemi s jistotou a efektivn\u011b.<\/p>\n<p>Mnoho lid\u00ed za\u017e\u00edv\u00e1 Connect &amp; Activate jako nov\u00fd zp\u016fsob, jak iniciovat smysluplnou zm\u011bnu v ka\u017edodenn\u00edm \u017eivot\u011b - co\u017e p\u0159irozen\u011b vyvol\u00e1v\u00e1 ot\u00e1zky.<br \/>\n<strong>Zde jsou odpov\u011bdi na n\u011bkter\u00e9 z nej\u010dast\u011bj\u0161\u00edch ot\u00e1zek.<\/strong><\/p>","protected":false},"excerpt":{"rendered":"<p>Connect &amp; Activate is a practical system that uses seven inspiration-based salts to support self-awareness, clarity, and personal development. This website and the accompanying book are designed as a simple, structured guide to help you work with the salts confidently and effectively. Many people experience Connect &amp; Activate as a new way of initiating meaningful [&hellip;]<\/p>","protected":false},"author":1,"featured_media":0,"parent":0,"menu_order":0,"comment_status":"closed","ping_status":"closed","template":"faq.php","meta":{"footnotes":""},"class_list":["post-10","page","type-page","status-publish","hentry"],"yoast_head":"<!-- This site is optimized with the Yoast SEO plugin v26.8 - https:\/\/yoast.com\/product\/yoast-seo-wordpress\/ -->\n<title>Faq - connect<\/title>\n<meta name=\"robots\" content=\"noindex, follow, max-snippet:-1, max-image-preview:large, max-video-preview:-1\" \/>\n<meta property=\"og:locale\" content=\"cs_CZ\" \/>\n<meta property=\"og:type\" content=\"article\" \/>\n<meta property=\"og:title\" content=\"Faq - connect\" \/>\n<meta property=\"og:description\" content=\"Connect &amp; Activate is a practical system that uses seven inspiration-based salts to support self-awareness, clarity, and personal development. This website and the accompanying book are designed as a simple, structured guide to help you work with the salts confidently and effectively. Many people experience Connect &amp; Activate as a new way of initiating meaningful [&hellip;]\" \/>\n<meta property=\"og:url\" content=\"https:\/\/connectandactivate.info\/cs\/faq\/\" \/>\n<meta property=\"og:site_name\" content=\"connect\" \/>\n<meta property=\"article:modified_time\" content=\"2025-12-18T04:09:24+00:00\" \/>\n<meta name=\"twitter:card\" content=\"summary_large_image\" \/>\n<script type=\"application\/ld+json\" class=\"yoast-schema-graph\">{\"@context\":\"https:\/\/schema.org\",\"@graph\":[{\"@type\":\"WebPage\",\"@id\":\"https:\/\/connectandactivate.info\/faq\/\",\"url\":\"https:\/\/connectandactivate.info\/faq\/\",\"name\":\"Faq - connect\",\"isPartOf\":{\"@id\":\"https:\/\/connectandactivate.info\/#website\"},\"datePublished\":\"2024-11-11T10:20:43+00:00\",\"dateModified\":\"2025-12-18T04:09:24+00:00\",\"breadcrumb\":{\"@id\":\"https:\/\/connectandactivate.info\/faq\/#breadcrumb\"},\"inLanguage\":\"cs\",\"potentialAction\":[{\"@type\":\"ReadAction\",\"target\":[\"https:\/\/connectandactivate.info\/faq\/\"]}]},{\"@type\":\"BreadcrumbList\",\"@id\":\"https:\/\/connectandactivate.info\/faq\/#breadcrumb\",\"itemListElement\":[{\"@type\":\"ListItem\",\"position\":1,\"name\":\"Home\",\"item\":\"https:\/\/connectandactivate.info\/\"},{\"@type\":\"ListItem\",\"position\":2,\"name\":\"Faq\"}]},{\"@type\":\"WebSite\",\"@id\":\"https:\/\/connectandactivate.info\/#website\",\"url\":\"https:\/\/connectandactivate.info\/\",\"name\":\"connect\",\"description\":\"\",\"potentialAction\":[{\"@type\":\"SearchAction\",\"target\":{\"@type\":\"EntryPoint\",\"urlTemplate\":\"https:\/\/connectandactivate.info\/?s={search_term_string}\"},\"query-input\":{\"@type\":\"PropertyValueSpecification\",\"valueRequired\":true,\"valueName\":\"search_term_string\"}}],\"inLanguage\":\"cs\"}]}<\/script>\n<!-- \/ Yoast SEO plugin. -->","yoast_head_json":{"title":"Faq - p\u0159ipojen\u00ed","robots":{"index":"noindex","follow":"follow","max-snippet":"max-snippet:-1","max-image-preview":"max-image-preview:large","max-video-preview":"max-video-preview:-1"},"og_locale":"cs_CZ","og_type":"article","og_title":"Faq - connect","og_description":"Connect &amp; Activate is a practical system that uses seven inspiration-based salts to support self-awareness, clarity, and personal development. This website and the accompanying book are designed as a simple, structured guide to help you work with the salts confidently and effectively. Many people experience Connect &amp; Activate as a new way of initiating meaningful [&hellip;]","og_url":"https:\/\/connectandactivate.info\/cs\/faq\/","og_site_name":"connect","article_modified_time":"2025-12-18T04:09:24+00:00","twitter_card":"summary_large_image","schema":{"@context":"https:\/\/schema.org","@graph":[{"@type":"WebPage","@id":"https:\/\/connectandactivate.info\/faq\/","url":"https:\/\/connectandactivate.info\/faq\/","name":"Faq - p\u0159ipojen\u00ed","isPartOf":{"@id":"https:\/\/connectandactivate.info\/#website"},"datePublished":"2024-11-11T10:20:43+00:00","dateModified":"2025-12-18T04:09:24+00:00","breadcrumb":{"@id":"https:\/\/connectandactivate.info\/faq\/#breadcrumb"},"inLanguage":"cs","potentialAction":[{"@type":"ReadAction","target":["https:\/\/connectandactivate.info\/faq\/"]}]},{"@type":"BreadcrumbList","@id":"https:\/\/connectandactivate.info\/faq\/#breadcrumb","itemListElement":[{"@type":"ListItem","position":1,"name":"Home","item":"https:\/\/connectandactivate.info\/"},{"@type":"ListItem","position":2,"name":"Faq"}]},{"@type":"WebSite","@id":"https:\/\/connectandactivate.info\/#website","url":"https:\/\/connectandactivate.info\/","name":"p\u0159ipojit","description":"","potentialAction":[{"@type":"SearchAction","target":{"@type":"EntryPoint","urlTemplate":"https:\/\/connectandactivate.info\/?s={search_term_string}"},"query-input":{"@type":"PropertyValueSpecification","valueRequired":true,"valueName":"search_term_string"}}],"inLanguage":"cs"}]}},"_links":{"self":[{"href":"https:\/\/connectandactivate.info\/cs\/wp-json\/wp\/v2\/pages\/10","targetHints":{"allow":["GET"]}}],"collection":[{"href":"https:\/\/connectandactivate.info\/cs\/wp-json\/wp\/v2\/pages"}],"about":[{"href":"https:\/\/connectandactivate.info\/cs\/wp-json\/wp\/v2\/types\/page"}],"author":[{"embeddable":true,"href":"https:\/\/connectandactivate.info\/cs\/wp-json\/wp\/v2\/users\/1"}],"replies":[{"embeddable":true,"href":"https:\/\/connectandactivate.info\/cs\/wp-json\/wp\/v2\/comments?post=10"}],"version-history":[{"count":0,"href":"https:\/\/connectandactivate.info\/cs\/wp-json\/wp\/v2\/pages\/10\/revisions"}],"wp:attachment":[{"href":"https:\/\/connectandactivate.info\/cs\/wp-json\/wp\/v2\/media?parent=10"}],"curies":[{"name":"wp","href":"https:\/\/api.w.org\/{rel}","templated":true}]}}