{"id":110,"date":"2025-11-03T19:43:38","date_gmt":"2025-11-03T19:43:38","guid":{"rendered":"https:\/\/connectandactivate.info\/?page_id=110"},"modified":"2025-12-22T08:15:33","modified_gmt":"2025-12-22T08:15:33","slug":"kratky-popis-5","status":"publish","type":"page","link":"https:\/\/connectandactivate.info\/cs\/kratky-popis-5\/","title":{"rendered":"kr\u00e1tk\u00fd popis 5"},"content":{"rendered":"","protected":false},"excerpt":{"rendered":"","protected":false},"author":1,"featured_media":0,"parent":0,"menu_order":0,"comment_status":"closed","ping_status":"closed","template":"Inspiration 5.php","meta":{"footnotes":""},"class_list":["post-110","page","type-page","status-publish","hentry"],"yoast_head":"<!-- This site is optimized with the Yoast SEO plugin v26.8 - https:\/\/yoast.com\/product\/yoast-seo-wordpress\/ -->\n<title>Trust and Love<\/title>\n<meta name=\"description\" content=\"Inspiration No. 5 \u2013 Trust and Love. Subtle support for emotional openness, compassion, forgiveness, and inner balance. A gentle return to dignity, warmth, and connection with life.\" \/>\n<meta name=\"robots\" content=\"noindex, follow, max-snippet:-1, max-image-preview:large, max-video-preview:-1\" \/>\n<meta property=\"og:locale\" content=\"cs_CZ\" \/>\n<meta property=\"og:type\" content=\"article\" \/>\n<meta property=\"og:title\" content=\"Trust and Love\" \/>\n<meta property=\"og:description\" content=\"Inspiration No. 5 \u2013 Trust and Love. Subtle support for emotional openness, compassion, forgiveness, and inner balance. A gentle return to dignity, warmth, and connection with life.\" \/>\n<meta property=\"og:url\" content=\"https:\/\/connectandactivate.info\/cs\/kratky-popis-5\/\" \/>\n<meta property=\"og:site_name\" content=\"connect\" \/>\n<meta property=\"article:modified_time\" content=\"2025-12-22T08:15:33+00:00\" \/>\n<meta name=\"twitter:card\" content=\"summary_large_image\" \/>\n<script type=\"application\/ld+json\" class=\"yoast-schema-graph\">{\"@context\":\"https:\/\/schema.org\",\"@graph\":[{\"@type\":\"WebPage\",\"@id\":\"https:\/\/connectandactivate.info\/short-description-5\/\",\"url\":\"https:\/\/connectandactivate.info\/short-description-5\/\",\"name\":\"Trust and Love\",\"isPartOf\":{\"@id\":\"https:\/\/connectandactivate.info\/#website\"},\"datePublished\":\"2025-11-03T19:43:38+00:00\",\"dateModified\":\"2025-12-22T08:15:33+00:00\",\"description\":\"Inspiration No. 5 \u2013 Trust and Love. Subtle support for emotional openness, compassion, forgiveness, and inner balance. A gentle return to dignity, warmth, and connection with life.\",\"breadcrumb\":{\"@id\":\"https:\/\/connectandactivate.info\/short-description-5\/#breadcrumb\"},\"inLanguage\":\"cs\",\"potentialAction\":[{\"@type\":\"ReadAction\",\"target\":[\"https:\/\/connectandactivate.info\/short-description-5\/\"]}]},{\"@type\":\"BreadcrumbList\",\"@id\":\"https:\/\/connectandactivate.info\/short-description-5\/#breadcrumb\",\"itemListElement\":[{\"@type\":\"ListItem\",\"position\":1,\"name\":\"Home\",\"item\":\"https:\/\/connectandactivate.info\/\"},{\"@type\":\"ListItem\",\"position\":2,\"name\":\"short-description 5\"}]},{\"@type\":\"WebSite\",\"@id\":\"https:\/\/connectandactivate.info\/#website\",\"url\":\"https:\/\/connectandactivate.info\/\",\"name\":\"connect\",\"description\":\"\",\"potentialAction\":[{\"@type\":\"SearchAction\",\"target\":{\"@type\":\"EntryPoint\",\"urlTemplate\":\"https:\/\/connectandactivate.info\/?s={search_term_string}\"},\"query-input\":{\"@type\":\"PropertyValueSpecification\",\"valueRequired\":true,\"valueName\":\"search_term_string\"}}],\"inLanguage\":\"cs\"}]}<\/script>\n<!-- \/ Yoast SEO plugin. -->","yoast_head_json":{"title":"D\u016fv\u011bra a l\u00e1ska","description":"Inspirace \u010d. 5 - D\u016fv\u011bra a l\u00e1ska. Jemn\u00e1 podpora emo\u010dn\u00ed otev\u0159enosti, soucitu, odpu\u0161t\u011bn\u00ed a vnit\u0159n\u00ed rovnov\u00e1hy. Jemn\u00fd n\u00e1vrat k d\u016fstojnosti, v\u0159elosti a spojen\u00ed se \u017eivotem.","robots":{"index":"noindex","follow":"follow","max-snippet":"max-snippet:-1","max-image-preview":"max-image-preview:large","max-video-preview":"max-video-preview:-1"},"og_locale":"cs_CZ","og_type":"article","og_title":"Trust and Love","og_description":"Inspiration No. 5 \u2013 Trust and Love. Subtle support for emotional openness, compassion, forgiveness, and inner balance. A gentle return to dignity, warmth, and connection with life.","og_url":"https:\/\/connectandactivate.info\/cs\/kratky-popis-5\/","og_site_name":"connect","article_modified_time":"2025-12-22T08:15:33+00:00","twitter_card":"summary_large_image","schema":{"@context":"https:\/\/schema.org","@graph":[{"@type":"WebPage","@id":"https:\/\/connectandactivate.info\/short-description-5\/","url":"https:\/\/connectandactivate.info\/short-description-5\/","name":"D\u016fv\u011bra a l\u00e1ska","isPartOf":{"@id":"https:\/\/connectandactivate.info\/#website"},"datePublished":"2025-11-03T19:43:38+00:00","dateModified":"2025-12-22T08:15:33+00:00","description":"Inspirace \u010d. 5 - D\u016fv\u011bra a l\u00e1ska. Jemn\u00e1 podpora emo\u010dn\u00ed otev\u0159enosti, soucitu, odpu\u0161t\u011bn\u00ed a vnit\u0159n\u00ed rovnov\u00e1hy. Jemn\u00fd n\u00e1vrat k d\u016fstojnosti, v\u0159elosti a spojen\u00ed se \u017eivotem.","breadcrumb":{"@id":"https:\/\/connectandactivate.info\/short-description-5\/#breadcrumb"},"inLanguage":"cs","potentialAction":[{"@type":"ReadAction","target":["https:\/\/connectandactivate.info\/short-description-5\/"]}]},{"@type":"BreadcrumbList","@id":"https:\/\/connectandactivate.info\/short-description-5\/#breadcrumb","itemListElement":[{"@type":"ListItem","position":1,"name":"Home","item":"https:\/\/connectandactivate.info\/"},{"@type":"ListItem","position":2,"name":"short-description 5"}]},{"@type":"WebSite","@id":"https:\/\/connectandactivate.info\/#website","url":"https:\/\/connectandactivate.info\/","name":"p\u0159ipojit","description":"","potentialAction":[{"@type":"SearchAction","target":{"@type":"EntryPoint","urlTemplate":"https:\/\/connectandactivate.info\/?s={search_term_string}"},"query-input":{"@type":"PropertyValueSpecification","valueRequired":true,"valueName":"search_term_string"}}],"inLanguage":"cs"}]}},"_links":{"self":[{"href":"https:\/\/connectandactivate.info\/cs\/wp-json\/wp\/v2\/pages\/110","targetHints":{"allow":["GET"]}}],"collection":[{"href":"https:\/\/connectandactivate.info\/cs\/wp-json\/wp\/v2\/pages"}],"about":[{"href":"https:\/\/connectandactivate.info\/cs\/wp-json\/wp\/v2\/types\/page"}],"author":[{"embeddable":true,"href":"https:\/\/connectandactivate.info\/cs\/wp-json\/wp\/v2\/users\/1"}],"replies":[{"embeddable":true,"href":"https:\/\/connectandactivate.info\/cs\/wp-json\/wp\/v2\/comments?post=110"}],"version-history":[{"count":0,"href":"https:\/\/connectandactivate.info\/cs\/wp-json\/wp\/v2\/pages\/110\/revisions"}],"wp:attachment":[{"href":"https:\/\/connectandactivate.info\/cs\/wp-json\/wp\/v2\/media?parent=110"}],"curies":[{"name":"wp","href":"https:\/\/api.w.org\/{rel}","templated":true}]}}