{"id":122,"date":"2025-11-04T07:31:00","date_gmt":"2025-11-04T07:31:00","guid":{"rendered":"https:\/\/connectandactivate.info\/?page_id=122"},"modified":"2025-12-22T07:57:28","modified_gmt":"2025-12-22T07:57:28","slug":"kratky-popis-2","status":"publish","type":"page","link":"https:\/\/connectandactivate.info\/cs\/kratky-popis-2\/","title":{"rendered":"kr\u00e1tk\u00fd popis-2"},"content":{"rendered":"","protected":false},"excerpt":{"rendered":"","protected":false},"author":1,"featured_media":0,"parent":0,"menu_order":0,"comment_status":"closed","ping_status":"closed","template":"Inspiration 2.php","meta":{"footnotes":""},"class_list":["post-122","page","type-page","status-publish","hentry"],"yoast_head":"<!-- This site is optimized with the Yoast SEO plugin v26.8 - https:\/\/yoast.com\/product\/yoast-seo-wordpress\/ -->\n<title>Inspiration No. 2<\/title>\n<meta name=\"description\" content=\"Inspiration No. 2 \u2013 subtle support for clarity, focus, and new direction. Reduce distractions, soften self-blame, and move toward what genuinely matters in your life.\" \/>\n<meta name=\"robots\" content=\"noindex, follow, max-snippet:-1, max-image-preview:large, max-video-preview:-1\" \/>\n<meta property=\"og:locale\" content=\"cs_CZ\" \/>\n<meta property=\"og:type\" content=\"article\" \/>\n<meta property=\"og:title\" content=\"Inspiration No. 2\" \/>\n<meta property=\"og:description\" content=\"Inspiration No. 2 \u2013 subtle support for clarity, focus, and new direction. Reduce distractions, soften self-blame, and move toward what genuinely matters in your life.\" \/>\n<meta property=\"og:url\" content=\"https:\/\/connectandactivate.info\/cs\/kratky-popis-2\/\" \/>\n<meta property=\"og:site_name\" content=\"connect\" \/>\n<meta property=\"article:modified_time\" content=\"2025-12-22T07:57:28+00:00\" \/>\n<meta name=\"twitter:card\" content=\"summary_large_image\" \/>\n<script type=\"application\/ld+json\" class=\"yoast-schema-graph\">{\"@context\":\"https:\/\/schema.org\",\"@graph\":[{\"@type\":\"WebPage\",\"@id\":\"https:\/\/connectandactivate.info\/short-description-2\/\",\"url\":\"https:\/\/connectandactivate.info\/short-description-2\/\",\"name\":\"Inspiration No. 2\",\"isPartOf\":{\"@id\":\"https:\/\/connectandactivate.info\/#website\"},\"datePublished\":\"2025-11-04T07:31:00+00:00\",\"dateModified\":\"2025-12-22T07:57:28+00:00\",\"description\":\"Inspiration No. 2 \u2013 subtle support for clarity, focus, and new direction. Reduce distractions, soften self-blame, and move toward what genuinely matters in your life.\",\"breadcrumb\":{\"@id\":\"https:\/\/connectandactivate.info\/short-description-2\/#breadcrumb\"},\"inLanguage\":\"cs\",\"potentialAction\":[{\"@type\":\"ReadAction\",\"target\":[\"https:\/\/connectandactivate.info\/short-description-2\/\"]}]},{\"@type\":\"BreadcrumbList\",\"@id\":\"https:\/\/connectandactivate.info\/short-description-2\/#breadcrumb\",\"itemListElement\":[{\"@type\":\"ListItem\",\"position\":1,\"name\":\"Home\",\"item\":\"https:\/\/connectandactivate.info\/\"},{\"@type\":\"ListItem\",\"position\":2,\"name\":\"short-description-2\"}]},{\"@type\":\"WebSite\",\"@id\":\"https:\/\/connectandactivate.info\/#website\",\"url\":\"https:\/\/connectandactivate.info\/\",\"name\":\"connect\",\"description\":\"\",\"potentialAction\":[{\"@type\":\"SearchAction\",\"target\":{\"@type\":\"EntryPoint\",\"urlTemplate\":\"https:\/\/connectandactivate.info\/?s={search_term_string}\"},\"query-input\":{\"@type\":\"PropertyValueSpecification\",\"valueRequired\":true,\"valueName\":\"search_term_string\"}}],\"inLanguage\":\"cs\"}]}<\/script>\n<!-- \/ Yoast SEO plugin. -->","yoast_head_json":{"title":"Inspirace \u010d. 2","description":"Inspirace \u010d. 2 - jemn\u00e1 podpora pro vyjasn\u011bn\u00ed, soust\u0159ed\u011bn\u00ed a nov\u00fd sm\u011br. Omezte rozptylov\u00e1n\u00ed, zm\u00edrn\u011bte sebeobvi\u0148ov\u00e1n\u00ed a posu\u0148te se k tomu, na \u010dem v\u00e1m v \u017eivot\u011b skute\u010dn\u011b z\u00e1le\u017e\u00ed.","robots":{"index":"noindex","follow":"follow","max-snippet":"max-snippet:-1","max-image-preview":"max-image-preview:large","max-video-preview":"max-video-preview:-1"},"og_locale":"cs_CZ","og_type":"article","og_title":"Inspiration No. 2","og_description":"Inspiration No. 2 \u2013 subtle support for clarity, focus, and new direction. Reduce distractions, soften self-blame, and move toward what genuinely matters in your life.","og_url":"https:\/\/connectandactivate.info\/cs\/kratky-popis-2\/","og_site_name":"connect","article_modified_time":"2025-12-22T07:57:28+00:00","twitter_card":"summary_large_image","schema":{"@context":"https:\/\/schema.org","@graph":[{"@type":"WebPage","@id":"https:\/\/connectandactivate.info\/short-description-2\/","url":"https:\/\/connectandactivate.info\/short-description-2\/","name":"Inspirace \u010d. 2","isPartOf":{"@id":"https:\/\/connectandactivate.info\/#website"},"datePublished":"2025-11-04T07:31:00+00:00","dateModified":"2025-12-22T07:57:28+00:00","description":"Inspirace \u010d. 2 - jemn\u00e1 podpora pro vyjasn\u011bn\u00ed, soust\u0159ed\u011bn\u00ed a nov\u00fd sm\u011br. Omezte rozptylov\u00e1n\u00ed, zm\u00edrn\u011bte sebeobvi\u0148ov\u00e1n\u00ed a posu\u0148te se k tomu, na \u010dem v\u00e1m v \u017eivot\u011b skute\u010dn\u011b z\u00e1le\u017e\u00ed.","breadcrumb":{"@id":"https:\/\/connectandactivate.info\/short-description-2\/#breadcrumb"},"inLanguage":"cs","potentialAction":[{"@type":"ReadAction","target":["https:\/\/connectandactivate.info\/short-description-2\/"]}]},{"@type":"BreadcrumbList","@id":"https:\/\/connectandactivate.info\/short-description-2\/#breadcrumb","itemListElement":[{"@type":"ListItem","position":1,"name":"Home","item":"https:\/\/connectandactivate.info\/"},{"@type":"ListItem","position":2,"name":"short-description-2"}]},{"@type":"WebSite","@id":"https:\/\/connectandactivate.info\/#website","url":"https:\/\/connectandactivate.info\/","name":"p\u0159ipojit","description":"","potentialAction":[{"@type":"SearchAction","target":{"@type":"EntryPoint","urlTemplate":"https:\/\/connectandactivate.info\/?s={search_term_string}"},"query-input":{"@type":"PropertyValueSpecification","valueRequired":true,"valueName":"search_term_string"}}],"inLanguage":"cs"}]}},"_links":{"self":[{"href":"https:\/\/connectandactivate.info\/cs\/wp-json\/wp\/v2\/pages\/122","targetHints":{"allow":["GET"]}}],"collection":[{"href":"https:\/\/connectandactivate.info\/cs\/wp-json\/wp\/v2\/pages"}],"about":[{"href":"https:\/\/connectandactivate.info\/cs\/wp-json\/wp\/v2\/types\/page"}],"author":[{"embeddable":true,"href":"https:\/\/connectandactivate.info\/cs\/wp-json\/wp\/v2\/users\/1"}],"replies":[{"embeddable":true,"href":"https:\/\/connectandactivate.info\/cs\/wp-json\/wp\/v2\/comments?post=122"}],"version-history":[{"count":0,"href":"https:\/\/connectandactivate.info\/cs\/wp-json\/wp\/v2\/pages\/122\/revisions"}],"wp:attachment":[{"href":"https:\/\/connectandactivate.info\/cs\/wp-json\/wp\/v2\/media?parent=122"}],"curies":[{"name":"wp","href":"https:\/\/api.w.org\/{rel}","templated":true}]}}