{"id":214,"date":"2025-11-12T17:43:14","date_gmt":"2025-11-12T17:43:14","guid":{"rendered":"https:\/\/connectandactivate.info\/?page_id=214"},"modified":"2025-12-18T09:04:05","modified_gmt":"2025-12-18T09:04:05","slug":"distributeur-aansluiten","status":"publish","type":"page","link":"https:\/\/connectandactivate.info\/cs\/distributeur-aansluiten\/","title":{"rendered":"Connection to the Distributor"},"content":{"rendered":"<p>Each set contains a stylish gold bottle filled with 3.5 g of the special salt, along with an elegant aluminium bottle with a key ring and number.<br \/>\nOnly about 0.01 g is needed per use \u2013 about 10 to 20 grains.<br \/>\nWhen used as recommended, five times a day for faster results, one package will last approximately two months.<\/p>\n<p>Distribution is currently being expanded.<br \/>\nPrices and shipping costs are determined by the distributor.<\/p>\n<p>For questions or orders, please contact us via<span style=\"color: #0000ff;\">\u00a0<a href=\"mailto:info@HB22.nl\" target=\"_blank\" rel=\"noopener noreferrer\">info@HB22.nl<\/a><\/span><\/p>\n<p>Resellers and therapists benefit from attractive discounts.<br \/>\nThe distributor speaks English, Dutch, and German.<\/p>\n<p><span style=\"color: #00ffff;\"><img decoding=\"async\" class=\"an1\" draggable=\"false\" src=\"https:\/\/fonts.gstatic.com\/s\/e\/notoemoji\/16.0\/1f449\/32.png\" alt=\"\ud83d\udc49\" data-emoji=\"\ud83d\udc49\" aria-label=\"\ud83d\udc49\" \/><\/span><span style=\"color: #000000;\"> Go to the shop: <\/span><a href=\"https:\/\/hb22.nl\/zoeken?controller=search&amp;s=conne\" target=\"_blank\" rel=\"noopener noreferrer\" data-saferedirecturl=\"https:\/\/www.google.com\/url?q=https:\/\/hb22.nl\/zoeken?controller%3Dsearch%26s%3Dconne&amp;source=gmail&amp;ust=1763144642634000&amp;usg=AOvVaw3om7iThzbTUDcOpONPxtc1\">h<\/a><a href=\"https:\/\/hb22.nl\/zoeken?controller=search&amp;s=conne\" target=\"_blank\" rel=\"noopener noreferrer\" data-saferedirecturl=\"https:\/\/www.google.com\/url?q=https:\/\/hb22.nl\/zoeken?controller%3Dsearch%26s%3Dconne&amp;source=gmail&amp;ust=1763144642634000&amp;usg=AOvVaw3om7iThzbTUDcOpONPxtc1\"><span style=\"color: #0000ff;\">ttps:\/\/hb22.nl\/zoeken?<wbr \/>controller=search&amp;s=conne<\/span><\/a><\/p>","protected":false},"excerpt":{"rendered":"<p>Each set contains a stylish gold bottle filled with 3.5 g of the special salt, along with an elegant aluminium bottle with a key ring and number. Only about 0.01 g is needed per use \u2013 about 10 to 20 grains. When used as recommended, five times a day for faster results, one package will [&hellip;]<\/p>","protected":false},"author":1,"featured_media":0,"parent":0,"menu_order":0,"comment_status":"closed","ping_status":"closed","template":"qr-code.php","meta":{"footnotes":""},"class_list":["post-214","page","type-page","status-publish","hentry"],"yoast_head":"<!-- This site is optimized with the Yoast SEO plugin v26.8 - https:\/\/yoast.com\/product\/yoast-seo-wordpress\/ -->\n<title>Connection to the Distributor - connect<\/title>\n<meta name=\"robots\" content=\"noindex, follow, max-snippet:-1, max-image-preview:large, max-video-preview:-1\" \/>\n<meta property=\"og:locale\" content=\"cs_CZ\" \/>\n<meta property=\"og:type\" content=\"article\" \/>\n<meta property=\"og:title\" content=\"Connection to the Distributor - connect\" \/>\n<meta property=\"og:description\" content=\"Each set contains a stylish gold bottle filled with 3.5 g of the special salt, along with an elegant aluminium bottle with a key ring and number. Only about 0.01 g is needed per use \u2013 about 10 to 20 grains. When used as recommended, five times a day for faster results, one package will [&hellip;]\" \/>\n<meta property=\"og:url\" content=\"https:\/\/connectandactivate.info\/cs\/distributeur-aansluiten\/\" \/>\n<meta property=\"og:site_name\" content=\"connect\" \/>\n<meta property=\"article:modified_time\" content=\"2025-12-18T09:04:05+00:00\" \/>\n<meta property=\"og:image\" content=\"https:\/\/fonts.gstatic.com\/s\/e\/notoemoji\/16.0\/1f449\/32.png\" \/>\n<meta name=\"twitter:card\" content=\"summary_large_image\" \/>\n<meta name=\"twitter:label1\" content=\"Odhadovan\u00e1 doba \u010dten\u00ed\" \/>\n\t<meta name=\"twitter:data1\" content=\"1 minuta\" \/>\n<script type=\"application\/ld+json\" class=\"yoast-schema-graph\">{\"@context\":\"https:\/\/schema.org\",\"@graph\":[{\"@type\":\"WebPage\",\"@id\":\"https:\/\/connectandactivate.info\/distributeur-aansluiten\/\",\"url\":\"https:\/\/connectandactivate.info\/distributeur-aansluiten\/\",\"name\":\"Connection to the Distributor - connect\",\"isPartOf\":{\"@id\":\"https:\/\/connectandactivate.info\/#website\"},\"primaryImageOfPage\":{\"@id\":\"https:\/\/connectandactivate.info\/distributeur-aansluiten\/#primaryimage\"},\"image\":{\"@id\":\"https:\/\/connectandactivate.info\/distributeur-aansluiten\/#primaryimage\"},\"thumbnailUrl\":\"https:\/\/fonts.gstatic.com\/s\/e\/notoemoji\/16.0\/1f449\/32.png\",\"datePublished\":\"2025-11-12T17:43:14+00:00\",\"dateModified\":\"2025-12-18T09:04:05+00:00\",\"breadcrumb\":{\"@id\":\"https:\/\/connectandactivate.info\/distributeur-aansluiten\/#breadcrumb\"},\"inLanguage\":\"cs\",\"potentialAction\":[{\"@type\":\"ReadAction\",\"target\":[\"https:\/\/connectandactivate.info\/distributeur-aansluiten\/\"]}]},{\"@type\":\"ImageObject\",\"inLanguage\":\"cs\",\"@id\":\"https:\/\/connectandactivate.info\/distributeur-aansluiten\/#primaryimage\",\"url\":\"https:\/\/fonts.gstatic.com\/s\/e\/notoemoji\/16.0\/1f449\/32.png\",\"contentUrl\":\"https:\/\/fonts.gstatic.com\/s\/e\/notoemoji\/16.0\/1f449\/32.png\"},{\"@type\":\"BreadcrumbList\",\"@id\":\"https:\/\/connectandactivate.info\/distributeur-aansluiten\/#breadcrumb\",\"itemListElement\":[{\"@type\":\"ListItem\",\"position\":1,\"name\":\"Home\",\"item\":\"https:\/\/connectandactivate.info\/\"},{\"@type\":\"ListItem\",\"position\":2,\"name\":\"Connection to the Distributor\"}]},{\"@type\":\"WebSite\",\"@id\":\"https:\/\/connectandactivate.info\/#website\",\"url\":\"https:\/\/connectandactivate.info\/\",\"name\":\"connect\",\"description\":\"\",\"potentialAction\":[{\"@type\":\"SearchAction\",\"target\":{\"@type\":\"EntryPoint\",\"urlTemplate\":\"https:\/\/connectandactivate.info\/?s={search_term_string}\"},\"query-input\":{\"@type\":\"PropertyValueSpecification\",\"valueRequired\":true,\"valueName\":\"search_term_string\"}}],\"inLanguage\":\"cs\"}]}<\/script>\n<!-- \/ Yoast SEO plugin. -->","yoast_head_json":{"title":"Connection to the Distributor - connect","robots":{"index":"noindex","follow":"follow","max-snippet":"max-snippet:-1","max-image-preview":"max-image-preview:large","max-video-preview":"max-video-preview:-1"},"og_locale":"cs_CZ","og_type":"article","og_title":"Connection to the Distributor - connect","og_description":"Each set contains a stylish gold bottle filled with 3.5 g of the special salt, along with an elegant aluminium bottle with a key ring and number. Only about 0.01 g is needed per use \u2013 about 10 to 20 grains. When used as recommended, five times a day for faster results, one package will [&hellip;]","og_url":"https:\/\/connectandactivate.info\/cs\/distributeur-aansluiten\/","og_site_name":"connect","article_modified_time":"2025-12-18T09:04:05+00:00","og_image":[{"url":"https:\/\/fonts.gstatic.com\/s\/e\/notoemoji\/16.0\/1f449\/32.png","type":"","width":"","height":""}],"twitter_card":"summary_large_image","twitter_misc":{"Odhadovan\u00e1 doba \u010dten\u00ed":"1 minuta"},"schema":{"@context":"https:\/\/schema.org","@graph":[{"@type":"WebPage","@id":"https:\/\/connectandactivate.info\/distributeur-aansluiten\/","url":"https:\/\/connectandactivate.info\/distributeur-aansluiten\/","name":"Connection to the Distributor - connect","isPartOf":{"@id":"https:\/\/connectandactivate.info\/#website"},"primaryImageOfPage":{"@id":"https:\/\/connectandactivate.info\/distributeur-aansluiten\/#primaryimage"},"image":{"@id":"https:\/\/connectandactivate.info\/distributeur-aansluiten\/#primaryimage"},"thumbnailUrl":"https:\/\/fonts.gstatic.com\/s\/e\/notoemoji\/16.0\/1f449\/32.png","datePublished":"2025-11-12T17:43:14+00:00","dateModified":"2025-12-18T09:04:05+00:00","breadcrumb":{"@id":"https:\/\/connectandactivate.info\/distributeur-aansluiten\/#breadcrumb"},"inLanguage":"cs","potentialAction":[{"@type":"ReadAction","target":["https:\/\/connectandactivate.info\/distributeur-aansluiten\/"]}]},{"@type":"ImageObject","inLanguage":"cs","@id":"https:\/\/connectandactivate.info\/distributeur-aansluiten\/#primaryimage","url":"https:\/\/fonts.gstatic.com\/s\/e\/notoemoji\/16.0\/1f449\/32.png","contentUrl":"https:\/\/fonts.gstatic.com\/s\/e\/notoemoji\/16.0\/1f449\/32.png"},{"@type":"BreadcrumbList","@id":"https:\/\/connectandactivate.info\/distributeur-aansluiten\/#breadcrumb","itemListElement":[{"@type":"ListItem","position":1,"name":"Home","item":"https:\/\/connectandactivate.info\/"},{"@type":"ListItem","position":2,"name":"Connection to the Distributor"}]},{"@type":"WebSite","@id":"https:\/\/connectandactivate.info\/#website","url":"https:\/\/connectandactivate.info\/","name":"p\u0159ipojit","description":"","potentialAction":[{"@type":"SearchAction","target":{"@type":"EntryPoint","urlTemplate":"https:\/\/connectandactivate.info\/?s={search_term_string}"},"query-input":{"@type":"PropertyValueSpecification","valueRequired":true,"valueName":"search_term_string"}}],"inLanguage":"cs"}]}},"_links":{"self":[{"href":"https:\/\/connectandactivate.info\/cs\/wp-json\/wp\/v2\/pages\/214","targetHints":{"allow":["GET"]}}],"collection":[{"href":"https:\/\/connectandactivate.info\/cs\/wp-json\/wp\/v2\/pages"}],"about":[{"href":"https:\/\/connectandactivate.info\/cs\/wp-json\/wp\/v2\/types\/page"}],"author":[{"embeddable":true,"href":"https:\/\/connectandactivate.info\/cs\/wp-json\/wp\/v2\/users\/1"}],"replies":[{"embeddable":true,"href":"https:\/\/connectandactivate.info\/cs\/wp-json\/wp\/v2\/comments?post=214"}],"version-history":[{"count":0,"href":"https:\/\/connectandactivate.info\/cs\/wp-json\/wp\/v2\/pages\/214\/revisions"}],"wp:attachment":[{"href":"https:\/\/connectandactivate.info\/cs\/wp-json\/wp\/v2\/media?parent=214"}],"curies":[{"name":"wp","href":"https:\/\/api.w.org\/{rel}","templated":true}]}}