{"id":30,"date":"2024-11-11T12:10:05","date_gmt":"2024-11-11T12:10:05","guid":{"rendered":"http:\/\/localhost\/connectwp\/?page_id=30"},"modified":"2024-11-11T13:10:07","modified_gmt":"2024-11-11T13:10:07","slug":"kontaktujte-nas","status":"publish","type":"page","link":"https:\/\/connectandactivate.info\/cs\/kontaktujte-nas\/","title":{"rendered":"Kontaktujte n\u00e1s"},"content":{"rendered":"<p>Informace o v\u00e1s nikdy neprod\u00e1v\u00e1me. V\u0161echny ulo\u017een\u00e9 informace jsou zak\u00f3dov\u00e1ny u poskytovatele Mailbox.org, kter\u00e9mu je pos\u00edl\u00e1te.<\/p>\n<p>BeComplete@Mailbox.org je p\u0159\u00edm\u00fd e-mail nebo pou\u017eijte kontaktn\u00ed formul\u00e1\u0159, kter\u00fd se tam tak\u00e9 ode\u0161le.<\/p>\n<p>Va\u0161e \u00fadaje pou\u017e\u00edv\u00e1me pouze k vy\u0159\u00edzen\u00ed objedn\u00e1vek nebo k zodpov\u011bzen\u00ed va\u0161ich dotaz\u016f \u010di jin\u00fdch po\u017eadavk\u016f. Pozd\u011bji budeme nab\u00edzet newsletter.<\/p>\n<p>Pokud se v\u00e1m dostane osobn\u00ed konzultace, prob\u011bhne prost\u0159ednictv\u00edm ZOOM, a pokud se j\u00ed \u00fa\u010dastn\u00edte s po\u010d\u00edta\u010dem, m\u016f\u017eete si ji nahr\u00e1t pouze vy.<\/p>\n<p>Pokud se \u00fa\u010dastn\u00edte s chytr\u00fdm telefonem, ujist\u011bte se, \u017ee m\u016f\u017eete po\u0159izovat zvukov\u00fd z\u00e1znam. Nebudeme po\u0159izovat \u017e\u00e1dn\u00fd z\u00e1znam.<\/p>","protected":false},"excerpt":{"rendered":"<p>We never ever sell the information about you. All stored info gets encoded at the provider Mailbox.org you send it to. BeComplete@Mailbox.org is the direct email or use the contact form, which also sends to there. We only use your data for fulfilling orders or answer to your questions or other requests. Later we will [&hellip;]<\/p>","protected":false},"author":1,"featured_media":0,"parent":0,"menu_order":0,"comment_status":"closed","ping_status":"closed","template":"contact-us.php","meta":{"footnotes":""},"class_list":["post-30","page","type-page","status-publish","hentry"],"yoast_head":"<!-- This site is optimized with the Yoast SEO plugin v26.8 - https:\/\/yoast.com\/product\/yoast-seo-wordpress\/ -->\n<title>Contact-us - connect<\/title>\n<meta name=\"robots\" content=\"noindex, follow, max-snippet:-1, max-image-preview:large, max-video-preview:-1\" \/>\n<meta property=\"og:locale\" content=\"cs_CZ\" \/>\n<meta property=\"og:type\" content=\"article\" \/>\n<meta property=\"og:title\" content=\"Contact-us - connect\" \/>\n<meta property=\"og:description\" content=\"We never ever sell the information about you. All stored info gets encoded at the provider Mailbox.org you send it to. BeComplete@Mailbox.org is the direct email or use the contact form, which also sends to there. We only use your data for fulfilling orders or answer to your questions or other requests. Later we will [&hellip;]\" \/>\n<meta property=\"og:url\" content=\"https:\/\/connectandactivate.info\/cs\/kontaktujte-nas\/\" \/>\n<meta property=\"og:site_name\" content=\"connect\" \/>\n<meta property=\"article:modified_time\" content=\"2024-11-11T13:10:07+00:00\" \/>\n<meta name=\"twitter:card\" content=\"summary_large_image\" \/>\n<meta name=\"twitter:label1\" content=\"Odhadovan\u00e1 doba \u010dten\u00ed\" \/>\n\t<meta name=\"twitter:data1\" content=\"1 minuta\" \/>\n<script type=\"application\/ld+json\" class=\"yoast-schema-graph\">{\"@context\":\"https:\/\/schema.org\",\"@graph\":[{\"@type\":\"WebPage\",\"@id\":\"https:\/\/connectandactivate.info\/contact-us\/\",\"url\":\"https:\/\/connectandactivate.info\/contact-us\/\",\"name\":\"Contact-us - connect\",\"isPartOf\":{\"@id\":\"https:\/\/connectandactivate.info\/#website\"},\"datePublished\":\"2024-11-11T12:10:05+00:00\",\"dateModified\":\"2024-11-11T13:10:07+00:00\",\"breadcrumb\":{\"@id\":\"https:\/\/connectandactivate.info\/contact-us\/#breadcrumb\"},\"inLanguage\":\"cs\",\"potentialAction\":[{\"@type\":\"ReadAction\",\"target\":[\"https:\/\/connectandactivate.info\/contact-us\/\"]}]},{\"@type\":\"BreadcrumbList\",\"@id\":\"https:\/\/connectandactivate.info\/contact-us\/#breadcrumb\",\"itemListElement\":[{\"@type\":\"ListItem\",\"position\":1,\"name\":\"Home\",\"item\":\"https:\/\/connectandactivate.info\/\"},{\"@type\":\"ListItem\",\"position\":2,\"name\":\"Contact-us\"}]},{\"@type\":\"WebSite\",\"@id\":\"https:\/\/connectandactivate.info\/#website\",\"url\":\"https:\/\/connectandactivate.info\/\",\"name\":\"connect\",\"description\":\"\",\"potentialAction\":[{\"@type\":\"SearchAction\",\"target\":{\"@type\":\"EntryPoint\",\"urlTemplate\":\"https:\/\/connectandactivate.info\/?s={search_term_string}\"},\"query-input\":{\"@type\":\"PropertyValueSpecification\",\"valueRequired\":true,\"valueName\":\"search_term_string\"}}],\"inLanguage\":\"cs\"}]}<\/script>\n<!-- \/ Yoast SEO plugin. -->","yoast_head_json":{"title":"Kontaktujte n\u00e1s - spojit","robots":{"index":"noindex","follow":"follow","max-snippet":"max-snippet:-1","max-image-preview":"max-image-preview:large","max-video-preview":"max-video-preview:-1"},"og_locale":"cs_CZ","og_type":"article","og_title":"Contact-us - connect","og_description":"We never ever sell the information about you. All stored info gets encoded at the provider Mailbox.org you send it to. BeComplete@Mailbox.org is the direct email or use the contact form, which also sends to there. We only use your data for fulfilling orders or answer to your questions or other requests. Later we will [&hellip;]","og_url":"https:\/\/connectandactivate.info\/cs\/kontaktujte-nas\/","og_site_name":"connect","article_modified_time":"2024-11-11T13:10:07+00:00","twitter_card":"summary_large_image","twitter_misc":{"Odhadovan\u00e1 doba \u010dten\u00ed":"1 minuta"},"schema":{"@context":"https:\/\/schema.org","@graph":[{"@type":"WebPage","@id":"https:\/\/connectandactivate.info\/contact-us\/","url":"https:\/\/connectandactivate.info\/contact-us\/","name":"Kontaktujte n\u00e1s - spojit","isPartOf":{"@id":"https:\/\/connectandactivate.info\/#website"},"datePublished":"2024-11-11T12:10:05+00:00","dateModified":"2024-11-11T13:10:07+00:00","breadcrumb":{"@id":"https:\/\/connectandactivate.info\/contact-us\/#breadcrumb"},"inLanguage":"cs","potentialAction":[{"@type":"ReadAction","target":["https:\/\/connectandactivate.info\/contact-us\/"]}]},{"@type":"BreadcrumbList","@id":"https:\/\/connectandactivate.info\/contact-us\/#breadcrumb","itemListElement":[{"@type":"ListItem","position":1,"name":"Home","item":"https:\/\/connectandactivate.info\/"},{"@type":"ListItem","position":2,"name":"Contact-us"}]},{"@type":"WebSite","@id":"https:\/\/connectandactivate.info\/#website","url":"https:\/\/connectandactivate.info\/","name":"p\u0159ipojit","description":"","potentialAction":[{"@type":"SearchAction","target":{"@type":"EntryPoint","urlTemplate":"https:\/\/connectandactivate.info\/?s={search_term_string}"},"query-input":{"@type":"PropertyValueSpecification","valueRequired":true,"valueName":"search_term_string"}}],"inLanguage":"cs"}]}},"_links":{"self":[{"href":"https:\/\/connectandactivate.info\/cs\/wp-json\/wp\/v2\/pages\/30","targetHints":{"allow":["GET"]}}],"collection":[{"href":"https:\/\/connectandactivate.info\/cs\/wp-json\/wp\/v2\/pages"}],"about":[{"href":"https:\/\/connectandactivate.info\/cs\/wp-json\/wp\/v2\/types\/page"}],"author":[{"embeddable":true,"href":"https:\/\/connectandactivate.info\/cs\/wp-json\/wp\/v2\/users\/1"}],"replies":[{"embeddable":true,"href":"https:\/\/connectandactivate.info\/cs\/wp-json\/wp\/v2\/comments?post=30"}],"version-history":[{"count":0,"href":"https:\/\/connectandactivate.info\/cs\/wp-json\/wp\/v2\/pages\/30\/revisions"}],"wp:attachment":[{"href":"https:\/\/connectandactivate.info\/cs\/wp-json\/wp\/v2\/media?parent=30"}],"curies":[{"name":"wp","href":"https:\/\/api.w.org\/{rel}","templated":true}]}}