{"id":76,"date":"2025-10-21T17:48:09","date_gmt":"2025-10-21T17:48:09","guid":{"rendered":"https:\/\/connectandactivate.info\/?page_id=76"},"modified":"2026-01-05T17:32:20","modified_gmt":"2026-01-05T17:32:20","slug":"o-nas","status":"publish","type":"page","link":"https:\/\/connectandactivate.info\/cs\/o-nas\/","title":{"rendered":"O n\u00e1s"},"content":{"rendered":"<h3>Pr\u00e1vn\u00ed odpov\u011bdnost za obsah webov\u00fdch str\u00e1nek<\/h3>\n<p>Karl Gerhard Pieroth<br \/>\n27163 Rd P.3, Dolores, CO, Spojen\u00e9 st\u00e1ty americk\u00e9<br \/>\n\ud83d\udce7 BeComplete@mailbox.org<br \/>\n\ud83d\udcde +1 970 570 0151<br \/>\n\ud83d\udcde (Evropa): +49 170 4790895<\/p>\n<h3>O t\u011bchto webov\u00fdch str\u00e1nk\u00e1ch<\/h3>\n<p>Webov\u00e9 str\u00e1nky ConnectAndActivate.info poskytuj\u00ed informace o rozvoji v\u011bdom\u00ed, vnit\u0159n\u00ed svobod\u011b a aktivaci vy\u0161\u0161\u00edho v\u011bdom\u00ed v ka\u017edodenn\u00edm \u017eivot\u011b. Neexistuje zde \u017e\u00e1dn\u00fd internetov\u00fd obchod. Pouze v p\u0159\u00edpad\u011b, \u017ee n\u00e1s kontaktujete p\u0159\u00edmo nebo si st\u00e1hnete bezplatn\u00e9 e-knihy, budou ulo\u017eeny pot\u0159ebn\u00e9 \u00fadaje (nap\u0159. va\u0161e e-mailov\u00e1 adresa). E-mailov\u00e1 adresa BeComplete@mailbox.org je \u0161ifrovan\u00e1 a provozovan\u00e1 na zabezpe\u010den\u00e9m serveru v N\u011bmecku. Produkty jsou k dispozici prost\u0159ednictv\u00edm n\u00ed\u017ee uveden\u00fdch distribu\u010dn\u00edch partner\u016f.<\/p>\n<h3>Jazyk a p\u0159eklad Odm\u00edtnut\u00ed odpov\u011bdnosti<u><\/u><u><\/u><\/h3>\n<p>P\u016fvodn\u00ed obsah t\u011bchto webov\u00fdch str\u00e1nek, v\u010detn\u011b text\u016f a publikac\u00ed, byl vytvo\u0159en v angli\u010dtin\u011b.<u><\/u><u><\/u><\/p>\n<p>P\u0159eklady do jin\u00fdch jazyk\u016f jsou zaji\u0161t\u011bny pomoc\u00ed n\u00e1stroj\u016f um\u011bl\u00e9 inteligence, aby se zlep\u0161ila dostupnost pro mezin\u00e1rodn\u00ed publikum.<u><\/u><u><\/u><\/p>\n<p>Vzhledem k povaze jazyka a \u0159e\u0161en\u00fdm zku\u0161enostn\u00edm, symbolick\u00fdm a konceptu\u00e1ln\u00edm t\u00e9mat\u016fm se p\u0159eklady mohou li\u0161it v nuanc\u00edch nebo interpretaci.<u><\/u><u><\/u><\/p>\n<p>Autoritativn\u00edm odkazem je anglick\u00e1 verze. V p\u0159\u00edpad\u011b rozd\u00edl\u016f ve v\u00fdznamu nebo v\u00fdkladu je rozhoduj\u00edc\u00ed anglick\u00e1 verze.<u><\/u><u><\/u><\/p>\n<p>Ve\u0161ker\u00fd obsah je poskytov\u00e1n pouze pro informa\u010dn\u00ed a kulturn\u00ed \u00fa\u010dely a nep\u0159edstavuje l\u00e9ka\u0159sk\u00e9, terapeutick\u00e9 nebo odborn\u00e9 poradenstv\u00ed.<\/p>\n<h3>\u00da\u010del projektu<\/h3>\n<p>C\u00edlem projektu Connect and Activate je doplnit st\u00e1vaj\u00edc\u00ed formy terapie a sebeuv\u011bdom\u011bn\u00ed o vy\u0161\u0161\u00ed v\u011bdom\u00ed, kter\u00e9 je ji\u017e p\u0159\u00edtomno v ka\u017ed\u00e9m \u010dlov\u011bku. Zku\u0161enosti ukazuj\u00ed, \u017ee t\u00edmto zp\u016fsobem lze v\u00fdrazn\u011b urychlit procesy osobn\u00edho rozvoje. Produkty vytv\u00e1\u0159ej\u00ed individu\u00e1ln\u00ed spojen\u00ed s vlastn\u00edm v\u011bdom\u00edm a aktivuj\u00ed vnit\u0159n\u00ed schopnosti - n\u011bco, co bylo d\u0159\u00edve mo\u017en\u00e9 pouze prost\u0159ednictv\u00edm rozs\u00e1hl\u00e9 meditace nebo odchodu z ka\u017edodenn\u00edho \u017eivota. Dnes lze toto roz\u0161\u00ed\u0159en\u00e9 v\u011bdom\u00ed snadno za\u010dlenit do b\u011b\u017en\u00e9ho \u017eivota s rodinou, prac\u00ed a povinnostmi - je to nov\u00e1 cesta k osobn\u00edmu r\u016fstu a du\u0161evn\u00ed svobod\u011b.<\/p>\n<h3>Praktick\u00e9 p\u0159\u00ednosy a \u00fa\u010dinky<\/h3>\n<p>V\u011bdom\u00e9 napojen\u00ed na sv\u00e9 vy\u0161\u0161\u00ed j\u00e1 otev\u00edr\u00e1 \u0161ir\u0161\u00ed pohled za hranice ega - \u2018orl\u00ed perspektivu\u2019 na v\u00e1\u0161 \u017eivot, p\u0159\u00edle\u017eitosti a c\u00edle. To posiluje vnit\u0159n\u00ed stabilitu, soust\u0159ed\u011bn\u00ed a sebed\u016fv\u011bru. Za\u010d\u00edn\u00e1te rozpozn\u00e1vat, co skute\u010dn\u011b d\u00e1v\u00e1 smysl, a rozv\u00edj\u00edte p\u0159irozenou autoritu, kter\u00e1 respektuje druh\u00e9, ani\u017e by je sni\u017eovala. Vznik\u00e1 skute\u010dn\u00e1 osobn\u00ed svoboda a jasn\u00fd a individu\u00e1ln\u00ed smysl pro \u017eivotn\u00ed orientaci.<\/p>\n<h3>Jak produkty funguj\u00ed<\/h3>\n<p>Do sol\u00ed se nep\u0159id\u00e1v\u00e1 nic vn\u011bj\u0161\u00edho. Skl\u00e1daj\u00ed se z \u010dist\u00e9 him\u00e1lajsk\u00e9 krystalick\u00e9 soli, do n\u00ed\u017e jsou speci\u00e1ln\u00ed technikou vtisknuty energetick\u00e9 impulzy. Kdy\u017e se s\u016fl rozpust\u00ed pod jazykem, jsou tyto impulsy vst\u0159eb\u00e1ny prost\u0159ednictv\u00edm vlastn\u00edho informa\u010dn\u00edho syst\u00e9mu t\u011bla. Podv\u011bdom\u00ed se pak spoj\u00ed s vy\u0161\u0161\u00ed \u00farovn\u00ed v\u011bdom\u00ed - vnit\u0159n\u00edm, \u010dist\u00fdm j\u00e1 a schopnostmi s n\u00edm spojen\u00fdmi. Tato metoda podporuje rozvoj v\u011bdom\u00ed a podporuje p\u0159irozen\u00e9 samol\u00e9\u010debn\u00e9 procesy bez l\u00e9ka\u0159sk\u00e9ho z\u00e1sahu.<\/p>\n<h3>Pr\u00e1vn\u00ed informace<\/h3>\n<p>J\u00e1, Karl Gerhard Pieroth, ani produkty Connect a Activate ne\u010din\u00ed \u017e\u00e1dn\u00e9 l\u00e9ka\u0159sk\u00e9 n\u00e1roky. Nejsou ur\u010deny k diagnostice nebo l\u00e9\u010den\u00ed nemoc\u00ed. To samoz\u0159ejm\u011b z\u016fst\u00e1v\u00e1 v kompetenci l\u00e9ka\u0159\u016f a licencovan\u00fdch zdravotn\u00edk\u016f. Na\u0161e produkty nejsou l\u00e9ky a nenahrazuj\u00ed l\u00e9ka\u0159skou l\u00e9\u010dbu. Podporuj\u00ed sebezodpov\u011bdn\u00e9 jedince a terapeuty p\u0159i integraci vy\u0161\u0161\u00edho v\u011bdom\u00ed a osobn\u00edho r\u016fstu do ka\u017edodenn\u00edho \u017eivota. Soli Connect a Activate nejsou l\u00e9\u010div\u00fdmi p\u0159\u00edpravky ve smyslu z\u00e1kona. Neobsahuj\u00ed \u017e\u00e1dn\u00e9 chemick\u00e9 \u00fa\u010dinn\u00e9 l\u00e1tky a nevyvol\u00e1vaj\u00ed standardizovan\u00e9 reakce, jak\u00e9 vyvol\u00e1vaj\u00ed l\u00e9ky. Vti\u0161t\u011bn\u00e9 impulsy nelze v sou\u010dasn\u00e9 dob\u011b zjistit st\u00e1vaj\u00edc\u00edmi m\u011b\u0159ic\u00edmi metodami - podobn\u011b jako mnoho jev\u016f ve fyzice, kter\u00e9 existovaly d\u00e1vno p\u0159edt\u00edm, ne\u017e je bylo mo\u017en\u00e9 m\u011b\u0159it.<\/p>\n<h3>Distribuce<\/h3>\n<p>Distribu\u010dn\u00ed s\u00ed\u0165 se v sou\u010dasn\u00e9 dob\u011b buduje. Pokud si chcete zakoupit produkty, obra\u0165te se na jednoho z n\u00e1sleduj\u00edc\u00edch distribu\u010dn\u00edch partner\u016f:<\/p>\n<p><a href=\"https:\/\/hb22.nl\/zoeken?controller=search&amp;s=conne\">https:\/\/hb22.nl\/zoeken?controller=search&amp;s=conne<\/a><\/p>\n<p>Dovozce pro EU:<br \/>\nHandelshuis Bouwman B.V.<br \/>\nWinkelskamp 6, 7255 PZ Hengelo (Gld), Nizozemsko<br \/>\n\ud83d\udcde +31 650 227 512<br \/>\n\ud83d\udce7 jbouwman@handelshuisbouwman.nl<br \/>\n(Jazyky: angli\u010dtina, holand\u0161tina, n\u011bm\u010dina)<\/p>\n<p>\u0160v\u00fdcarsko:<br \/>\nBuchhandlung Sphinx<br \/>\n\ud83d\udce7 sphinx@sphinx-book.ch<\/p>\n<p>Japonsko:<br \/>\nAxis Mundi \u682a\u5f0f\u4f1a\u793e<br \/>\n\u3012250-0117, prefektura Kanagawa, m\u011bsto Minamiashigara, Tsukahara 4871-37<br \/>\n\ud83d\udcde +81 465 46 6459<br \/>\n\ud83d\udce7 info@axis-mundi.jp<\/p>","protected":false},"excerpt":{"rendered":"<p>Legally Responsible for the Website Content Karl Gerhard Pieroth 27163 Rd P.3, Dolores, CO, USA \ud83d\udce7 BeComplete@mailbox.org \ud83d\udcde +1 970 570 0151 \ud83d\udcde (Europe): +49 170 4790895 About this Website The website ConnectAndActivate.info provides information on awareness development, inner freedom, and the activation of higher consciousness in everyday life. There is no online shop. Only [&hellip;]<\/p>","protected":false},"author":1,"featured_media":0,"parent":0,"menu_order":0,"comment_status":"closed","ping_status":"closed","template":"about.php","meta":{"footnotes":""},"class_list":["post-76","page","type-page","status-publish","hentry"],"yoast_head":"<!-- This site is optimized with the Yoast SEO plugin v26.8 - https:\/\/yoast.com\/product\/yoast-seo-wordpress\/ -->\n<title>About Us - connect<\/title>\n<meta name=\"robots\" content=\"noindex, follow, max-snippet:-1, max-image-preview:large, max-video-preview:-1\" \/>\n<meta property=\"og:locale\" content=\"cs_CZ\" \/>\n<meta property=\"og:type\" content=\"article\" \/>\n<meta property=\"og:title\" content=\"About Us - connect\" \/>\n<meta property=\"og:description\" content=\"Legally Responsible for the Website Content Karl Gerhard Pieroth 27163 Rd P.3, Dolores, CO, USA \ud83d\udce7 BeComplete@mailbox.org \ud83d\udcde +1 970 570 0151 \ud83d\udcde (Europe): +49 170 4790895 About this Website The website ConnectAndActivate.info provides information on awareness development, inner freedom, and the activation of higher consciousness in everyday life. There is no online shop. Only [&hellip;]\" \/>\n<meta property=\"og:url\" content=\"https:\/\/connectandactivate.info\/cs\/o-nas\/\" \/>\n<meta property=\"og:site_name\" content=\"connect\" \/>\n<meta property=\"article:modified_time\" content=\"2026-01-05T17:32:20+00:00\" \/>\n<meta name=\"twitter:card\" content=\"summary_large_image\" \/>\n<meta name=\"twitter:label1\" content=\"Odhadovan\u00e1 doba \u010dten\u00ed\" \/>\n\t<meta name=\"twitter:data1\" content=\"3 minuty\" \/>\n<script type=\"application\/ld+json\" class=\"yoast-schema-graph\">{\"@context\":\"https:\/\/schema.org\",\"@graph\":[{\"@type\":\"WebPage\",\"@id\":\"https:\/\/connectandactivate.info\/about-us\/\",\"url\":\"https:\/\/connectandactivate.info\/about-us\/\",\"name\":\"About Us - connect\",\"isPartOf\":{\"@id\":\"https:\/\/connectandactivate.info\/#website\"},\"datePublished\":\"2025-10-21T17:48:09+00:00\",\"dateModified\":\"2026-01-05T17:32:20+00:00\",\"breadcrumb\":{\"@id\":\"https:\/\/connectandactivate.info\/about-us\/#breadcrumb\"},\"inLanguage\":\"cs\",\"potentialAction\":[{\"@type\":\"ReadAction\",\"target\":[\"https:\/\/connectandactivate.info\/about-us\/\"]}]},{\"@type\":\"BreadcrumbList\",\"@id\":\"https:\/\/connectandactivate.info\/about-us\/#breadcrumb\",\"itemListElement\":[{\"@type\":\"ListItem\",\"position\":1,\"name\":\"Home\",\"item\":\"https:\/\/connectandactivate.info\/\"},{\"@type\":\"ListItem\",\"position\":2,\"name\":\"About Us\"}]},{\"@type\":\"WebSite\",\"@id\":\"https:\/\/connectandactivate.info\/#website\",\"url\":\"https:\/\/connectandactivate.info\/\",\"name\":\"connect\",\"description\":\"\",\"potentialAction\":[{\"@type\":\"SearchAction\",\"target\":{\"@type\":\"EntryPoint\",\"urlTemplate\":\"https:\/\/connectandactivate.info\/?s={search_term_string}\"},\"query-input\":{\"@type\":\"PropertyValueSpecification\",\"valueRequired\":true,\"valueName\":\"search_term_string\"}}],\"inLanguage\":\"cs\"}]}<\/script>\n<!-- \/ Yoast SEO plugin. -->","yoast_head_json":{"title":"O n\u00e1s - p\u0159ipojit","robots":{"index":"noindex","follow":"follow","max-snippet":"max-snippet:-1","max-image-preview":"max-image-preview:large","max-video-preview":"max-video-preview:-1"},"og_locale":"cs_CZ","og_type":"article","og_title":"About Us - connect","og_description":"Legally Responsible for the Website Content Karl Gerhard Pieroth 27163 Rd P.3, Dolores, CO, USA \ud83d\udce7 BeComplete@mailbox.org \ud83d\udcde +1 970 570 0151 \ud83d\udcde (Europe): +49 170 4790895 About this Website The website ConnectAndActivate.info provides information on awareness development, inner freedom, and the activation of higher consciousness in everyday life. There is no online shop. Only [&hellip;]","og_url":"https:\/\/connectandactivate.info\/cs\/o-nas\/","og_site_name":"connect","article_modified_time":"2026-01-05T17:32:20+00:00","twitter_card":"summary_large_image","twitter_misc":{"Odhadovan\u00e1 doba \u010dten\u00ed":"3 minuty"},"schema":{"@context":"https:\/\/schema.org","@graph":[{"@type":"WebPage","@id":"https:\/\/connectandactivate.info\/about-us\/","url":"https:\/\/connectandactivate.info\/about-us\/","name":"O n\u00e1s - p\u0159ipojit","isPartOf":{"@id":"https:\/\/connectandactivate.info\/#website"},"datePublished":"2025-10-21T17:48:09+00:00","dateModified":"2026-01-05T17:32:20+00:00","breadcrumb":{"@id":"https:\/\/connectandactivate.info\/about-us\/#breadcrumb"},"inLanguage":"cs","potentialAction":[{"@type":"ReadAction","target":["https:\/\/connectandactivate.info\/about-us\/"]}]},{"@type":"BreadcrumbList","@id":"https:\/\/connectandactivate.info\/about-us\/#breadcrumb","itemListElement":[{"@type":"ListItem","position":1,"name":"Home","item":"https:\/\/connectandactivate.info\/"},{"@type":"ListItem","position":2,"name":"About Us"}]},{"@type":"WebSite","@id":"https:\/\/connectandactivate.info\/#website","url":"https:\/\/connectandactivate.info\/","name":"p\u0159ipojit","description":"","potentialAction":[{"@type":"SearchAction","target":{"@type":"EntryPoint","urlTemplate":"https:\/\/connectandactivate.info\/?s={search_term_string}"},"query-input":{"@type":"PropertyValueSpecification","valueRequired":true,"valueName":"search_term_string"}}],"inLanguage":"cs"}]}},"_links":{"self":[{"href":"https:\/\/connectandactivate.info\/cs\/wp-json\/wp\/v2\/pages\/76","targetHints":{"allow":["GET"]}}],"collection":[{"href":"https:\/\/connectandactivate.info\/cs\/wp-json\/wp\/v2\/pages"}],"about":[{"href":"https:\/\/connectandactivate.info\/cs\/wp-json\/wp\/v2\/types\/page"}],"author":[{"embeddable":true,"href":"https:\/\/connectandactivate.info\/cs\/wp-json\/wp\/v2\/users\/1"}],"replies":[{"embeddable":true,"href":"https:\/\/connectandactivate.info\/cs\/wp-json\/wp\/v2\/comments?post=76"}],"version-history":[{"count":0,"href":"https:\/\/connectandactivate.info\/cs\/wp-json\/wp\/v2\/pages\/76\/revisions"}],"wp:attachment":[{"href":"https:\/\/connectandactivate.info\/cs\/wp-json\/wp\/v2\/media?parent=76"}],"curies":[{"name":"wp","href":"https:\/\/api.w.org\/{rel}","templated":true}]}}