{"id":84,"date":"2025-10-21T17:59:33","date_gmt":"2025-10-21T17:59:33","guid":{"rendered":"https:\/\/connectandactivate.info\/?page_id=84"},"modified":"2025-12-20T13:43:14","modified_gmt":"2025-12-20T13:43:14","slug":"jak-pouzivat","status":"publish","type":"page","link":"https:\/\/connectandactivate.info\/cs\/jak-pouzivat\/","title":{"rendered":"Jak pou\u017e\u00edvat"},"content":{"rendered":"<h3>Frekvence pou\u017e\u00edv\u00e1n\u00ed<\/h3>\n<p>Proto\u017ee pracujeme s <strong>n\u00e1vyky a vnit\u0159n\u00ed vzorce<\/strong>, pravideln\u00e9 mal\u00e9 impulsy jsou prosp\u011b\u0161n\u011bj\u0161\u00ed ne\u017e u\u017e\u00edv\u00e1n\u00ed velk\u00e9ho mno\u017estv\u00ed najednou. <strong>Pravidelnost je d\u016fle\u017eit\u011bj\u0161\u00ed ne\u017e mno\u017estv\u00ed<\/strong>.<\/p>\n<p>Pou\u017eijte s\u016fl <strong>p\u011btkr\u00e1t denn\u011b<\/strong>:<\/p>\n<ul>\n<li>jednou r\u00e1no<\/li>\n<li>jednou ve\u010der<\/li>\n<li>a t\u0159ikr\u00e1t b\u011bhem dne<\/li>\n<\/ul>\n<p>D\u016fslednost podporuje proces \u00fa\u010dinn\u011bji ne\u017e vy\u0161\u0161\u00ed d\u00e1vkov\u00e1n\u00ed.<\/p>\n<p>&nbsp;<\/p>\n<h3>D\u016fle\u017eit\u00e1 pozn\u00e1mka<\/h3>\n<p>Kdy\u017e se s\u016fl rozpust\u00ed pod jazykem, uvoln\u00ed se ulo\u017een\u00fd vdech.<\/p>\n<p>Pros\u00edm, <strong>nep\u0159ipravujte tinktury<\/strong> ze soli.<br \/>\nVoda a jin\u00e9 kapaliny zachycuj\u00ed pouze \u010d\u00e1st otisku, co\u017e sni\u017euje zam\u00fd\u0161len\u00fd efekt.<\/p>\n<p>S\u016fl v\u017edy pou\u017e\u00edvejte p\u0159\u00edmo jako zrna.<br \/>\nZ\u00e1sobn\u00edk na kl\u00ed\u010de je navr\u017een tak, abyste mohli <strong>snadno ji m\u016f\u017eete nosit s sebou<\/strong>, stejn\u011b jako va\u0161e kl\u00ed\u010de.<\/p>","protected":false},"excerpt":{"rendered":"<p>Frequency of Use Because we are working with habits and internal patterns, regular small impulses are more beneficial than taking large amounts at once. Regularity matters more than quantity. Use the salt five times a day: once in the morning once in the evening and three times during the day Consistency supports the process more [&hellip;]<\/p>","protected":false},"author":1,"featured_media":0,"parent":0,"menu_order":0,"comment_status":"closed","ping_status":"closed","template":"how-to-use.php","meta":{"footnotes":""},"class_list":["post-84","page","type-page","status-publish","hentry"],"yoast_head":"<!-- This site is optimized with the Yoast SEO plugin v26.8 - https:\/\/yoast.com\/product\/yoast-seo-wordpress\/ -->\n<title>How to Use - connect<\/title>\n<meta name=\"robots\" content=\"noindex, follow, max-snippet:-1, max-image-preview:large, max-video-preview:-1\" \/>\n<meta property=\"og:locale\" content=\"cs_CZ\" \/>\n<meta property=\"og:type\" content=\"article\" \/>\n<meta property=\"og:title\" content=\"How to Use - connect\" \/>\n<meta property=\"og:description\" content=\"Frequency of Use Because we are working with habits and internal patterns, regular small impulses are more beneficial than taking large amounts at once. Regularity matters more than quantity. Use the salt five times a day: once in the morning once in the evening and three times during the day Consistency supports the process more [&hellip;]\" \/>\n<meta property=\"og:url\" content=\"https:\/\/connectandactivate.info\/cs\/jak-pouzivat\/\" \/>\n<meta property=\"og:site_name\" content=\"connect\" \/>\n<meta property=\"article:modified_time\" content=\"2025-12-20T13:43:14+00:00\" \/>\n<meta name=\"twitter:card\" content=\"summary_large_image\" \/>\n<meta name=\"twitter:label1\" content=\"Odhadovan\u00e1 doba \u010dten\u00ed\" \/>\n\t<meta name=\"twitter:data1\" content=\"1 minuta\" \/>\n<script type=\"application\/ld+json\" class=\"yoast-schema-graph\">{\"@context\":\"https:\/\/schema.org\",\"@graph\":[{\"@type\":\"WebPage\",\"@id\":\"https:\/\/connectandactivate.info\/how-to-use\/\",\"url\":\"https:\/\/connectandactivate.info\/how-to-use\/\",\"name\":\"How to Use - connect\",\"isPartOf\":{\"@id\":\"https:\/\/connectandactivate.info\/#website\"},\"datePublished\":\"2025-10-21T17:59:33+00:00\",\"dateModified\":\"2025-12-20T13:43:14+00:00\",\"breadcrumb\":{\"@id\":\"https:\/\/connectandactivate.info\/how-to-use\/#breadcrumb\"},\"inLanguage\":\"cs\",\"potentialAction\":[{\"@type\":\"ReadAction\",\"target\":[\"https:\/\/connectandactivate.info\/how-to-use\/\"]}]},{\"@type\":\"BreadcrumbList\",\"@id\":\"https:\/\/connectandactivate.info\/how-to-use\/#breadcrumb\",\"itemListElement\":[{\"@type\":\"ListItem\",\"position\":1,\"name\":\"Home\",\"item\":\"https:\/\/connectandactivate.info\/\"},{\"@type\":\"ListItem\",\"position\":2,\"name\":\"How to Use\"}]},{\"@type\":\"WebSite\",\"@id\":\"https:\/\/connectandactivate.info\/#website\",\"url\":\"https:\/\/connectandactivate.info\/\",\"name\":\"connect\",\"description\":\"\",\"potentialAction\":[{\"@type\":\"SearchAction\",\"target\":{\"@type\":\"EntryPoint\",\"urlTemplate\":\"https:\/\/connectandactivate.info\/?s={search_term_string}\"},\"query-input\":{\"@type\":\"PropertyValueSpecification\",\"valueRequired\":true,\"valueName\":\"search_term_string\"}}],\"inLanguage\":\"cs\"}]}<\/script>\n<!-- \/ Yoast SEO plugin. -->","yoast_head_json":{"title":"Jak pou\u017e\u00edvat - p\u0159ipojen\u00ed","robots":{"index":"noindex","follow":"follow","max-snippet":"max-snippet:-1","max-image-preview":"max-image-preview:large","max-video-preview":"max-video-preview:-1"},"og_locale":"cs_CZ","og_type":"article","og_title":"How to Use - connect","og_description":"Frequency of Use Because we are working with habits and internal patterns, regular small impulses are more beneficial than taking large amounts at once. Regularity matters more than quantity. Use the salt five times a day: once in the morning once in the evening and three times during the day Consistency supports the process more [&hellip;]","og_url":"https:\/\/connectandactivate.info\/cs\/jak-pouzivat\/","og_site_name":"connect","article_modified_time":"2025-12-20T13:43:14+00:00","twitter_card":"summary_large_image","twitter_misc":{"Odhadovan\u00e1 doba \u010dten\u00ed":"1 minuta"},"schema":{"@context":"https:\/\/schema.org","@graph":[{"@type":"WebPage","@id":"https:\/\/connectandactivate.info\/how-to-use\/","url":"https:\/\/connectandactivate.info\/how-to-use\/","name":"Jak pou\u017e\u00edvat - p\u0159ipojen\u00ed","isPartOf":{"@id":"https:\/\/connectandactivate.info\/#website"},"datePublished":"2025-10-21T17:59:33+00:00","dateModified":"2025-12-20T13:43:14+00:00","breadcrumb":{"@id":"https:\/\/connectandactivate.info\/how-to-use\/#breadcrumb"},"inLanguage":"cs","potentialAction":[{"@type":"ReadAction","target":["https:\/\/connectandactivate.info\/how-to-use\/"]}]},{"@type":"BreadcrumbList","@id":"https:\/\/connectandactivate.info\/how-to-use\/#breadcrumb","itemListElement":[{"@type":"ListItem","position":1,"name":"Home","item":"https:\/\/connectandactivate.info\/"},{"@type":"ListItem","position":2,"name":"How to Use"}]},{"@type":"WebSite","@id":"https:\/\/connectandactivate.info\/#website","url":"https:\/\/connectandactivate.info\/","name":"p\u0159ipojit","description":"","potentialAction":[{"@type":"SearchAction","target":{"@type":"EntryPoint","urlTemplate":"https:\/\/connectandactivate.info\/?s={search_term_string}"},"query-input":{"@type":"PropertyValueSpecification","valueRequired":true,"valueName":"search_term_string"}}],"inLanguage":"cs"}]}},"_links":{"self":[{"href":"https:\/\/connectandactivate.info\/cs\/wp-json\/wp\/v2\/pages\/84","targetHints":{"allow":["GET"]}}],"collection":[{"href":"https:\/\/connectandactivate.info\/cs\/wp-json\/wp\/v2\/pages"}],"about":[{"href":"https:\/\/connectandactivate.info\/cs\/wp-json\/wp\/v2\/types\/page"}],"author":[{"embeddable":true,"href":"https:\/\/connectandactivate.info\/cs\/wp-json\/wp\/v2\/users\/1"}],"replies":[{"embeddable":true,"href":"https:\/\/connectandactivate.info\/cs\/wp-json\/wp\/v2\/comments?post=84"}],"version-history":[{"count":0,"href":"https:\/\/connectandactivate.info\/cs\/wp-json\/wp\/v2\/pages\/84\/revisions"}],"wp:attachment":[{"href":"https:\/\/connectandactivate.info\/cs\/wp-json\/wp\/v2\/media?parent=84"}],"curies":[{"name":"wp","href":"https:\/\/api.w.org\/{rel}","templated":true}]}}