{"id":100,"date":"2025-11-03T19:14:24","date_gmt":"2025-11-03T19:14:24","guid":{"rendered":"https:\/\/connectandactivate.info\/?post_type=product&#038;p=100"},"modified":"2025-12-22T07:59:26","modified_gmt":"2025-12-22T07:59:26","slug":"od-vhledu-k-akci","status":"publish","type":"product","link":"https:\/\/connectandactivate.info\/cs\/product\/od-vhledu-k-akci\/","title":{"rendered":"Od vhledu k \u010din\u016fm"},"content":{"rendered":"<p><strong>S\u016fl \u010d. 3: Od my\u0161lenky k \u010dinu<\/strong><\/p>\n<p>Vnit\u0159n\u00ed jasnost a rozhodnut\u00ed jsou cenn\u00e9 - ale bez realizace z\u016fst\u00e1vaj\u00ed vnit\u0159n\u00ed a nerealizovan\u00e9.<br \/>\nInspirace \u010d. 3 podporuje jemn\u00fd proces p\u0159ev\u00e1d\u011bn\u00ed vhled\u016f v \u010diny, postupn\u011b m\u011bn\u00ed z\u00e1m\u011bry v pro\u017eitek.<\/p>\n<p>Netla\u010d\u00ed v\u00e1s do hyperaktivity ani neslibuje okam\u017eitou prom\u011bnu.<br \/>\nPodporuje podm\u00ednky, v nich\u017e se \u010dinnost st\u00e1v\u00e1 snaz\u0161\u00ed, jednodu\u0161\u0161\u00ed a slad\u011bn\u011bj\u0161\u00ed.<\/p>\n<p>&nbsp;<\/p>\n<p><strong>Pro\u010d se akce m\u016f\u017ee zd\u00e1t obt\u00ed\u017en\u00e1<\/strong><\/p>\n<p>Mnoho inteligentn\u00edch a schopn\u00fdch lid\u00ed se sna\u017e\u00ed jednat podle toho, co je d\u016fle\u017eit\u00e9.<br \/>\nM\u00e1lokdy je to zp\u016fsobeno lenost\u00ed, \u010dast\u011bji:<br \/>\n- strach ze selh\u00e1n\u00ed<br \/>\n- strach z odsouzen\u00ed<br \/>\n- strach z toho, \u017ee nejste dostate\u010dn\u011b<br \/>\n- perfekcionismus<br \/>\n- internalizovan\u00fd tlak a stud<\/p>\n<p>Tyto tendence maj\u00ed \u010dasto p\u016fvod v ran\u00fdch zku\u0161enostech, kdy byly chyby trest\u00e1ny nebo zesm\u011b\u0161\u0148ov\u00e1ny - a pozd\u011bji se v dosp\u011blosti objevuj\u00ed jako v\u00e1havost nebo uzav\u0159enost.<\/p>\n<p>Vyh\u00fdb\u00e1n\u00ed se tak nen\u00ed chybou - je to ochrann\u00e1 strategie, kter\u00e1 se ji\u017e p\u0159e\u017eila.<\/p>\n<p>&nbsp;<\/p>\n<p><strong>Od vhledu k chov\u00e1n\u00ed<\/strong><\/p>\n<p>Kdy\u017e se strach zm\u00edrn\u00ed, je op\u011bt mo\u017en\u00e9 jednat.<\/p>\n<p>Lid\u00e9 pou\u017e\u00edvaj\u00edc\u00ed s\u016fl \u010d. 3 \u010dasto uv\u00e1d\u011bj\u00ed:<br \/>\n- mal\u00e9, ale v\u00fdznamn\u00e9 posuny v hybnosti<br \/>\n- snaz\u0161\u00ed rozhodov\u00e1n\u00ed<br \/>\n- sn\u00ed\u017een\u00e1 sebekriti\u010dnost<br \/>\n- jasn\u011bj\u0161\u00ed priority<br \/>\n- schopnost dokon\u010dit \u00fakoly, kter\u00e9 se d\u0159\u00edve zd\u00e1ly b\u00fdt t\u011b\u017ek\u00e9.<\/p>\n<p>Tyto zm\u011bny se obvykle odehr\u00e1vaj\u00ed postupn\u011b - v ka\u017edodenn\u00edch volb\u00e1ch, interakc\u00edch a n\u00e1vyc\u00edch - sp\u00ed\u0161e ne\u017e prost\u0159ednictv\u00edm dramatick\u00fdch zlom\u016f.<\/p>\n<p>D\u016fraz nen\u00ed kladen na v\u00fdkon.<br \/>\nJe v souladu s t\u00edm, na \u010dem skute\u010dn\u011b z\u00e1le\u017e\u00ed.<\/p>\n<p>Odpov\u011bdnost jako svoboda<\/p>\n<p>Nemus\u00edte se nutit k discipl\u00edn\u011b nebo rozhodnosti.<br \/>\nKdy\u017e je podporov\u00e1na jasnost, odvaha a emo\u010dn\u00ed regulace, je jedn\u00e1n\u00ed p\u0159irozen\u011bj\u0161\u00ed a m\u00e9n\u011b nam\u00e1hav\u00e9.<\/p>\n<p>&nbsp;<\/p>\n<p>Tato s\u016fl podporuje p\u0159echod z:<br \/>\n- \u201cM\u011bl bych to ud\u011blat\u201d<br \/>\nna<br \/>\n- \u201cJsem p\u0159ipraven to ud\u011blat.\u201d<\/p>\n<p>Ne proto, \u017ee byste p\u0159ijali novou identitu,<br \/>\nale proto, \u017ee se p\u0159estanete br\u00e1nit sv\u00fdm vlastn\u00edm z\u00e1m\u011br\u016fm.<\/p>\n<p>&nbsp;<\/p>\n<p><strong>Jak ji pou\u017e\u00edvat<\/strong><\/p>\n<p>U\u017e\u00edvejte n\u011bkolik zrnek p\u011btkr\u00e1t denn\u011b.<br \/>\nNechte je rozpustit pod jazykem.<\/p>\n<p>P\u0159i pravideln\u00e9m pou\u017e\u00edv\u00e1n\u00ed vydr\u017e\u00ed jedna plechovka obvykle p\u0159ibli\u017en\u011b dva m\u011bs\u00edce.<\/p>\n<p>&nbsp;<\/p>\n<p><strong>Podp\u016frn\u00e1 praxe:<\/strong><br \/>\n1. Pauza p\u0159ed nebo po ka\u017ed\u00e9m pou\u017eit\u00ed<br \/>\n2. V\u0161imn\u011bte si sv\u00e9ho stavu, ani\u017e byste ho analyzovali<br \/>\n3. Stanovte si jednoduch\u00fd, realistick\u00fd z\u00e1m\u011br<br \/>\n4. Dokon\u010dete jednu malou akci<\/p>\n<p>Netla\u010dit na sebe -<br \/>\nale z\u016fstat ve spojen\u00ed s t\u00edm, co skute\u010dn\u011b chcete.<\/p>\n<p>Postupem \u010dasu se drobn\u00e9 akce hromad\u00ed a priority se st\u00e1vaj\u00ed jasn\u011bj\u0161\u00edmi.<\/p>\n<p>Pro obdob\u00ed blokovan\u00e9 energie<\/p>\n<p>Pokud poci\u0165ujete silnou vnit\u0159n\u00ed blok\u00e1du, tlak nebo stagnaci, m\u016f\u017eete zv\u00e1\u017eit kombinaci soli \u010d. 3 se sol\u00ed \u010d. 7.<br \/>\nMnoho lid\u00ed zjistilo, \u017ee tato kombinace podporuje obnoven\u00ed toku a pohybu.<\/p>\n<p>&nbsp;<\/p>\n<p><strong>Pro\u010d na tom z\u00e1le\u017e\u00ed<\/strong><\/p>\n<p>P\u0159esm\u011brov\u00e1n\u00ed va\u0161eho \u017eivota nevy\u017eaduje s\u00edlu ani dokonalost.<br \/>\nVy\u017eaduje:<br \/>\n- jasnost<br \/>\n- odvaha<br \/>\n- emocion\u00e1ln\u00ed prostor<br \/>\n- a jemn\u00e1 vytrvalost<\/p>\n<p>S\u016fl \u010d. 3 tyto podm\u00ednky podporuje - ne t\u00edm, \u017ee by p\u0159id\u00e1vala n\u011bco nov\u00e9ho, ale t\u00edm, \u017ee odstra\u0148uje vnit\u0159n\u00ed ru\u0161en\u00ed, aby va\u0161e p\u0159irozen\u00e1 inteligence mohla pracovat svobodn\u011bji.<\/p>\n<p>Kdy\u017e k tomu dojde, akce se stane m\u00e9n\u011b bojem a v\u00edce pokra\u010dov\u00e1n\u00edm vnit\u0159n\u00edho vyjasn\u011bn\u00ed.<\/p>\n<p>&nbsp;<\/p>\n<p><strong>O v\u00fdrobn\u00edm procesu<\/strong><\/p>\n<p>Informa\u010dn\u00ed strukturu v sol\u00edch nelze v sou\u010dasn\u00e9 dob\u011b m\u011b\u0159it dostupn\u00fdmi technologiemi.<br \/>\nTato v\u00fdrobn\u00ed metoda se pou\u017e\u00edv\u00e1 od roku 1993 a v roce 2024 byla v\u00fdrazn\u011b zdokonalena.<\/p>\n<p>Chemicky se jedn\u00e1 o \u010distou jedlou krystalickou s\u016fl, kter\u00e1 poch\u00e1z\u00ed z lo\u017eisek b\u011b\u017en\u011b zn\u00e1m\u00fdch jako him\u00e1lajsk\u00e1 s\u016fl.<\/p>\n<p>&nbsp;<\/p>\n<p><strong>D\u016fle\u017eit\u00e1 pozn\u00e1mka<\/strong><\/p>\n<p>P\u0159ipojen\u00ed a aktivace produkt\u016f:<br \/>\n- nejsou l\u00e9ky<br \/>\n- nediagnostikuj\u00ed, nel\u00e9\u010d\u00ed ani nevyl\u00e9\u010duj\u00ed nemoci.<br \/>\n- nenahrazuj\u00ed l\u00e9ka\u0159skou nebo psychologickou podporu.<\/p>\n<p>Jsou ur\u010deny k podpo\u0159e sebepozn\u00e1n\u00ed a osobn\u00edho rozvoje.<\/p>\n<p>Fyzick\u00e9 nebo psychick\u00e9 p\u0159\u00edznaky by m\u011bli vyhodnotit kvalifikovan\u00ed odborn\u00edci.<\/p>","protected":false},"excerpt":{"rendered":"<p>Where Salt No. 1 helps you recognize limiting patterns, and Salt No. 2 strengthens orientation toward what matters, Salt No. 3 helps you bring this into daily life in a grounded, realistic way.<\/p>\n<p>Many people experience increased motivation, confidence, and a more natural ability to follow through with tasks and decisions \u2014 not through pressure, but through a calmer sense of purpose and inner coherence.<\/p>\n<p>It is supportive for moments when you feel ready to move from reflection into action, and shape your life with intention.<\/p>","protected":false},"featured_media":101,"comment_status":"open","ping_status":"closed","template":"","meta":[],"product_brand":[],"product_cat":[16],"product_tag":[],"class_list":{"0":"post-100","1":"product","2":"type-product","3":"status-publish","4":"has-post-thumbnail","6":"product_cat-uncategorized","8":"first","9":"instock","10":"shipping-taxable","11":"product-type-simple"},"yoast_head":"<!-- This site is optimized with the Yoast SEO plugin v26.8 - https:\/\/yoast.com\/product\/yoast-seo-wordpress\/ -->\n<title>From Insight to Action<\/title>\n<meta name=\"description\" content=\"Inspiration No. 3 \u2013 From Insight to Action. Subtle support for clarity, momentum, and meaningful change. Reduce hesitation, soften perfectionism, and turn intention into lived experience\" \/>\n<meta name=\"robots\" content=\"noindex, follow, max-snippet:-1, max-image-preview:large, max-video-preview:-1\" \/>\n<meta property=\"og:locale\" content=\"cs_CZ\" \/>\n<meta property=\"og:type\" content=\"article\" \/>\n<meta property=\"og:title\" content=\"From Insight to Action\" \/>\n<meta property=\"og:description\" content=\"Inspiration No. 3 \u2013 From Insight to Action. Subtle support for clarity, momentum, and meaningful change. Reduce hesitation, soften perfectionism, and turn intention into lived experience\" \/>\n<meta property=\"og:url\" content=\"https:\/\/connectandactivate.info\/cs\/product\/od-vhledu-k-akci\/\" \/>\n<meta property=\"og:site_name\" content=\"connect\" \/>\n<meta property=\"article:modified_time\" content=\"2025-12-22T07:59:26+00:00\" \/>\n<meta property=\"og:image\" content=\"https:\/\/connectandactivate.info\/wp-content\/uploads\/2025\/11\/Gold01136.jpg\" \/>\n\t<meta property=\"og:image:width\" content=\"500\" \/>\n\t<meta property=\"og:image:height\" content=\"500\" \/>\n\t<meta property=\"og:image:type\" content=\"image\/jpeg\" \/>\n<meta name=\"twitter:card\" content=\"summary_large_image\" \/>\n<meta name=\"twitter:label1\" content=\"Odhadovan\u00e1 doba \u010dten\u00ed\" \/>\n\t<meta name=\"twitter:data1\" content=\"3 minuty\" \/>\n<script type=\"application\/ld+json\" class=\"yoast-schema-graph\">{\"@context\":\"https:\/\/schema.org\",\"@graph\":[{\"@type\":\"WebPage\",\"@id\":\"https:\/\/connectandactivate.info\/product\/from-insight-to-action\/\",\"url\":\"https:\/\/connectandactivate.info\/product\/from-insight-to-action\/\",\"name\":\"From Insight to Action\",\"isPartOf\":{\"@id\":\"https:\/\/connectandactivate.info\/#website\"},\"primaryImageOfPage\":{\"@id\":\"https:\/\/connectandactivate.info\/product\/from-insight-to-action\/#primaryimage\"},\"image\":{\"@id\":\"https:\/\/connectandactivate.info\/product\/from-insight-to-action\/#primaryimage\"},\"thumbnailUrl\":\"https:\/\/connectandactivate.info\/wp-content\/uploads\/2025\/11\/Gold01136.jpg\",\"datePublished\":\"2025-11-03T19:14:24+00:00\",\"dateModified\":\"2025-12-22T07:59:26+00:00\",\"description\":\"Inspiration No. 3 \u2013 From Insight to Action. Subtle support for clarity, momentum, and meaningful change. Reduce hesitation, soften perfectionism, and turn intention into lived experience\",\"breadcrumb\":{\"@id\":\"https:\/\/connectandactivate.info\/product\/from-insight-to-action\/#breadcrumb\"},\"inLanguage\":\"cs\",\"potentialAction\":[{\"@type\":\"ReadAction\",\"target\":[\"https:\/\/connectandactivate.info\/product\/from-insight-to-action\/\"]}]},{\"@type\":\"ImageObject\",\"inLanguage\":\"cs\",\"@id\":\"https:\/\/connectandactivate.info\/product\/from-insight-to-action\/#primaryimage\",\"url\":\"https:\/\/connectandactivate.info\/wp-content\/uploads\/2025\/11\/Gold01136.jpg\",\"contentUrl\":\"https:\/\/connectandactivate.info\/wp-content\/uploads\/2025\/11\/Gold01136.jpg\",\"width\":500,\"height\":500},{\"@type\":\"BreadcrumbList\",\"@id\":\"https:\/\/connectandactivate.info\/product\/from-insight-to-action\/#breadcrumb\",\"itemListElement\":[{\"@type\":\"ListItem\",\"position\":1,\"name\":\"Home\",\"item\":\"https:\/\/connectandactivate.info\/\"},{\"@type\":\"ListItem\",\"position\":2,\"name\":\"Shop\",\"item\":\"https:\/\/connectandactivate.info\/shop\/\"},{\"@type\":\"ListItem\",\"position\":3,\"name\":\"From Insight to Action\"}]},{\"@type\":\"WebSite\",\"@id\":\"https:\/\/connectandactivate.info\/#website\",\"url\":\"https:\/\/connectandactivate.info\/\",\"name\":\"connect\",\"description\":\"\",\"potentialAction\":[{\"@type\":\"SearchAction\",\"target\":{\"@type\":\"EntryPoint\",\"urlTemplate\":\"https:\/\/connectandactivate.info\/?s={search_term_string}\"},\"query-input\":{\"@type\":\"PropertyValueSpecification\",\"valueRequired\":true,\"valueName\":\"search_term_string\"}}],\"inLanguage\":\"cs\"}]}<\/script>\n<!-- \/ Yoast SEO plugin. -->","yoast_head_json":{"title":"Od vhledu k \u010din\u016fm","description":"Inspirace \u010d. 3 - Od vhledu k \u010din\u016fm. Jemn\u00e1 podpora pro jasnost, dynamiku a smysluplnou zm\u011bnu. Omezte v\u00e1h\u00e1n\u00ed, zm\u00edrn\u011bte perfekcionismus a prom\u011b\u0148te z\u00e1m\u011br v pro\u017eitek.","robots":{"index":"noindex","follow":"follow","max-snippet":"max-snippet:-1","max-image-preview":"max-image-preview:large","max-video-preview":"max-video-preview:-1"},"og_locale":"cs_CZ","og_type":"article","og_title":"From Insight to Action","og_description":"Inspiration No. 3 \u2013 From Insight to Action. Subtle support for clarity, momentum, and meaningful change. Reduce hesitation, soften perfectionism, and turn intention into lived experience","og_url":"https:\/\/connectandactivate.info\/cs\/product\/od-vhledu-k-akci\/","og_site_name":"connect","article_modified_time":"2025-12-22T07:59:26+00:00","og_image":[{"width":500,"height":500,"url":"https:\/\/connectandactivate.info\/wp-content\/uploads\/2025\/11\/Gold01136.jpg","type":"image\/jpeg"}],"twitter_card":"summary_large_image","twitter_misc":{"Odhadovan\u00e1 doba \u010dten\u00ed":"3 minuty"},"schema":{"@context":"https:\/\/schema.org","@graph":[{"@type":"WebPage","@id":"https:\/\/connectandactivate.info\/product\/from-insight-to-action\/","url":"https:\/\/connectandactivate.info\/product\/from-insight-to-action\/","name":"Od vhledu k \u010din\u016fm","isPartOf":{"@id":"https:\/\/connectandactivate.info\/#website"},"primaryImageOfPage":{"@id":"https:\/\/connectandactivate.info\/product\/from-insight-to-action\/#primaryimage"},"image":{"@id":"https:\/\/connectandactivate.info\/product\/from-insight-to-action\/#primaryimage"},"thumbnailUrl":"https:\/\/connectandactivate.info\/wp-content\/uploads\/2025\/11\/Gold01136.jpg","datePublished":"2025-11-03T19:14:24+00:00","dateModified":"2025-12-22T07:59:26+00:00","description":"Inspirace \u010d. 3 - Od vhledu k \u010din\u016fm. Jemn\u00e1 podpora pro jasnost, dynamiku a smysluplnou zm\u011bnu. Omezte v\u00e1h\u00e1n\u00ed, zm\u00edrn\u011bte perfekcionismus a prom\u011b\u0148te z\u00e1m\u011br v pro\u017eitek.","breadcrumb":{"@id":"https:\/\/connectandactivate.info\/product\/from-insight-to-action\/#breadcrumb"},"inLanguage":"cs","potentialAction":[{"@type":"ReadAction","target":["https:\/\/connectandactivate.info\/product\/from-insight-to-action\/"]}]},{"@type":"ImageObject","inLanguage":"cs","@id":"https:\/\/connectandactivate.info\/product\/from-insight-to-action\/#primaryimage","url":"https:\/\/connectandactivate.info\/wp-content\/uploads\/2025\/11\/Gold01136.jpg","contentUrl":"https:\/\/connectandactivate.info\/wp-content\/uploads\/2025\/11\/Gold01136.jpg","width":500,"height":500},{"@type":"BreadcrumbList","@id":"https:\/\/connectandactivate.info\/product\/from-insight-to-action\/#breadcrumb","itemListElement":[{"@type":"ListItem","position":1,"name":"Home","item":"https:\/\/connectandactivate.info\/"},{"@type":"ListItem","position":2,"name":"Shop","item":"https:\/\/connectandactivate.info\/shop\/"},{"@type":"ListItem","position":3,"name":"From Insight to Action"}]},{"@type":"WebSite","@id":"https:\/\/connectandactivate.info\/#website","url":"https:\/\/connectandactivate.info\/","name":"p\u0159ipojit","description":"","potentialAction":[{"@type":"SearchAction","target":{"@type":"EntryPoint","urlTemplate":"https:\/\/connectandactivate.info\/?s={search_term_string}"},"query-input":{"@type":"PropertyValueSpecification","valueRequired":true,"valueName":"search_term_string"}}],"inLanguage":"cs"}]}},"_links":{"self":[{"href":"https:\/\/connectandactivate.info\/cs\/wp-json\/wp\/v2\/product\/100","targetHints":{"allow":["GET"]}}],"collection":[{"href":"https:\/\/connectandactivate.info\/cs\/wp-json\/wp\/v2\/product"}],"about":[{"href":"https:\/\/connectandactivate.info\/cs\/wp-json\/wp\/v2\/types\/product"}],"replies":[{"embeddable":true,"href":"https:\/\/connectandactivate.info\/cs\/wp-json\/wp\/v2\/comments?post=100"}],"wp:featuredmedia":[{"embeddable":true,"href":"https:\/\/connectandactivate.info\/cs\/wp-json\/wp\/v2\/media\/101"}],"wp:attachment":[{"href":"https:\/\/connectandactivate.info\/cs\/wp-json\/wp\/v2\/media?parent=100"}],"wp:term":[{"taxonomy":"product_brand","embeddable":true,"href":"https:\/\/connectandactivate.info\/cs\/wp-json\/wp\/v2\/product_brand?post=100"},{"taxonomy":"product_cat","embeddable":true,"href":"https:\/\/connectandactivate.info\/cs\/wp-json\/wp\/v2\/product_cat?post=100"},{"taxonomy":"product_tag","embeddable":true,"href":"https:\/\/connectandactivate.info\/cs\/wp-json\/wp\/v2\/product_tag?post=100"}],"curies":[{"name":"wp","href":"https:\/\/api.w.org\/{rel}","templated":true}]}}