{"id":104,"date":"2025-11-03T19:33:30","date_gmt":"2025-11-03T19:33:30","guid":{"rendered":"https:\/\/connectandactivate.info\/?post_type=product&#038;p=104"},"modified":"2025-12-22T08:01:44","modified_gmt":"2025-12-22T08:01:44","slug":"stabilita-a-opetovne-pripojeni","status":"publish","type":"product","link":"https:\/\/connectandactivate.info\/cs\/product\/stabilita-a-opetovne-pripojeni\/","title":{"rendered":"Stabilita a obnoven\u00ed spojen\u00ed"},"content":{"rendered":"<p><strong>S\u016fl \u010d. 4: Stabilita a obnoven\u00ed spojen\u00ed<\/strong><\/p>\n<p><strong>N\u00e1vrat k rovnov\u00e1ze<\/strong><\/p>\n<p><strong>\u00a0<\/strong><\/p>\n<p>Kdy\u017e se \u017eivot stane stresuj\u00edc\u00edm nebo n\u00e1ro\u010dn\u00fdm, snadno ztrat\u00edme vnit\u0159n\u00ed stabilitu, kter\u00e1 n\u00e1s udr\u017euje na zemi a ve spojen\u00ed.<br \/>\nInspirace \u010d. 4 podporuje p\u0159irozen\u00fd proces usazov\u00e1n\u00ed a zm\u00edr\u0148uje tlak, kter\u00fd se hromad\u00ed v d\u016fsledku neust\u00e1l\u00e9 aktivity, odpov\u011bdnosti a emocion\u00e1ln\u00ed anga\u017eovanosti.<\/p>\n<p>Netla\u010d\u00ed ani nestimuluje - podporuje p\u0159irozen\u00fd jemn\u00fd n\u00e1vrat k rovnov\u00e1ze a soudr\u017enosti v ka\u017edodenn\u00edm \u017eivot\u011b.<\/p>\n<p>&nbsp;<\/p>\n<p><strong>Pro\u010d je stres tak vy\u010derp\u00e1vaj\u00edc\u00ed<\/strong><\/p>\n<p>Stres nen\u00ed jen \u201cp\u0159\u00edli\u0161 mnoho \u00fakol\u016f\u201d.\u201d<br \/>\n\u010casto je v\u00fdsledkem nev\u011bdom\u00fdch vzorc\u016f, kter\u00e9 vytv\u00e1\u0159ej\u00ed nap\u011bt\u00ed, tlak nebo strach - a to i v b\u011b\u017en\u00fdch situac\u00edch.<\/p>\n<p>Tyto vzorce mohou v\u00e9st k:<br \/>\n- emo\u010dn\u00ed \u00fanava<br \/>\n- p\u0159ehnan\u00e1 reakce na mal\u00e9 podn\u011bty<br \/>\n- pot\u00ed\u017ee s odpo\u010dinkem<br \/>\n- naru\u0161en\u00fd sp\u00e1nek<br \/>\n- neust\u00e1l\u00e1 vnit\u0159n\u00ed ostra\u017eitost<\/p>\n<p>Ne proto, \u017ee je n\u011bco \u201c\u0161patn\u011b\u201d.\u201d<br \/>\nale proto, \u017ee se syst\u00e9m dostal z rovnov\u00e1hy.<\/p>\n<p>&nbsp;<\/p>\n<p><strong>Rozpozn\u00e1n\u00ed nerovnov\u00e1hy<\/strong><\/p>\n<p>Nerovnov\u00e1ha je \u010dasto postupn\u00e1 a nen\u00e1padn\u00e1.<br \/>\nNormalizujeme ji, proto\u017ee se j\u00ed p\u0159izp\u016fsobujeme.<\/p>\n<p>Lid\u00e9 pou\u017e\u00edvaj\u00edc\u00ed tuto s\u016fl si \u010dasto v\u0161imnou, \u017ee:<br \/>\n- vnit\u0159n\u011b zpomalit<br \/>\n- rozpoznat nezdrav\u00e9 n\u00e1vyky<br \/>\n- sn\u00ed\u017eit emo\u010dn\u00ed reaktivitu<br \/>\n- uvolnit vy\u010derp\u00e1vaj\u00edc\u00ed vztahy<br \/>\n- hlub\u0161\u00ed sp\u00e1nek<br \/>\n- hledat p\u0159\u00edrodu, ticho nebo jednodu\u0161\u0161\u00ed volby.<\/p>\n<p>Nejedn\u00e1 se o v\u00fdkonnostn\u00ed c\u00edle.<br \/>\nJsou to zn\u00e1mky n\u00e1vratu a rostouc\u00ed stability.<\/p>\n<p>&nbsp;<\/p>\n<p><strong>Integrace a uzemn\u011bn\u00ed<\/strong><\/p>\n<p>Po nahl\u00e9dnut\u00ed a zm\u011bn\u00e1ch podpo\u0159en\u00fdch solemi 1-3,<br \/>\n<strong>S\u016fl 4 pom\u00e1h\u00e1 upevnit z\u00edskan\u00e9 poznatky a zakotvit je v ka\u017edodenn\u00edm \u017eivot\u011b.<\/strong><\/p>\n<p>\u010casto to vypad\u00e1 jako:<br \/>\n- pauza<br \/>\n- a resetov\u00e1n\u00ed<br \/>\n- nebo klidnou reorganizaci, ne\u017e se p\u0159irozen\u011b objev\u00ed dal\u0161\u00ed stupe\u0148 v\u00fdvoje.<\/p>\n<p>&nbsp;<\/p>\n<p><strong>Celistvost<\/strong><\/p>\n<p>Blahobyt nen\u00ed dokonalost.<br \/>\nJe to schopnost \u017e\u00edt s rovnov\u00e1hou, jasnost\u00ed a emocion\u00e1ln\u00edm prostorem.<\/p>\n<p>S\u016fl 4 neznamen\u00e1, \u017ee va\u0161e u\u010den\u00ed a zm\u011bny jsou zastaral\u00e9.<br \/>\nPom\u00e1h\u00e1 v\u00e1m j\u00edt vst\u0159\u00edc \u017eivotu z vyrovnan\u011bj\u0161\u00edho a pevn\u011bj\u0161\u00edho vnit\u0159n\u00edho m\u00edsta - co\u017e m\u016f\u017ee zm\u011bnit kvalitu pro\u017e\u00edv\u00e1n\u00ed zevnit\u0159.<\/p>\n<p>&nbsp;<\/p>\n<p>&nbsp;<\/p>\n<p><strong>Podpora postup\u016f a terapi\u00ed<\/strong><\/p>\n<p>Mnoho lid\u00ed zjistilo, \u017ee Salt 4 se dob\u0159e integruje s:<br \/>\n- meditace<br \/>\n- karoserie<br \/>\n- j\u00f3ga<br \/>\n- dechov\u00e1 cvi\u010den\u00ed<br \/>\n- kou\u010dov\u00e1n\u00ed<br \/>\n- psychoterapie<\/p>\n<p>ne proto, \u017ee p\u0159in\u00e1\u0161\u00ed v\u00fdsledky,<br \/>\nale proto, \u017ee sni\u017euje ru\u0161en\u00ed a umo\u017e\u0148uje jasnost, p\u0159\u00edtomnost a rychlou odezvu.<\/p>\n<p>Cvi\u010ditel\u00e9 to n\u011bkdy popisuj\u00ed jako \u201csnadn\u011bj\u0161\u00ed pohyb v\u011bc\u00ed\u201d, ani\u017e by bylo nutn\u00e9 na n\u011b tla\u010dit.<\/p>\n<p>&nbsp;<\/p>\n<p><strong>Jak pou\u017e\u00edvat<\/strong><\/p>\n<p>P\u011btkr\u00e1t denn\u011b u\u017e\u00edvejte n\u011bkolik zrnek.<br \/>\nNechte je rozpustit pod jazykem.<\/p>\n<p>P\u0159i pravideln\u00e9m pou\u017e\u00edv\u00e1n\u00ed vydr\u017e\u00ed jedna plechovka obvykle p\u0159ibli\u017en\u011b dva m\u011bs\u00edce.<\/p>\n<p>This is not a substance-driven process \u2014<br \/>\nit is an informational impulse that interacts with awareness and regulation, not chemistry.<\/p>\n<p>&nbsp;<\/p>\n<p><strong>A simple practice<\/strong><br \/>\n1. Take a moment to pause<br \/>\n2. Notice your state without judging it<br \/>\n3. Allow yourself to settle<br \/>\n4. Pokra\u010dujte ve sv\u00e9m dni<\/p>\n<p>The aim is not control, but permission to rest into yourself.<\/p>\n<p>&nbsp;<\/p>\n<p><strong>O v\u00fdrobn\u00edm procesu<\/strong><\/p>\n<p>The informational structure imprinted into the salts cannot currently be measured with available technology.<br \/>\nTato v\u00fdrobn\u00ed metoda se pou\u017e\u00edv\u00e1 od roku 1993 a v roce 2024 byla v\u00fdrazn\u011b zdokonalena.<\/p>\n<p>Chemically, this product is pure, edible crystal salt from the same deposits commonly known as Himalayan salt.<\/p>\n<p>&nbsp;<\/p>\n<p><strong>D\u016fle\u017eit\u00e1 pozn\u00e1mka<\/strong><\/p>\n<p>P\u0159ipojen\u00ed a aktivace produkt\u016f:<br \/>\n- nejsou l\u00e9ky<br \/>\n- nediagnostikuj\u00ed, nel\u00e9\u010d\u00ed ani nevyl\u00e9\u010duj\u00ed nemoci.<br \/>\n- nenahrazuj\u00ed odbornou p\u00e9\u010di<\/p>\n<p>They are intended to support self-awareness, emotional balance, and personal development.<\/p>\n<p>Pokud m\u00e1te zdravotn\u00ed probl\u00e9my, obra\u0165te se na kvalifikovan\u00e9 odborn\u00edky.<\/p>","protected":false},"excerpt":{"rendered":"<p>It provides subtle impulses that help the body-mind-emotion system regain balance, similar to the effects people often experience after meditation, time in nature, or deep rest.<\/p>\n<p>Many users describe more calmness, better sleep, and a clearer sense of internal stability \u2014 not as a dramatic shift, but as a gradual return to themselves.<\/p>\n<p>This salt is supportive when you need grounding, emotional recovery, or a pause before moving forward.<\/p>\n<p>S\u016fl 4 pom\u00e1h\u00e1 upevnit z\u00edskan\u00e9 poznatky a zakotvit je v ka\u017edodenn\u00edm \u017eivot\u011b.<\/p>","protected":false},"featured_media":105,"comment_status":"open","ping_status":"closed","template":"","meta":[],"product_brand":[],"product_cat":[16],"product_tag":[],"class_list":{"0":"post-104","1":"product","2":"type-product","3":"status-publish","4":"has-post-thumbnail","6":"product_cat-uncategorized","8":"first","9":"instock","10":"shipping-taxable","11":"product-type-simple"},"yoast_head":"<!-- This site is optimized with the Yoast SEO plugin v26.8 - https:\/\/yoast.com\/product\/yoast-seo-wordpress\/ -->\n<title>Stability and Reconnection<\/title>\n<meta name=\"description\" content=\"Inspiration No. 4 \u2013 Stability and Reconnection. Subtle support for balance, grounding, and emotional recovery. A gentle return to clarity, rest, and inner coherence in daily life.\" \/>\n<meta name=\"robots\" content=\"noindex, follow, max-snippet:-1, max-image-preview:large, max-video-preview:-1\" \/>\n<meta property=\"og:locale\" content=\"cs_CZ\" \/>\n<meta property=\"og:type\" content=\"article\" \/>\n<meta property=\"og:title\" content=\"Stability and Reconnection\" \/>\n<meta property=\"og:description\" content=\"Inspiration No. 4 \u2013 Stability and Reconnection. Subtle support for balance, grounding, and emotional recovery. A gentle return to clarity, rest, and inner coherence in daily life.\" \/>\n<meta property=\"og:url\" content=\"https:\/\/connectandactivate.info\/cs\/product\/stabilita-a-opetovne-pripojeni\/\" \/>\n<meta property=\"og:site_name\" content=\"connect\" \/>\n<meta property=\"article:modified_time\" content=\"2025-12-22T08:01:44+00:00\" \/>\n<meta property=\"og:image\" content=\"https:\/\/connectandactivate.info\/wp-content\/uploads\/2025\/11\/Gold01137.jpg\" \/>\n\t<meta property=\"og:image:width\" content=\"500\" \/>\n\t<meta property=\"og:image:height\" content=\"500\" \/>\n\t<meta property=\"og:image:type\" content=\"image\/jpeg\" \/>\n<meta name=\"twitter:card\" content=\"summary_large_image\" \/>\n<meta name=\"twitter:label1\" content=\"Odhadovan\u00e1 doba \u010dten\u00ed\" \/>\n\t<meta name=\"twitter:data1\" content=\"3 minuty\" \/>\n<script type=\"application\/ld+json\" class=\"yoast-schema-graph\">{\"@context\":\"https:\/\/schema.org\",\"@graph\":[{\"@type\":\"WebPage\",\"@id\":\"https:\/\/connectandactivate.info\/product\/stability-and-reconnection\/\",\"url\":\"https:\/\/connectandactivate.info\/product\/stability-and-reconnection\/\",\"name\":\"Stability and Reconnection\",\"isPartOf\":{\"@id\":\"https:\/\/connectandactivate.info\/#website\"},\"primaryImageOfPage\":{\"@id\":\"https:\/\/connectandactivate.info\/product\/stability-and-reconnection\/#primaryimage\"},\"image\":{\"@id\":\"https:\/\/connectandactivate.info\/product\/stability-and-reconnection\/#primaryimage\"},\"thumbnailUrl\":\"https:\/\/connectandactivate.info\/wp-content\/uploads\/2025\/11\/Gold01137.jpg\",\"datePublished\":\"2025-11-03T19:33:30+00:00\",\"dateModified\":\"2025-12-22T08:01:44+00:00\",\"description\":\"Inspiration No. 4 \u2013 Stability and Reconnection. Subtle support for balance, grounding, and emotional recovery. A gentle return to clarity, rest, and inner coherence in daily life.\",\"breadcrumb\":{\"@id\":\"https:\/\/connectandactivate.info\/product\/stability-and-reconnection\/#breadcrumb\"},\"inLanguage\":\"cs\",\"potentialAction\":[{\"@type\":\"ReadAction\",\"target\":[\"https:\/\/connectandactivate.info\/product\/stability-and-reconnection\/\"]}]},{\"@type\":\"ImageObject\",\"inLanguage\":\"cs\",\"@id\":\"https:\/\/connectandactivate.info\/product\/stability-and-reconnection\/#primaryimage\",\"url\":\"https:\/\/connectandactivate.info\/wp-content\/uploads\/2025\/11\/Gold01137.jpg\",\"contentUrl\":\"https:\/\/connectandactivate.info\/wp-content\/uploads\/2025\/11\/Gold01137.jpg\",\"width\":500,\"height\":500},{\"@type\":\"BreadcrumbList\",\"@id\":\"https:\/\/connectandactivate.info\/product\/stability-and-reconnection\/#breadcrumb\",\"itemListElement\":[{\"@type\":\"ListItem\",\"position\":1,\"name\":\"Home\",\"item\":\"https:\/\/connectandactivate.info\/\"},{\"@type\":\"ListItem\",\"position\":2,\"name\":\"Shop\",\"item\":\"https:\/\/connectandactivate.info\/shop\/\"},{\"@type\":\"ListItem\",\"position\":3,\"name\":\"Stability and Reconnection\"}]},{\"@type\":\"WebSite\",\"@id\":\"https:\/\/connectandactivate.info\/#website\",\"url\":\"https:\/\/connectandactivate.info\/\",\"name\":\"connect\",\"description\":\"\",\"potentialAction\":[{\"@type\":\"SearchAction\",\"target\":{\"@type\":\"EntryPoint\",\"urlTemplate\":\"https:\/\/connectandactivate.info\/?s={search_term_string}\"},\"query-input\":{\"@type\":\"PropertyValueSpecification\",\"valueRequired\":true,\"valueName\":\"search_term_string\"}}],\"inLanguage\":\"cs\"}]}<\/script>\n<!-- \/ Yoast SEO plugin. -->","yoast_head_json":{"title":"Stabilita a obnoven\u00ed spojen\u00ed","description":"Inspirace \u010d. 4 - Stabilita a obnoven\u00ed spojen\u00ed. Jemn\u00e1 podpora pro rovnov\u00e1hu, uzemn\u011bn\u00ed a emocion\u00e1ln\u00ed zotaven\u00ed. Jemn\u00fd n\u00e1vrat k jasnosti, klidu a vnit\u0159n\u00ed soudr\u017enosti v ka\u017edodenn\u00edm \u017eivot\u011b.","robots":{"index":"noindex","follow":"follow","max-snippet":"max-snippet:-1","max-image-preview":"max-image-preview:large","max-video-preview":"max-video-preview:-1"},"og_locale":"cs_CZ","og_type":"article","og_title":"Stability and Reconnection","og_description":"Inspiration No. 4 \u2013 Stability and Reconnection. Subtle support for balance, grounding, and emotional recovery. A gentle return to clarity, rest, and inner coherence in daily life.","og_url":"https:\/\/connectandactivate.info\/cs\/product\/stabilita-a-opetovne-pripojeni\/","og_site_name":"connect","article_modified_time":"2025-12-22T08:01:44+00:00","og_image":[{"width":500,"height":500,"url":"https:\/\/connectandactivate.info\/wp-content\/uploads\/2025\/11\/Gold01137.jpg","type":"image\/jpeg"}],"twitter_card":"summary_large_image","twitter_misc":{"Odhadovan\u00e1 doba \u010dten\u00ed":"3 minuty"},"schema":{"@context":"https:\/\/schema.org","@graph":[{"@type":"WebPage","@id":"https:\/\/connectandactivate.info\/product\/stability-and-reconnection\/","url":"https:\/\/connectandactivate.info\/product\/stability-and-reconnection\/","name":"Stabilita a obnoven\u00ed spojen\u00ed","isPartOf":{"@id":"https:\/\/connectandactivate.info\/#website"},"primaryImageOfPage":{"@id":"https:\/\/connectandactivate.info\/product\/stability-and-reconnection\/#primaryimage"},"image":{"@id":"https:\/\/connectandactivate.info\/product\/stability-and-reconnection\/#primaryimage"},"thumbnailUrl":"https:\/\/connectandactivate.info\/wp-content\/uploads\/2025\/11\/Gold01137.jpg","datePublished":"2025-11-03T19:33:30+00:00","dateModified":"2025-12-22T08:01:44+00:00","description":"Inspirace \u010d. 4 - Stabilita a obnoven\u00ed spojen\u00ed. Jemn\u00e1 podpora pro rovnov\u00e1hu, uzemn\u011bn\u00ed a emocion\u00e1ln\u00ed zotaven\u00ed. Jemn\u00fd n\u00e1vrat k jasnosti, klidu a vnit\u0159n\u00ed soudr\u017enosti v ka\u017edodenn\u00edm \u017eivot\u011b.","breadcrumb":{"@id":"https:\/\/connectandactivate.info\/product\/stability-and-reconnection\/#breadcrumb"},"inLanguage":"cs","potentialAction":[{"@type":"ReadAction","target":["https:\/\/connectandactivate.info\/product\/stability-and-reconnection\/"]}]},{"@type":"ImageObject","inLanguage":"cs","@id":"https:\/\/connectandactivate.info\/product\/stability-and-reconnection\/#primaryimage","url":"https:\/\/connectandactivate.info\/wp-content\/uploads\/2025\/11\/Gold01137.jpg","contentUrl":"https:\/\/connectandactivate.info\/wp-content\/uploads\/2025\/11\/Gold01137.jpg","width":500,"height":500},{"@type":"BreadcrumbList","@id":"https:\/\/connectandactivate.info\/product\/stability-and-reconnection\/#breadcrumb","itemListElement":[{"@type":"ListItem","position":1,"name":"Home","item":"https:\/\/connectandactivate.info\/"},{"@type":"ListItem","position":2,"name":"Shop","item":"https:\/\/connectandactivate.info\/shop\/"},{"@type":"ListItem","position":3,"name":"Stability and Reconnection"}]},{"@type":"WebSite","@id":"https:\/\/connectandactivate.info\/#website","url":"https:\/\/connectandactivate.info\/","name":"p\u0159ipojit","description":"","potentialAction":[{"@type":"SearchAction","target":{"@type":"EntryPoint","urlTemplate":"https:\/\/connectandactivate.info\/?s={search_term_string}"},"query-input":{"@type":"PropertyValueSpecification","valueRequired":true,"valueName":"search_term_string"}}],"inLanguage":"cs"}]}},"_links":{"self":[{"href":"https:\/\/connectandactivate.info\/cs\/wp-json\/wp\/v2\/product\/104","targetHints":{"allow":["GET"]}}],"collection":[{"href":"https:\/\/connectandactivate.info\/cs\/wp-json\/wp\/v2\/product"}],"about":[{"href":"https:\/\/connectandactivate.info\/cs\/wp-json\/wp\/v2\/types\/product"}],"replies":[{"embeddable":true,"href":"https:\/\/connectandactivate.info\/cs\/wp-json\/wp\/v2\/comments?post=104"}],"wp:featuredmedia":[{"embeddable":true,"href":"https:\/\/connectandactivate.info\/cs\/wp-json\/wp\/v2\/media\/105"}],"wp:attachment":[{"href":"https:\/\/connectandactivate.info\/cs\/wp-json\/wp\/v2\/media?parent=104"}],"wp:term":[{"taxonomy":"product_brand","embeddable":true,"href":"https:\/\/connectandactivate.info\/cs\/wp-json\/wp\/v2\/product_brand?post=104"},{"taxonomy":"product_cat","embeddable":true,"href":"https:\/\/connectandactivate.info\/cs\/wp-json\/wp\/v2\/product_cat?post=104"},{"taxonomy":"product_tag","embeddable":true,"href":"https:\/\/connectandactivate.info\/cs\/wp-json\/wp\/v2\/product_tag?post=104"}],"curies":[{"name":"wp","href":"https:\/\/api.w.org\/{rel}","templated":true}]}}