{"id":108,"date":"2025-11-03T19:43:02","date_gmt":"2025-11-03T19:43:02","guid":{"rendered":"https:\/\/connectandactivate.info\/?post_type=product&#038;p=108"},"modified":"2025-12-22T08:16:08","modified_gmt":"2025-12-22T08:16:08","slug":"duvera-a-laska","status":"publish","type":"product","link":"https:\/\/connectandactivate.info\/cs\/product\/duvera-a-laska\/","title":{"rendered":"D\u016fv\u011bra a l\u00e1ska"},"content":{"rendered":"<p><strong>S\u016fl \u010d. 5: D\u016fv\u011bra a l\u00e1ska<\/strong><\/p>\n<p><strong>D\u016fv\u011bra, l\u00e1ska a citov\u00e1 integrace<\/strong><\/p>\n<p>Lidsk\u00e9 bytosti rostou prost\u0159ednictv\u00edm spojen\u00ed - se sebou sam\u00fdmi, s ostatn\u00edmi a se \u017eivotem.<br \/>\nInspirace \u010d. 5 podporuje toto tich\u00e9 zr\u00e1n\u00ed t\u00edm, \u017ee zm\u00edr\u0148uje vnit\u0159n\u00ed odpor, strach a stud a umo\u017e\u0148uje, aby se d\u016fv\u011bra a v\u0159elost znovu objevily bez n\u00e1sil\u00ed a n\u00e1tlaku.<\/p>\n<p>C\u00edlem tohoto procesu nen\u00ed st\u00e1t se \u201clep\u0161\u00edm\u201d nebo produktivn\u011bj\u0161\u00edm.<br \/>\nJde o to, abyste se k sob\u011b chovali s d\u016fstojnost\u00ed, laskavost\u00ed a citovou \u010distotou.<\/p>\n<p>Mnoho lid\u00ed si toho v\u0161imne:<br \/>\n- zv\u00fd\u0161en\u00e9 sebep\u0159ijet\u00ed<br \/>\n- sn\u00ed\u017een\u00fd \u00fasudek v\u016f\u010di sob\u011b a ostatn\u00edm.<br \/>\n- snadn\u011bj\u0161\u00ed emocion\u00e1ln\u00ed vyj\u00e1d\u0159en\u00ed<br \/>\n- klidn\u011bj\u0161\u00ed reakce na stres<br \/>\n- shov\u00edvav\u011bj\u0161\u00ed postoj k minulosti<\/p>\n<p>Nic z toho nen\u00ed vynuceno.<br \/>\nRozv\u00edj\u00ed se p\u0159irozen\u011b, kdy\u017e vnit\u0159n\u00ed tlak kles\u00e1.<\/p>\n<p><strong>L\u00e1ska jako vnit\u0159n\u00ed s\u00edla<\/strong><\/p>\n<p>Inspirace \u010d. 5 se net\u00fdk\u00e1 sentiment\u00e1ln\u00ed nebo romantick\u00e9 l\u00e1sky.<br \/>\nVypov\u00edd\u00e1 o ti\u0161\u0161\u00ed, hlub\u0161\u00ed kvalit\u011b:<br \/>\n- stabiln\u00ed<br \/>\n- prostorn\u00fd<br \/>\n- bezpodm\u00edne\u010dn\u00e9<\/p>\n<p>To je l\u00e1ska, kter\u00e1 umo\u017e\u0148uje respektovat sebe sama a zdrav\u00e9 hranice - ne z\u00e1vislost nebo ob\u011btov\u00e1n\u00ed.<\/p>\n<p>&nbsp;<\/p>\n<p>Kdy\u017e se strach zm\u00edrn\u00ed, lid\u00e9 \u010dasto znovu objev\u00ed<br \/>\n- p\u0159ipojen\u00ed<br \/>\n- v\u00fdznam<br \/>\n- vd\u011b\u010dnost<br \/>\n- a touha starat se<\/p>\n<p>ne jako povinnost, ale jako v\u00fdraz toho, k\u00fdm jsou.<\/p>\n<p><strong>Uvoln\u011bn\u00ed star\u00fdch vypr\u00e1v\u011bn\u00ed<\/strong><\/p>\n<p>Mnoho emo\u010dn\u00edch reakc\u00ed je adaptivn\u00ed reakc\u00ed na minul\u00e9 prost\u0159ed\u00ed.<br \/>\nPomohly n\u00e1m p\u0159e\u017e\u00edt, ale kdy\u017e se \u017eivot zm\u011bn\u00ed, mohou n\u00e1s omezovat.<\/p>\n<p>Kdy\u017e se objev\u00ed star\u00e9 p\u0159\u00edb\u011bhy, pocity viny nebo smutek, pova\u017eujte je sp\u00ed\u0161e za zn\u00e1mky integrace ne\u017e selh\u00e1n\u00ed.<br \/>\nNemus\u00edte je napravovat ani analyzovat - pouze jim mus\u00edte \u010delit s up\u0159\u00edmnost\u00ed a trp\u011blivost\u00ed.<\/p>\n<p><em><br \/>\n<\/em><strong>Podpora postup\u016f a terapi\u00ed<\/strong><\/p>\n<p>Inspirace \u010d. 5 m\u016f\u017ee dob\u0159e ladit s:<br \/>\n- meditace<br \/>\n- dechov\u00e1 cvi\u010den\u00ed<br \/>\n- karoserie<br \/>\n- psychoterapie<br \/>\n- um\u011bleck\u00e9 vyj\u00e1d\u0159en\u00ed<\/p>\n<p>ne proto, \u017ee p\u0159in\u00e1\u0161\u00ed v\u00fdsledky, ale proto, \u017ee sni\u017euje ru\u0161iv\u00e9 vlivy a umo\u017e\u0148uje emocion\u00e1ln\u00ed \u010distotu, uvoln\u011bn\u00ed a vn\u00edmavost.<\/p>\n<p><strong>Jak pou\u017e\u00edvat<\/strong><\/p>\n<p>P\u011btkr\u00e1t denn\u011b u\u017e\u00edvejte n\u011bkolik zrnek.<br \/>\nNechte je rozpustit pod jazykem.<\/p>\n<p>Jedna plechovka obvykle vydr\u017e\u00ed p\u0159ibli\u017en\u011b dva m\u011bs\u00edce.<\/p>\n<p>Jednoduch\u00fd postup:<br \/>\n1. Kr\u00e1tk\u00e1 pauza<br \/>\n2. V\u0161imn\u011bte si sv\u00e9ho emo\u010dn\u00edho stavu<br \/>\n3. Povolit to, co je p\u0159\u00edtomno, bez hodnocen\u00ed<br \/>\n4. Pokra\u010dujte ve sv\u00e9m dni<\/p>\n<p>Z\u00e1m\u011brem nen\u00ed kontrola, ale jemn\u011bj\u0161\u00ed vztah ke zku\u0161enosti.<\/p>\n<p><strong>O v\u00fdrobn\u00edm procesu<\/strong><\/p>\n<p>Informa\u010dn\u00ed strukturu v sol\u00edch nelze v sou\u010dasn\u00e9 dob\u011b m\u011b\u0159it dostupnou technologi\u00ed.<br \/>\nTato v\u00fdrobn\u00ed metoda se pou\u017e\u00edv\u00e1 od roku 1993 a v roce 2024 byla v\u00fdrazn\u011b zdokonalena.<\/p>\n<p>Chemicky se jedn\u00e1 o \u010distou jedlou krystalickou s\u016fl z lo\u017eisek b\u011b\u017en\u011b zn\u00e1m\u00fdch jako him\u00e1lajsk\u00e1 s\u016fl.<\/p>\n<p><strong>D\u016fle\u017eit\u00e1 pozn\u00e1mka<\/strong><\/p>\n<p>P\u0159ipojen\u00ed a aktivace produkt\u016f:<br \/>\n- nejsou l\u00e9ky<br \/>\n- nediagnostikuj\u00ed, nel\u00e9\u010d\u00ed ani nevyl\u00e9\u010duj\u00ed nemoci.<br \/>\n- nenahrazuj\u00ed l\u00e9ka\u0159skou nebo psychologickou p\u00e9\u010di.<\/p>\n<p>Jsou ur\u010deny k podpo\u0159e:<br \/>\n- emo\u010dn\u00ed rovnov\u00e1ha<br \/>\n- sebeuv\u011bdom\u011bn\u00ed<br \/>\n- osobn\u00ed rozvoj<\/p>\n<p>Pokud m\u00e1te zdravotn\u00ed probl\u00e9my, obra\u0165te se na kvalifikovan\u00e9 odborn\u00edky.<\/p>","protected":false},"excerpt":{"rendered":"<p>Inspiration No. 5 gently supports emotional openness, self\u2011acceptance, and a more compassionate relationship with yourself and others.<br \/>\nMany people describe a softening of inner tension, a warmer connection to life, and a sense of being held rather than driven.<\/p>\n<p>This salt is not about effort, performance, or perfection.<br \/>\nIt supports conditions in which emotional healing, forgiveness, and trust can emerge naturally \u2014 as part of becoming more whole and humane.<\/p>","protected":false},"featured_media":109,"comment_status":"open","ping_status":"closed","template":"","meta":[],"product_brand":[],"product_cat":[16],"product_tag":[],"class_list":{"0":"post-108","1":"product","2":"type-product","3":"status-publish","4":"has-post-thumbnail","6":"product_cat-uncategorized","8":"first","9":"instock","10":"shipping-taxable","11":"product-type-simple"},"yoast_head":"<!-- This site is optimized with the Yoast SEO plugin v26.8 - https:\/\/yoast.com\/product\/yoast-seo-wordpress\/ -->\n<title>Trust and Love.<\/title>\n<meta name=\"description\" content=\"Inspiration No. 5 \u2013 Trust and Love. Subtle support for emotional openness, compassion, forgiveness, and inner balance. A gentle return to dignity, warmth, and connection with life.\" \/>\n<meta name=\"robots\" content=\"noindex, follow, max-snippet:-1, max-image-preview:large, max-video-preview:-1\" \/>\n<meta property=\"og:locale\" content=\"cs_CZ\" \/>\n<meta property=\"og:type\" content=\"article\" \/>\n<meta property=\"og:title\" content=\"Trust and Love.\" \/>\n<meta property=\"og:description\" content=\"Inspiration No. 5 \u2013 Trust and Love. Subtle support for emotional openness, compassion, forgiveness, and inner balance. A gentle return to dignity, warmth, and connection with life.\" \/>\n<meta property=\"og:url\" content=\"https:\/\/connectandactivate.info\/cs\/product\/duvera-a-laska\/\" \/>\n<meta property=\"og:site_name\" content=\"connect\" \/>\n<meta property=\"article:modified_time\" content=\"2025-12-22T08:16:08+00:00\" \/>\n<meta property=\"og:image\" content=\"https:\/\/connectandactivate.info\/wp-content\/uploads\/2025\/11\/Gold01141.jpg\" \/>\n\t<meta property=\"og:image:width\" content=\"500\" \/>\n\t<meta property=\"og:image:height\" content=\"500\" \/>\n\t<meta property=\"og:image:type\" content=\"image\/jpeg\" \/>\n<meta name=\"twitter:card\" content=\"summary_large_image\" \/>\n<meta name=\"twitter:label1\" content=\"Odhadovan\u00e1 doba \u010dten\u00ed\" \/>\n\t<meta name=\"twitter:data1\" content=\"2 minuty\" \/>\n<script type=\"application\/ld+json\" class=\"yoast-schema-graph\">{\"@context\":\"https:\/\/schema.org\",\"@graph\":[{\"@type\":\"WebPage\",\"@id\":\"https:\/\/connectandactivate.info\/product\/trust-and-love\/\",\"url\":\"https:\/\/connectandactivate.info\/product\/trust-and-love\/\",\"name\":\"Trust and Love.\",\"isPartOf\":{\"@id\":\"https:\/\/connectandactivate.info\/#website\"},\"primaryImageOfPage\":{\"@id\":\"https:\/\/connectandactivate.info\/product\/trust-and-love\/#primaryimage\"},\"image\":{\"@id\":\"https:\/\/connectandactivate.info\/product\/trust-and-love\/#primaryimage\"},\"thumbnailUrl\":\"https:\/\/connectandactivate.info\/wp-content\/uploads\/2025\/11\/Gold01141.jpg\",\"datePublished\":\"2025-11-03T19:43:02+00:00\",\"dateModified\":\"2025-12-22T08:16:08+00:00\",\"description\":\"Inspiration No. 5 \u2013 Trust and Love. Subtle support for emotional openness, compassion, forgiveness, and inner balance. A gentle return to dignity, warmth, and connection with life.\",\"breadcrumb\":{\"@id\":\"https:\/\/connectandactivate.info\/product\/trust-and-love\/#breadcrumb\"},\"inLanguage\":\"cs\",\"potentialAction\":[{\"@type\":\"ReadAction\",\"target\":[\"https:\/\/connectandactivate.info\/product\/trust-and-love\/\"]}]},{\"@type\":\"ImageObject\",\"inLanguage\":\"cs\",\"@id\":\"https:\/\/connectandactivate.info\/product\/trust-and-love\/#primaryimage\",\"url\":\"https:\/\/connectandactivate.info\/wp-content\/uploads\/2025\/11\/Gold01141.jpg\",\"contentUrl\":\"https:\/\/connectandactivate.info\/wp-content\/uploads\/2025\/11\/Gold01141.jpg\",\"width\":500,\"height\":500},{\"@type\":\"BreadcrumbList\",\"@id\":\"https:\/\/connectandactivate.info\/product\/trust-and-love\/#breadcrumb\",\"itemListElement\":[{\"@type\":\"ListItem\",\"position\":1,\"name\":\"Home\",\"item\":\"https:\/\/connectandactivate.info\/\"},{\"@type\":\"ListItem\",\"position\":2,\"name\":\"Shop\",\"item\":\"https:\/\/connectandactivate.info\/shop\/\"},{\"@type\":\"ListItem\",\"position\":3,\"name\":\"Trust and Love\"}]},{\"@type\":\"WebSite\",\"@id\":\"https:\/\/connectandactivate.info\/#website\",\"url\":\"https:\/\/connectandactivate.info\/\",\"name\":\"connect\",\"description\":\"\",\"potentialAction\":[{\"@type\":\"SearchAction\",\"target\":{\"@type\":\"EntryPoint\",\"urlTemplate\":\"https:\/\/connectandactivate.info\/?s={search_term_string}\"},\"query-input\":{\"@type\":\"PropertyValueSpecification\",\"valueRequired\":true,\"valueName\":\"search_term_string\"}}],\"inLanguage\":\"cs\"}]}<\/script>\n<!-- \/ Yoast SEO plugin. -->","yoast_head_json":{"title":"D\u016fv\u011bra a l\u00e1ska.","description":"Inspirace \u010d. 5 - D\u016fv\u011bra a l\u00e1ska. Jemn\u00e1 podpora emo\u010dn\u00ed otev\u0159enosti, soucitu, odpu\u0161t\u011bn\u00ed a vnit\u0159n\u00ed rovnov\u00e1hy. Jemn\u00fd n\u00e1vrat k d\u016fstojnosti, v\u0159elosti a spojen\u00ed se \u017eivotem.","robots":{"index":"noindex","follow":"follow","max-snippet":"max-snippet:-1","max-image-preview":"max-image-preview:large","max-video-preview":"max-video-preview:-1"},"og_locale":"cs_CZ","og_type":"article","og_title":"Trust and Love.","og_description":"Inspiration No. 5 \u2013 Trust and Love. Subtle support for emotional openness, compassion, forgiveness, and inner balance. A gentle return to dignity, warmth, and connection with life.","og_url":"https:\/\/connectandactivate.info\/cs\/product\/duvera-a-laska\/","og_site_name":"connect","article_modified_time":"2025-12-22T08:16:08+00:00","og_image":[{"width":500,"height":500,"url":"https:\/\/connectandactivate.info\/wp-content\/uploads\/2025\/11\/Gold01141.jpg","type":"image\/jpeg"}],"twitter_card":"summary_large_image","twitter_misc":{"Odhadovan\u00e1 doba \u010dten\u00ed":"2 minuty"},"schema":{"@context":"https:\/\/schema.org","@graph":[{"@type":"WebPage","@id":"https:\/\/connectandactivate.info\/product\/trust-and-love\/","url":"https:\/\/connectandactivate.info\/product\/trust-and-love\/","name":"D\u016fv\u011bra a l\u00e1ska.","isPartOf":{"@id":"https:\/\/connectandactivate.info\/#website"},"primaryImageOfPage":{"@id":"https:\/\/connectandactivate.info\/product\/trust-and-love\/#primaryimage"},"image":{"@id":"https:\/\/connectandactivate.info\/product\/trust-and-love\/#primaryimage"},"thumbnailUrl":"https:\/\/connectandactivate.info\/wp-content\/uploads\/2025\/11\/Gold01141.jpg","datePublished":"2025-11-03T19:43:02+00:00","dateModified":"2025-12-22T08:16:08+00:00","description":"Inspirace \u010d. 5 - D\u016fv\u011bra a l\u00e1ska. Jemn\u00e1 podpora emo\u010dn\u00ed otev\u0159enosti, soucitu, odpu\u0161t\u011bn\u00ed a vnit\u0159n\u00ed rovnov\u00e1hy. Jemn\u00fd n\u00e1vrat k d\u016fstojnosti, v\u0159elosti a spojen\u00ed se \u017eivotem.","breadcrumb":{"@id":"https:\/\/connectandactivate.info\/product\/trust-and-love\/#breadcrumb"},"inLanguage":"cs","potentialAction":[{"@type":"ReadAction","target":["https:\/\/connectandactivate.info\/product\/trust-and-love\/"]}]},{"@type":"ImageObject","inLanguage":"cs","@id":"https:\/\/connectandactivate.info\/product\/trust-and-love\/#primaryimage","url":"https:\/\/connectandactivate.info\/wp-content\/uploads\/2025\/11\/Gold01141.jpg","contentUrl":"https:\/\/connectandactivate.info\/wp-content\/uploads\/2025\/11\/Gold01141.jpg","width":500,"height":500},{"@type":"BreadcrumbList","@id":"https:\/\/connectandactivate.info\/product\/trust-and-love\/#breadcrumb","itemListElement":[{"@type":"ListItem","position":1,"name":"Home","item":"https:\/\/connectandactivate.info\/"},{"@type":"ListItem","position":2,"name":"Shop","item":"https:\/\/connectandactivate.info\/shop\/"},{"@type":"ListItem","position":3,"name":"Trust and Love"}]},{"@type":"WebSite","@id":"https:\/\/connectandactivate.info\/#website","url":"https:\/\/connectandactivate.info\/","name":"p\u0159ipojit","description":"","potentialAction":[{"@type":"SearchAction","target":{"@type":"EntryPoint","urlTemplate":"https:\/\/connectandactivate.info\/?s={search_term_string}"},"query-input":{"@type":"PropertyValueSpecification","valueRequired":true,"valueName":"search_term_string"}}],"inLanguage":"cs"}]}},"_links":{"self":[{"href":"https:\/\/connectandactivate.info\/cs\/wp-json\/wp\/v2\/product\/108","targetHints":{"allow":["GET"]}}],"collection":[{"href":"https:\/\/connectandactivate.info\/cs\/wp-json\/wp\/v2\/product"}],"about":[{"href":"https:\/\/connectandactivate.info\/cs\/wp-json\/wp\/v2\/types\/product"}],"replies":[{"embeddable":true,"href":"https:\/\/connectandactivate.info\/cs\/wp-json\/wp\/v2\/comments?post=108"}],"wp:featuredmedia":[{"embeddable":true,"href":"https:\/\/connectandactivate.info\/cs\/wp-json\/wp\/v2\/media\/109"}],"wp:attachment":[{"href":"https:\/\/connectandactivate.info\/cs\/wp-json\/wp\/v2\/media?parent=108"}],"wp:term":[{"taxonomy":"product_brand","embeddable":true,"href":"https:\/\/connectandactivate.info\/cs\/wp-json\/wp\/v2\/product_brand?post=108"},{"taxonomy":"product_cat","embeddable":true,"href":"https:\/\/connectandactivate.info\/cs\/wp-json\/wp\/v2\/product_cat?post=108"},{"taxonomy":"product_tag","embeddable":true,"href":"https:\/\/connectandactivate.info\/cs\/wp-json\/wp\/v2\/product_tag?post=108"}],"curies":[{"name":"wp","href":"https:\/\/api.w.org\/{rel}","templated":true}]}}