{"id":115,"date":"2025-11-04T05:21:19","date_gmt":"2025-11-04T05:21:19","guid":{"rendered":"https:\/\/connectandactivate.info\/?post_type=product&#038;p=115"},"modified":"2025-12-18T06:43:36","modified_gmt":"2025-12-18T06:43:36","slug":"naplneni-a-prirozena-radost","status":"publish","type":"product","link":"https:\/\/connectandactivate.info\/cs\/product\/naplneni-a-prirozena-radost\/","title":{"rendered":"Napln\u011bn\u00ed a p\u0159irozen\u00e1 radost"},"content":{"rendered":"<p><strong>S\u016fl \u010d. 7: Napln\u011bn\u00ed a p\u0159irozen\u00e1 radost<\/strong><\/p>\n<p><strong>Tich\u00e1, stabiln\u00ed radost<\/strong><\/p>\n<p><strong>\u00a0<\/strong>Spln\u011bn\u00ed nen\u00ed odm\u011bnou za \u00fasil\u00ed - je to kvalita byt\u00ed, kter\u00e1 se objev\u00ed, kdy\u017e u\u017e nebojujete sami se sebou.<br \/>\nInspirace \u010d. 7 podporuje tento p\u0159irozen\u00fd posun t\u00edm, \u017ee pom\u00e1h\u00e1 redukovat jemn\u00e9 p\u0159\u00edb\u011bhy, kter\u00e9 v\u00e1s udr\u017euj\u00ed v neklidu, ne\u0161t\u011bst\u00ed, pohnutk\u00e1ch nebo odlou\u010den\u00ed.<\/p>\n<p><em>Radost nen\u00ed v\u00fdsledkem toho, \u017ee se stanete dokonal\u00fdmi.<br \/>\nJe to vyj\u00e1d\u0159en\u00ed pocitu bezpe\u010d\u00ed b\u00fdt s\u00e1m sebou.<\/em><\/p>\n<p><strong>Vzorce, kter\u00e9 blokuj\u00ed napln\u011bn\u00ed<\/strong><\/p>\n<p>Lid\u00e9 \u010dasto omezuj\u00ed svou vlastn\u00ed radost, ani\u017e by si to uv\u011bdomovali:<br \/>\n- propojen\u00ed hodnoty s \u00fasp\u011bchem<br \/>\n- odkl\u00e1d\u00e1n\u00ed \u0161t\u011bst\u00ed na dobu, kdy budou spln\u011bny c\u00edle.<br \/>\n- vyh\u00fdb\u00e1n\u00ed se \u017eivotu ze strachu nebo nejistoty<br \/>\n- hled\u00e1n\u00ed extern\u00ed validace<br \/>\n- v\u011b\u0159\u00ed, \u017ee si mus\u00ed zaslou\u017eit pr\u00e1vo na odpo\u010dinek<\/p>\n<p>Tyto vzorce kdysi slou\u017eily sv\u00e9mu \u00fa\u010delu - ale kdy\u017e se \u017eivot zm\u011bn\u00ed, mohou se st\u00e1t omezuj\u00edc\u00edmi.<\/p>\n<p><strong>Vid\u011bt to, na \u010dem skute\u010dn\u011b z\u00e1le\u017e\u00ed<\/strong><\/p>\n<p>Napln\u011bn\u00ed nast\u00e1v\u00e1, kdy\u017e v\u00e1\u0161 \u017eivot postupn\u011b odr\u00e1\u017e\u00ed to, na \u010dem v\u00e1m z\u00e1le\u017e\u00ed.<br \/>\nTo m\u016f\u017ee zahrnovat:<br \/>\n- smyslupln\u00e1 pr\u00e1ce<br \/>\n- kreativita<br \/>\n- p\u0159ipojen\u00ed<br \/>\n- p\u0159\u00edroda<br \/>\n- p\u0159\u00edsp\u011bvek<br \/>\n- vnit\u0159n\u00ed klid<\/p>\n<p>Ne jako ambice, ale jako vyj\u00e1d\u0159en\u00ed toho, kdo jste.<\/p>\n<p>N\u00e1vrat k vlastn\u00edmu rytmu<\/p>\n<p>Mnoho lid\u00ed si v\u0161imne drobn\u00fdch posun\u016f:<br \/>\n- men\u0161\u00ed nal\u00e9havost<br \/>\n- v\u00edce vd\u011b\u010dnosti<br \/>\n- klidn\u011bj\u0161\u00ed vztahy<br \/>\n- snadn\u00e9 uvoln\u011bn\u00ed<br \/>\n- radost z jednoduch\u00fdch z\u00e1\u017eitk\u016f<br \/>\n- pocit, \u017ee jste na spr\u00e1vn\u00e9m m\u00edst\u011b a v\u0161e je v po\u0159\u00e1dku.<\/p>\n<p><u>Nejedn\u00e1 se o \u00fat\u011bk nebo sta\u017een\u00ed se - je to n\u00e1vrat do p\u0159irozen\u011bj\u0161\u00edho rytmu.<\/u><\/p>\n<p><strong>Podpora dal\u0161\u00edch postup\u016f<\/strong><\/p>\n<p>Inspirace \u010d. 7 m\u016f\u017ee doprov\u00e1zet:<br \/>\n- meditace<br \/>\n- tv\u016fr\u010d\u00ed pr\u00e1ce<br \/>\n- reflektivn\u00ed postupy<\/p>\n<p>podporou otev\u0159enosti, jasnosti a vn\u00edmavosti - bez o\u010dek\u00e1v\u00e1n\u00ed.<\/p>\n<p><strong>Jak pou\u017e\u00edvat<\/strong><\/p>\n<p>P\u011btkr\u00e1t denn\u011b u\u017eijte n\u011bkolik zrnek a nechte je rozpustit pod jazykem.<br \/>\nJedna plechovka obvykle vydr\u017e\u00ed p\u0159ibli\u017en\u011b dva m\u011bs\u00edce.<\/p>\n<p>Jednoduch\u00fd postup:<br \/>\n1. Kr\u00e1tk\u00e1 pauza<br \/>\n2. V\u0161\u00edmejte si sv\u00fdch zku\u0161enost\u00ed bez posuzov\u00e1n\u00ed<br \/>\n3. Pokra\u010dujte s laskavost\u00ed<\/p>\n<p><strong>O v\u00fdrobn\u00edm procesu<\/strong><\/p>\n<p>Informa\u010dn\u00ed strukturu v sol\u00edch nelze v sou\u010dasn\u00e9 dob\u011b m\u011b\u0159it dostupnou technologi\u00ed.<br \/>\nTato v\u00fdrobn\u00ed metoda se pou\u017e\u00edv\u00e1 od roku 1993 a v roce 2024 byla v\u00fdrazn\u011b zdokonalena.<\/p>\n<p>Chemicky se jedn\u00e1 o \u010distou jedlou krystalickou s\u016fl z lo\u017eisek b\u011b\u017en\u011b zn\u00e1m\u00fdch jako him\u00e1lajsk\u00e1 s\u016fl.<\/p>\n<p><strong>D\u016fle\u017eit\u00e1 pozn\u00e1mka<\/strong><\/p>\n<p>P\u0159ipojen\u00ed a aktivace produkt\u016f:<br \/>\n- nejsou l\u00e9ky<br \/>\n- nediagnostikuj\u00ed, nel\u00e9\u010d\u00ed ani nevyl\u00e9\u010duj\u00ed nemoci.<br \/>\n- nenahrazuj\u00ed l\u00e9ka\u0159skou nebo psychologickou p\u00e9\u010di.<\/p>\n<p>Jsou ur\u010deny k podpo\u0159e:<br \/>\n- sebeuv\u011bdom\u011bn\u00ed<br \/>\n- emo\u010dn\u00ed rovnov\u00e1ha<br \/>\n- osobn\u00ed rozvoj<\/p>\n<p>Pokud m\u00e1te zdravotn\u00ed probl\u00e9my, obra\u0165te se na kvalifikovan\u00e9 odborn\u00edky.<\/p>","protected":false},"excerpt":{"rendered":"<p>Inspiration No. 7 supports a quiet sense of fulfillment that arises when you live in alignment with your deeper intentions.<br \/>\nThis joy is not created by achievement or excitement \u2014 it emerges naturally when pressure softens and you are able to relate to life with clarity, acceptance, and trust.<\/p>\n<p>Many people describe more lightness, gratitude, and inner peace \u2014 not as a dramatic experience, but as a subtle shift toward feeling more whole, present, content and connected.<\/p>","protected":false},"featured_media":116,"comment_status":"open","ping_status":"closed","template":"","meta":[],"product_brand":[],"product_cat":[16],"product_tag":[],"class_list":{"0":"post-115","1":"product","2":"type-product","3":"status-publish","4":"has-post-thumbnail","6":"product_cat-uncategorized","8":"first","9":"instock","10":"shipping-taxable","11":"product-type-simple"},"yoast_head":"<!-- This site is optimized with the Yoast SEO plugin v26.8 - https:\/\/yoast.com\/product\/yoast-seo-wordpress\/ -->\n<title>Fulfillment and Natural Joy - connect<\/title>\n<meta name=\"robots\" content=\"noindex, follow, max-snippet:-1, max-image-preview:large, max-video-preview:-1\" \/>\n<meta property=\"og:locale\" content=\"cs_CZ\" \/>\n<meta property=\"og:type\" content=\"article\" \/>\n<meta property=\"og:title\" content=\"Fulfillment and Natural Joy - connect\" \/>\n<meta property=\"og:description\" content=\"Inspiration No. 7 supports a quiet sense of fulfillment that arises when you live in alignment with your deeper intentions. This joy is not created by achievement or excitement \u2014 it emerges naturally when pressure softens and you are able to relate to life with clarity, acceptance, and trust.  Many people describe more lightness, gratitude, and inner peace \u2014 not as a dramatic experience, but as a subtle shift toward feeling more whole, present, content and connected.\" \/>\n<meta property=\"og:url\" content=\"https:\/\/connectandactivate.info\/cs\/product\/naplneni-a-prirozena-radost\/\" \/>\n<meta property=\"og:site_name\" content=\"connect\" \/>\n<meta property=\"article:modified_time\" content=\"2025-12-18T06:43:36+00:00\" \/>\n<meta property=\"og:image\" content=\"https:\/\/connectandactivate.info\/wp-content\/uploads\/2025\/11\/pic-7.jpg\" \/>\n\t<meta property=\"og:image:width\" content=\"2208\" \/>\n\t<meta property=\"og:image:height\" content=\"2168\" \/>\n\t<meta property=\"og:image:type\" content=\"image\/jpeg\" \/>\n<meta name=\"twitter:card\" content=\"summary_large_image\" \/>\n<meta name=\"twitter:label1\" content=\"Odhadovan\u00e1 doba \u010dten\u00ed\" \/>\n\t<meta name=\"twitter:data1\" content=\"2 minuty\" \/>\n<script type=\"application\/ld+json\" class=\"yoast-schema-graph\">{\"@context\":\"https:\/\/schema.org\",\"@graph\":[{\"@type\":\"WebPage\",\"@id\":\"https:\/\/connectandactivate.info\/product\/fulfillment-and-natural-joy\/\",\"url\":\"https:\/\/connectandactivate.info\/product\/fulfillment-and-natural-joy\/\",\"name\":\"Fulfillment and Natural Joy - connect\",\"isPartOf\":{\"@id\":\"https:\/\/connectandactivate.info\/#website\"},\"primaryImageOfPage\":{\"@id\":\"https:\/\/connectandactivate.info\/product\/fulfillment-and-natural-joy\/#primaryimage\"},\"image\":{\"@id\":\"https:\/\/connectandactivate.info\/product\/fulfillment-and-natural-joy\/#primaryimage\"},\"thumbnailUrl\":\"https:\/\/connectandactivate.info\/wp-content\/uploads\/2025\/11\/pic-7.jpg\",\"datePublished\":\"2025-11-04T05:21:19+00:00\",\"dateModified\":\"2025-12-18T06:43:36+00:00\",\"breadcrumb\":{\"@id\":\"https:\/\/connectandactivate.info\/product\/fulfillment-and-natural-joy\/#breadcrumb\"},\"inLanguage\":\"cs\",\"potentialAction\":[{\"@type\":\"ReadAction\",\"target\":[\"https:\/\/connectandactivate.info\/product\/fulfillment-and-natural-joy\/\"]}]},{\"@type\":\"ImageObject\",\"inLanguage\":\"cs\",\"@id\":\"https:\/\/connectandactivate.info\/product\/fulfillment-and-natural-joy\/#primaryimage\",\"url\":\"https:\/\/connectandactivate.info\/wp-content\/uploads\/2025\/11\/pic-7.jpg\",\"contentUrl\":\"https:\/\/connectandactivate.info\/wp-content\/uploads\/2025\/11\/pic-7.jpg\",\"width\":2208,\"height\":2168},{\"@type\":\"BreadcrumbList\",\"@id\":\"https:\/\/connectandactivate.info\/product\/fulfillment-and-natural-joy\/#breadcrumb\",\"itemListElement\":[{\"@type\":\"ListItem\",\"position\":1,\"name\":\"Home\",\"item\":\"https:\/\/connectandactivate.info\/\"},{\"@type\":\"ListItem\",\"position\":2,\"name\":\"Shop\",\"item\":\"https:\/\/connectandactivate.info\/shop\/\"},{\"@type\":\"ListItem\",\"position\":3,\"name\":\"Fulfillment and Natural Joy\"}]},{\"@type\":\"WebSite\",\"@id\":\"https:\/\/connectandactivate.info\/#website\",\"url\":\"https:\/\/connectandactivate.info\/\",\"name\":\"connect\",\"description\":\"\",\"potentialAction\":[{\"@type\":\"SearchAction\",\"target\":{\"@type\":\"EntryPoint\",\"urlTemplate\":\"https:\/\/connectandactivate.info\/?s={search_term_string}\"},\"query-input\":{\"@type\":\"PropertyValueSpecification\",\"valueRequired\":true,\"valueName\":\"search_term_string\"}}],\"inLanguage\":\"cs\"}]}<\/script>\n<!-- \/ Yoast SEO plugin. -->","yoast_head_json":{"title":"Napln\u011bn\u00ed a p\u0159irozen\u00e1 radost - p\u0159ipojit se","robots":{"index":"noindex","follow":"follow","max-snippet":"max-snippet:-1","max-image-preview":"max-image-preview:large","max-video-preview":"max-video-preview:-1"},"og_locale":"cs_CZ","og_type":"article","og_title":"Fulfillment and Natural Joy - connect","og_description":"Inspiration No. 7 supports a quiet sense of fulfillment that arises when you live in alignment with your deeper intentions. This joy is not created by achievement or excitement \u2014 it emerges naturally when pressure softens and you are able to relate to life with clarity, acceptance, and trust.  Many people describe more lightness, gratitude, and inner peace \u2014 not as a dramatic experience, but as a subtle shift toward feeling more whole, present, content and connected.","og_url":"https:\/\/connectandactivate.info\/cs\/product\/naplneni-a-prirozena-radost\/","og_site_name":"connect","article_modified_time":"2025-12-18T06:43:36+00:00","og_image":[{"width":2208,"height":2168,"url":"https:\/\/connectandactivate.info\/wp-content\/uploads\/2025\/11\/pic-7.jpg","type":"image\/jpeg"}],"twitter_card":"summary_large_image","twitter_misc":{"Odhadovan\u00e1 doba \u010dten\u00ed":"2 minuty"},"schema":{"@context":"https:\/\/schema.org","@graph":[{"@type":"WebPage","@id":"https:\/\/connectandactivate.info\/product\/fulfillment-and-natural-joy\/","url":"https:\/\/connectandactivate.info\/product\/fulfillment-and-natural-joy\/","name":"Napln\u011bn\u00ed a p\u0159irozen\u00e1 radost - p\u0159ipojit se","isPartOf":{"@id":"https:\/\/connectandactivate.info\/#website"},"primaryImageOfPage":{"@id":"https:\/\/connectandactivate.info\/product\/fulfillment-and-natural-joy\/#primaryimage"},"image":{"@id":"https:\/\/connectandactivate.info\/product\/fulfillment-and-natural-joy\/#primaryimage"},"thumbnailUrl":"https:\/\/connectandactivate.info\/wp-content\/uploads\/2025\/11\/pic-7.jpg","datePublished":"2025-11-04T05:21:19+00:00","dateModified":"2025-12-18T06:43:36+00:00","breadcrumb":{"@id":"https:\/\/connectandactivate.info\/product\/fulfillment-and-natural-joy\/#breadcrumb"},"inLanguage":"cs","potentialAction":[{"@type":"ReadAction","target":["https:\/\/connectandactivate.info\/product\/fulfillment-and-natural-joy\/"]}]},{"@type":"ImageObject","inLanguage":"cs","@id":"https:\/\/connectandactivate.info\/product\/fulfillment-and-natural-joy\/#primaryimage","url":"https:\/\/connectandactivate.info\/wp-content\/uploads\/2025\/11\/pic-7.jpg","contentUrl":"https:\/\/connectandactivate.info\/wp-content\/uploads\/2025\/11\/pic-7.jpg","width":2208,"height":2168},{"@type":"BreadcrumbList","@id":"https:\/\/connectandactivate.info\/product\/fulfillment-and-natural-joy\/#breadcrumb","itemListElement":[{"@type":"ListItem","position":1,"name":"Home","item":"https:\/\/connectandactivate.info\/"},{"@type":"ListItem","position":2,"name":"Shop","item":"https:\/\/connectandactivate.info\/shop\/"},{"@type":"ListItem","position":3,"name":"Fulfillment and Natural Joy"}]},{"@type":"WebSite","@id":"https:\/\/connectandactivate.info\/#website","url":"https:\/\/connectandactivate.info\/","name":"p\u0159ipojit","description":"","potentialAction":[{"@type":"SearchAction","target":{"@type":"EntryPoint","urlTemplate":"https:\/\/connectandactivate.info\/?s={search_term_string}"},"query-input":{"@type":"PropertyValueSpecification","valueRequired":true,"valueName":"search_term_string"}}],"inLanguage":"cs"}]}},"_links":{"self":[{"href":"https:\/\/connectandactivate.info\/cs\/wp-json\/wp\/v2\/product\/115","targetHints":{"allow":["GET"]}}],"collection":[{"href":"https:\/\/connectandactivate.info\/cs\/wp-json\/wp\/v2\/product"}],"about":[{"href":"https:\/\/connectandactivate.info\/cs\/wp-json\/wp\/v2\/types\/product"}],"replies":[{"embeddable":true,"href":"https:\/\/connectandactivate.info\/cs\/wp-json\/wp\/v2\/comments?post=115"}],"wp:featuredmedia":[{"embeddable":true,"href":"https:\/\/connectandactivate.info\/cs\/wp-json\/wp\/v2\/media\/116"}],"wp:attachment":[{"href":"https:\/\/connectandactivate.info\/cs\/wp-json\/wp\/v2\/media?parent=115"}],"wp:term":[{"taxonomy":"product_brand","embeddable":true,"href":"https:\/\/connectandactivate.info\/cs\/wp-json\/wp\/v2\/product_brand?post=115"},{"taxonomy":"product_cat","embeddable":true,"href":"https:\/\/connectandactivate.info\/cs\/wp-json\/wp\/v2\/product_cat?post=115"},{"taxonomy":"product_tag","embeddable":true,"href":"https:\/\/connectandactivate.info\/cs\/wp-json\/wp\/v2\/product_tag?post=115"}],"curies":[{"name":"wp","href":"https:\/\/api.w.org\/{rel}","templated":true}]}}