{"id":62,"date":"2024-11-12T06:31:27","date_gmt":"2024-11-12T06:31:27","guid":{"rendered":"http:\/\/localhost\/connectwp\/?post_type=product&#038;p=62"},"modified":"2025-12-20T13:48:52","modified_gmt":"2025-12-20T13:48:52","slug":"inspirace-1","status":"publish","type":"product","link":"https:\/\/connectandactivate.info\/cs\/product\/inspirace-1\/","title":{"rendered":"Vnit\u0159n\u00ed svoboda"},"content":{"rendered":"<p><strong>Connect &amp; Activate - Inspirace-S\u016fl \u010d. 1: Vnit\u0159n\u00ed svoboda<\/strong><\/p>\n<p>Osobn\u00ed svoboda - vid\u011bt se bez filtr\u016f<\/p>\n<p>Vnit\u0159n\u00ed svoboda nen\u00ed o vzpou\u0159e nebo nez\u00e1vislosti na vn\u011bj\u0161\u00edm sv\u011bt\u011b. Jde o schopnost vid\u011bt, co v\u00e1s vnit\u0159n\u011b formuje, a zapojit se do \u017eivota sp\u00ed\u0161e na z\u00e1klad\u011b jasnosti ne\u017e podm\u00edn\u011bnosti.<\/p>\n<p>&nbsp;<\/p>\n<p>V\u011bt\u0161ina z n\u00e1s je ovlivn\u011bna vzorci, kter\u00e9 se vytvo\u0159ily d\u00e1vno p\u0159edt\u00edm, ne\u017e jsme si je uv\u011bdomili:<br \/>\n- rodinn\u00e9 hodnoty<br \/>\n- kulturn\u00ed o\u010dek\u00e1v\u00e1n\u00ed<br \/>\n- strategie p\u0159e\u017eit\u00ed<br \/>\n- emocion\u00e1ln\u00ed adaptace<\/p>\n<p>Tyto vzorce kdysi slou\u017eily sv\u00e9mu \u00fa\u010delu, ale \u010dasto p\u0159e\u017eij\u00ed svou u\u017eite\u010dnost a za\u010dnou omezovat to, k\u00fdm se m\u016f\u017eeme st\u00e1t.<\/p>\n<p>S\u016fl \u010d. 1 v\u00e1s podporuje v rozpozn\u00e1v\u00e1n\u00ed t\u011bchto zd\u011bd\u011bn\u00fdch struktur nikoli jako probl\u00e9m\u016f, ale jako informac\u00ed, kter\u00fdm lze porozum\u011bt. <u>a propu\u0161t\u011bn<\/u>.<\/p>\n<p><strong>Co tato s\u016fl podporuje<\/strong><\/p>\n<p>Informa\u010dn\u00ed struktura vti\u0161t\u011bn\u00e1 do soli \u010d. 1 d\u00e1v\u00e1 va\u0161emu v\u011bdom\u00ed jemn\u00e9 impulsy:<br \/>\n- v\u0161\u00edm\u00e1n\u00ed si nev\u011bdom\u00fdch mechanism\u016f a vliv\u016f<br \/>\n- rozpozn\u00e1n\u00ed star\u00fdch reakc\u00ed a rol\u00ed<br \/>\n- vn\u00edm\u00e1n\u00ed emo\u010dn\u00edch n\u00e1vyk\u016f bez strachu a odsuzov\u00e1n\u00ed<br \/>\n- objevov\u00e1n\u00ed toho, co se ji\u017e nehod\u00ed do va\u0161eho \u017eivota.<\/p>\n<p>&nbsp;<\/p>\n<p>To \u010dasto p\u0159in\u00e1\u0161\u00ed pocit<br \/>\n- lehkost a pocit bezpe\u010d\u00ed<br \/>\n- emocion\u00e1ln\u00ed prostor<br \/>\n- obnoven\u00fd pohyb<br \/>\n- a jasn\u011bj\u0161\u00ed orientaci na to, co je skute\u010dn\u011b d\u016fle\u017eit\u00e9.<\/p>\n<p>Ne proto, \u017ee v\u00e1m n\u011bkdo \u0159\u00edk\u00e1, co m\u00e1te d\u011blat, ale proto, \u017ee kone\u010dn\u011b vid\u00edte, co je.<\/p>\n<p>Zm\u011bna je m\u00e9n\u011b dramatick\u00e1 a v\u00edce p\u0159irozen\u00e1: \u0159ada mal\u00fdch posun\u016f, kter\u00e9 maj\u00ed z\u00e1klad v sebepochopen\u00ed.<\/p>\n<p><strong>Jak ji pou\u017e\u00edvat:<\/strong><\/p>\n<p>P\u011btkr\u00e1t denn\u011b pou\u017eijte n\u011bkolik zrnek. Ka\u017ed\u00e1 mal\u00e1 aplikace je jemn\u00fdm impulsem k uv\u011bdom\u011bn\u00ed.<br \/>\nP\u0159i pravideln\u00e9m pou\u017e\u00edv\u00e1n\u00ed vydr\u017e\u00ed jedna plechovka obvykle a\u017e dva m\u011bs\u00edce.<\/p>\n<p>D\u016fle\u017eit\u00e1 je d\u016fslednost - ne jako discipl\u00edna, ale proto, \u017ee opakovan\u00e9 podn\u011bty podporuj\u00ed postupnou zm\u011bnu vzorce.<\/p>\n<p><strong>Jednoduch\u00fd postup:<\/strong><br \/>\n1. P\u0159ed ka\u017ed\u00fdm pou\u017eit\u00edm nebo po n\u011bm v\u011bnujte chvilku \u010dasu<br \/>\n2. V\u0161imn\u011bte si sv\u00e9 n\u00e1lady, my\u0161lenek nebo reakc\u00ed.<br \/>\n3. Zapisujte si drobn\u00e9 post\u0159ehy, kdy\u017e m\u016f\u017eete<\/p>\n<p>Ne analyzovat nebo napravovat, ale udr\u017eovat dialog s t\u00edm, co vn\u00edm\u00e1te.<\/p>\n<p>Star\u00e9 vzorce se m\u00e1lokdy rozplynou d\u00edky \u00fasil\u00ed. Zm\u011bk\u010duj\u00ed se d\u00edky jasnosti, up\u0159\u00edmnosti a trp\u011blivosti.<\/p>\n<p>&nbsp;<\/p>\n<p><strong>Pro\u010d je to d\u016fle\u017eit\u00e9:<\/strong><\/p>\n<p><strong>Vnit\u0159n\u00ed svoboda za\u010d\u00edn\u00e1, kdy\u017e si to uv\u011bdom\u00edte:<br \/>\n\u201cVy nejste va\u0161e podm\u00edn\u011bnost - vy jste v\u011bdom\u00ed, kter\u00e9 ji dok\u00e1\u017ee vid\u011bt.\u201d<\/strong><\/p>\n<p>Jakmile se znovu spoj\u00edte s t\u00edmto vlastn\u00edm nezka\u017een\u00fdm v\u011bdom\u00edm, my\u0161lenky, chov\u00e1n\u00ed a priority se p\u0159irozen\u011b zm\u011bn\u00ed.<\/p>\n<p>Ne proto, \u017ee byste se stali n\u011bk\u00fdm jin\u00fdm, ale proto, \u017ee u\u017e nejedn\u00e1te podle zastaral\u00fdch sc\u00e9n\u00e1\u0159\u016f.<\/p>\n<p>Salt No. 1 v\u00e1s sezn\u00e1m\u00ed s t\u00edmto posunem - a p\u0159iprav\u00ed v\u00e1s na hlub\u0161\u00ed dimenze procesu Connect &amp; Activate.<\/p>\n<p>&nbsp;<\/p>\n<p><strong>O procesu a v\u00fdrob\u011b<\/strong><\/p>\n<p>Informa\u010dn\u00ed strukturu v sol\u00edch nelze v sou\u010dasn\u00e9 dob\u011b zjistit ani zm\u011b\u0159it dostupnou technologi\u00ed.<br \/>\nTato v\u00fdrobn\u00ed metoda se \u00fasp\u011b\u0161n\u011b praktikuje od roku 1993 a v roce 2024 byla v\u00fdrazn\u011b zdokonalena.<br \/>\nChemicky se jedn\u00e1 o \u010distou jedlou krystalickou s\u016fl, kter\u00e1 poch\u00e1z\u00ed ze stejn\u00fdch lo\u017eisek, je\u017e jsou b\u011b\u017en\u011b zn\u00e1m\u00e1 jako him\u00e1lajsk\u00e1 s\u016fl.<\/p>\n<p><strong>D\u016fle\u017eit\u00e1 pozn\u00e1mka<\/strong><\/p>\n<p>P\u0159ipojen\u00ed a aktivace produkt\u016f:<br \/>\n- nediagnostikuj\u00ed, nel\u00e9\u010d\u00ed ani nevyl\u00e9\u010duj\u00ed nemoci.<br \/>\n- nejsou l\u00e9ka\u0159sk\u00fdm z\u00e1krokem<br \/>\n- jsou ur\u010deny k podpo\u0159e sebeuv\u011bdom\u011bn\u00ed a osobn\u00edho rozvoje.<\/p>\n<p>Fyzick\u00e9 nebo psychick\u00e9 p\u0159\u00edznaky by m\u011bli v\u017edy vyhodnotit licencovan\u00ed odborn\u00edci.<\/p>\n<p>Pln\u011b respektujeme, \u017ee l\u00e9ka\u0159sk\u00e1 diagnostika a l\u00e9\u010dba jsou v\u00fdhradn\u00ed dom\u00e9nou kvalifikovan\u00fdch l\u00e9ka\u0159\u016f.<\/p>","protected":false},"excerpt":{"rendered":"<p><strong>P\u0159ipojte se a aktivujte Inspirace - S\u016fl \u010d. 1 - Vnit\u0159n\u00ed svoboda<\/strong><br \/>\n<strong>Poznejte, co v\u00e1s formuje. Vytvo\u0159te prostor pro to, co je skute\u010dn\u011b va\u0161e.<\/strong><\/p>\n<p>Inspiration No. 1 is the starting point for reconnecting with your own clarity and inner authority. This salt carries information designed to help you notice the subtle influences \u2014 habits, expectations, and inherited patterns \u2014 that shape your thoughts and decisions without your awareness.<\/p>\n<p>As these dynamics become visible, space opens for an honest relationship with yourself: not through pressure, but through insight and self-guided change.<\/p>\n<p>Many people experience greater lightness, stability, and a renewed sense of movement in their personal process \u2014 as if something that had been stagnant begins to flow again.<\/p>\n<p>Inspiration No. 1 lays the foundation for the other salts in the Connect &amp; Activate series: a more conscious, grounded, and authentic relationship with yourself.<\/p>","protected":false},"featured_media":89,"comment_status":"open","ping_status":"closed","template":"","meta":[],"product_brand":[],"product_cat":[16],"product_tag":[],"class_list":{"0":"post-62","1":"product","2":"type-product","3":"status-publish","4":"has-post-thumbnail","6":"product_cat-uncategorized","8":"first","9":"instock","10":"shipping-taxable","11":"product-type-simple"},"yoast_head":"<!-- This site is optimized with the Yoast SEO plugin v26.8 - https:\/\/yoast.com\/product\/yoast-seo-wordpress\/ -->\n<title>Inner Freedom Inner Freedom: A subtle support for awareness,<\/title>\n<meta name=\"description\" content=\"Inspiration No. 1 \u2013 Inner Freedom: A subtle support for awareness, clarity, and the release of outdated patterns. Recognize what has shaped you, regain emotional space, and move toward a more authentic, self-directed life.\" \/>\n<meta name=\"robots\" content=\"noindex, follow, max-snippet:-1, max-image-preview:large, max-video-preview:-1\" \/>\n<meta property=\"og:locale\" content=\"cs_CZ\" \/>\n<meta property=\"og:type\" content=\"article\" \/>\n<meta property=\"og:title\" content=\"Inner Freedom Inner Freedom: A subtle support for awareness,\" \/>\n<meta property=\"og:description\" content=\"Inspiration No. 1 \u2013 Inner Freedom: A subtle support for awareness, clarity, and the release of outdated patterns. Recognize what has shaped you, regain emotional space, and move toward a more authentic, self-directed life.\" \/>\n<meta property=\"og:url\" content=\"https:\/\/connectandactivate.info\/cs\/product\/inspirace-1\/\" \/>\n<meta property=\"og:site_name\" content=\"connect\" \/>\n<meta property=\"article:modified_time\" content=\"2025-12-20T13:48:52+00:00\" \/>\n<meta property=\"og:image\" content=\"https:\/\/connectandactivate.info\/wp-content\/uploads\/2024\/11\/Gold01131.jpg\" \/>\n\t<meta property=\"og:image:width\" content=\"500\" \/>\n\t<meta property=\"og:image:height\" content=\"500\" \/>\n\t<meta property=\"og:image:type\" content=\"image\/jpeg\" \/>\n<meta name=\"twitter:card\" content=\"summary_large_image\" \/>\n<meta name=\"twitter:label1\" content=\"Odhadovan\u00e1 doba \u010dten\u00ed\" \/>\n\t<meta name=\"twitter:data1\" content=\"3 minuty\" \/>\n<script type=\"application\/ld+json\" class=\"yoast-schema-graph\">{\"@context\":\"https:\/\/schema.org\",\"@graph\":[{\"@type\":\"WebPage\",\"@id\":\"https:\/\/connectandactivate.info\/product\/inspiration-1\/\",\"url\":\"https:\/\/connectandactivate.info\/product\/inspiration-1\/\",\"name\":\"Inner Freedom Inner Freedom: A subtle support for awareness,\",\"isPartOf\":{\"@id\":\"https:\/\/connectandactivate.info\/#website\"},\"primaryImageOfPage\":{\"@id\":\"https:\/\/connectandactivate.info\/product\/inspiration-1\/#primaryimage\"},\"image\":{\"@id\":\"https:\/\/connectandactivate.info\/product\/inspiration-1\/#primaryimage\"},\"thumbnailUrl\":\"https:\/\/connectandactivate.info\/wp-content\/uploads\/2024\/11\/Gold01131.jpg\",\"datePublished\":\"2024-11-12T06:31:27+00:00\",\"dateModified\":\"2025-12-20T13:48:52+00:00\",\"description\":\"Inspiration No. 1 \u2013 Inner Freedom: A subtle support for awareness, clarity, and the release of outdated patterns. Recognize what has shaped you, regain emotional space, and move toward a more authentic, self-directed life.\",\"breadcrumb\":{\"@id\":\"https:\/\/connectandactivate.info\/product\/inspiration-1\/#breadcrumb\"},\"inLanguage\":\"cs\",\"potentialAction\":[{\"@type\":\"ReadAction\",\"target\":[\"https:\/\/connectandactivate.info\/product\/inspiration-1\/\"]}]},{\"@type\":\"ImageObject\",\"inLanguage\":\"cs\",\"@id\":\"https:\/\/connectandactivate.info\/product\/inspiration-1\/#primaryimage\",\"url\":\"https:\/\/connectandactivate.info\/wp-content\/uploads\/2024\/11\/Gold01131.jpg\",\"contentUrl\":\"https:\/\/connectandactivate.info\/wp-content\/uploads\/2024\/11\/Gold01131.jpg\",\"width\":500,\"height\":500},{\"@type\":\"BreadcrumbList\",\"@id\":\"https:\/\/connectandactivate.info\/product\/inspiration-1\/#breadcrumb\",\"itemListElement\":[{\"@type\":\"ListItem\",\"position\":1,\"name\":\"Home\",\"item\":\"https:\/\/connectandactivate.info\/\"},{\"@type\":\"ListItem\",\"position\":2,\"name\":\"Shop\",\"item\":\"https:\/\/connectandactivate.info\/shop\/\"},{\"@type\":\"ListItem\",\"position\":3,\"name\":\"Inner Freedom\"}]},{\"@type\":\"WebSite\",\"@id\":\"https:\/\/connectandactivate.info\/#website\",\"url\":\"https:\/\/connectandactivate.info\/\",\"name\":\"connect\",\"description\":\"\",\"potentialAction\":[{\"@type\":\"SearchAction\",\"target\":{\"@type\":\"EntryPoint\",\"urlTemplate\":\"https:\/\/connectandactivate.info\/?s={search_term_string}\"},\"query-input\":{\"@type\":\"PropertyValueSpecification\",\"valueRequired\":true,\"valueName\":\"search_term_string\"}}],\"inLanguage\":\"cs\"}]}<\/script>\n<!-- \/ Yoast SEO plugin. -->","yoast_head_json":{"title":"Vnit\u0159n\u00ed svoboda Vnit\u0159n\u00ed svoboda: Jemn\u00e1 podpora uv\u011bdom\u011bn\u00ed,","description":"Inspirace \u010d. 1 - Vnit\u0159n\u00ed svoboda: Jemn\u00e1 podpora pro uv\u011bdom\u011bn\u00ed, projasn\u011bn\u00ed a uvoln\u011bn\u00ed zastaral\u00fdch vzorc\u016f. Uv\u011bdomte si, co v\u00e1s formovalo, z\u00edskejte zp\u011bt emocion\u00e1ln\u00ed prostor a posu\u0148te se sm\u011brem k autenti\u010dt\u011bj\u0161\u00edmu, sebe\u0159\u00edzen\u00e9mu \u017eivotu.","robots":{"index":"noindex","follow":"follow","max-snippet":"max-snippet:-1","max-image-preview":"max-image-preview:large","max-video-preview":"max-video-preview:-1"},"og_locale":"cs_CZ","og_type":"article","og_title":"Inner Freedom Inner Freedom: A subtle support for awareness,","og_description":"Inspiration No. 1 \u2013 Inner Freedom: A subtle support for awareness, clarity, and the release of outdated patterns. Recognize what has shaped you, regain emotional space, and move toward a more authentic, self-directed life.","og_url":"https:\/\/connectandactivate.info\/cs\/product\/inspirace-1\/","og_site_name":"connect","article_modified_time":"2025-12-20T13:48:52+00:00","og_image":[{"width":500,"height":500,"url":"https:\/\/connectandactivate.info\/wp-content\/uploads\/2024\/11\/Gold01131.jpg","type":"image\/jpeg"}],"twitter_card":"summary_large_image","twitter_misc":{"Odhadovan\u00e1 doba \u010dten\u00ed":"3 minuty"},"schema":{"@context":"https:\/\/schema.org","@graph":[{"@type":"WebPage","@id":"https:\/\/connectandactivate.info\/product\/inspiration-1\/","url":"https:\/\/connectandactivate.info\/product\/inspiration-1\/","name":"Vnit\u0159n\u00ed svoboda Vnit\u0159n\u00ed svoboda: Jemn\u00e1 podpora uv\u011bdom\u011bn\u00ed,","isPartOf":{"@id":"https:\/\/connectandactivate.info\/#website"},"primaryImageOfPage":{"@id":"https:\/\/connectandactivate.info\/product\/inspiration-1\/#primaryimage"},"image":{"@id":"https:\/\/connectandactivate.info\/product\/inspiration-1\/#primaryimage"},"thumbnailUrl":"https:\/\/connectandactivate.info\/wp-content\/uploads\/2024\/11\/Gold01131.jpg","datePublished":"2024-11-12T06:31:27+00:00","dateModified":"2025-12-20T13:48:52+00:00","description":"Inspirace \u010d. 1 - Vnit\u0159n\u00ed svoboda: Jemn\u00e1 podpora pro uv\u011bdom\u011bn\u00ed, projasn\u011bn\u00ed a uvoln\u011bn\u00ed zastaral\u00fdch vzorc\u016f. Uv\u011bdomte si, co v\u00e1s formovalo, z\u00edskejte zp\u011bt emocion\u00e1ln\u00ed prostor a posu\u0148te se sm\u011brem k autenti\u010dt\u011bj\u0161\u00edmu, sebe\u0159\u00edzen\u00e9mu \u017eivotu.","breadcrumb":{"@id":"https:\/\/connectandactivate.info\/product\/inspiration-1\/#breadcrumb"},"inLanguage":"cs","potentialAction":[{"@type":"ReadAction","target":["https:\/\/connectandactivate.info\/product\/inspiration-1\/"]}]},{"@type":"ImageObject","inLanguage":"cs","@id":"https:\/\/connectandactivate.info\/product\/inspiration-1\/#primaryimage","url":"https:\/\/connectandactivate.info\/wp-content\/uploads\/2024\/11\/Gold01131.jpg","contentUrl":"https:\/\/connectandactivate.info\/wp-content\/uploads\/2024\/11\/Gold01131.jpg","width":500,"height":500},{"@type":"BreadcrumbList","@id":"https:\/\/connectandactivate.info\/product\/inspiration-1\/#breadcrumb","itemListElement":[{"@type":"ListItem","position":1,"name":"Home","item":"https:\/\/connectandactivate.info\/"},{"@type":"ListItem","position":2,"name":"Shop","item":"https:\/\/connectandactivate.info\/shop\/"},{"@type":"ListItem","position":3,"name":"Inner Freedom"}]},{"@type":"WebSite","@id":"https:\/\/connectandactivate.info\/#website","url":"https:\/\/connectandactivate.info\/","name":"p\u0159ipojit","description":"","potentialAction":[{"@type":"SearchAction","target":{"@type":"EntryPoint","urlTemplate":"https:\/\/connectandactivate.info\/?s={search_term_string}"},"query-input":{"@type":"PropertyValueSpecification","valueRequired":true,"valueName":"search_term_string"}}],"inLanguage":"cs"}]}},"_links":{"self":[{"href":"https:\/\/connectandactivate.info\/cs\/wp-json\/wp\/v2\/product\/62","targetHints":{"allow":["GET"]}}],"collection":[{"href":"https:\/\/connectandactivate.info\/cs\/wp-json\/wp\/v2\/product"}],"about":[{"href":"https:\/\/connectandactivate.info\/cs\/wp-json\/wp\/v2\/types\/product"}],"replies":[{"embeddable":true,"href":"https:\/\/connectandactivate.info\/cs\/wp-json\/wp\/v2\/comments?post=62"}],"wp:featuredmedia":[{"embeddable":true,"href":"https:\/\/connectandactivate.info\/cs\/wp-json\/wp\/v2\/media\/89"}],"wp:attachment":[{"href":"https:\/\/connectandactivate.info\/cs\/wp-json\/wp\/v2\/media?parent=62"}],"wp:term":[{"taxonomy":"product_brand","embeddable":true,"href":"https:\/\/connectandactivate.info\/cs\/wp-json\/wp\/v2\/product_brand?post=62"},{"taxonomy":"product_cat","embeddable":true,"href":"https:\/\/connectandactivate.info\/cs\/wp-json\/wp\/v2\/product_cat?post=62"},{"taxonomy":"product_tag","embeddable":true,"href":"https:\/\/connectandactivate.info\/cs\/wp-json\/wp\/v2\/product_tag?post=62"}],"curies":[{"name":"wp","href":"https:\/\/api.w.org\/{rel}","templated":true}]}}