{"id":97,"date":"2025-11-03T18:47:25","date_gmt":"2025-11-03T18:47:25","guid":{"rendered":"https:\/\/connectandactivate.info\/?post_type=product&#038;p=97"},"modified":"2025-12-22T07:58:08","modified_gmt":"2025-12-22T07:58:08","slug":"zamereni-a-smerovani","status":"publish","type":"product","link":"https:\/\/connectandactivate.info\/cs\/product\/zamereni-a-smerovani\/","title":{"rendered":"Zam\u011b\u0159en\u00ed a sm\u011br"},"content":{"rendered":"<p><strong>P\u0159ipojte se a aktivujte S\u016fl \u010d. 2: Zam\u011b\u0159te se na sv\u00e9 vlastn\u00ed c\u00edle<\/strong><\/p>\n<p>&nbsp;<\/p>\n<p><strong>Inspirace \u010d. 2 v\u00e1s podpo\u0159\u00ed v rozpozn\u00e1n\u00ed toho, co je skute\u010dn\u011b va\u0161e, a v podniknut\u00ed krok\u016f k tomu - i kdy\u017e v\u00e1s brzd\u00ed zvyky, o\u010dek\u00e1v\u00e1n\u00ed nebo emocion\u00e1ln\u00ed odpor.<\/strong><\/p>\n<p>Tato s\u016fl sp\u00ed\u0161e ne\u017e aby v\u00e1s nutila \u201cb\u00fdt podle o\u010dek\u00e1v\u00e1n\u00ed\u201d, pom\u00e1h\u00e1 omezit rozpt\u00fdlen\u00ed, v\u00e1h\u00e1n\u00ed a sebeobvi\u0148ov\u00e1n\u00ed, abyste se soust\u0159edili na jasnost, nikoli na tlak.<\/p>\n<p>&nbsp;<\/p>\n<p><strong>Co tato s\u016fl podporuje<\/strong><br \/>\n- jasn\u011bj\u0161\u00ed orientace na c\u00edle a \u00fa\u010del<br \/>\n- v\u0161\u00edmat si zbyte\u010dn\u00fdch povinnost\u00ed a citov\u00fdch rozpt\u00fdlen\u00ed.<br \/>\n- zm\u00edrn\u011bn\u00ed sebeobvi\u0148ov\u00e1n\u00ed a perfekcionismu.<br \/>\n- snadn\u00e9 pln\u011bn\u00ed pot\u0159ebn\u00fdch \u00fakol\u016f<br \/>\n- otev\u0159enost nov\u00fdm sm\u011br\u016fm a mo\u017enostem<\/p>\n<p>Tyto zm\u011bny jsou \u010dasto zpo\u010d\u00e1tku nen\u00e1padn\u00e9 a projevuj\u00ed se ka\u017edodenn\u00edm chov\u00e1n\u00edm - klidn\u011bj\u0161\u00ed mysl\u00ed, lep\u0161\u00edm stanoven\u00edm priorit nebo kone\u010dn\u011b dokon\u010den\u00edm n\u011b\u010deho, \u010demu jste se cel\u00e9 m\u011bs\u00edce vyh\u00fdbali.<\/p>\n<p>&nbsp;<\/p>\n<p><strong>Jak ji pou\u017e\u00edvat<\/strong><br \/>\nP\u011btkr\u00e1t denn\u011b u\u017e\u00edvejte n\u011bkolik zrnek. Nechte je rozpustit pod jazykem. D\u016fle\u017eit\u00e1 je d\u016fslednost - ne jako discipl\u00edna, ale proto, \u017ee opakovan\u00e9 podn\u011bty podporuj\u00ed zm\u011bnu v \u010dase.<\/p>\n<p>&nbsp;<\/p>\n<p><strong>Jednoduch\u00fd postup:<\/strong><br \/>\n1. V\u0161imn\u011bte si sv\u00e9ho sou\u010dasn\u00e9ho stavu<br \/>\n2. Stanovte si mal\u00fd z\u00e1m\u011br<br \/>\n3. Pozorujte, ani\u017e byste soudili<\/p>\n<p>&nbsp;<\/p>\n<p><strong>Pro\u010d je to d\u016fle\u017eit\u00e9:<\/strong><br \/>\nMnoh\u00e9 p\u0159ek\u00e1\u017eky, s nimi\u017e se setk\u00e1v\u00e1me, nesouvisej\u00ed se schopnostmi, ale s jasnost\u00ed, emocion\u00e1ln\u00edm odporem a zastaral\u00fdmi vzorci identity. Kdy\u017e se zm\u00edrn\u00ed, soust\u0159ed\u011bn\u00ed a tvo\u0159ivost se stanou p\u0159irozen\u00fdmi. D\u00e1t sv\u00e9mu \u017eivotu smysl je va\u0161\u00edm \u00fakolem.<\/p>\n<p>&nbsp;<\/p>\n<p><strong>O v\u00fdrobn\u00edm procesu<\/strong><\/p>\n<p>Informa\u010dn\u00ed strukturu v sol\u00edch nelze v sou\u010dasn\u00e9 dob\u011b m\u011b\u0159it dostupn\u00fdmi technologiemi.<br \/>\nTato v\u00fdrobn\u00ed metoda se pou\u017e\u00edv\u00e1 od roku 1993 a v roce 2024 byla v\u00fdrazn\u011b zdokonalena.<\/p>\n<p>Chemicky se jedn\u00e1 o \u010distou jedlou krystalickou s\u016fl, kter\u00e1 poch\u00e1z\u00ed z lo\u017eisek b\u011b\u017en\u011b zn\u00e1m\u00fdch jako him\u00e1lajsk\u00e1 s\u016fl.<\/p>\n<p>&nbsp;<\/p>\n<p><strong>D\u016fle\u017eit\u00e1 pozn\u00e1mka<\/strong><\/p>\n<p>P\u0159ipojen\u00ed a aktivace produkt\u016f:<br \/>\n- nejsou l\u00e9ky<br \/>\n- nediagnostikuj\u00ed, nel\u00e9\u010d\u00ed ani nevyl\u00e9\u010duj\u00ed nemoci.<br \/>\n- nenahrazuj\u00ed l\u00e9ka\u0159skou nebo psychologickou podporu.<\/p>\n<p>Jsou ur\u010deny k podpo\u0159e sebepozn\u00e1n\u00ed a osobn\u00edho rozvoje.<\/p>\n<p>Fyzick\u00e9 nebo psychick\u00e9 p\u0159\u00edznaky by m\u011bli vyhodnotit kvalifikovan\u00ed odborn\u00edci.<\/p>","protected":false},"excerpt":{"rendered":"<p>Inspiration No. 2 builds on the clarity developed with Salt No. 1. While the first salt helps you recognize old influences and patterns, this salt supports you in moving toward what individually \u00a0is genuinely meaningful for you.<\/p>\n<p>Many people experience improved focus, motivation, and an easier relationship with tasks, decisions, and change. Not through pressure, but through a clearer sense of what truly matters and why.<\/p>","protected":false},"featured_media":98,"comment_status":"open","ping_status":"closed","template":"","meta":[],"product_brand":[],"product_cat":[16],"product_tag":[],"class_list":{"0":"post-97","1":"product","2":"type-product","3":"status-publish","4":"has-post-thumbnail","6":"product_cat-uncategorized","8":"first","9":"instock","10":"shipping-taxable","11":"product-type-simple"},"yoast_head":"<!-- This site is optimized with the Yoast SEO plugin v26.8 - https:\/\/yoast.com\/product\/yoast-seo-wordpress\/ -->\n<title>Inspiration No. 2<\/title>\n<meta name=\"description\" content=\"Inspiration No. 2 \u2013 subtle support for clarity, focus, and new direction. Reduce distractions, soften self-blame, and move toward what genuinely matters in your life.\" \/>\n<meta name=\"robots\" content=\"noindex, follow, max-snippet:-1, max-image-preview:large, max-video-preview:-1\" \/>\n<meta property=\"og:locale\" content=\"cs_CZ\" \/>\n<meta property=\"og:type\" content=\"article\" \/>\n<meta property=\"og:title\" content=\"Inspiration No. 2\" \/>\n<meta property=\"og:description\" content=\"Inspiration No. 2 \u2013 subtle support for clarity, focus, and new direction. Reduce distractions, soften self-blame, and move toward what genuinely matters in your life.\" \/>\n<meta property=\"og:url\" content=\"https:\/\/connectandactivate.info\/cs\/product\/zamereni-a-smerovani\/\" \/>\n<meta property=\"og:site_name\" content=\"connect\" \/>\n<meta property=\"article:modified_time\" content=\"2025-12-22T07:58:08+00:00\" \/>\n<meta property=\"og:image\" content=\"https:\/\/connectandactivate.info\/wp-content\/uploads\/2025\/11\/Gold01132.jpg\" \/>\n\t<meta property=\"og:image:width\" content=\"500\" \/>\n\t<meta property=\"og:image:height\" content=\"500\" \/>\n\t<meta property=\"og:image:type\" content=\"image\/jpeg\" \/>\n<meta name=\"twitter:card\" content=\"summary_large_image\" \/>\n<meta name=\"twitter:label1\" content=\"Odhadovan\u00e1 doba \u010dten\u00ed\" \/>\n\t<meta name=\"twitter:data1\" content=\"2 minuty\" \/>\n<script type=\"application\/ld+json\" class=\"yoast-schema-graph\">{\"@context\":\"https:\/\/schema.org\",\"@graph\":[{\"@type\":\"WebPage\",\"@id\":\"https:\/\/connectandactivate.info\/product\/focus-and-direction\/\",\"url\":\"https:\/\/connectandactivate.info\/product\/focus-and-direction\/\",\"name\":\"Inspiration No. 2\",\"isPartOf\":{\"@id\":\"https:\/\/connectandactivate.info\/#website\"},\"primaryImageOfPage\":{\"@id\":\"https:\/\/connectandactivate.info\/product\/focus-and-direction\/#primaryimage\"},\"image\":{\"@id\":\"https:\/\/connectandactivate.info\/product\/focus-and-direction\/#primaryimage\"},\"thumbnailUrl\":\"https:\/\/connectandactivate.info\/wp-content\/uploads\/2025\/11\/Gold01132.jpg\",\"datePublished\":\"2025-11-03T18:47:25+00:00\",\"dateModified\":\"2025-12-22T07:58:08+00:00\",\"description\":\"Inspiration No. 2 \u2013 subtle support for clarity, focus, and new direction. Reduce distractions, soften self-blame, and move toward what genuinely matters in your life.\",\"breadcrumb\":{\"@id\":\"https:\/\/connectandactivate.info\/product\/focus-and-direction\/#breadcrumb\"},\"inLanguage\":\"cs\",\"potentialAction\":[{\"@type\":\"ReadAction\",\"target\":[\"https:\/\/connectandactivate.info\/product\/focus-and-direction\/\"]}]},{\"@type\":\"ImageObject\",\"inLanguage\":\"cs\",\"@id\":\"https:\/\/connectandactivate.info\/product\/focus-and-direction\/#primaryimage\",\"url\":\"https:\/\/connectandactivate.info\/wp-content\/uploads\/2025\/11\/Gold01132.jpg\",\"contentUrl\":\"https:\/\/connectandactivate.info\/wp-content\/uploads\/2025\/11\/Gold01132.jpg\",\"width\":500,\"height\":500},{\"@type\":\"BreadcrumbList\",\"@id\":\"https:\/\/connectandactivate.info\/product\/focus-and-direction\/#breadcrumb\",\"itemListElement\":[{\"@type\":\"ListItem\",\"position\":1,\"name\":\"Home\",\"item\":\"https:\/\/connectandactivate.info\/\"},{\"@type\":\"ListItem\",\"position\":2,\"name\":\"Shop\",\"item\":\"https:\/\/connectandactivate.info\/shop\/\"},{\"@type\":\"ListItem\",\"position\":3,\"name\":\"Focus and Direction\"}]},{\"@type\":\"WebSite\",\"@id\":\"https:\/\/connectandactivate.info\/#website\",\"url\":\"https:\/\/connectandactivate.info\/\",\"name\":\"connect\",\"description\":\"\",\"potentialAction\":[{\"@type\":\"SearchAction\",\"target\":{\"@type\":\"EntryPoint\",\"urlTemplate\":\"https:\/\/connectandactivate.info\/?s={search_term_string}\"},\"query-input\":{\"@type\":\"PropertyValueSpecification\",\"valueRequired\":true,\"valueName\":\"search_term_string\"}}],\"inLanguage\":\"cs\"}]}<\/script>\n<!-- \/ Yoast SEO plugin. -->","yoast_head_json":{"title":"Inspirace \u010d. 2","description":"Inspirace \u010d. 2 - jemn\u00e1 podpora pro vyjasn\u011bn\u00ed, soust\u0159ed\u011bn\u00ed a nov\u00fd sm\u011br. Omezte rozptylov\u00e1n\u00ed, zm\u00edrn\u011bte sebeobvi\u0148ov\u00e1n\u00ed a posu\u0148te se k tomu, na \u010dem v\u00e1m v \u017eivot\u011b skute\u010dn\u011b z\u00e1le\u017e\u00ed.","robots":{"index":"noindex","follow":"follow","max-snippet":"max-snippet:-1","max-image-preview":"max-image-preview:large","max-video-preview":"max-video-preview:-1"},"og_locale":"cs_CZ","og_type":"article","og_title":"Inspiration No. 2","og_description":"Inspiration No. 2 \u2013 subtle support for clarity, focus, and new direction. Reduce distractions, soften self-blame, and move toward what genuinely matters in your life.","og_url":"https:\/\/connectandactivate.info\/cs\/product\/zamereni-a-smerovani\/","og_site_name":"connect","article_modified_time":"2025-12-22T07:58:08+00:00","og_image":[{"width":500,"height":500,"url":"https:\/\/connectandactivate.info\/wp-content\/uploads\/2025\/11\/Gold01132.jpg","type":"image\/jpeg"}],"twitter_card":"summary_large_image","twitter_misc":{"Odhadovan\u00e1 doba \u010dten\u00ed":"2 minuty"},"schema":{"@context":"https:\/\/schema.org","@graph":[{"@type":"WebPage","@id":"https:\/\/connectandactivate.info\/product\/focus-and-direction\/","url":"https:\/\/connectandactivate.info\/product\/focus-and-direction\/","name":"Inspirace \u010d. 2","isPartOf":{"@id":"https:\/\/connectandactivate.info\/#website"},"primaryImageOfPage":{"@id":"https:\/\/connectandactivate.info\/product\/focus-and-direction\/#primaryimage"},"image":{"@id":"https:\/\/connectandactivate.info\/product\/focus-and-direction\/#primaryimage"},"thumbnailUrl":"https:\/\/connectandactivate.info\/wp-content\/uploads\/2025\/11\/Gold01132.jpg","datePublished":"2025-11-03T18:47:25+00:00","dateModified":"2025-12-22T07:58:08+00:00","description":"Inspirace \u010d. 2 - jemn\u00e1 podpora pro vyjasn\u011bn\u00ed, soust\u0159ed\u011bn\u00ed a nov\u00fd sm\u011br. Omezte rozptylov\u00e1n\u00ed, zm\u00edrn\u011bte sebeobvi\u0148ov\u00e1n\u00ed a posu\u0148te se k tomu, na \u010dem v\u00e1m v \u017eivot\u011b skute\u010dn\u011b z\u00e1le\u017e\u00ed.","breadcrumb":{"@id":"https:\/\/connectandactivate.info\/product\/focus-and-direction\/#breadcrumb"},"inLanguage":"cs","potentialAction":[{"@type":"ReadAction","target":["https:\/\/connectandactivate.info\/product\/focus-and-direction\/"]}]},{"@type":"ImageObject","inLanguage":"cs","@id":"https:\/\/connectandactivate.info\/product\/focus-and-direction\/#primaryimage","url":"https:\/\/connectandactivate.info\/wp-content\/uploads\/2025\/11\/Gold01132.jpg","contentUrl":"https:\/\/connectandactivate.info\/wp-content\/uploads\/2025\/11\/Gold01132.jpg","width":500,"height":500},{"@type":"BreadcrumbList","@id":"https:\/\/connectandactivate.info\/product\/focus-and-direction\/#breadcrumb","itemListElement":[{"@type":"ListItem","position":1,"name":"Home","item":"https:\/\/connectandactivate.info\/"},{"@type":"ListItem","position":2,"name":"Shop","item":"https:\/\/connectandactivate.info\/shop\/"},{"@type":"ListItem","position":3,"name":"Focus and Direction"}]},{"@type":"WebSite","@id":"https:\/\/connectandactivate.info\/#website","url":"https:\/\/connectandactivate.info\/","name":"p\u0159ipojit","description":"","potentialAction":[{"@type":"SearchAction","target":{"@type":"EntryPoint","urlTemplate":"https:\/\/connectandactivate.info\/?s={search_term_string}"},"query-input":{"@type":"PropertyValueSpecification","valueRequired":true,"valueName":"search_term_string"}}],"inLanguage":"cs"}]}},"_links":{"self":[{"href":"https:\/\/connectandactivate.info\/cs\/wp-json\/wp\/v2\/product\/97","targetHints":{"allow":["GET"]}}],"collection":[{"href":"https:\/\/connectandactivate.info\/cs\/wp-json\/wp\/v2\/product"}],"about":[{"href":"https:\/\/connectandactivate.info\/cs\/wp-json\/wp\/v2\/types\/product"}],"replies":[{"embeddable":true,"href":"https:\/\/connectandactivate.info\/cs\/wp-json\/wp\/v2\/comments?post=97"}],"wp:featuredmedia":[{"embeddable":true,"href":"https:\/\/connectandactivate.info\/cs\/wp-json\/wp\/v2\/media\/98"}],"wp:attachment":[{"href":"https:\/\/connectandactivate.info\/cs\/wp-json\/wp\/v2\/media?parent=97"}],"wp:term":[{"taxonomy":"product_brand","embeddable":true,"href":"https:\/\/connectandactivate.info\/cs\/wp-json\/wp\/v2\/product_brand?post=97"},{"taxonomy":"product_cat","embeddable":true,"href":"https:\/\/connectandactivate.info\/cs\/wp-json\/wp\/v2\/product_cat?post=97"},{"taxonomy":"product_tag","embeddable":true,"href":"https:\/\/connectandactivate.info\/cs\/wp-json\/wp\/v2\/product_tag?post=97"}],"curies":[{"name":"wp","href":"https:\/\/api.w.org\/{rel}","templated":true}]}}