{"id":287,"date":"2025-12-20T10:23:12","date_gmt":"2025-12-20T10:23:12","guid":{"rendered":"https:\/\/connectandactivate.info\/?page_id=287"},"modified":"2026-01-26T07:57:20","modified_gmt":"2026-01-26T07:57:20","slug":"finden-sie-was-sie-brauchen","status":"publish","type":"page","link":"https:\/\/connectandactivate.info\/de\/finden-sie-was-sie-brauchen\/","title":{"rendered":"Finden Sie, was Sie brauchen"},"content":{"rendered":"<p>Diese Empfehlungen beruhen auf ausf\u00fchrlichen Beratungen und langfristigen Beobachtungen der Ergebnisse.<br \/>\nJe l\u00e4nger eine Gewohnheit oder ein Muster besteht, desto mehr Zeit kann eine dauerhafte Ver\u00e4nderung in Anspruch nehmen - und je fr\u00fcher man damit beginnt, desto einfacher ist der Prozess.<\/p>\n<p>Der beste Zeitpunkt f\u00fcr den Einstieg ist jetzt. Wenn mehrere Punkte auf Sie zutreffen, ist es ein guter Ansatz, mit Salz Nr. 1 und Salz Nr. 5 zu beginnen.<\/p>\n<p>Da die Wirkung \u00fcber Ihr eigenes h\u00f6heres Bewusstsein erfolgt, unterst\u00fctzt dieser Prozess die R\u00fcckkehr zu sich selbst - ohne \u00e4u\u00dferen Druck oder Ideologie.<br \/>\nFreiheit durch Selbsterfahrung.<\/p>\n<p>Die Salze helfen, eine innere Verbindung herzustellen, individuelle St\u00e4rken zu aktivieren und einen klaren, geerdeten Fokus zu unterst\u00fctzen.<\/p>\n<p>Ein \u2605-Symbol kennzeichnet die am meisten empfohlenen Salze, w\u00e4hrend ein + auf zus\u00e4tzliche unterst\u00fctzende Salze hinweist.<br \/>\nSalz Nr. 1 neigt dazu, den Fortschritt in vielen Situationen zu beschleunigen.<br \/>\nSalz Nr. 5 unterst\u00fctzt Mut und Selbstvertrauen durch ein tieferes Selbstwertgef\u00fchl.<\/p>","protected":false},"excerpt":{"rendered":"<p>These recommendations are based on extensive consultations and long-term observation of results. The longer a habit or pattern has been present, the more time lasting change may require\u2014and beginning sooner often makes the process easier. The best moment to start is now. If several points resonate with you, a good initial approach is to begin [&hellip;]<\/p>","protected":false},"author":1,"featured_media":0,"parent":0,"menu_order":0,"comment_status":"closed","ping_status":"closed","template":"selection-page.php","meta":{"footnotes":""},"class_list":["post-287","page","type-page","status-publish","hentry"],"yoast_head":"<!-- This site is optimized with the Yoast SEO plugin v26.8 - https:\/\/yoast.com\/product\/yoast-seo-wordpress\/ -->\n<title>Find what you need - connect<\/title>\n<meta name=\"robots\" content=\"noindex, follow, max-snippet:-1, max-image-preview:large, max-video-preview:-1\" \/>\n<meta property=\"og:locale\" content=\"de_DE\" \/>\n<meta property=\"og:type\" content=\"article\" \/>\n<meta property=\"og:title\" content=\"Find what you need - connect\" \/>\n<meta property=\"og:description\" content=\"These recommendations are based on extensive consultations and long-term observation of results. The longer a habit or pattern has been present, the more time lasting change may require\u2014and beginning sooner often makes the process easier. The best moment to start is now. If several points resonate with you, a good initial approach is to begin [&hellip;]\" \/>\n<meta property=\"og:url\" content=\"https:\/\/connectandactivate.info\/de\/finden-sie-was-sie-brauchen\/\" \/>\n<meta property=\"og:site_name\" content=\"connect\" \/>\n<meta property=\"article:modified_time\" content=\"2026-01-26T07:57:20+00:00\" \/>\n<meta name=\"twitter:card\" content=\"summary_large_image\" \/>\n<meta name=\"twitter:label1\" content=\"Gesch\u00e4tzte Lesezeit\" \/>\n\t<meta name=\"twitter:data1\" content=\"1\u00a0Minute\" \/>\n<script type=\"application\/ld+json\" class=\"yoast-schema-graph\">{\"@context\":\"https:\/\/schema.org\",\"@graph\":[{\"@type\":\"WebPage\",\"@id\":\"https:\/\/connectandactivate.info\/find-what-you-need\/\",\"url\":\"https:\/\/connectandactivate.info\/find-what-you-need\/\",\"name\":\"Find what you need - connect\",\"isPartOf\":{\"@id\":\"https:\/\/connectandactivate.info\/#website\"},\"datePublished\":\"2025-12-20T10:23:12+00:00\",\"dateModified\":\"2026-01-26T07:57:20+00:00\",\"breadcrumb\":{\"@id\":\"https:\/\/connectandactivate.info\/find-what-you-need\/#breadcrumb\"},\"inLanguage\":\"de\",\"potentialAction\":[{\"@type\":\"ReadAction\",\"target\":[\"https:\/\/connectandactivate.info\/find-what-you-need\/\"]}]},{\"@type\":\"BreadcrumbList\",\"@id\":\"https:\/\/connectandactivate.info\/find-what-you-need\/#breadcrumb\",\"itemListElement\":[{\"@type\":\"ListItem\",\"position\":1,\"name\":\"Home\",\"item\":\"https:\/\/connectandactivate.info\/\"},{\"@type\":\"ListItem\",\"position\":2,\"name\":\"Find what you need\"}]},{\"@type\":\"WebSite\",\"@id\":\"https:\/\/connectandactivate.info\/#website\",\"url\":\"https:\/\/connectandactivate.info\/\",\"name\":\"connect\",\"description\":\"\",\"potentialAction\":[{\"@type\":\"SearchAction\",\"target\":{\"@type\":\"EntryPoint\",\"urlTemplate\":\"https:\/\/connectandactivate.info\/?s={search_term_string}\"},\"query-input\":{\"@type\":\"PropertyValueSpecification\",\"valueRequired\":true,\"valueName\":\"search_term_string\"}}],\"inLanguage\":\"de\"}]}<\/script>\n<!-- \/ Yoast SEO plugin. -->","yoast_head_json":{"title":"Finden Sie, was Sie brauchen - verbinden Sie sich","robots":{"index":"noindex","follow":"follow","max-snippet":"max-snippet:-1","max-image-preview":"max-image-preview:large","max-video-preview":"max-video-preview:-1"},"og_locale":"de_DE","og_type":"article","og_title":"Find what you need - connect","og_description":"These recommendations are based on extensive consultations and long-term observation of results. The longer a habit or pattern has been present, the more time lasting change may require\u2014and beginning sooner often makes the process easier. The best moment to start is now. If several points resonate with you, a good initial approach is to begin [&hellip;]","og_url":"https:\/\/connectandactivate.info\/de\/finden-sie-was-sie-brauchen\/","og_site_name":"connect","article_modified_time":"2026-01-26T07:57:20+00:00","twitter_card":"summary_large_image","twitter_misc":{"Gesch\u00e4tzte Lesezeit":"1\u00a0Minute"},"schema":{"@context":"https:\/\/schema.org","@graph":[{"@type":"WebPage","@id":"https:\/\/connectandactivate.info\/find-what-you-need\/","url":"https:\/\/connectandactivate.info\/find-what-you-need\/","name":"Finden Sie, was Sie brauchen - verbinden Sie sich","isPartOf":{"@id":"https:\/\/connectandactivate.info\/#website"},"datePublished":"2025-12-20T10:23:12+00:00","dateModified":"2026-01-26T07:57:20+00:00","breadcrumb":{"@id":"https:\/\/connectandactivate.info\/find-what-you-need\/#breadcrumb"},"inLanguage":"de","potentialAction":[{"@type":"ReadAction","target":["https:\/\/connectandactivate.info\/find-what-you-need\/"]}]},{"@type":"BreadcrumbList","@id":"https:\/\/connectandactivate.info\/find-what-you-need\/#breadcrumb","itemListElement":[{"@type":"ListItem","position":1,"name":"Home","item":"https:\/\/connectandactivate.info\/"},{"@type":"ListItem","position":2,"name":"Find what you need"}]},{"@type":"WebSite","@id":"https:\/\/connectandactivate.info\/#website","url":"https:\/\/connectandactivate.info\/","name":"verbinden","description":"","potentialAction":[{"@type":"SearchAction","target":{"@type":"EntryPoint","urlTemplate":"https:\/\/connectandactivate.info\/?s={search_term_string}"},"query-input":{"@type":"PropertyValueSpecification","valueRequired":true,"valueName":"search_term_string"}}],"inLanguage":"de"}]}},"_links":{"self":[{"href":"https:\/\/connectandactivate.info\/de\/wp-json\/wp\/v2\/pages\/287","targetHints":{"allow":["GET"]}}],"collection":[{"href":"https:\/\/connectandactivate.info\/de\/wp-json\/wp\/v2\/pages"}],"about":[{"href":"https:\/\/connectandactivate.info\/de\/wp-json\/wp\/v2\/types\/page"}],"author":[{"embeddable":true,"href":"https:\/\/connectandactivate.info\/de\/wp-json\/wp\/v2\/users\/1"}],"replies":[{"embeddable":true,"href":"https:\/\/connectandactivate.info\/de\/wp-json\/wp\/v2\/comments?post=287"}],"version-history":[{"count":2,"href":"https:\/\/connectandactivate.info\/de\/wp-json\/wp\/v2\/pages\/287\/revisions"}],"predecessor-version":[{"id":321,"href":"https:\/\/connectandactivate.info\/de\/wp-json\/wp\/v2\/pages\/287\/revisions\/321"}],"wp:attachment":[{"href":"https:\/\/connectandactivate.info\/de\/wp-json\/wp\/v2\/media?parent=287"}],"curies":[{"name":"wp","href":"https:\/\/api.w.org\/{rel}","templated":true}]}}