{"id":30,"date":"2024-11-11T12:10:05","date_gmt":"2024-11-11T12:10:05","guid":{"rendered":"http:\/\/localhost\/connectwp\/?page_id=30"},"modified":"2024-11-11T13:10:07","modified_gmt":"2024-11-11T13:10:07","slug":"kontaktieren-sie-uns","status":"publish","type":"page","link":"https:\/\/connectandactivate.info\/de\/kontaktieren-sie-uns\/","title":{"rendered":"Kontakt-uns"},"content":{"rendered":"<p>Wir verkaufen niemals die Informationen \u00fcber Sie. Alle gespeicherten Informationen werden bei dem Anbieter Mailbox.org verschl\u00fcsselt, an den Sie sie senden.<\/p>\n<p>BeComplete@Mailbox.org ist die direkte E-Mail oder verwenden Sie das Kontaktformular, das auch dorthin sendet.<\/p>\n<p>Wir verwenden Ihre Daten ausschlie\u00dflich zur Abwicklung von Bestellungen oder zur Beantwortung Ihrer Fragen oder sonstigen Anliegen. Sp\u00e4ter werden wir einen Newsletter anbieten.<\/p>\n<p>Wenn Sie eine pers\u00f6nliche Beratung erhalten, erfolgt diese \u00fcber ZOOM, und wenn Sie mit einem PC teilnehmen, k\u00f6nnen nur Sie sie aufzeichnen.<\/p>\n<p>Wenn Sie mit einem Smartphone teilnehmen, stellen Sie bitte sicher, dass Sie eine Audioaufzeichnung machen k\u00f6nnen. Wir werden keine Aufnahmen machen.<\/p>","protected":false},"excerpt":{"rendered":"<p>We never ever sell the information about you. All stored info gets encoded at the provider Mailbox.org you send it to. BeComplete@Mailbox.org is the direct email or use the contact form, which also sends to there. We only use your data for fulfilling orders or answer to your questions or other requests. Later we will [&hellip;]<\/p>","protected":false},"author":1,"featured_media":0,"parent":0,"menu_order":0,"comment_status":"closed","ping_status":"closed","template":"contact-us.php","meta":{"footnotes":""},"class_list":["post-30","page","type-page","status-publish","hentry"],"yoast_head":"<!-- This site is optimized with the Yoast SEO plugin v26.8 - https:\/\/yoast.com\/product\/yoast-seo-wordpress\/ -->\n<title>Contact-us - connect<\/title>\n<meta name=\"robots\" content=\"noindex, follow, max-snippet:-1, max-image-preview:large, max-video-preview:-1\" \/>\n<meta property=\"og:locale\" content=\"de_DE\" \/>\n<meta property=\"og:type\" content=\"article\" \/>\n<meta property=\"og:title\" content=\"Contact-us - connect\" \/>\n<meta property=\"og:description\" content=\"We never ever sell the information about you. All stored info gets encoded at the provider Mailbox.org you send it to. BeComplete@Mailbox.org is the direct email or use the contact form, which also sends to there. We only use your data for fulfilling orders or answer to your questions or other requests. Later we will [&hellip;]\" \/>\n<meta property=\"og:url\" content=\"https:\/\/connectandactivate.info\/de\/kontaktieren-sie-uns\/\" \/>\n<meta property=\"og:site_name\" content=\"connect\" \/>\n<meta property=\"article:modified_time\" content=\"2024-11-11T13:10:07+00:00\" \/>\n<meta name=\"twitter:card\" content=\"summary_large_image\" \/>\n<meta name=\"twitter:label1\" content=\"Gesch\u00e4tzte Lesezeit\" \/>\n\t<meta name=\"twitter:data1\" content=\"1\u00a0Minute\" \/>\n<script type=\"application\/ld+json\" class=\"yoast-schema-graph\">{\"@context\":\"https:\/\/schema.org\",\"@graph\":[{\"@type\":\"WebPage\",\"@id\":\"https:\/\/connectandactivate.info\/contact-us\/\",\"url\":\"https:\/\/connectandactivate.info\/contact-us\/\",\"name\":\"Contact-us - connect\",\"isPartOf\":{\"@id\":\"https:\/\/connectandactivate.info\/#website\"},\"datePublished\":\"2024-11-11T12:10:05+00:00\",\"dateModified\":\"2024-11-11T13:10:07+00:00\",\"breadcrumb\":{\"@id\":\"https:\/\/connectandactivate.info\/contact-us\/#breadcrumb\"},\"inLanguage\":\"de\",\"potentialAction\":[{\"@type\":\"ReadAction\",\"target\":[\"https:\/\/connectandactivate.info\/contact-us\/\"]}]},{\"@type\":\"BreadcrumbList\",\"@id\":\"https:\/\/connectandactivate.info\/contact-us\/#breadcrumb\",\"itemListElement\":[{\"@type\":\"ListItem\",\"position\":1,\"name\":\"Home\",\"item\":\"https:\/\/connectandactivate.info\/\"},{\"@type\":\"ListItem\",\"position\":2,\"name\":\"Contact-us\"}]},{\"@type\":\"WebSite\",\"@id\":\"https:\/\/connectandactivate.info\/#website\",\"url\":\"https:\/\/connectandactivate.info\/\",\"name\":\"connect\",\"description\":\"\",\"potentialAction\":[{\"@type\":\"SearchAction\",\"target\":{\"@type\":\"EntryPoint\",\"urlTemplate\":\"https:\/\/connectandactivate.info\/?s={search_term_string}\"},\"query-input\":{\"@type\":\"PropertyValueSpecification\",\"valueRequired\":true,\"valueName\":\"search_term_string\"}}],\"inLanguage\":\"de\"}]}<\/script>\n<!-- \/ Yoast SEO plugin. -->","yoast_head_json":{"title":"Kontaktieren Sie uns - verbinden","robots":{"index":"noindex","follow":"follow","max-snippet":"max-snippet:-1","max-image-preview":"max-image-preview:large","max-video-preview":"max-video-preview:-1"},"og_locale":"de_DE","og_type":"article","og_title":"Contact-us - connect","og_description":"We never ever sell the information about you. All stored info gets encoded at the provider Mailbox.org you send it to. BeComplete@Mailbox.org is the direct email or use the contact form, which also sends to there. We only use your data for fulfilling orders or answer to your questions or other requests. Later we will [&hellip;]","og_url":"https:\/\/connectandactivate.info\/de\/kontaktieren-sie-uns\/","og_site_name":"connect","article_modified_time":"2024-11-11T13:10:07+00:00","twitter_card":"summary_large_image","twitter_misc":{"Gesch\u00e4tzte Lesezeit":"1\u00a0Minute"},"schema":{"@context":"https:\/\/schema.org","@graph":[{"@type":"WebPage","@id":"https:\/\/connectandactivate.info\/contact-us\/","url":"https:\/\/connectandactivate.info\/contact-us\/","name":"Kontaktieren Sie uns - verbinden","isPartOf":{"@id":"https:\/\/connectandactivate.info\/#website"},"datePublished":"2024-11-11T12:10:05+00:00","dateModified":"2024-11-11T13:10:07+00:00","breadcrumb":{"@id":"https:\/\/connectandactivate.info\/contact-us\/#breadcrumb"},"inLanguage":"de","potentialAction":[{"@type":"ReadAction","target":["https:\/\/connectandactivate.info\/contact-us\/"]}]},{"@type":"BreadcrumbList","@id":"https:\/\/connectandactivate.info\/contact-us\/#breadcrumb","itemListElement":[{"@type":"ListItem","position":1,"name":"Home","item":"https:\/\/connectandactivate.info\/"},{"@type":"ListItem","position":2,"name":"Contact-us"}]},{"@type":"WebSite","@id":"https:\/\/connectandactivate.info\/#website","url":"https:\/\/connectandactivate.info\/","name":"verbinden","description":"","potentialAction":[{"@type":"SearchAction","target":{"@type":"EntryPoint","urlTemplate":"https:\/\/connectandactivate.info\/?s={search_term_string}"},"query-input":{"@type":"PropertyValueSpecification","valueRequired":true,"valueName":"search_term_string"}}],"inLanguage":"de"}]}},"_links":{"self":[{"href":"https:\/\/connectandactivate.info\/de\/wp-json\/wp\/v2\/pages\/30","targetHints":{"allow":["GET"]}}],"collection":[{"href":"https:\/\/connectandactivate.info\/de\/wp-json\/wp\/v2\/pages"}],"about":[{"href":"https:\/\/connectandactivate.info\/de\/wp-json\/wp\/v2\/types\/page"}],"author":[{"embeddable":true,"href":"https:\/\/connectandactivate.info\/de\/wp-json\/wp\/v2\/users\/1"}],"replies":[{"embeddable":true,"href":"https:\/\/connectandactivate.info\/de\/wp-json\/wp\/v2\/comments?post=30"}],"version-history":[{"count":0,"href":"https:\/\/connectandactivate.info\/de\/wp-json\/wp\/v2\/pages\/30\/revisions"}],"wp:attachment":[{"href":"https:\/\/connectandactivate.info\/de\/wp-json\/wp\/v2\/media?parent=30"}],"curies":[{"name":"wp","href":"https:\/\/api.w.org\/{rel}","templated":true}]}}