{"id":76,"date":"2025-10-21T17:48:09","date_gmt":"2025-10-21T17:48:09","guid":{"rendered":"https:\/\/connectandactivate.info\/?page_id=76"},"modified":"2026-01-05T17:32:20","modified_gmt":"2026-01-05T17:32:20","slug":"uber-uns","status":"publish","type":"page","link":"https:\/\/connectandactivate.info\/de\/uber-uns\/","title":{"rendered":"\u00dcber uns"},"content":{"rendered":"<h3>Rechtlich verantwortlich f\u00fcr den Inhalt der Website<\/h3>\n<p>Karl Gerhard Pieroth<br \/>\n27163 Rd P.3, Dolores, CO, USA<br \/>\n\ud83d\udce7 BeComplete@mailbox.org<br \/>\n\ud83d\udcde +1 970 570 0151<br \/>\n\ud83d\udcde (Europa): +49 170 4790895<\/p>\n<h3>\u00dcber diese Website<\/h3>\n<p>Die Website ConnectAndActivate.info bietet Informationen zu Bewusstseinsentwicklung, innerer Freiheit und der Aktivierung von h\u00f6herem Bewusstsein im Alltag. Es gibt keinen Online Shop. Nur wenn Sie direkt mit uns Kontakt aufnehmen oder die kostenlosen E-Books herunterladen, werden die daf\u00fcr notwendigen Daten (z.B. Ihre E-Mail-Adresse) gespeichert. Die Email-Adresse BeComplete@mailbox.org wird verschl\u00fcsselt und auf einem sicheren Server in Deutschland betrieben. Die Produkte sind \u00fcber die unten aufgef\u00fchrten Vertriebspartner erh\u00e4ltlich.<\/p>\n<h3>Sprache &amp; \u00dcbersetzung Haftungsausschluss<u><\/u><u><\/u><\/h3>\n<p>Der urspr\u00fcngliche Inhalt dieser Website, einschlie\u00dflich der Texte und Ver\u00f6ffentlichungen, wurde in englischer Sprache erstellt.<u><\/u><u><\/u><\/p>\n<p>\u00dcbersetzungen in andere Sprachen werden mit Hilfe von Tools der k\u00fcnstlichen Intelligenz erstellt, um die Zug\u00e4nglichkeit f\u00fcr ein internationales Publikum zu verbessern.<u><\/u><u><\/u><\/p>\n<p>Aufgrund der Natur der Sprache und der angesprochenen erfahrungsbezogenen, symbolischen und konzeptionellen Themen k\u00f6nnen die \u00dcbersetzungen in Nuancen oder in der Auslegung variieren.<u><\/u><u><\/u><\/p>\n<p>Die englische Fassung ist die ma\u00dfgebliche Referenz. Im Falle von Unterschieden in der Bedeutung oder Auslegung ist die englische Fassung ma\u00dfgebend.<u><\/u><u><\/u><\/p>\n<p>Alle Inhalte werden nur zu Informations- und Kulturzwecken bereitgestellt und stellen keine medizinische, therapeutische oder professionelle Beratung dar.<\/p>\n<h3>Zweck des Projekts<\/h3>\n<p>Das Projekt Connect and Activate zielt darauf ab, bestehende Therapie- und Selbsterfahrungsformen durch die Einbeziehung des in jedem Menschen bereits vorhandenen h\u00f6heren Bewusstseins zu erg\u00e4nzen. Die Erfahrung hat gezeigt, dass pers\u00f6nliche Entwicklungsprozesse auf diese Weise deutlich beschleunigt werden k\u00f6nnen. Die Produkte schaffen eine individuelle Verbindung zum eigenen Bewusstsein und aktivieren innere F\u00e4higkeiten, was fr\u00fcher nur durch ausgiebige Meditation oder R\u00fcckzug aus dem Alltag m\u00f6glich war. Heute l\u00e4sst sich dieses erweiterte Bewusstsein leicht in das normale Leben mit Familie, Beruf und Verpflichtungen integrieren - ein neuer Weg zu pers\u00f6nlichem Wachstum und geistiger Freiheit.<\/p>\n<h3>Praktischer Nutzen und Auswirkungen<\/h3>\n<p>Sich bewusst mit dem h\u00f6heren Selbst zu verbinden, er\u00f6ffnet einen erweiterten Blick \u00fcber die Grenzen des Egos hinaus - eine \u2018Adlerperspektive\u2019 auf Ihr Leben, Ihre M\u00f6glichkeiten und Ziele. Dies st\u00e4rkt die innere Stabilit\u00e4t, Zentrierung und das Selbstvertrauen. Sie beginnen zu erkennen, was wirklich Sinn stiftet und entwickeln eine nat\u00fcrliche Autorit\u00e4t, die andere respektiert, ohne sie herabzusetzen. Wahre pers\u00f6nliche Freiheit und ein klarer, individueller Sinn f\u00fcr das Leben entstehen.<\/p>\n<h3>Wie die Produkte funktionieren<\/h3>\n<p>Den Salzen wird nichts \u00c4u\u00dferliches zugesetzt. Sie bestehen aus reinem Himalaya-Kristallsalz, in das durch eine spezielle Technik energetische Impulse eingepr\u00e4gt werden. Wenn sich das Salz unter der Zunge aufl\u00f6st, werden diese Impulse \u00fcber das k\u00f6rpereigene Informationssystem aufgenommen. Das Unterbewusstsein verbindet sich dann mit der h\u00f6heren Bewusstseinsebene - dem inneren, klaren Selbst und den damit verbundenen F\u00e4higkeiten. Diese Methode unterst\u00fctzt die Bewusstseinsentwicklung und f\u00f6rdert die nat\u00fcrlichen Selbstheilungsprozesse ohne medizinischen Eingriff.<\/p>\n<h3>Rechtliche Informationen<\/h3>\n<p>Weder ich, Karl Gerhard Pieroth, noch die Connect und Activate Produkte erheben irgendwelche medizinischen Anspr\u00fcche. Sie sind nicht f\u00fcr die Diagnose oder Heilung von Krankheiten bestimmt. Dies bleibt selbstverst\u00e4ndlich Sache von \u00c4rzten und approbierten Heilpraktikern. Unsere Produkte sind keine Arzneimittel und ersetzen keine medizinische Behandlung. Sie unterst\u00fctzen eigenverantwortliche Menschen und Therapeuten dabei, h\u00f6heres Bewusstsein und pers\u00f6nliches Wachstum in den Alltag zu integrieren. Die Connect- und Activate-Salze sind keine Arzneimittel im Sinne des Gesetzgebers. Sie enthalten keine chemischen Wirkstoffe und l\u00f6sen keine standardisierten Reaktionen aus, wie sie bei Medikamenten auftreten. Die eingepr\u00e4gten Impulse sind mit den bestehenden Messmethoden derzeit nicht nachweisbar - \u00e4hnlich wie viele Ph\u00e4nomene in der Physik, die lange vor ihrer Messbarkeit existierten.<\/p>\n<h3>Vertrieb<\/h3>\n<p>Das Vertriebsnetz befindet sich derzeit im Aufbau. Wenn Sie Produkte erwerben m\u00f6chten, wenden Sie sich bitte an einen der folgenden Vertriebspartner:<\/p>\n<p><a href=\"https:\/\/hb22.nl\/zoeken?controller=search&amp;s=conne\">https:\/\/hb22.nl\/zoeken?controller=search&amp;s=conne<\/a><\/p>\n<p>Importeur f\u00fcr die EU:<br \/>\nHandelshuis Bouwman B.V.<br \/>\nWinkelskamp 6, 7255 PZ Hengelo (Gld), Niederlande<br \/>\n\ud83d\udcde +31 650 227 512<br \/>\n\ud83d\udce7 jbouwman@handelshuisbouwman.nl<br \/>\n(Sprachen: Englisch, Niederl\u00e4ndisch, Deutsch)<\/p>\n<p>Schweiz:<br \/>\nBuchhandlung Sphinx<br \/>\n\ud83d\udce7 sphinx@sphinx-book.ch<\/p>\n<p>Japan:<br \/>\nAxis Mundi \u682a\u5f0f\u4f1a\u793e<br \/>\n250-0117, Pr\u00e4fektur Kanagawa, Minamiashigara City, Tsukahara 4871-37<br \/>\n\ud83d\udcde +81 465 46 6459<br \/>\n\ud83d\udce7 info@axis-mundi.jp<\/p>","protected":false},"excerpt":{"rendered":"<p>Legally Responsible for the Website Content Karl Gerhard Pieroth 27163 Rd P.3, Dolores, CO, USA \ud83d\udce7 BeComplete@mailbox.org \ud83d\udcde +1 970 570 0151 \ud83d\udcde (Europe): +49 170 4790895 About this Website The website ConnectAndActivate.info provides information on awareness development, inner freedom, and the activation of higher consciousness in everyday life. There is no online shop. Only [&hellip;]<\/p>","protected":false},"author":1,"featured_media":0,"parent":0,"menu_order":0,"comment_status":"closed","ping_status":"closed","template":"about.php","meta":{"footnotes":""},"class_list":["post-76","page","type-page","status-publish","hentry"],"yoast_head":"<!-- This site is optimized with the Yoast SEO plugin v26.8 - https:\/\/yoast.com\/product\/yoast-seo-wordpress\/ -->\n<title>About Us - connect<\/title>\n<meta name=\"robots\" content=\"noindex, follow, max-snippet:-1, max-image-preview:large, max-video-preview:-1\" \/>\n<meta property=\"og:locale\" content=\"de_DE\" \/>\n<meta property=\"og:type\" content=\"article\" \/>\n<meta property=\"og:title\" content=\"About Us - connect\" \/>\n<meta property=\"og:description\" content=\"Legally Responsible for the Website Content Karl Gerhard Pieroth 27163 Rd P.3, Dolores, CO, USA \ud83d\udce7 BeComplete@mailbox.org \ud83d\udcde +1 970 570 0151 \ud83d\udcde (Europe): +49 170 4790895 About this Website The website ConnectAndActivate.info provides information on awareness development, inner freedom, and the activation of higher consciousness in everyday life. There is no online shop. Only [&hellip;]\" \/>\n<meta property=\"og:url\" content=\"https:\/\/connectandactivate.info\/de\/uber-uns\/\" \/>\n<meta property=\"og:site_name\" content=\"connect\" \/>\n<meta property=\"article:modified_time\" content=\"2026-01-05T17:32:20+00:00\" \/>\n<meta name=\"twitter:card\" content=\"summary_large_image\" \/>\n<meta name=\"twitter:label1\" content=\"Gesch\u00e4tzte Lesezeit\" \/>\n\t<meta name=\"twitter:data1\" content=\"3\u00a0Minuten\" \/>\n<script type=\"application\/ld+json\" class=\"yoast-schema-graph\">{\"@context\":\"https:\/\/schema.org\",\"@graph\":[{\"@type\":\"WebPage\",\"@id\":\"https:\/\/connectandactivate.info\/about-us\/\",\"url\":\"https:\/\/connectandactivate.info\/about-us\/\",\"name\":\"About Us - connect\",\"isPartOf\":{\"@id\":\"https:\/\/connectandactivate.info\/#website\"},\"datePublished\":\"2025-10-21T17:48:09+00:00\",\"dateModified\":\"2026-01-05T17:32:20+00:00\",\"breadcrumb\":{\"@id\":\"https:\/\/connectandactivate.info\/about-us\/#breadcrumb\"},\"inLanguage\":\"de\",\"potentialAction\":[{\"@type\":\"ReadAction\",\"target\":[\"https:\/\/connectandactivate.info\/about-us\/\"]}]},{\"@type\":\"BreadcrumbList\",\"@id\":\"https:\/\/connectandactivate.info\/about-us\/#breadcrumb\",\"itemListElement\":[{\"@type\":\"ListItem\",\"position\":1,\"name\":\"Home\",\"item\":\"https:\/\/connectandactivate.info\/\"},{\"@type\":\"ListItem\",\"position\":2,\"name\":\"About Us\"}]},{\"@type\":\"WebSite\",\"@id\":\"https:\/\/connectandactivate.info\/#website\",\"url\":\"https:\/\/connectandactivate.info\/\",\"name\":\"connect\",\"description\":\"\",\"potentialAction\":[{\"@type\":\"SearchAction\",\"target\":{\"@type\":\"EntryPoint\",\"urlTemplate\":\"https:\/\/connectandactivate.info\/?s={search_term_string}\"},\"query-input\":{\"@type\":\"PropertyValueSpecification\",\"valueRequired\":true,\"valueName\":\"search_term_string\"}}],\"inLanguage\":\"de\"}]}<\/script>\n<!-- \/ Yoast SEO plugin. -->","yoast_head_json":{"title":"\u00dcber uns - connect","robots":{"index":"noindex","follow":"follow","max-snippet":"max-snippet:-1","max-image-preview":"max-image-preview:large","max-video-preview":"max-video-preview:-1"},"og_locale":"de_DE","og_type":"article","og_title":"About Us - connect","og_description":"Legally Responsible for the Website Content Karl Gerhard Pieroth 27163 Rd P.3, Dolores, CO, USA \ud83d\udce7 BeComplete@mailbox.org \ud83d\udcde +1 970 570 0151 \ud83d\udcde (Europe): +49 170 4790895 About this Website The website ConnectAndActivate.info provides information on awareness development, inner freedom, and the activation of higher consciousness in everyday life. There is no online shop. Only [&hellip;]","og_url":"https:\/\/connectandactivate.info\/de\/uber-uns\/","og_site_name":"connect","article_modified_time":"2026-01-05T17:32:20+00:00","twitter_card":"summary_large_image","twitter_misc":{"Gesch\u00e4tzte Lesezeit":"3\u00a0Minuten"},"schema":{"@context":"https:\/\/schema.org","@graph":[{"@type":"WebPage","@id":"https:\/\/connectandactivate.info\/about-us\/","url":"https:\/\/connectandactivate.info\/about-us\/","name":"\u00dcber uns - connect","isPartOf":{"@id":"https:\/\/connectandactivate.info\/#website"},"datePublished":"2025-10-21T17:48:09+00:00","dateModified":"2026-01-05T17:32:20+00:00","breadcrumb":{"@id":"https:\/\/connectandactivate.info\/about-us\/#breadcrumb"},"inLanguage":"de","potentialAction":[{"@type":"ReadAction","target":["https:\/\/connectandactivate.info\/about-us\/"]}]},{"@type":"BreadcrumbList","@id":"https:\/\/connectandactivate.info\/about-us\/#breadcrumb","itemListElement":[{"@type":"ListItem","position":1,"name":"Home","item":"https:\/\/connectandactivate.info\/"},{"@type":"ListItem","position":2,"name":"About Us"}]},{"@type":"WebSite","@id":"https:\/\/connectandactivate.info\/#website","url":"https:\/\/connectandactivate.info\/","name":"verbinden","description":"","potentialAction":[{"@type":"SearchAction","target":{"@type":"EntryPoint","urlTemplate":"https:\/\/connectandactivate.info\/?s={search_term_string}"},"query-input":{"@type":"PropertyValueSpecification","valueRequired":true,"valueName":"search_term_string"}}],"inLanguage":"de"}]}},"_links":{"self":[{"href":"https:\/\/connectandactivate.info\/de\/wp-json\/wp\/v2\/pages\/76","targetHints":{"allow":["GET"]}}],"collection":[{"href":"https:\/\/connectandactivate.info\/de\/wp-json\/wp\/v2\/pages"}],"about":[{"href":"https:\/\/connectandactivate.info\/de\/wp-json\/wp\/v2\/types\/page"}],"author":[{"embeddable":true,"href":"https:\/\/connectandactivate.info\/de\/wp-json\/wp\/v2\/users\/1"}],"replies":[{"embeddable":true,"href":"https:\/\/connectandactivate.info\/de\/wp-json\/wp\/v2\/comments?post=76"}],"version-history":[{"count":0,"href":"https:\/\/connectandactivate.info\/de\/wp-json\/wp\/v2\/pages\/76\/revisions"}],"wp:attachment":[{"href":"https:\/\/connectandactivate.info\/de\/wp-json\/wp\/v2\/media?parent=76"}],"curies":[{"name":"wp","href":"https:\/\/api.w.org\/{rel}","templated":true}]}}