{"id":78,"date":"2025-10-21T17:48:38","date_gmt":"2025-10-21T17:48:38","guid":{"rendered":"https:\/\/connectandactivate.info\/?page_id=78"},"modified":"2025-12-18T07:30:28","modified_gmt":"2025-12-18T07:30:28","slug":"haufig-gestellte-fragen","status":"publish","type":"page","link":"https:\/\/connectandactivate.info\/de\/haufig-gestellte-fragen\/","title":{"rendered":"FAQ"},"content":{"rendered":"<h2>Einf\u00fchrung<\/h2>\n<p>Connect &amp; Activate ist ein praktisches System, das sieben inspirationsbasierte Salze verwendet, um Selbsterkenntnis, Klarheit und pers\u00f6nliche Entwicklung zu f\u00f6rdern.<br \/>\nDiese Website und das dazugeh\u00f6rige Buch sind als einfacher, strukturierter Leitfaden konzipiert, der Ihnen hilft, sicher und effektiv mit den Salzen zu arbeiten.<\/p>\n<p>Viele Menschen erleben Connect &amp; Activate als einen neuen Weg, um sinnvolle Ver\u00e4nderungen im t\u00e4glichen Leben zu initiieren - was nat\u00fcrlich Fragen aufwirft.<br \/>\nHier finden Sie Antworten auf einige der h\u00e4ufigsten Fragen.<\/p>","protected":false},"excerpt":{"rendered":"<p>Introduction Connect &amp; Activate is a practical system that uses seven inspiration-based salts to support self-awareness, clarity, and personal development. This website and the accompanying book are designed as a simple, structured guide to help you work with the salts confidently and effectively. Many people experience Connect &amp; Activate as a new way of initiating [&hellip;]<\/p>","protected":false},"author":1,"featured_media":0,"parent":0,"menu_order":0,"comment_status":"closed","ping_status":"closed","template":"faq.php","meta":{"footnotes":""},"class_list":["post-78","page","type-page","status-publish","hentry"],"yoast_head":"<!-- This site is optimized with the Yoast SEO plugin v26.8 - https:\/\/yoast.com\/product\/yoast-seo-wordpress\/ -->\n<title>FAQ - connect<\/title>\n<meta name=\"robots\" content=\"noindex, follow, max-snippet:-1, max-image-preview:large, max-video-preview:-1\" \/>\n<meta property=\"og:locale\" content=\"de_DE\" \/>\n<meta property=\"og:type\" content=\"article\" \/>\n<meta property=\"og:title\" content=\"FAQ - connect\" \/>\n<meta property=\"og:description\" content=\"Introduction Connect &amp; Activate is a practical system that uses seven inspiration-based salts to support self-awareness, clarity, and personal development. This website and the accompanying book are designed as a simple, structured guide to help you work with the salts confidently and effectively. Many people experience Connect &amp; Activate as a new way of initiating [&hellip;]\" \/>\n<meta property=\"og:url\" content=\"https:\/\/connectandactivate.info\/de\/haufig-gestellte-fragen\/\" \/>\n<meta property=\"og:site_name\" content=\"connect\" \/>\n<meta property=\"article:modified_time\" content=\"2025-12-18T07:30:28+00:00\" \/>\n<meta name=\"twitter:card\" content=\"summary_large_image\" \/>\n<script type=\"application\/ld+json\" class=\"yoast-schema-graph\">{\"@context\":\"https:\/\/schema.org\",\"@graph\":[{\"@type\":\"WebPage\",\"@id\":\"https:\/\/connectandactivate.info\/frequently-asked-questions\/\",\"url\":\"https:\/\/connectandactivate.info\/frequently-asked-questions\/\",\"name\":\"FAQ - connect\",\"isPartOf\":{\"@id\":\"https:\/\/connectandactivate.info\/#website\"},\"datePublished\":\"2025-10-21T17:48:38+00:00\",\"dateModified\":\"2025-12-18T07:30:28+00:00\",\"breadcrumb\":{\"@id\":\"https:\/\/connectandactivate.info\/frequently-asked-questions\/#breadcrumb\"},\"inLanguage\":\"de\",\"potentialAction\":[{\"@type\":\"ReadAction\",\"target\":[\"https:\/\/connectandactivate.info\/frequently-asked-questions\/\"]}]},{\"@type\":\"BreadcrumbList\",\"@id\":\"https:\/\/connectandactivate.info\/frequently-asked-questions\/#breadcrumb\",\"itemListElement\":[{\"@type\":\"ListItem\",\"position\":1,\"name\":\"Home\",\"item\":\"https:\/\/connectandactivate.info\/\"},{\"@type\":\"ListItem\",\"position\":2,\"name\":\"FAQ\"}]},{\"@type\":\"WebSite\",\"@id\":\"https:\/\/connectandactivate.info\/#website\",\"url\":\"https:\/\/connectandactivate.info\/\",\"name\":\"connect\",\"description\":\"\",\"potentialAction\":[{\"@type\":\"SearchAction\",\"target\":{\"@type\":\"EntryPoint\",\"urlTemplate\":\"https:\/\/connectandactivate.info\/?s={search_term_string}\"},\"query-input\":{\"@type\":\"PropertyValueSpecification\",\"valueRequired\":true,\"valueName\":\"search_term_string\"}}],\"inLanguage\":\"de\"}]}<\/script>\n<!-- \/ Yoast SEO plugin. -->","yoast_head_json":{"title":"FAQ - verbinden","robots":{"index":"noindex","follow":"follow","max-snippet":"max-snippet:-1","max-image-preview":"max-image-preview:large","max-video-preview":"max-video-preview:-1"},"og_locale":"de_DE","og_type":"article","og_title":"FAQ - connect","og_description":"Introduction Connect &amp; Activate is a practical system that uses seven inspiration-based salts to support self-awareness, clarity, and personal development. This website and the accompanying book are designed as a simple, structured guide to help you work with the salts confidently and effectively. Many people experience Connect &amp; Activate as a new way of initiating [&hellip;]","og_url":"https:\/\/connectandactivate.info\/de\/haufig-gestellte-fragen\/","og_site_name":"connect","article_modified_time":"2025-12-18T07:30:28+00:00","twitter_card":"summary_large_image","schema":{"@context":"https:\/\/schema.org","@graph":[{"@type":"WebPage","@id":"https:\/\/connectandactivate.info\/frequently-asked-questions\/","url":"https:\/\/connectandactivate.info\/frequently-asked-questions\/","name":"FAQ - verbinden","isPartOf":{"@id":"https:\/\/connectandactivate.info\/#website"},"datePublished":"2025-10-21T17:48:38+00:00","dateModified":"2025-12-18T07:30:28+00:00","breadcrumb":{"@id":"https:\/\/connectandactivate.info\/frequently-asked-questions\/#breadcrumb"},"inLanguage":"de","potentialAction":[{"@type":"ReadAction","target":["https:\/\/connectandactivate.info\/frequently-asked-questions\/"]}]},{"@type":"BreadcrumbList","@id":"https:\/\/connectandactivate.info\/frequently-asked-questions\/#breadcrumb","itemListElement":[{"@type":"ListItem","position":1,"name":"Home","item":"https:\/\/connectandactivate.info\/"},{"@type":"ListItem","position":2,"name":"FAQ"}]},{"@type":"WebSite","@id":"https:\/\/connectandactivate.info\/#website","url":"https:\/\/connectandactivate.info\/","name":"verbinden","description":"","potentialAction":[{"@type":"SearchAction","target":{"@type":"EntryPoint","urlTemplate":"https:\/\/connectandactivate.info\/?s={search_term_string}"},"query-input":{"@type":"PropertyValueSpecification","valueRequired":true,"valueName":"search_term_string"}}],"inLanguage":"de"}]}},"_links":{"self":[{"href":"https:\/\/connectandactivate.info\/de\/wp-json\/wp\/v2\/pages\/78","targetHints":{"allow":["GET"]}}],"collection":[{"href":"https:\/\/connectandactivate.info\/de\/wp-json\/wp\/v2\/pages"}],"about":[{"href":"https:\/\/connectandactivate.info\/de\/wp-json\/wp\/v2\/types\/page"}],"author":[{"embeddable":true,"href":"https:\/\/connectandactivate.info\/de\/wp-json\/wp\/v2\/users\/1"}],"replies":[{"embeddable":true,"href":"https:\/\/connectandactivate.info\/de\/wp-json\/wp\/v2\/comments?post=78"}],"version-history":[{"count":0,"href":"https:\/\/connectandactivate.info\/de\/wp-json\/wp\/v2\/pages\/78\/revisions"}],"wp:attachment":[{"href":"https:\/\/connectandactivate.info\/de\/wp-json\/wp\/v2\/media?parent=78"}],"curies":[{"name":"wp","href":"https:\/\/api.w.org\/{rel}","templated":true}]}}