{"id":84,"date":"2025-10-21T17:59:33","date_gmt":"2025-10-21T17:59:33","guid":{"rendered":"https:\/\/connectandactivate.info\/?page_id=84"},"modified":"2025-12-20T13:43:14","modified_gmt":"2025-12-20T13:43:14","slug":"wie-zu-verwenden","status":"publish","type":"page","link":"https:\/\/connectandactivate.info\/de\/wie-zu-verwenden\/","title":{"rendered":"Wie zu verwenden"},"content":{"rendered":"<h3>H\u00e4ufigkeit der Nutzung<\/h3>\n<p>Denn wir arbeiten mit <strong>Gewohnheiten und innere Muster<\/strong>, Regelm\u00e4\u00dfige kleine Impulse sind vorteilhafter als die Einnahme gro\u00dfer Mengen auf einmal. <strong>Regelm\u00e4\u00dfigkeit ist wichtiger als Quantit\u00e4t<\/strong>.<\/p>\n<p>Verwenden Sie das Salz <strong>f\u00fcnfmal am Tag<\/strong>:<\/p>\n<ul>\n<li>einmal am Vormittag<\/li>\n<li>einmal am Abend<\/li>\n<li>und dreimal tags\u00fcber<\/li>\n<\/ul>\n<p>Konsistenz unterst\u00fctzt den Prozess effektiver als eine h\u00f6here Dosierung.<\/p>\n<p>&nbsp;<\/p>\n<h3>Wichtiger Hinweis<\/h3>\n<p>Wenn sich das Salz unter Ihrer Zunge aufl\u00f6st, wird die gespeicherte Inspiration freigesetzt.<\/p>\n<p>Bitte <strong>keine Tinkturen zubereiten<\/strong> vom Salz.<br \/>\nWasser und andere Fl\u00fcssigkeiten halten nur einen Teil des Aufdrucks fest, wodurch die beabsichtigte Wirkung verringert wird.<\/p>\n<p>Verwenden Sie das Salz immer direkt als K\u00f6rner.<br \/>\nDer Schl\u00fcsselanh\u00e4nger ist so konzipiert, dass Sie <strong>leicht mitzunehmen<\/strong>, genau wie Ihre Schl\u00fcssel.<\/p>","protected":false},"excerpt":{"rendered":"<p>Frequency of Use Because we are working with habits and internal patterns, regular small impulses are more beneficial than taking large amounts at once. Regularity matters more than quantity. Use the salt five times a day: once in the morning once in the evening and three times during the day Consistency supports the process more [&hellip;]<\/p>","protected":false},"author":1,"featured_media":0,"parent":0,"menu_order":0,"comment_status":"closed","ping_status":"closed","template":"how-to-use.php","meta":{"footnotes":""},"class_list":["post-84","page","type-page","status-publish","hentry"],"yoast_head":"<!-- This site is optimized with the Yoast SEO plugin v26.8 - https:\/\/yoast.com\/product\/yoast-seo-wordpress\/ -->\n<title>How to Use - connect<\/title>\n<meta name=\"robots\" content=\"noindex, follow, max-snippet:-1, max-image-preview:large, max-video-preview:-1\" \/>\n<meta property=\"og:locale\" content=\"de_DE\" \/>\n<meta property=\"og:type\" content=\"article\" \/>\n<meta property=\"og:title\" content=\"How to Use - connect\" \/>\n<meta property=\"og:description\" content=\"Frequency of Use Because we are working with habits and internal patterns, regular small impulses are more beneficial than taking large amounts at once. Regularity matters more than quantity. Use the salt five times a day: once in the morning once in the evening and three times during the day Consistency supports the process more [&hellip;]\" \/>\n<meta property=\"og:url\" content=\"https:\/\/connectandactivate.info\/de\/wie-zu-verwenden\/\" \/>\n<meta property=\"og:site_name\" content=\"connect\" \/>\n<meta property=\"article:modified_time\" content=\"2025-12-20T13:43:14+00:00\" \/>\n<meta name=\"twitter:card\" content=\"summary_large_image\" \/>\n<meta name=\"twitter:label1\" content=\"Gesch\u00e4tzte Lesezeit\" \/>\n\t<meta name=\"twitter:data1\" content=\"1\u00a0Minute\" \/>\n<script type=\"application\/ld+json\" class=\"yoast-schema-graph\">{\"@context\":\"https:\/\/schema.org\",\"@graph\":[{\"@type\":\"WebPage\",\"@id\":\"https:\/\/connectandactivate.info\/how-to-use\/\",\"url\":\"https:\/\/connectandactivate.info\/how-to-use\/\",\"name\":\"How to Use - connect\",\"isPartOf\":{\"@id\":\"https:\/\/connectandactivate.info\/#website\"},\"datePublished\":\"2025-10-21T17:59:33+00:00\",\"dateModified\":\"2025-12-20T13:43:14+00:00\",\"breadcrumb\":{\"@id\":\"https:\/\/connectandactivate.info\/how-to-use\/#breadcrumb\"},\"inLanguage\":\"de\",\"potentialAction\":[{\"@type\":\"ReadAction\",\"target\":[\"https:\/\/connectandactivate.info\/how-to-use\/\"]}]},{\"@type\":\"BreadcrumbList\",\"@id\":\"https:\/\/connectandactivate.info\/how-to-use\/#breadcrumb\",\"itemListElement\":[{\"@type\":\"ListItem\",\"position\":1,\"name\":\"Home\",\"item\":\"https:\/\/connectandactivate.info\/\"},{\"@type\":\"ListItem\",\"position\":2,\"name\":\"How to Use\"}]},{\"@type\":\"WebSite\",\"@id\":\"https:\/\/connectandactivate.info\/#website\",\"url\":\"https:\/\/connectandactivate.info\/\",\"name\":\"connect\",\"description\":\"\",\"potentialAction\":[{\"@type\":\"SearchAction\",\"target\":{\"@type\":\"EntryPoint\",\"urlTemplate\":\"https:\/\/connectandactivate.info\/?s={search_term_string}\"},\"query-input\":{\"@type\":\"PropertyValueSpecification\",\"valueRequired\":true,\"valueName\":\"search_term_string\"}}],\"inLanguage\":\"de\"}]}<\/script>\n<!-- \/ Yoast SEO plugin. -->","yoast_head_json":{"title":"Anwendung - Verbinden","robots":{"index":"noindex","follow":"follow","max-snippet":"max-snippet:-1","max-image-preview":"max-image-preview:large","max-video-preview":"max-video-preview:-1"},"og_locale":"de_DE","og_type":"article","og_title":"How to Use - connect","og_description":"Frequency of Use Because we are working with habits and internal patterns, regular small impulses are more beneficial than taking large amounts at once. Regularity matters more than quantity. Use the salt five times a day: once in the morning once in the evening and three times during the day Consistency supports the process more [&hellip;]","og_url":"https:\/\/connectandactivate.info\/de\/wie-zu-verwenden\/","og_site_name":"connect","article_modified_time":"2025-12-20T13:43:14+00:00","twitter_card":"summary_large_image","twitter_misc":{"Gesch\u00e4tzte Lesezeit":"1\u00a0Minute"},"schema":{"@context":"https:\/\/schema.org","@graph":[{"@type":"WebPage","@id":"https:\/\/connectandactivate.info\/how-to-use\/","url":"https:\/\/connectandactivate.info\/how-to-use\/","name":"Anwendung - Verbinden","isPartOf":{"@id":"https:\/\/connectandactivate.info\/#website"},"datePublished":"2025-10-21T17:59:33+00:00","dateModified":"2025-12-20T13:43:14+00:00","breadcrumb":{"@id":"https:\/\/connectandactivate.info\/how-to-use\/#breadcrumb"},"inLanguage":"de","potentialAction":[{"@type":"ReadAction","target":["https:\/\/connectandactivate.info\/how-to-use\/"]}]},{"@type":"BreadcrumbList","@id":"https:\/\/connectandactivate.info\/how-to-use\/#breadcrumb","itemListElement":[{"@type":"ListItem","position":1,"name":"Home","item":"https:\/\/connectandactivate.info\/"},{"@type":"ListItem","position":2,"name":"How to Use"}]},{"@type":"WebSite","@id":"https:\/\/connectandactivate.info\/#website","url":"https:\/\/connectandactivate.info\/","name":"verbinden","description":"","potentialAction":[{"@type":"SearchAction","target":{"@type":"EntryPoint","urlTemplate":"https:\/\/connectandactivate.info\/?s={search_term_string}"},"query-input":{"@type":"PropertyValueSpecification","valueRequired":true,"valueName":"search_term_string"}}],"inLanguage":"de"}]}},"_links":{"self":[{"href":"https:\/\/connectandactivate.info\/de\/wp-json\/wp\/v2\/pages\/84","targetHints":{"allow":["GET"]}}],"collection":[{"href":"https:\/\/connectandactivate.info\/de\/wp-json\/wp\/v2\/pages"}],"about":[{"href":"https:\/\/connectandactivate.info\/de\/wp-json\/wp\/v2\/types\/page"}],"author":[{"embeddable":true,"href":"https:\/\/connectandactivate.info\/de\/wp-json\/wp\/v2\/users\/1"}],"replies":[{"embeddable":true,"href":"https:\/\/connectandactivate.info\/de\/wp-json\/wp\/v2\/comments?post=84"}],"version-history":[{"count":0,"href":"https:\/\/connectandactivate.info\/de\/wp-json\/wp\/v2\/pages\/84\/revisions"}],"wp:attachment":[{"href":"https:\/\/connectandactivate.info\/de\/wp-json\/wp\/v2\/media?parent=84"}],"curies":[{"name":"wp","href":"https:\/\/api.w.org\/{rel}","templated":true}]}}