{"id":100,"date":"2025-11-03T19:14:24","date_gmt":"2025-11-03T19:14:24","guid":{"rendered":"https:\/\/connectandactivate.info\/?post_type=product&#038;p=100"},"modified":"2025-12-22T07:59:26","modified_gmt":"2025-12-22T07:59:26","slug":"von-der-erkenntnis-zum-handeln","status":"publish","type":"product","link":"https:\/\/connectandactivate.info\/de\/produkt\/von-der-erkenntnis-zum-handeln\/","title":{"rendered":"Von der Einsicht zum Handeln"},"content":{"rendered":"<p><strong>Salz Nr. 3: Von der Idee zur Aktion<\/strong><\/p>\n<p>Innere Klarheit und Entscheidungen sind wertvoll - aber ohne Umsetzung bleiben sie innerlich und unverwirklicht.<br \/>\nInspiration Nr. 3 unterst\u00fctzt den subtilen Prozess der Umsetzung von Erkenntnissen in die Tat, indem es Absichten schrittweise in gelebte Erfahrung umsetzt.<\/p>\n<p>Es dr\u00e4ngt Sie weder zu Hyperaktivit\u00e4t, noch verspricht es eine sofortige Ver\u00e4nderung.<br \/>\nSie unterst\u00fctzt die Bedingungen, unter denen das Handeln leichter, einfacher und zielgerichteter wird.<\/p>\n<p>&nbsp;<\/p>\n<p><strong>Warum sich Handeln schwierig anf\u00fchlen kann<\/strong><\/p>\n<p>Vielen intelligenten, f\u00e4higen Menschen f\u00e4llt es schwer, das zu tun, was wichtig ist.<br \/>\nDies ist selten auf Faulheit zur\u00fcckzuf\u00fchren, sondern viel h\u00e4ufiger auf:<br \/>\n- Angst vor Misserfolg<br \/>\n- Angst vor dem Urteil<br \/>\n- Angst, nicht genug zu sein<br \/>\n- Perfektionismus<br \/>\n- verinnerlichter Druck und Scham<\/p>\n<p>Diese Tendenzen haben ihren Ursprung oft in fr\u00fchen Erfahrungen, in denen Fehler bestraft oder l\u00e4cherlich gemacht wurden - und tauchen sp\u00e4ter im Erwachsenenleben als Z\u00f6gern oder R\u00fcckzug auf.<\/p>\n<p>In diesem Sinne ist die Vermeidung kein Fehler, sondern eine Schutzstrategie, die ihren Zweck \u00fcberlebt hat.<\/p>\n<p>&nbsp;<\/p>\n<p><strong>Von der Einsicht zum Verhalten<\/strong><\/p>\n<p>Wenn die Angst nachl\u00e4sst, kann wieder gehandelt werden.<\/p>\n<p>Menschen, die Salz Nr. 3 verwenden, berichten h\u00e4ufig:<br \/>\n- kleine, aber bedeutsame Verschiebungen der Dynamik<br \/>\n- leichtere Entscheidungsfindung<br \/>\n- geringere Selbstkritik<br \/>\n- klarere Priorit\u00e4ten<br \/>\n- F\u00e4higkeit, Aufgaben zu erledigen, die zuvor als schwer empfunden wurden<\/p>\n<p>Diese Ver\u00e4nderungen vollziehen sich in der Regel allm\u00e4hlich - in allt\u00e4glichen Entscheidungen, Interaktionen und Gewohnheiten - und nicht durch dramatische Durchbr\u00fcche.<\/p>\n<p>Der Schwerpunkt liegt nicht auf der Leistung.<br \/>\nSie ist auf das ausgerichtet, was wirklich wichtig ist.<\/p>\n<p>Verantwortung als Freiheit<\/p>\n<p>Sie m\u00fcssen sich nicht zwingen, diszipliniert oder entschlossen zu sein.<br \/>\nWenn Klarheit, Mut und emotionale Regulierung unterst\u00fctzt werden, wird das Handeln nat\u00fcrlicher und weniger anstrengend.<\/p>\n<p>&nbsp;<\/p>\n<p>Dieses Salz unterst\u00fctzt den \u00dcbergang von:<br \/>\n- \u201cIch sollte das tun\u201d<br \/>\nzu<br \/>\n- \u201cIch bin jetzt bereit, das zu tun.\u201d<\/p>\n<p>Nicht, weil man eine neue Identit\u00e4t annimmt,<br \/>\nsondern weil man aufh\u00f6rt, sich seinen eigenen Absichten zu widersetzen.<\/p>\n<p>&nbsp;<\/p>\n<p><strong>Wie man es benutzt<\/strong><\/p>\n<p>Nehmen Sie f\u00fcnfmal t\u00e4glich ein paar K\u00f6rner.<br \/>\nLassen Sie sie unter der Zunge zergehen.<\/p>\n<p>Eine Dose h\u00e4lt bei regelm\u00e4\u00dfigem Gebrauch etwa zwei Monate.<\/p>\n<p>&nbsp;<\/p>\n<p><strong>Eine unterst\u00fctzende Praxis:<\/strong><br \/>\n1. Pause vor oder nach jeder Benutzung<br \/>\n2. Nehmen Sie Ihren Zustand wahr, ohne ihn zu analysieren<br \/>\n3. Setzen Sie sich eine einfache, realistische Absicht<br \/>\n4. Eine kleine Aktion durchziehen<\/p>\n<p>Sich nicht zu \u00fcberfordern -<br \/>\nsondern mit dem verbunden zu bleiben, was Sie wirklich wollen.<\/p>\n<p>Mit der Zeit h\u00e4ufen sich kleine Ma\u00dfnahmen, und die Priorit\u00e4ten werden klarer.<\/p>\n<p>F\u00fcr Zeiten blockierter Energie<\/p>\n<p>Wenn Sie starke innere Blockaden, Druck oder Stagnation versp\u00fcren, k\u00f6nnen Sie die Kombination von Salz Nr. 3 mit Salz Nr. 7 in Betracht ziehen.<br \/>\nViele Menschen finden, dass diese Kombination den Fluss und die Bewegung wiederherstellt.<\/p>\n<p>&nbsp;<\/p>\n<p><strong>Warum das wichtig ist<\/strong><\/p>\n<p>Die Neuausrichtung Ihres Lebens erfordert keine Gewalt oder Perfektion.<br \/>\nSie erfordert:<br \/>\n- Klarheit<br \/>\n- Mut<br \/>\n- emotionaler Raum<br \/>\n- und sanfte Beharrlichkeit<\/p>\n<p>Salz Nr. 3 unterst\u00fctzt diese Bedingungen - nicht indem es etwas Neues hinzuf\u00fcgt, sondern indem es innere St\u00f6rungen beseitigt, damit Ihre nat\u00fcrliche Intelligenz freier arbeiten kann.<\/p>\n<p>Wenn dies geschieht, wird das Handeln weniger zu einem Kampf als vielmehr zu einer Fortsetzung der inneren Klarheit.<\/p>\n<p>&nbsp;<\/p>\n<p><strong>\u00dcber den Produktionsprozess<\/strong><\/p>\n<p>Die Informationsstruktur in den Salzen kann derzeit mit der verf\u00fcgbaren Technologie nicht gemessen werden.<br \/>\nDie Produktionsmethode wird seit 1993 praktiziert und 2024 erheblich verfeinert.<\/p>\n<p>Chemisch gesehen handelt es sich bei diesem Produkt um reines, essbares Kristallsalz, das aus Vorkommen stammt, die gemeinhin als Himalaya-Salz bekannt sind.<\/p>\n<p>&nbsp;<\/p>\n<p><strong>Wichtiger Hinweis<\/strong><\/p>\n<p>Produkte verbinden und aktivieren:<br \/>\n- sind keine Medizin<br \/>\n- keine Krankheiten diagnostizieren, behandeln oder heilen<br \/>\n- sind kein Ersatz f\u00fcr medizinische oder psychologische Unterst\u00fctzung<\/p>\n<p>Sie sollen die Selbsterkenntnis und die pers\u00f6nliche Entwicklung f\u00f6rdern.<\/p>\n<p>K\u00f6rperliche oder psychische Symptome sollten von qualifizierten Fachleuten beurteilt werden.<\/p>","protected":false},"excerpt":{"rendered":"<p>Where Salt No. 1 helps you recognize limiting patterns, and Salt No. 2 strengthens orientation toward what matters, Salt No. 3 helps you bring this into daily life in a grounded, realistic way.<\/p>\n<p>Many people experience increased motivation, confidence, and a more natural ability to follow through with tasks and decisions \u2014 not through pressure, but through a calmer sense of purpose and inner coherence.<\/p>\n<p>It is supportive for moments when you feel ready to move from reflection into action, and shape your life with intention.<\/p>","protected":false},"featured_media":101,"comment_status":"open","ping_status":"closed","template":"","meta":[],"product_brand":[],"product_cat":[16],"product_tag":[],"class_list":{"0":"post-100","1":"product","2":"type-product","3":"status-publish","4":"has-post-thumbnail","6":"product_cat-uncategorized","8":"first","9":"instock","10":"shipping-taxable","11":"product-type-simple"},"yoast_head":"<!-- This site is optimized with the Yoast SEO plugin v26.8 - https:\/\/yoast.com\/product\/yoast-seo-wordpress\/ -->\n<title>From Insight to Action<\/title>\n<meta name=\"description\" content=\"Inspiration No. 3 \u2013 From Insight to Action. Subtle support for clarity, momentum, and meaningful change. Reduce hesitation, soften perfectionism, and turn intention into lived experience\" \/>\n<meta name=\"robots\" content=\"noindex, follow, max-snippet:-1, max-image-preview:large, max-video-preview:-1\" \/>\n<meta property=\"og:locale\" content=\"de_DE\" \/>\n<meta property=\"og:type\" content=\"article\" \/>\n<meta property=\"og:title\" content=\"From Insight to Action\" \/>\n<meta property=\"og:description\" content=\"Inspiration No. 3 \u2013 From Insight to Action. Subtle support for clarity, momentum, and meaningful change. Reduce hesitation, soften perfectionism, and turn intention into lived experience\" \/>\n<meta property=\"og:url\" content=\"https:\/\/connectandactivate.info\/de\/produkt\/von-der-erkenntnis-zum-handeln\/\" \/>\n<meta property=\"og:site_name\" content=\"connect\" \/>\n<meta property=\"article:modified_time\" content=\"2025-12-22T07:59:26+00:00\" \/>\n<meta property=\"og:image\" content=\"https:\/\/connectandactivate.info\/wp-content\/uploads\/2025\/11\/Gold01136.jpg\" \/>\n\t<meta property=\"og:image:width\" content=\"500\" \/>\n\t<meta property=\"og:image:height\" content=\"500\" \/>\n\t<meta property=\"og:image:type\" content=\"image\/jpeg\" \/>\n<meta name=\"twitter:card\" content=\"summary_large_image\" \/>\n<meta name=\"twitter:label1\" content=\"Gesch\u00e4tzte Lesezeit\" \/>\n\t<meta name=\"twitter:data1\" content=\"3\u00a0Minuten\" \/>\n<script type=\"application\/ld+json\" class=\"yoast-schema-graph\">{\"@context\":\"https:\/\/schema.org\",\"@graph\":[{\"@type\":\"WebPage\",\"@id\":\"https:\/\/connectandactivate.info\/product\/from-insight-to-action\/\",\"url\":\"https:\/\/connectandactivate.info\/product\/from-insight-to-action\/\",\"name\":\"From Insight to Action\",\"isPartOf\":{\"@id\":\"https:\/\/connectandactivate.info\/#website\"},\"primaryImageOfPage\":{\"@id\":\"https:\/\/connectandactivate.info\/product\/from-insight-to-action\/#primaryimage\"},\"image\":{\"@id\":\"https:\/\/connectandactivate.info\/product\/from-insight-to-action\/#primaryimage\"},\"thumbnailUrl\":\"https:\/\/connectandactivate.info\/wp-content\/uploads\/2025\/11\/Gold01136.jpg\",\"datePublished\":\"2025-11-03T19:14:24+00:00\",\"dateModified\":\"2025-12-22T07:59:26+00:00\",\"description\":\"Inspiration No. 3 \u2013 From Insight to Action. Subtle support for clarity, momentum, and meaningful change. Reduce hesitation, soften perfectionism, and turn intention into lived experience\",\"breadcrumb\":{\"@id\":\"https:\/\/connectandactivate.info\/product\/from-insight-to-action\/#breadcrumb\"},\"inLanguage\":\"de\",\"potentialAction\":[{\"@type\":\"ReadAction\",\"target\":[\"https:\/\/connectandactivate.info\/product\/from-insight-to-action\/\"]}]},{\"@type\":\"ImageObject\",\"inLanguage\":\"de\",\"@id\":\"https:\/\/connectandactivate.info\/product\/from-insight-to-action\/#primaryimage\",\"url\":\"https:\/\/connectandactivate.info\/wp-content\/uploads\/2025\/11\/Gold01136.jpg\",\"contentUrl\":\"https:\/\/connectandactivate.info\/wp-content\/uploads\/2025\/11\/Gold01136.jpg\",\"width\":500,\"height\":500},{\"@type\":\"BreadcrumbList\",\"@id\":\"https:\/\/connectandactivate.info\/product\/from-insight-to-action\/#breadcrumb\",\"itemListElement\":[{\"@type\":\"ListItem\",\"position\":1,\"name\":\"Home\",\"item\":\"https:\/\/connectandactivate.info\/\"},{\"@type\":\"ListItem\",\"position\":2,\"name\":\"Shop\",\"item\":\"https:\/\/connectandactivate.info\/shop\/\"},{\"@type\":\"ListItem\",\"position\":3,\"name\":\"From Insight to Action\"}]},{\"@type\":\"WebSite\",\"@id\":\"https:\/\/connectandactivate.info\/#website\",\"url\":\"https:\/\/connectandactivate.info\/\",\"name\":\"connect\",\"description\":\"\",\"potentialAction\":[{\"@type\":\"SearchAction\",\"target\":{\"@type\":\"EntryPoint\",\"urlTemplate\":\"https:\/\/connectandactivate.info\/?s={search_term_string}\"},\"query-input\":{\"@type\":\"PropertyValueSpecification\",\"valueRequired\":true,\"valueName\":\"search_term_string\"}}],\"inLanguage\":\"de\"}]}<\/script>\n<!-- \/ Yoast SEO plugin. -->","yoast_head_json":{"title":"Von der Einsicht zum Handeln","description":"Inspiration Nr. 3 - Von der Einsicht zum Handeln. Subtile Unterst\u00fctzung f\u00fcr Klarheit, Schwung und sinnvolle Ver\u00e4nderungen. Z\u00f6gern abbauen, Perfektionismus abmildern und Absicht in gelebte Erfahrung verwandeln","robots":{"index":"noindex","follow":"follow","max-snippet":"max-snippet:-1","max-image-preview":"max-image-preview:large","max-video-preview":"max-video-preview:-1"},"og_locale":"de_DE","og_type":"article","og_title":"From Insight to Action","og_description":"Inspiration No. 3 \u2013 From Insight to Action. Subtle support for clarity, momentum, and meaningful change. Reduce hesitation, soften perfectionism, and turn intention into lived experience","og_url":"https:\/\/connectandactivate.info\/de\/produkt\/von-der-erkenntnis-zum-handeln\/","og_site_name":"connect","article_modified_time":"2025-12-22T07:59:26+00:00","og_image":[{"width":500,"height":500,"url":"https:\/\/connectandactivate.info\/wp-content\/uploads\/2025\/11\/Gold01136.jpg","type":"image\/jpeg"}],"twitter_card":"summary_large_image","twitter_misc":{"Gesch\u00e4tzte Lesezeit":"3\u00a0Minuten"},"schema":{"@context":"https:\/\/schema.org","@graph":[{"@type":"WebPage","@id":"https:\/\/connectandactivate.info\/product\/from-insight-to-action\/","url":"https:\/\/connectandactivate.info\/product\/from-insight-to-action\/","name":"Von der Einsicht zum Handeln","isPartOf":{"@id":"https:\/\/connectandactivate.info\/#website"},"primaryImageOfPage":{"@id":"https:\/\/connectandactivate.info\/product\/from-insight-to-action\/#primaryimage"},"image":{"@id":"https:\/\/connectandactivate.info\/product\/from-insight-to-action\/#primaryimage"},"thumbnailUrl":"https:\/\/connectandactivate.info\/wp-content\/uploads\/2025\/11\/Gold01136.jpg","datePublished":"2025-11-03T19:14:24+00:00","dateModified":"2025-12-22T07:59:26+00:00","description":"Inspiration Nr. 3 - Von der Einsicht zum Handeln. Subtile Unterst\u00fctzung f\u00fcr Klarheit, Schwung und sinnvolle Ver\u00e4nderungen. Z\u00f6gern abbauen, Perfektionismus abmildern und Absicht in gelebte Erfahrung verwandeln","breadcrumb":{"@id":"https:\/\/connectandactivate.info\/product\/from-insight-to-action\/#breadcrumb"},"inLanguage":"de","potentialAction":[{"@type":"ReadAction","target":["https:\/\/connectandactivate.info\/product\/from-insight-to-action\/"]}]},{"@type":"ImageObject","inLanguage":"de","@id":"https:\/\/connectandactivate.info\/product\/from-insight-to-action\/#primaryimage","url":"https:\/\/connectandactivate.info\/wp-content\/uploads\/2025\/11\/Gold01136.jpg","contentUrl":"https:\/\/connectandactivate.info\/wp-content\/uploads\/2025\/11\/Gold01136.jpg","width":500,"height":500},{"@type":"BreadcrumbList","@id":"https:\/\/connectandactivate.info\/product\/from-insight-to-action\/#breadcrumb","itemListElement":[{"@type":"ListItem","position":1,"name":"Home","item":"https:\/\/connectandactivate.info\/"},{"@type":"ListItem","position":2,"name":"Shop","item":"https:\/\/connectandactivate.info\/shop\/"},{"@type":"ListItem","position":3,"name":"From Insight to Action"}]},{"@type":"WebSite","@id":"https:\/\/connectandactivate.info\/#website","url":"https:\/\/connectandactivate.info\/","name":"verbinden","description":"","potentialAction":[{"@type":"SearchAction","target":{"@type":"EntryPoint","urlTemplate":"https:\/\/connectandactivate.info\/?s={search_term_string}"},"query-input":{"@type":"PropertyValueSpecification","valueRequired":true,"valueName":"search_term_string"}}],"inLanguage":"de"}]}},"_links":{"self":[{"href":"https:\/\/connectandactivate.info\/de\/wp-json\/wp\/v2\/product\/100","targetHints":{"allow":["GET"]}}],"collection":[{"href":"https:\/\/connectandactivate.info\/de\/wp-json\/wp\/v2\/product"}],"about":[{"href":"https:\/\/connectandactivate.info\/de\/wp-json\/wp\/v2\/types\/product"}],"replies":[{"embeddable":true,"href":"https:\/\/connectandactivate.info\/de\/wp-json\/wp\/v2\/comments?post=100"}],"wp:featuredmedia":[{"embeddable":true,"href":"https:\/\/connectandactivate.info\/de\/wp-json\/wp\/v2\/media\/101"}],"wp:attachment":[{"href":"https:\/\/connectandactivate.info\/de\/wp-json\/wp\/v2\/media?parent=100"}],"wp:term":[{"taxonomy":"product_brand","embeddable":true,"href":"https:\/\/connectandactivate.info\/de\/wp-json\/wp\/v2\/product_brand?post=100"},{"taxonomy":"product_cat","embeddable":true,"href":"https:\/\/connectandactivate.info\/de\/wp-json\/wp\/v2\/product_cat?post=100"},{"taxonomy":"product_tag","embeddable":true,"href":"https:\/\/connectandactivate.info\/de\/wp-json\/wp\/v2\/product_tag?post=100"}],"curies":[{"name":"wp","href":"https:\/\/api.w.org\/{rel}","templated":true}]}}