{"id":10,"date":"2024-11-11T10:20:43","date_gmt":"2024-11-11T10:20:43","guid":{"rendered":"http:\/\/localhost\/connectwp\/?page_id=10"},"modified":"2025-12-18T04:09:24","modified_gmt":"2025-12-18T04:09:24","slug":"preguntas-frecuentes","status":"publish","type":"page","link":"https:\/\/connectandactivate.info\/es\/preguntas-frecuentes\/","title":{"rendered":"Preguntas Frecuentes"},"content":{"rendered":"<p>Connect &amp; Activate es un sistema pr\u00e1ctico que utiliza siete sales basadas en la inspiraci\u00f3n para favorecer el autoconocimiento, la claridad y el desarrollo personal.<br \/>\nEste sitio web y el libro que lo acompa\u00f1a est\u00e1n concebidos como una gu\u00eda sencilla y estructurada para ayudarle a trabajar con las sales con confianza y eficacia.<\/p>\n<p>Muchas personas experimentan Conectar y Activar como una nueva forma de iniciar un cambio significativo en la vida cotidiana, lo que naturalmente plantea preguntas.<br \/>\n<strong>He aqu\u00ed las respuestas a algunas de las m\u00e1s frecuentes.<\/strong><\/p>","protected":false},"excerpt":{"rendered":"<p>Connect &amp; Activate is a practical system that uses seven inspiration-based salts to support self-awareness, clarity, and personal development. This website and the accompanying book are designed as a simple, structured guide to help you work with the salts confidently and effectively. Many people experience Connect &amp; Activate as a new way of initiating meaningful [&hellip;]<\/p>","protected":false},"author":1,"featured_media":0,"parent":0,"menu_order":0,"comment_status":"closed","ping_status":"closed","template":"faq.php","meta":{"footnotes":""},"class_list":["post-10","page","type-page","status-publish","hentry"],"yoast_head":"<!-- This site is optimized with the Yoast SEO plugin v26.8 - https:\/\/yoast.com\/product\/yoast-seo-wordpress\/ -->\n<title>Faq - connect<\/title>\n<meta name=\"robots\" content=\"noindex, follow, max-snippet:-1, max-image-preview:large, max-video-preview:-1\" \/>\n<meta property=\"og:locale\" content=\"es_ES\" \/>\n<meta property=\"og:type\" content=\"article\" \/>\n<meta property=\"og:title\" content=\"Faq - connect\" \/>\n<meta property=\"og:description\" content=\"Connect &amp; Activate is a practical system that uses seven inspiration-based salts to support self-awareness, clarity, and personal development. This website and the accompanying book are designed as a simple, structured guide to help you work with the salts confidently and effectively. Many people experience Connect &amp; Activate as a new way of initiating meaningful [&hellip;]\" \/>\n<meta property=\"og:url\" content=\"https:\/\/connectandactivate.info\/es\/preguntas-frecuentes\/\" \/>\n<meta property=\"og:site_name\" content=\"connect\" \/>\n<meta property=\"article:modified_time\" content=\"2025-12-18T04:09:24+00:00\" \/>\n<meta name=\"twitter:card\" content=\"summary_large_image\" \/>\n<script type=\"application\/ld+json\" class=\"yoast-schema-graph\">{\"@context\":\"https:\/\/schema.org\",\"@graph\":[{\"@type\":\"WebPage\",\"@id\":\"https:\/\/connectandactivate.info\/faq\/\",\"url\":\"https:\/\/connectandactivate.info\/faq\/\",\"name\":\"Faq - connect\",\"isPartOf\":{\"@id\":\"https:\/\/connectandactivate.info\/#website\"},\"datePublished\":\"2024-11-11T10:20:43+00:00\",\"dateModified\":\"2025-12-18T04:09:24+00:00\",\"breadcrumb\":{\"@id\":\"https:\/\/connectandactivate.info\/faq\/#breadcrumb\"},\"inLanguage\":\"es\",\"potentialAction\":[{\"@type\":\"ReadAction\",\"target\":[\"https:\/\/connectandactivate.info\/faq\/\"]}]},{\"@type\":\"BreadcrumbList\",\"@id\":\"https:\/\/connectandactivate.info\/faq\/#breadcrumb\",\"itemListElement\":[{\"@type\":\"ListItem\",\"position\":1,\"name\":\"Home\",\"item\":\"https:\/\/connectandactivate.info\/\"},{\"@type\":\"ListItem\",\"position\":2,\"name\":\"Faq\"}]},{\"@type\":\"WebSite\",\"@id\":\"https:\/\/connectandactivate.info\/#website\",\"url\":\"https:\/\/connectandactivate.info\/\",\"name\":\"connect\",\"description\":\"\",\"potentialAction\":[{\"@type\":\"SearchAction\",\"target\":{\"@type\":\"EntryPoint\",\"urlTemplate\":\"https:\/\/connectandactivate.info\/?s={search_term_string}\"},\"query-input\":{\"@type\":\"PropertyValueSpecification\",\"valueRequired\":true,\"valueName\":\"search_term_string\"}}],\"inLanguage\":\"es\"}]}<\/script>\n<!-- \/ Yoast SEO plugin. -->","yoast_head_json":{"title":"Preguntas frecuentes - conectar","robots":{"index":"noindex","follow":"follow","max-snippet":"max-snippet:-1","max-image-preview":"max-image-preview:large","max-video-preview":"max-video-preview:-1"},"og_locale":"es_ES","og_type":"article","og_title":"Faq - connect","og_description":"Connect &amp; Activate is a practical system that uses seven inspiration-based salts to support self-awareness, clarity, and personal development. This website and the accompanying book are designed as a simple, structured guide to help you work with the salts confidently and effectively. Many people experience Connect &amp; Activate as a new way of initiating meaningful [&hellip;]","og_url":"https:\/\/connectandactivate.info\/es\/preguntas-frecuentes\/","og_site_name":"connect","article_modified_time":"2025-12-18T04:09:24+00:00","twitter_card":"summary_large_image","schema":{"@context":"https:\/\/schema.org","@graph":[{"@type":"WebPage","@id":"https:\/\/connectandactivate.info\/faq\/","url":"https:\/\/connectandactivate.info\/faq\/","name":"Preguntas frecuentes - conectar","isPartOf":{"@id":"https:\/\/connectandactivate.info\/#website"},"datePublished":"2024-11-11T10:20:43+00:00","dateModified":"2025-12-18T04:09:24+00:00","breadcrumb":{"@id":"https:\/\/connectandactivate.info\/faq\/#breadcrumb"},"inLanguage":"es","potentialAction":[{"@type":"ReadAction","target":["https:\/\/connectandactivate.info\/faq\/"]}]},{"@type":"BreadcrumbList","@id":"https:\/\/connectandactivate.info\/faq\/#breadcrumb","itemListElement":[{"@type":"ListItem","position":1,"name":"Home","item":"https:\/\/connectandactivate.info\/"},{"@type":"ListItem","position":2,"name":"Faq"}]},{"@type":"WebSite","@id":"https:\/\/connectandactivate.info\/#website","url":"https:\/\/connectandactivate.info\/","name":"conecte","description":"","potentialAction":[{"@type":"SearchAction","target":{"@type":"EntryPoint","urlTemplate":"https:\/\/connectandactivate.info\/?s={search_term_string}"},"query-input":{"@type":"PropertyValueSpecification","valueRequired":true,"valueName":"search_term_string"}}],"inLanguage":"es"}]}},"_links":{"self":[{"href":"https:\/\/connectandactivate.info\/es\/wp-json\/wp\/v2\/pages\/10","targetHints":{"allow":["GET"]}}],"collection":[{"href":"https:\/\/connectandactivate.info\/es\/wp-json\/wp\/v2\/pages"}],"about":[{"href":"https:\/\/connectandactivate.info\/es\/wp-json\/wp\/v2\/types\/page"}],"author":[{"embeddable":true,"href":"https:\/\/connectandactivate.info\/es\/wp-json\/wp\/v2\/users\/1"}],"replies":[{"embeddable":true,"href":"https:\/\/connectandactivate.info\/es\/wp-json\/wp\/v2\/comments?post=10"}],"version-history":[{"count":0,"href":"https:\/\/connectandactivate.info\/es\/wp-json\/wp\/v2\/pages\/10\/revisions"}],"wp:attachment":[{"href":"https:\/\/connectandactivate.info\/es\/wp-json\/wp\/v2\/media?parent=10"}],"curies":[{"name":"wp","href":"https:\/\/api.w.org\/{rel}","templated":true}]}}