{"id":287,"date":"2025-12-20T10:23:12","date_gmt":"2025-12-20T10:23:12","guid":{"rendered":"https:\/\/connectandactivate.info\/?page_id=287"},"modified":"2026-01-26T07:57:20","modified_gmt":"2026-01-26T07:57:20","slug":"encuentre-lo-que-necesita","status":"publish","type":"page","link":"https:\/\/connectandactivate.info\/es\/encuentre-lo-que-necesita\/","title":{"rendered":"Encuentre lo que necesita"},"content":{"rendered":"<p>Estas recomendaciones se basan en amplias consultas y en la observaci\u00f3n a largo plazo de los resultados.<br \/>\nCuanto m\u00e1s tiempo lleve presente un h\u00e1bito o patr\u00f3n, m\u00e1s tiempo requerir\u00e1 un cambio duradero, y empezar antes suele facilitar el proceso.<\/p>\n<p>El mejor momento para empezar es ahora. Si le resuenan varios puntos, un buen enfoque inicial es empezar con la Sal n\u00ba 1 y la Sal n\u00ba 5.<\/p>\n<p>Dado que el efecto funciona a trav\u00e9s de tu propia conciencia superior, este proceso favorece el regreso a ti mismo, sin presiones externas ni ideolog\u00edas.<br \/>\nLibertad a trav\u00e9s de la autoexperiencia.<\/p>\n<p>Las sales ayudan a crear una conexi\u00f3n interior, activan las fortalezas individuales y favorecen una concentraci\u00f3n clara y fundamentada.<\/p>\n<p>Un s\u00edmbolo \u2605 se\u00f1ala las sales m\u00e1s recomendadas, mientras que un + indica otras sales de apoyo.<br \/>\nLa sal n\u00ba 1 tiende a acelerar el progreso en muchas situaciones.<br \/>\nLa sal n.\u00ba 5 favorece el valor y la confianza en uno mismo a trav\u00e9s de un sentido m\u00e1s profundo de la autoestima.<\/p>","protected":false},"excerpt":{"rendered":"<p>These recommendations are based on extensive consultations and long-term observation of results. The longer a habit or pattern has been present, the more time lasting change may require\u2014and beginning sooner often makes the process easier. The best moment to start is now. If several points resonate with you, a good initial approach is to begin [&hellip;]<\/p>","protected":false},"author":1,"featured_media":0,"parent":0,"menu_order":0,"comment_status":"closed","ping_status":"closed","template":"selection-page.php","meta":{"footnotes":""},"class_list":["post-287","page","type-page","status-publish","hentry"],"yoast_head":"<!-- This site is optimized with the Yoast SEO plugin v26.8 - https:\/\/yoast.com\/product\/yoast-seo-wordpress\/ -->\n<title>Find what you need - connect<\/title>\n<meta name=\"robots\" content=\"noindex, follow, max-snippet:-1, max-image-preview:large, max-video-preview:-1\" \/>\n<meta property=\"og:locale\" content=\"es_ES\" \/>\n<meta property=\"og:type\" content=\"article\" \/>\n<meta property=\"og:title\" content=\"Find what you need - connect\" \/>\n<meta property=\"og:description\" content=\"These recommendations are based on extensive consultations and long-term observation of results. The longer a habit or pattern has been present, the more time lasting change may require\u2014and beginning sooner often makes the process easier. The best moment to start is now. If several points resonate with you, a good initial approach is to begin [&hellip;]\" \/>\n<meta property=\"og:url\" content=\"https:\/\/connectandactivate.info\/es\/encuentre-lo-que-necesita\/\" \/>\n<meta property=\"og:site_name\" content=\"connect\" \/>\n<meta property=\"article:modified_time\" content=\"2026-01-26T07:57:20+00:00\" \/>\n<meta name=\"twitter:card\" content=\"summary_large_image\" \/>\n<meta name=\"twitter:label1\" content=\"Tiempo de lectura\" \/>\n\t<meta name=\"twitter:data1\" content=\"1 minuto\" \/>\n<script type=\"application\/ld+json\" class=\"yoast-schema-graph\">{\"@context\":\"https:\/\/schema.org\",\"@graph\":[{\"@type\":\"WebPage\",\"@id\":\"https:\/\/connectandactivate.info\/find-what-you-need\/\",\"url\":\"https:\/\/connectandactivate.info\/find-what-you-need\/\",\"name\":\"Find what you need - connect\",\"isPartOf\":{\"@id\":\"https:\/\/connectandactivate.info\/#website\"},\"datePublished\":\"2025-12-20T10:23:12+00:00\",\"dateModified\":\"2026-01-26T07:57:20+00:00\",\"breadcrumb\":{\"@id\":\"https:\/\/connectandactivate.info\/find-what-you-need\/#breadcrumb\"},\"inLanguage\":\"es\",\"potentialAction\":[{\"@type\":\"ReadAction\",\"target\":[\"https:\/\/connectandactivate.info\/find-what-you-need\/\"]}]},{\"@type\":\"BreadcrumbList\",\"@id\":\"https:\/\/connectandactivate.info\/find-what-you-need\/#breadcrumb\",\"itemListElement\":[{\"@type\":\"ListItem\",\"position\":1,\"name\":\"Home\",\"item\":\"https:\/\/connectandactivate.info\/\"},{\"@type\":\"ListItem\",\"position\":2,\"name\":\"Find what you need\"}]},{\"@type\":\"WebSite\",\"@id\":\"https:\/\/connectandactivate.info\/#website\",\"url\":\"https:\/\/connectandactivate.info\/\",\"name\":\"connect\",\"description\":\"\",\"potentialAction\":[{\"@type\":\"SearchAction\",\"target\":{\"@type\":\"EntryPoint\",\"urlTemplate\":\"https:\/\/connectandactivate.info\/?s={search_term_string}\"},\"query-input\":{\"@type\":\"PropertyValueSpecification\",\"valueRequired\":true,\"valueName\":\"search_term_string\"}}],\"inLanguage\":\"es\"}]}<\/script>\n<!-- \/ Yoast SEO plugin. -->","yoast_head_json":{"title":"Encuentre lo que necesita: con\u00e9ctese","robots":{"index":"noindex","follow":"follow","max-snippet":"max-snippet:-1","max-image-preview":"max-image-preview:large","max-video-preview":"max-video-preview:-1"},"og_locale":"es_ES","og_type":"article","og_title":"Find what you need - connect","og_description":"These recommendations are based on extensive consultations and long-term observation of results. The longer a habit or pattern has been present, the more time lasting change may require\u2014and beginning sooner often makes the process easier. The best moment to start is now. If several points resonate with you, a good initial approach is to begin [&hellip;]","og_url":"https:\/\/connectandactivate.info\/es\/encuentre-lo-que-necesita\/","og_site_name":"connect","article_modified_time":"2026-01-26T07:57:20+00:00","twitter_card":"summary_large_image","twitter_misc":{"Tiempo de lectura":"1 minuto"},"schema":{"@context":"https:\/\/schema.org","@graph":[{"@type":"WebPage","@id":"https:\/\/connectandactivate.info\/find-what-you-need\/","url":"https:\/\/connectandactivate.info\/find-what-you-need\/","name":"Encuentre lo que necesita: con\u00e9ctese","isPartOf":{"@id":"https:\/\/connectandactivate.info\/#website"},"datePublished":"2025-12-20T10:23:12+00:00","dateModified":"2026-01-26T07:57:20+00:00","breadcrumb":{"@id":"https:\/\/connectandactivate.info\/find-what-you-need\/#breadcrumb"},"inLanguage":"es","potentialAction":[{"@type":"ReadAction","target":["https:\/\/connectandactivate.info\/find-what-you-need\/"]}]},{"@type":"BreadcrumbList","@id":"https:\/\/connectandactivate.info\/find-what-you-need\/#breadcrumb","itemListElement":[{"@type":"ListItem","position":1,"name":"Home","item":"https:\/\/connectandactivate.info\/"},{"@type":"ListItem","position":2,"name":"Find what you need"}]},{"@type":"WebSite","@id":"https:\/\/connectandactivate.info\/#website","url":"https:\/\/connectandactivate.info\/","name":"conecte","description":"","potentialAction":[{"@type":"SearchAction","target":{"@type":"EntryPoint","urlTemplate":"https:\/\/connectandactivate.info\/?s={search_term_string}"},"query-input":{"@type":"PropertyValueSpecification","valueRequired":true,"valueName":"search_term_string"}}],"inLanguage":"es"}]}},"_links":{"self":[{"href":"https:\/\/connectandactivate.info\/es\/wp-json\/wp\/v2\/pages\/287","targetHints":{"allow":["GET"]}}],"collection":[{"href":"https:\/\/connectandactivate.info\/es\/wp-json\/wp\/v2\/pages"}],"about":[{"href":"https:\/\/connectandactivate.info\/es\/wp-json\/wp\/v2\/types\/page"}],"author":[{"embeddable":true,"href":"https:\/\/connectandactivate.info\/es\/wp-json\/wp\/v2\/users\/1"}],"replies":[{"embeddable":true,"href":"https:\/\/connectandactivate.info\/es\/wp-json\/wp\/v2\/comments?post=287"}],"version-history":[{"count":2,"href":"https:\/\/connectandactivate.info\/es\/wp-json\/wp\/v2\/pages\/287\/revisions"}],"predecessor-version":[{"id":321,"href":"https:\/\/connectandactivate.info\/es\/wp-json\/wp\/v2\/pages\/287\/revisions\/321"}],"wp:attachment":[{"href":"https:\/\/connectandactivate.info\/es\/wp-json\/wp\/v2\/media?parent=287"}],"curies":[{"name":"wp","href":"https:\/\/api.w.org\/{rel}","templated":true}]}}