{"id":30,"date":"2024-11-11T12:10:05","date_gmt":"2024-11-11T12:10:05","guid":{"rendered":"http:\/\/localhost\/connectwp\/?page_id=30"},"modified":"2024-11-11T13:10:07","modified_gmt":"2024-11-11T13:10:07","slug":"contactanos","status":"publish","type":"page","link":"https:\/\/connectandactivate.info\/es\/contactanos\/","title":{"rendered":"Cont\u00e1ctanos"},"content":{"rendered":"<p>Nunca jam\u00e1s vendemos la informaci\u00f3n sobre usted. Toda la informaci\u00f3n almacenada se codifica en el proveedor Mailbox.org al que se env\u00eda.<\/p>\n<p>BeComplete@Mailbox.org es el correo electr\u00f3nico directo o utilizar el formulario de contacto, que tambi\u00e9n env\u00eda a all\u00ed.<\/p>\n<p>S\u00f3lo utilizamos sus datos para cumplir con los pedidos o responder a sus preguntas u otras solicitudes. M\u00e1s adelante le ofreceremos un bolet\u00edn informativo.<\/p>\n<p>Si tienes una consulta personal, se realizar\u00e1 a trav\u00e9s de ZOOM y si participas con un PC, s\u00f3lo t\u00fa podr\u00e1s grabarla.<\/p>\n<p>Si participa con un smartphone, aseg\u00farese de que puede realizar una grabaci\u00f3n de audio. No realizaremos ninguna grabaci\u00f3n.<\/p>","protected":false},"excerpt":{"rendered":"<p>We never ever sell the information about you. All stored info gets encoded at the provider Mailbox.org you send it to. BeComplete@Mailbox.org is the direct email or use the contact form, which also sends to there. We only use your data for fulfilling orders or answer to your questions or other requests. Later we will [&hellip;]<\/p>","protected":false},"author":1,"featured_media":0,"parent":0,"menu_order":0,"comment_status":"closed","ping_status":"closed","template":"contact-us.php","meta":{"footnotes":""},"class_list":["post-30","page","type-page","status-publish","hentry"],"yoast_head":"<!-- This site is optimized with the Yoast SEO plugin v26.8 - https:\/\/yoast.com\/product\/yoast-seo-wordpress\/ -->\n<title>Contact-us - connect<\/title>\n<meta name=\"robots\" content=\"noindex, follow, max-snippet:-1, max-image-preview:large, max-video-preview:-1\" \/>\n<meta property=\"og:locale\" content=\"es_ES\" \/>\n<meta property=\"og:type\" content=\"article\" \/>\n<meta property=\"og:title\" content=\"Contact-us - connect\" \/>\n<meta property=\"og:description\" content=\"We never ever sell the information about you. All stored info gets encoded at the provider Mailbox.org you send it to. BeComplete@Mailbox.org is the direct email or use the contact form, which also sends to there. We only use your data for fulfilling orders or answer to your questions or other requests. Later we will [&hellip;]\" \/>\n<meta property=\"og:url\" content=\"https:\/\/connectandactivate.info\/es\/contactanos\/\" \/>\n<meta property=\"og:site_name\" content=\"connect\" \/>\n<meta property=\"article:modified_time\" content=\"2024-11-11T13:10:07+00:00\" \/>\n<meta name=\"twitter:card\" content=\"summary_large_image\" \/>\n<meta name=\"twitter:label1\" content=\"Tiempo de lectura\" \/>\n\t<meta name=\"twitter:data1\" content=\"1 minuto\" \/>\n<script type=\"application\/ld+json\" class=\"yoast-schema-graph\">{\"@context\":\"https:\/\/schema.org\",\"@graph\":[{\"@type\":\"WebPage\",\"@id\":\"https:\/\/connectandactivate.info\/contact-us\/\",\"url\":\"https:\/\/connectandactivate.info\/contact-us\/\",\"name\":\"Contact-us - connect\",\"isPartOf\":{\"@id\":\"https:\/\/connectandactivate.info\/#website\"},\"datePublished\":\"2024-11-11T12:10:05+00:00\",\"dateModified\":\"2024-11-11T13:10:07+00:00\",\"breadcrumb\":{\"@id\":\"https:\/\/connectandactivate.info\/contact-us\/#breadcrumb\"},\"inLanguage\":\"es\",\"potentialAction\":[{\"@type\":\"ReadAction\",\"target\":[\"https:\/\/connectandactivate.info\/contact-us\/\"]}]},{\"@type\":\"BreadcrumbList\",\"@id\":\"https:\/\/connectandactivate.info\/contact-us\/#breadcrumb\",\"itemListElement\":[{\"@type\":\"ListItem\",\"position\":1,\"name\":\"Home\",\"item\":\"https:\/\/connectandactivate.info\/\"},{\"@type\":\"ListItem\",\"position\":2,\"name\":\"Contact-us\"}]},{\"@type\":\"WebSite\",\"@id\":\"https:\/\/connectandactivate.info\/#website\",\"url\":\"https:\/\/connectandactivate.info\/\",\"name\":\"connect\",\"description\":\"\",\"potentialAction\":[{\"@type\":\"SearchAction\",\"target\":{\"@type\":\"EntryPoint\",\"urlTemplate\":\"https:\/\/connectandactivate.info\/?s={search_term_string}\"},\"query-input\":{\"@type\":\"PropertyValueSpecification\",\"valueRequired\":true,\"valueName\":\"search_term_string\"}}],\"inLanguage\":\"es\"}]}<\/script>\n<!-- \/ Yoast SEO plugin. -->","yoast_head_json":{"title":"Cont\u00e1ctenos - conectar","robots":{"index":"noindex","follow":"follow","max-snippet":"max-snippet:-1","max-image-preview":"max-image-preview:large","max-video-preview":"max-video-preview:-1"},"og_locale":"es_ES","og_type":"article","og_title":"Contact-us - connect","og_description":"We never ever sell the information about you. All stored info gets encoded at the provider Mailbox.org you send it to. BeComplete@Mailbox.org is the direct email or use the contact form, which also sends to there. We only use your data for fulfilling orders or answer to your questions or other requests. Later we will [&hellip;]","og_url":"https:\/\/connectandactivate.info\/es\/contactanos\/","og_site_name":"connect","article_modified_time":"2024-11-11T13:10:07+00:00","twitter_card":"summary_large_image","twitter_misc":{"Tiempo de lectura":"1 minuto"},"schema":{"@context":"https:\/\/schema.org","@graph":[{"@type":"WebPage","@id":"https:\/\/connectandactivate.info\/contact-us\/","url":"https:\/\/connectandactivate.info\/contact-us\/","name":"Cont\u00e1ctenos - conectar","isPartOf":{"@id":"https:\/\/connectandactivate.info\/#website"},"datePublished":"2024-11-11T12:10:05+00:00","dateModified":"2024-11-11T13:10:07+00:00","breadcrumb":{"@id":"https:\/\/connectandactivate.info\/contact-us\/#breadcrumb"},"inLanguage":"es","potentialAction":[{"@type":"ReadAction","target":["https:\/\/connectandactivate.info\/contact-us\/"]}]},{"@type":"BreadcrumbList","@id":"https:\/\/connectandactivate.info\/contact-us\/#breadcrumb","itemListElement":[{"@type":"ListItem","position":1,"name":"Home","item":"https:\/\/connectandactivate.info\/"},{"@type":"ListItem","position":2,"name":"Contact-us"}]},{"@type":"WebSite","@id":"https:\/\/connectandactivate.info\/#website","url":"https:\/\/connectandactivate.info\/","name":"conecte","description":"","potentialAction":[{"@type":"SearchAction","target":{"@type":"EntryPoint","urlTemplate":"https:\/\/connectandactivate.info\/?s={search_term_string}"},"query-input":{"@type":"PropertyValueSpecification","valueRequired":true,"valueName":"search_term_string"}}],"inLanguage":"es"}]}},"_links":{"self":[{"href":"https:\/\/connectandactivate.info\/es\/wp-json\/wp\/v2\/pages\/30","targetHints":{"allow":["GET"]}}],"collection":[{"href":"https:\/\/connectandactivate.info\/es\/wp-json\/wp\/v2\/pages"}],"about":[{"href":"https:\/\/connectandactivate.info\/es\/wp-json\/wp\/v2\/types\/page"}],"author":[{"embeddable":true,"href":"https:\/\/connectandactivate.info\/es\/wp-json\/wp\/v2\/users\/1"}],"replies":[{"embeddable":true,"href":"https:\/\/connectandactivate.info\/es\/wp-json\/wp\/v2\/comments?post=30"}],"version-history":[{"count":0,"href":"https:\/\/connectandactivate.info\/es\/wp-json\/wp\/v2\/pages\/30\/revisions"}],"wp:attachment":[{"href":"https:\/\/connectandactivate.info\/es\/wp-json\/wp\/v2\/media?parent=30"}],"curies":[{"name":"wp","href":"https:\/\/api.w.org\/{rel}","templated":true}]}}