{"id":322,"date":"2026-01-26T09:44:47","date_gmt":"2026-01-26T09:44:47","guid":{"rendered":"https:\/\/connectandactivate.info\/?page_id=322"},"modified":"2026-01-26T09:46:53","modified_gmt":"2026-01-26T09:46:53","slug":"legal","status":"publish","type":"page","link":"https:\/\/connectandactivate.info\/es\/legal\/","title":{"rendered":"Legal"},"content":{"rendered":"<h3>Aviso:<\/h3>\n<p>Nunca jam\u00e1s vendemos la informaci\u00f3n sobre usted. Toda la informaci\u00f3n almacenada se codifica en el proveedor Mailbox.org al que se env\u00eda.<br \/>\nBeComplete@Mailbox.org es el correo electr\u00f3nico directo o utilizar el formulario de contacto, que tambi\u00e9n env\u00eda a all\u00ed.<\/p>\n<p>S\u00f3lo utilizamos sus datos para cumplir con los pedidos o responder a sus preguntas u otras solicitudes. M\u00e1s adelante le ofreceremos un bolet\u00edn informativo.<\/p>\n<p>Si tienes una consulta personal, se realizar\u00e1 a trav\u00e9s de ZOOM y si participas con un PC, s\u00f3lo t\u00fa podr\u00e1s grabarla.<\/p>\n<p>Si participa con un smartphone, aseg\u00farese de que puede realizar una grabaci\u00f3n de audio. No realizaremos ninguna grabaci\u00f3n.<\/p>\n<h3>Informaci\u00f3n jur\u00eddica<\/h3>\n<p>Debido a requisitos legales, debemos aclarar ciertos puntos para evitar malentendidos que puedan poner en peligro este proyecto.<br \/>\nSi encuentra alg\u00fan conflicto legal en su pa\u00eds, sea amable e inf\u00f3rmenos sin demandarnos, para que podamos abordarlo adecuadamente.<br \/>\nNi yo ni los productos Conectar y Activar pretendemos proporcionar diagn\u00f3sticos m\u00e9dicos o curaci\u00f3n.<br \/>\nEstas herramientas est\u00e1n dise\u00f1adas para apoyar a individuos y terapeutas auto-responsables mediante la integraci\u00f3n de la conciencia superior, que ya est\u00e1 presente dentro de ti.<br \/>\nLos productos facilitan el acceso y la integraci\u00f3n activa en su vida. Se pueden conseguir efectos similares a lo largo del tiempo mediante la meditaci\u00f3n intensiva.<\/p>\n<p>Los usuarios deben consultar a especialistas m\u00e9dicos autorizados de su localidad si experimentan efectos inesperados o molestos relacionados con los productos.<\/p>\n<p>La tecnolog\u00eda actual no puede medir la inspiraci\u00f3n de los niveles superiores de conciencia infundidos en la sal. Aunque tengo 30 a\u00f1os de experiencia y actualizo continuamente mis capacidades, no puedo demostrarlo cient\u00edficamente.<br \/>\nComo ingeniero, me encantar\u00eda probarlo e invito a quien pueda a ponerse en contacto conmigo.<\/p>\n<h3>Distribuci\u00f3n<\/h3>\n<p>Como este proyecto es nuevo, construir la red de distribuci\u00f3n llevar\u00e1 tiempo. Actualmente, el sitio web recoge la informaci\u00f3n del pedido, la almacena de forma segura y la env\u00eda al distribuidor m\u00e1s cercano, que se pondr\u00e1 en contacto con usted para tramitar el pedido.<br \/>\nDebido a los diferentes impuestos y gastos de env\u00edo, s\u00f3lo el distribuidor puede proporcionar el precio final de su pedido. Realizar un pedido en el sitio web no le vincula; la venta se completa a trav\u00e9s del distribuidor.<\/p>","protected":false},"excerpt":{"rendered":"<p>Notice: We never ever sell the information about you. All stored info gets encoded at the provider Mailbox.org you send it to. BeComplete@Mailbox.org is the direct email or use the contact form, which also sends to there. We only use your data for fulfilling orders or answer to your questions or other requests. Later we [&hellip;]<\/p>","protected":false},"author":1,"featured_media":0,"parent":0,"menu_order":0,"comment_status":"closed","ping_status":"closed","template":"","meta":{"footnotes":""},"class_list":["post-322","page","type-page","status-publish","hentry"],"yoast_head":"<!-- This site is optimized with the Yoast SEO plugin v26.8 - https:\/\/yoast.com\/product\/yoast-seo-wordpress\/ -->\n<title>Legal - connect<\/title>\n<meta name=\"robots\" content=\"noindex, follow, max-snippet:-1, max-image-preview:large, max-video-preview:-1\" \/>\n<meta property=\"og:locale\" content=\"es_ES\" \/>\n<meta property=\"og:type\" content=\"article\" \/>\n<meta property=\"og:title\" content=\"Legal - connect\" \/>\n<meta property=\"og:description\" content=\"Notice: We never ever sell the information about you. All stored info gets encoded at the provider Mailbox.org you send it to. BeComplete@Mailbox.org is the direct email or use the contact form, which also sends to there. We only use your data for fulfilling orders or answer to your questions or other requests. Later we [&hellip;]\" \/>\n<meta property=\"og:url\" content=\"https:\/\/connectandactivate.info\/es\/legal\/\" \/>\n<meta property=\"og:site_name\" content=\"connect\" \/>\n<meta property=\"article:modified_time\" content=\"2026-01-26T09:46:53+00:00\" \/>\n<meta name=\"twitter:card\" content=\"summary_large_image\" \/>\n<meta name=\"twitter:label1\" content=\"Tiempo de lectura\" \/>\n\t<meta name=\"twitter:data1\" content=\"2 minutos\" \/>\n<script type=\"application\/ld+json\" class=\"yoast-schema-graph\">{\"@context\":\"https:\/\/schema.org\",\"@graph\":[{\"@type\":\"WebPage\",\"@id\":\"https:\/\/connectandactivate.info\/legal\/\",\"url\":\"https:\/\/connectandactivate.info\/legal\/\",\"name\":\"Legal - connect\",\"isPartOf\":{\"@id\":\"https:\/\/connectandactivate.info\/#website\"},\"datePublished\":\"2026-01-26T09:44:47+00:00\",\"dateModified\":\"2026-01-26T09:46:53+00:00\",\"breadcrumb\":{\"@id\":\"https:\/\/connectandactivate.info\/legal\/#breadcrumb\"},\"inLanguage\":\"es\",\"potentialAction\":[{\"@type\":\"ReadAction\",\"target\":[\"https:\/\/connectandactivate.info\/legal\/\"]}]},{\"@type\":\"BreadcrumbList\",\"@id\":\"https:\/\/connectandactivate.info\/legal\/#breadcrumb\",\"itemListElement\":[{\"@type\":\"ListItem\",\"position\":1,\"name\":\"Home\",\"item\":\"https:\/\/connectandactivate.info\/\"},{\"@type\":\"ListItem\",\"position\":2,\"name\":\"Legal\"}]},{\"@type\":\"WebSite\",\"@id\":\"https:\/\/connectandactivate.info\/#website\",\"url\":\"https:\/\/connectandactivate.info\/\",\"name\":\"connect\",\"description\":\"\",\"potentialAction\":[{\"@type\":\"SearchAction\",\"target\":{\"@type\":\"EntryPoint\",\"urlTemplate\":\"https:\/\/connectandactivate.info\/?s={search_term_string}\"},\"query-input\":{\"@type\":\"PropertyValueSpecification\",\"valueRequired\":true,\"valueName\":\"search_term_string\"}}],\"inLanguage\":\"es\"}]}<\/script>\n<!-- \/ Yoast SEO plugin. -->","yoast_head_json":{"title":"Legal - Conectar","robots":{"index":"noindex","follow":"follow","max-snippet":"max-snippet:-1","max-image-preview":"max-image-preview:large","max-video-preview":"max-video-preview:-1"},"og_locale":"es_ES","og_type":"article","og_title":"Legal - connect","og_description":"Notice: We never ever sell the information about you. All stored info gets encoded at the provider Mailbox.org you send it to. BeComplete@Mailbox.org is the direct email or use the contact form, which also sends to there. We only use your data for fulfilling orders or answer to your questions or other requests. Later we [&hellip;]","og_url":"https:\/\/connectandactivate.info\/es\/legal\/","og_site_name":"connect","article_modified_time":"2026-01-26T09:46:53+00:00","twitter_card":"summary_large_image","twitter_misc":{"Tiempo de lectura":"2 minutos"},"schema":{"@context":"https:\/\/schema.org","@graph":[{"@type":"WebPage","@id":"https:\/\/connectandactivate.info\/legal\/","url":"https:\/\/connectandactivate.info\/legal\/","name":"Legal - Conectar","isPartOf":{"@id":"https:\/\/connectandactivate.info\/#website"},"datePublished":"2026-01-26T09:44:47+00:00","dateModified":"2026-01-26T09:46:53+00:00","breadcrumb":{"@id":"https:\/\/connectandactivate.info\/legal\/#breadcrumb"},"inLanguage":"es","potentialAction":[{"@type":"ReadAction","target":["https:\/\/connectandactivate.info\/legal\/"]}]},{"@type":"BreadcrumbList","@id":"https:\/\/connectandactivate.info\/legal\/#breadcrumb","itemListElement":[{"@type":"ListItem","position":1,"name":"Home","item":"https:\/\/connectandactivate.info\/"},{"@type":"ListItem","position":2,"name":"Legal"}]},{"@type":"WebSite","@id":"https:\/\/connectandactivate.info\/#website","url":"https:\/\/connectandactivate.info\/","name":"conecte","description":"","potentialAction":[{"@type":"SearchAction","target":{"@type":"EntryPoint","urlTemplate":"https:\/\/connectandactivate.info\/?s={search_term_string}"},"query-input":{"@type":"PropertyValueSpecification","valueRequired":true,"valueName":"search_term_string"}}],"inLanguage":"es"}]}},"_links":{"self":[{"href":"https:\/\/connectandactivate.info\/es\/wp-json\/wp\/v2\/pages\/322","targetHints":{"allow":["GET"]}}],"collection":[{"href":"https:\/\/connectandactivate.info\/es\/wp-json\/wp\/v2\/pages"}],"about":[{"href":"https:\/\/connectandactivate.info\/es\/wp-json\/wp\/v2\/types\/page"}],"author":[{"embeddable":true,"href":"https:\/\/connectandactivate.info\/es\/wp-json\/wp\/v2\/users\/1"}],"replies":[{"embeddable":true,"href":"https:\/\/connectandactivate.info\/es\/wp-json\/wp\/v2\/comments?post=322"}],"version-history":[{"count":3,"href":"https:\/\/connectandactivate.info\/es\/wp-json\/wp\/v2\/pages\/322\/revisions"}],"predecessor-version":[{"id":325,"href":"https:\/\/connectandactivate.info\/es\/wp-json\/wp\/v2\/pages\/322\/revisions\/325"}],"wp:attachment":[{"href":"https:\/\/connectandactivate.info\/es\/wp-json\/wp\/v2\/media?parent=322"}],"curies":[{"name":"wp","href":"https:\/\/api.w.org\/{rel}","templated":true}]}}