{"id":76,"date":"2025-10-21T17:48:09","date_gmt":"2025-10-21T17:48:09","guid":{"rendered":"https:\/\/connectandactivate.info\/?page_id=76"},"modified":"2026-01-05T17:32:20","modified_gmt":"2026-01-05T17:32:20","slug":"acerca-de-nosotros","status":"publish","type":"page","link":"https:\/\/connectandactivate.info\/es\/acerca-de-nosotros\/","title":{"rendered":"Qui\u00e9nes somos"},"content":{"rendered":"<h3>Responsable legal del contenido del sitio web<\/h3>\n<p>Karl Gerhard Pieroth<br \/>\n27163 Rd P.3, Dolores, CO, EE.UU.<br \/>\n\ud83d\udce7 BeComplete@mailbox.org<br \/>\n\ud83d\udcde +1 970 570 0151<br \/>\n\ud83d\udcde (Europa): +49 170 4790895<\/p>\n<h3>Acerca de este sitio web<\/h3>\n<p>El sitio web ConnectAndActivate.info ofrece informaci\u00f3n sobre el desarrollo de la conciencia, la libertad interior y la activaci\u00f3n de la conciencia superior en la vida cotidiana. No hay tienda online. S\u00f3lo se almacenar\u00e1n los datos necesarios (como su direcci\u00f3n de correo electr\u00f3nico) cuando se ponga en contacto con nosotros directamente o descargue los libros electr\u00f3nicos gratuitos. La direcci\u00f3n de correo electr\u00f3nico BeComplete@mailbox.org est\u00e1 encriptada y funciona en un servidor seguro en Alemania. Los productos est\u00e1n disponibles a trav\u00e9s de los socios distribuidores que se indican a continuaci\u00f3n.<\/p>\n<h3>Descargo de responsabilidad ling\u00fc\u00edstica y de traducci\u00f3n<u><\/u><u><\/u><\/h3>\n<p>El contenido original de este sitio web, incluidos textos y publicaciones, se ha creado en ingl\u00e9s.<u><\/u><u><\/u><\/p>\n<p>Las traducciones a otros idiomas se realizan con herramientas de inteligencia artificial para mejorar la accesibilidad del p\u00fablico internacional.<u><\/u><u><\/u><\/p>\n<p>Debido a la naturaleza del lenguaje y a los temas vivenciales, simb\u00f3licos y conceptuales abordados, las traducciones pueden variar en cuanto a matices o interpretaci\u00f3n.<u><\/u><u><\/u><\/p>\n<p>La versi\u00f3n inglesa es la referencia autorizada. En caso de diferencias de significado o interpretaci\u00f3n, prevalecer\u00e1 la versi\u00f3n inglesa.<u><\/u><u><\/u><\/p>\n<p>Todos los contenidos se facilitan \u00fanicamente con fines informativos y culturales y no constituyen asesoramiento m\u00e9dico, terap\u00e9utico o profesional.<\/p>\n<h3>Objetivo del proyecto<\/h3>\n<p>El proyecto Conectar y Activar pretende complementar las formas existentes de terapia y autoconocimiento mediante la inclusi\u00f3n de la conciencia superior ya presente en cada persona. La experiencia ha demostrado que los procesos de desarrollo personal pueden acelerarse considerablemente de este modo. Los productos crean una conexi\u00f3n individual con la propia conciencia y activan las capacidades internas, algo que antes s\u00f3lo era posible mediante una meditaci\u00f3n exhaustiva o la retirada de la vida cotidiana. Hoy en d\u00eda, esta conciencia ampliada puede integrarse f\u00e1cilmente en la vida normal con la familia, el trabajo y las responsabilidades: un nuevo camino hacia el crecimiento personal y la libertad mental.<\/p>\n<h3>Beneficios y efectos pr\u00e1cticos<\/h3>\n<p>Conectar conscientemente con tu yo superior te abre una visi\u00f3n m\u00e1s amplia m\u00e1s all\u00e1 de los l\u00edmites del ego: una \u2018perspectiva de \u00e1guila\u2019 sobre tu vida, tus oportunidades y tus objetivos. Esto refuerza la estabilidad interior, la concentraci\u00f3n y la confianza en uno mismo. Empiezas a reconocer lo que realmente da sentido y desarrollas una autoridad natural que respeta a los dem\u00e1s sin menospreciarlos. Surge la verdadera libertad personal, junto con un sentido claro e individual de la direcci\u00f3n en la vida.<\/p>\n<h3>C\u00f3mo funcionan los productos<\/h3>\n<p>A las sales no se les a\u00f1ade nada externo. Consisten en sal pura de cristal del Himalaya, en la que se imprimen impulsos energ\u00e9ticos mediante una t\u00e9cnica especial. Cuando la sal se disuelve bajo la lengua, estos impulsos se absorben a trav\u00e9s del propio sistema de informaci\u00f3n del cuerpo. El subconsciente se conecta entonces con el nivel superior de consciencia: el yo interior, claro, y las capacidades asociadas a \u00e9l. Este m\u00e9todo favorece el desarrollo de la conciencia y fomenta los procesos naturales de autocuraci\u00f3n sin intervenci\u00f3n m\u00e9dica.<\/p>\n<h3>Informaci\u00f3n jur\u00eddica<\/h3>\n<p>Ni yo, Karl Gerhard Pieroth, ni los productos Connect y Activate hacemos ninguna afirmaci\u00f3n m\u00e9dica. No est\u00e1n destinados al diagn\u00f3stico o curaci\u00f3n de enfermedades. Esto sigue siendo, por supuesto, responsabilidad de los m\u00e9dicos y profesionales de la salud autorizados. Nuestros productos no son medicamentos y no sustituyen al tratamiento m\u00e9dico. Apoyan a individuos y terapeutas auto-responsables en la integraci\u00f3n de la conciencia superior y el crecimiento personal en la vida cotidiana. Las sales Conectar y Activar no son medicamentos seg\u00fan la definici\u00f3n legal. No contienen sustancias qu\u00edmicas activas y no provocan reacciones normalizadas como las que producen los medicamentos. Los impulsos impresos no pueden detectarse actualmente con los m\u00e9todos de medici\u00f3n existentes, al igual que muchos fen\u00f3menos de la f\u00edsica que exist\u00edan mucho antes de que pudieran medirse.<\/p>\n<h3>Distribuci\u00f3n<\/h3>\n<p>La red de distribuci\u00f3n se est\u00e1 estableciendo actualmente. Si desea adquirir productos, p\u00f3ngase en contacto con uno de los siguientes socios distribuidores:<\/p>\n<p><a href=\"https:\/\/hb22.nl\/zoeken?controller=search&amp;s=conne\">https:\/\/hb22.nl\/zoeken?controller=search&amp;s=conne<\/a><\/p>\n<p>Importador para la UE:<br \/>\nHandelshuis Bouwman B.V.<br \/>\nWinkelskamp 6, 7255 PZ Hengelo (Gld), Pa\u00edses Bajos<br \/>\n\ud83d\udcde +31 650 227 512<br \/>\n\ud83d\udce7 jbouwman@handelshuisbouwman.nl<br \/>\n(Idiomas: ingl\u00e9s, neerland\u00e9s y alem\u00e1n)<\/p>\n<p>Suiza:<br \/>\nBuchhandlung Sphinx<br \/>\n\ud83d\udce7 sphinx@sphinx-book.ch<\/p>\n<p>Jap\u00f3n:<br \/>\nAxis Mundi \u682a\u5f0f\u4f1a\u793e<br \/>\n\u3012250-0117, Prefectura de Kanagawa, Ciudad de Minamiashigara, Tsukahara 4871-37<br \/>\n\ud83d\udcde +81 465 46 6459<br \/>\n\ud83d\udce7 info@axis-mundi.jp<\/p>","protected":false},"excerpt":{"rendered":"<p>Legally Responsible for the Website Content Karl Gerhard Pieroth 27163 Rd P.3, Dolores, CO, USA \ud83d\udce7 BeComplete@mailbox.org \ud83d\udcde +1 970 570 0151 \ud83d\udcde (Europe): +49 170 4790895 About this Website The website ConnectAndActivate.info provides information on awareness development, inner freedom, and the activation of higher consciousness in everyday life. There is no online shop. Only [&hellip;]<\/p>","protected":false},"author":1,"featured_media":0,"parent":0,"menu_order":0,"comment_status":"closed","ping_status":"closed","template":"about.php","meta":{"footnotes":""},"class_list":["post-76","page","type-page","status-publish","hentry"],"yoast_head":"<!-- This site is optimized with the Yoast SEO plugin v26.8 - https:\/\/yoast.com\/product\/yoast-seo-wordpress\/ -->\n<title>About Us - connect<\/title>\n<meta name=\"robots\" content=\"noindex, follow, max-snippet:-1, max-image-preview:large, max-video-preview:-1\" \/>\n<meta property=\"og:locale\" content=\"es_ES\" \/>\n<meta property=\"og:type\" content=\"article\" \/>\n<meta property=\"og:title\" content=\"About Us - connect\" \/>\n<meta property=\"og:description\" content=\"Legally Responsible for the Website Content Karl Gerhard Pieroth 27163 Rd P.3, Dolores, CO, USA \ud83d\udce7 BeComplete@mailbox.org \ud83d\udcde +1 970 570 0151 \ud83d\udcde (Europe): +49 170 4790895 About this Website The website ConnectAndActivate.info provides information on awareness development, inner freedom, and the activation of higher consciousness in everyday life. There is no online shop. Only [&hellip;]\" \/>\n<meta property=\"og:url\" content=\"https:\/\/connectandactivate.info\/es\/acerca-de-nosotros\/\" \/>\n<meta property=\"og:site_name\" content=\"connect\" \/>\n<meta property=\"article:modified_time\" content=\"2026-01-05T17:32:20+00:00\" \/>\n<meta name=\"twitter:card\" content=\"summary_large_image\" \/>\n<meta name=\"twitter:label1\" content=\"Tiempo de lectura\" \/>\n\t<meta name=\"twitter:data1\" content=\"3 minutos\" \/>\n<script type=\"application\/ld+json\" class=\"yoast-schema-graph\">{\"@context\":\"https:\/\/schema.org\",\"@graph\":[{\"@type\":\"WebPage\",\"@id\":\"https:\/\/connectandactivate.info\/about-us\/\",\"url\":\"https:\/\/connectandactivate.info\/about-us\/\",\"name\":\"About Us - connect\",\"isPartOf\":{\"@id\":\"https:\/\/connectandactivate.info\/#website\"},\"datePublished\":\"2025-10-21T17:48:09+00:00\",\"dateModified\":\"2026-01-05T17:32:20+00:00\",\"breadcrumb\":{\"@id\":\"https:\/\/connectandactivate.info\/about-us\/#breadcrumb\"},\"inLanguage\":\"es\",\"potentialAction\":[{\"@type\":\"ReadAction\",\"target\":[\"https:\/\/connectandactivate.info\/about-us\/\"]}]},{\"@type\":\"BreadcrumbList\",\"@id\":\"https:\/\/connectandactivate.info\/about-us\/#breadcrumb\",\"itemListElement\":[{\"@type\":\"ListItem\",\"position\":1,\"name\":\"Home\",\"item\":\"https:\/\/connectandactivate.info\/\"},{\"@type\":\"ListItem\",\"position\":2,\"name\":\"About Us\"}]},{\"@type\":\"WebSite\",\"@id\":\"https:\/\/connectandactivate.info\/#website\",\"url\":\"https:\/\/connectandactivate.info\/\",\"name\":\"connect\",\"description\":\"\",\"potentialAction\":[{\"@type\":\"SearchAction\",\"target\":{\"@type\":\"EntryPoint\",\"urlTemplate\":\"https:\/\/connectandactivate.info\/?s={search_term_string}\"},\"query-input\":{\"@type\":\"PropertyValueSpecification\",\"valueRequired\":true,\"valueName\":\"search_term_string\"}}],\"inLanguage\":\"es\"}]}<\/script>\n<!-- \/ Yoast SEO plugin. -->","yoast_head_json":{"title":"Sobre nosotros - connect","robots":{"index":"noindex","follow":"follow","max-snippet":"max-snippet:-1","max-image-preview":"max-image-preview:large","max-video-preview":"max-video-preview:-1"},"og_locale":"es_ES","og_type":"article","og_title":"About Us - connect","og_description":"Legally Responsible for the Website Content Karl Gerhard Pieroth 27163 Rd P.3, Dolores, CO, USA \ud83d\udce7 BeComplete@mailbox.org \ud83d\udcde +1 970 570 0151 \ud83d\udcde (Europe): +49 170 4790895 About this Website The website ConnectAndActivate.info provides information on awareness development, inner freedom, and the activation of higher consciousness in everyday life. There is no online shop. Only [&hellip;]","og_url":"https:\/\/connectandactivate.info\/es\/acerca-de-nosotros\/","og_site_name":"connect","article_modified_time":"2026-01-05T17:32:20+00:00","twitter_card":"summary_large_image","twitter_misc":{"Tiempo de lectura":"3 minutos"},"schema":{"@context":"https:\/\/schema.org","@graph":[{"@type":"WebPage","@id":"https:\/\/connectandactivate.info\/about-us\/","url":"https:\/\/connectandactivate.info\/about-us\/","name":"Sobre nosotros - connect","isPartOf":{"@id":"https:\/\/connectandactivate.info\/#website"},"datePublished":"2025-10-21T17:48:09+00:00","dateModified":"2026-01-05T17:32:20+00:00","breadcrumb":{"@id":"https:\/\/connectandactivate.info\/about-us\/#breadcrumb"},"inLanguage":"es","potentialAction":[{"@type":"ReadAction","target":["https:\/\/connectandactivate.info\/about-us\/"]}]},{"@type":"BreadcrumbList","@id":"https:\/\/connectandactivate.info\/about-us\/#breadcrumb","itemListElement":[{"@type":"ListItem","position":1,"name":"Home","item":"https:\/\/connectandactivate.info\/"},{"@type":"ListItem","position":2,"name":"About Us"}]},{"@type":"WebSite","@id":"https:\/\/connectandactivate.info\/#website","url":"https:\/\/connectandactivate.info\/","name":"conecte","description":"","potentialAction":[{"@type":"SearchAction","target":{"@type":"EntryPoint","urlTemplate":"https:\/\/connectandactivate.info\/?s={search_term_string}"},"query-input":{"@type":"PropertyValueSpecification","valueRequired":true,"valueName":"search_term_string"}}],"inLanguage":"es"}]}},"_links":{"self":[{"href":"https:\/\/connectandactivate.info\/es\/wp-json\/wp\/v2\/pages\/76","targetHints":{"allow":["GET"]}}],"collection":[{"href":"https:\/\/connectandactivate.info\/es\/wp-json\/wp\/v2\/pages"}],"about":[{"href":"https:\/\/connectandactivate.info\/es\/wp-json\/wp\/v2\/types\/page"}],"author":[{"embeddable":true,"href":"https:\/\/connectandactivate.info\/es\/wp-json\/wp\/v2\/users\/1"}],"replies":[{"embeddable":true,"href":"https:\/\/connectandactivate.info\/es\/wp-json\/wp\/v2\/comments?post=76"}],"version-history":[{"count":0,"href":"https:\/\/connectandactivate.info\/es\/wp-json\/wp\/v2\/pages\/76\/revisions"}],"wp:attachment":[{"href":"https:\/\/connectandactivate.info\/es\/wp-json\/wp\/v2\/media?parent=76"}],"curies":[{"name":"wp","href":"https:\/\/api.w.org\/{rel}","templated":true}]}}