{"id":84,"date":"2025-10-21T17:59:33","date_gmt":"2025-10-21T17:59:33","guid":{"rendered":"https:\/\/connectandactivate.info\/?page_id=84"},"modified":"2025-12-20T13:43:14","modified_gmt":"2025-12-20T13:43:14","slug":"como-utilizarlo","status":"publish","type":"page","link":"https:\/\/connectandactivate.info\/es\/como-utilizarlo\/","title":{"rendered":"C\u00f3mo utilizarlo"},"content":{"rendered":"<h3>Frecuencia de uso<\/h3>\n<p>Porque trabajamos con <strong>h\u00e1bitos y pautas internas<\/strong>, En este sentido, los peque\u00f1os impulsos regulares son m\u00e1s beneficiosos que tomar grandes cantidades de una sola vez. <strong>La regularidad importa m\u00e1s que la cantidad<\/strong>.<\/p>\n<p>Utiliza la sal <strong>cinco veces al d\u00eda<\/strong>:<\/p>\n<ul>\n<li>una vez por la ma\u00f1ana<\/li>\n<li>una vez por la noche<\/li>\n<li>y tres veces durante el d\u00eda<\/li>\n<\/ul>\n<p>La constancia favorece el proceso de forma m\u00e1s eficaz que una mayor dosificaci\u00f3n.<\/p>\n<p>&nbsp;<\/p>\n<h3>Nota importante<\/h3>\n<p>Cuando la sal se disuelve bajo la lengua, se libera la inspiraci\u00f3n almacenada.<\/p>\n<p>Por favor, <strong>no preparar tinturas<\/strong> de la sal.<br \/>\nEl agua y otros l\u00edquidos retienen s\u00f3lo una parte de la impresi\u00f3n, lo que reduce el efecto deseado.<\/p>\n<p>Utilice siempre la sal directamente en grano.<br \/>\nEl llavero contenedor est\u00e1 dise\u00f1ado para que puedas <strong>ll\u00e9valo contigo f\u00e1cilmente<\/strong>, como tus llaves.<\/p>","protected":false},"excerpt":{"rendered":"<p>Frequency of Use Because we are working with habits and internal patterns, regular small impulses are more beneficial than taking large amounts at once. Regularity matters more than quantity. Use the salt five times a day: once in the morning once in the evening and three times during the day Consistency supports the process more [&hellip;]<\/p>","protected":false},"author":1,"featured_media":0,"parent":0,"menu_order":0,"comment_status":"closed","ping_status":"closed","template":"how-to-use.php","meta":{"footnotes":""},"class_list":["post-84","page","type-page","status-publish","hentry"],"yoast_head":"<!-- This site is optimized with the Yoast SEO plugin v26.8 - https:\/\/yoast.com\/product\/yoast-seo-wordpress\/ -->\n<title>How to Use - connect<\/title>\n<meta name=\"robots\" content=\"noindex, follow, max-snippet:-1, max-image-preview:large, max-video-preview:-1\" \/>\n<meta property=\"og:locale\" content=\"es_ES\" \/>\n<meta property=\"og:type\" content=\"article\" \/>\n<meta property=\"og:title\" content=\"How to Use - connect\" \/>\n<meta property=\"og:description\" content=\"Frequency of Use Because we are working with habits and internal patterns, regular small impulses are more beneficial than taking large amounts at once. Regularity matters more than quantity. Use the salt five times a day: once in the morning once in the evening and three times during the day Consistency supports the process more [&hellip;]\" \/>\n<meta property=\"og:url\" content=\"https:\/\/connectandactivate.info\/es\/como-utilizarlo\/\" \/>\n<meta property=\"og:site_name\" content=\"connect\" \/>\n<meta property=\"article:modified_time\" content=\"2025-12-20T13:43:14+00:00\" \/>\n<meta name=\"twitter:card\" content=\"summary_large_image\" \/>\n<meta name=\"twitter:label1\" content=\"Tiempo de lectura\" \/>\n\t<meta name=\"twitter:data1\" content=\"1 minuto\" \/>\n<script type=\"application\/ld+json\" class=\"yoast-schema-graph\">{\"@context\":\"https:\/\/schema.org\",\"@graph\":[{\"@type\":\"WebPage\",\"@id\":\"https:\/\/connectandactivate.info\/how-to-use\/\",\"url\":\"https:\/\/connectandactivate.info\/how-to-use\/\",\"name\":\"How to Use - connect\",\"isPartOf\":{\"@id\":\"https:\/\/connectandactivate.info\/#website\"},\"datePublished\":\"2025-10-21T17:59:33+00:00\",\"dateModified\":\"2025-12-20T13:43:14+00:00\",\"breadcrumb\":{\"@id\":\"https:\/\/connectandactivate.info\/how-to-use\/#breadcrumb\"},\"inLanguage\":\"es\",\"potentialAction\":[{\"@type\":\"ReadAction\",\"target\":[\"https:\/\/connectandactivate.info\/how-to-use\/\"]}]},{\"@type\":\"BreadcrumbList\",\"@id\":\"https:\/\/connectandactivate.info\/how-to-use\/#breadcrumb\",\"itemListElement\":[{\"@type\":\"ListItem\",\"position\":1,\"name\":\"Home\",\"item\":\"https:\/\/connectandactivate.info\/\"},{\"@type\":\"ListItem\",\"position\":2,\"name\":\"How to Use\"}]},{\"@type\":\"WebSite\",\"@id\":\"https:\/\/connectandactivate.info\/#website\",\"url\":\"https:\/\/connectandactivate.info\/\",\"name\":\"connect\",\"description\":\"\",\"potentialAction\":[{\"@type\":\"SearchAction\",\"target\":{\"@type\":\"EntryPoint\",\"urlTemplate\":\"https:\/\/connectandactivate.info\/?s={search_term_string}\"},\"query-input\":{\"@type\":\"PropertyValueSpecification\",\"valueRequired\":true,\"valueName\":\"search_term_string\"}}],\"inLanguage\":\"es\"}]}<\/script>\n<!-- \/ Yoast SEO plugin. -->","yoast_head_json":{"title":"C\u00f3mo utilizarlo - conectarse","robots":{"index":"noindex","follow":"follow","max-snippet":"max-snippet:-1","max-image-preview":"max-image-preview:large","max-video-preview":"max-video-preview:-1"},"og_locale":"es_ES","og_type":"article","og_title":"How to Use - connect","og_description":"Frequency of Use Because we are working with habits and internal patterns, regular small impulses are more beneficial than taking large amounts at once. Regularity matters more than quantity. Use the salt five times a day: once in the morning once in the evening and three times during the day Consistency supports the process more [&hellip;]","og_url":"https:\/\/connectandactivate.info\/es\/como-utilizarlo\/","og_site_name":"connect","article_modified_time":"2025-12-20T13:43:14+00:00","twitter_card":"summary_large_image","twitter_misc":{"Tiempo de lectura":"1 minuto"},"schema":{"@context":"https:\/\/schema.org","@graph":[{"@type":"WebPage","@id":"https:\/\/connectandactivate.info\/how-to-use\/","url":"https:\/\/connectandactivate.info\/how-to-use\/","name":"C\u00f3mo utilizarlo - conectarse","isPartOf":{"@id":"https:\/\/connectandactivate.info\/#website"},"datePublished":"2025-10-21T17:59:33+00:00","dateModified":"2025-12-20T13:43:14+00:00","breadcrumb":{"@id":"https:\/\/connectandactivate.info\/how-to-use\/#breadcrumb"},"inLanguage":"es","potentialAction":[{"@type":"ReadAction","target":["https:\/\/connectandactivate.info\/how-to-use\/"]}]},{"@type":"BreadcrumbList","@id":"https:\/\/connectandactivate.info\/how-to-use\/#breadcrumb","itemListElement":[{"@type":"ListItem","position":1,"name":"Home","item":"https:\/\/connectandactivate.info\/"},{"@type":"ListItem","position":2,"name":"How to Use"}]},{"@type":"WebSite","@id":"https:\/\/connectandactivate.info\/#website","url":"https:\/\/connectandactivate.info\/","name":"conecte","description":"","potentialAction":[{"@type":"SearchAction","target":{"@type":"EntryPoint","urlTemplate":"https:\/\/connectandactivate.info\/?s={search_term_string}"},"query-input":{"@type":"PropertyValueSpecification","valueRequired":true,"valueName":"search_term_string"}}],"inLanguage":"es"}]}},"_links":{"self":[{"href":"https:\/\/connectandactivate.info\/es\/wp-json\/wp\/v2\/pages\/84","targetHints":{"allow":["GET"]}}],"collection":[{"href":"https:\/\/connectandactivate.info\/es\/wp-json\/wp\/v2\/pages"}],"about":[{"href":"https:\/\/connectandactivate.info\/es\/wp-json\/wp\/v2\/types\/page"}],"author":[{"embeddable":true,"href":"https:\/\/connectandactivate.info\/es\/wp-json\/wp\/v2\/users\/1"}],"replies":[{"embeddable":true,"href":"https:\/\/connectandactivate.info\/es\/wp-json\/wp\/v2\/comments?post=84"}],"version-history":[{"count":0,"href":"https:\/\/connectandactivate.info\/es\/wp-json\/wp\/v2\/pages\/84\/revisions"}],"wp:attachment":[{"href":"https:\/\/connectandactivate.info\/es\/wp-json\/wp\/v2\/media?parent=84"}],"curies":[{"name":"wp","href":"https:\/\/api.w.org\/{rel}","templated":true}]}}