{"id":106,"date":"2025-11-03T19:35:48","date_gmt":"2025-11-03T19:35:48","guid":{"rendered":"https:\/\/connectandactivate.info\/?page_id=106"},"modified":"2025-12-22T08:02:31","modified_gmt":"2025-12-22T08:02:31","slug":"breve-description-4","status":"publish","type":"page","link":"https:\/\/connectandactivate.info\/fr\/breve-description-4\/","title":{"rendered":"description courte-4"},"content":{"rendered":"","protected":false},"excerpt":{"rendered":"","protected":false},"author":1,"featured_media":0,"parent":0,"menu_order":0,"comment_status":"closed","ping_status":"closed","template":"Inspiration 4.php","meta":{"footnotes":""},"class_list":["post-106","page","type-page","status-publish","hentry"],"yoast_head":"<!-- This site is optimized with the Yoast SEO plugin v26.8 - https:\/\/yoast.com\/product\/yoast-seo-wordpress\/ -->\n<title>Stability and Reconnection<\/title>\n<meta name=\"description\" content=\"Inspiration No. 4 \u2013 Stability and Reconnection. Subtle support for balance, grounding, and emotional recovery. A gentle return to clarity, rest, and inner coherence in daily life.\" \/>\n<meta name=\"robots\" content=\"noindex, follow, max-snippet:-1, max-image-preview:large, max-video-preview:-1\" \/>\n<meta property=\"og:locale\" content=\"fr_FR\" \/>\n<meta property=\"og:type\" content=\"article\" \/>\n<meta property=\"og:title\" content=\"Stability and Reconnection\" \/>\n<meta property=\"og:description\" content=\"Inspiration No. 4 \u2013 Stability and Reconnection. Subtle support for balance, grounding, and emotional recovery. A gentle return to clarity, rest, and inner coherence in daily life.\" \/>\n<meta property=\"og:url\" content=\"https:\/\/connectandactivate.info\/fr\/breve-description-4\/\" \/>\n<meta property=\"og:site_name\" content=\"connect\" \/>\n<meta property=\"article:modified_time\" content=\"2025-12-22T08:02:31+00:00\" \/>\n<meta name=\"twitter:card\" content=\"summary_large_image\" \/>\n<script type=\"application\/ld+json\" class=\"yoast-schema-graph\">{\"@context\":\"https:\/\/schema.org\",\"@graph\":[{\"@type\":\"WebPage\",\"@id\":\"https:\/\/connectandactivate.info\/short-description-4\/\",\"url\":\"https:\/\/connectandactivate.info\/short-description-4\/\",\"name\":\"Stability and Reconnection\",\"isPartOf\":{\"@id\":\"https:\/\/connectandactivate.info\/#website\"},\"datePublished\":\"2025-11-03T19:35:48+00:00\",\"dateModified\":\"2025-12-22T08:02:31+00:00\",\"description\":\"Inspiration No. 4 \u2013 Stability and Reconnection. Subtle support for balance, grounding, and emotional recovery. A gentle return to clarity, rest, and inner coherence in daily life.\",\"breadcrumb\":{\"@id\":\"https:\/\/connectandactivate.info\/short-description-4\/#breadcrumb\"},\"inLanguage\":\"fr-FR\",\"potentialAction\":[{\"@type\":\"ReadAction\",\"target\":[\"https:\/\/connectandactivate.info\/short-description-4\/\"]}]},{\"@type\":\"BreadcrumbList\",\"@id\":\"https:\/\/connectandactivate.info\/short-description-4\/#breadcrumb\",\"itemListElement\":[{\"@type\":\"ListItem\",\"position\":1,\"name\":\"Home\",\"item\":\"https:\/\/connectandactivate.info\/\"},{\"@type\":\"ListItem\",\"position\":2,\"name\":\"short-description-4\"}]},{\"@type\":\"WebSite\",\"@id\":\"https:\/\/connectandactivate.info\/#website\",\"url\":\"https:\/\/connectandactivate.info\/\",\"name\":\"connect\",\"description\":\"\",\"potentialAction\":[{\"@type\":\"SearchAction\",\"target\":{\"@type\":\"EntryPoint\",\"urlTemplate\":\"https:\/\/connectandactivate.info\/?s={search_term_string}\"},\"query-input\":{\"@type\":\"PropertyValueSpecification\",\"valueRequired\":true,\"valueName\":\"search_term_string\"}}],\"inLanguage\":\"fr-FR\"}]}<\/script>\n<!-- \/ Yoast SEO plugin. -->","yoast_head_json":{"title":"Stabilit\u00e9 et reconnexion","description":"Inspiration No. 4 - Stabilit\u00e9 et reconnexion. Soutien subtil \u00e0 l'\u00e9quilibre, \u00e0 l'enracinement et \u00e0 la r\u00e9cup\u00e9ration \u00e9motionnelle. Un retour en douceur \u00e0 la clart\u00e9, au repos et \u00e0 la coh\u00e9rence int\u00e9rieure dans la vie quotidienne.","robots":{"index":"noindex","follow":"follow","max-snippet":"max-snippet:-1","max-image-preview":"max-image-preview:large","max-video-preview":"max-video-preview:-1"},"og_locale":"fr_FR","og_type":"article","og_title":"Stability and Reconnection","og_description":"Inspiration No. 4 \u2013 Stability and Reconnection. Subtle support for balance, grounding, and emotional recovery. A gentle return to clarity, rest, and inner coherence in daily life.","og_url":"https:\/\/connectandactivate.info\/fr\/breve-description-4\/","og_site_name":"connect","article_modified_time":"2025-12-22T08:02:31+00:00","twitter_card":"summary_large_image","schema":{"@context":"https:\/\/schema.org","@graph":[{"@type":"WebPage","@id":"https:\/\/connectandactivate.info\/short-description-4\/","url":"https:\/\/connectandactivate.info\/short-description-4\/","name":"Stabilit\u00e9 et reconnexion","isPartOf":{"@id":"https:\/\/connectandactivate.info\/#website"},"datePublished":"2025-11-03T19:35:48+00:00","dateModified":"2025-12-22T08:02:31+00:00","description":"Inspiration No. 4 - Stabilit\u00e9 et reconnexion. Soutien subtil \u00e0 l'\u00e9quilibre, \u00e0 l'enracinement et \u00e0 la r\u00e9cup\u00e9ration \u00e9motionnelle. Un retour en douceur \u00e0 la clart\u00e9, au repos et \u00e0 la coh\u00e9rence int\u00e9rieure dans la vie quotidienne.","breadcrumb":{"@id":"https:\/\/connectandactivate.info\/short-description-4\/#breadcrumb"},"inLanguage":"fr-FR","potentialAction":[{"@type":"ReadAction","target":["https:\/\/connectandactivate.info\/short-description-4\/"]}]},{"@type":"BreadcrumbList","@id":"https:\/\/connectandactivate.info\/short-description-4\/#breadcrumb","itemListElement":[{"@type":"ListItem","position":1,"name":"Home","item":"https:\/\/connectandactivate.info\/"},{"@type":"ListItem","position":2,"name":"short-description-4"}]},{"@type":"WebSite","@id":"https:\/\/connectandactivate.info\/#website","url":"https:\/\/connectandactivate.info\/","name":"relier","description":"","potentialAction":[{"@type":"SearchAction","target":{"@type":"EntryPoint","urlTemplate":"https:\/\/connectandactivate.info\/?s={search_term_string}"},"query-input":{"@type":"PropertyValueSpecification","valueRequired":true,"valueName":"search_term_string"}}],"inLanguage":"fr-FR"}]}},"_links":{"self":[{"href":"https:\/\/connectandactivate.info\/fr\/wp-json\/wp\/v2\/pages\/106","targetHints":{"allow":["GET"]}}],"collection":[{"href":"https:\/\/connectandactivate.info\/fr\/wp-json\/wp\/v2\/pages"}],"about":[{"href":"https:\/\/connectandactivate.info\/fr\/wp-json\/wp\/v2\/types\/page"}],"author":[{"embeddable":true,"href":"https:\/\/connectandactivate.info\/fr\/wp-json\/wp\/v2\/users\/1"}],"replies":[{"embeddable":true,"href":"https:\/\/connectandactivate.info\/fr\/wp-json\/wp\/v2\/comments?post=106"}],"version-history":[{"count":0,"href":"https:\/\/connectandactivate.info\/fr\/wp-json\/wp\/v2\/pages\/106\/revisions"}],"wp:attachment":[{"href":"https:\/\/connectandactivate.info\/fr\/wp-json\/wp\/v2\/media?parent=106"}],"curies":[{"name":"wp","href":"https:\/\/api.w.org\/{rel}","templated":true}]}}