{"id":184,"date":"2025-11-09T17:06:07","date_gmt":"2025-11-09T17:06:07","guid":{"rendered":"https:\/\/connectandactivate.info\/?page_id=184"},"modified":"2026-02-28T06:46:37","modified_gmt":"2026-02-28T06:46:37","slug":"services-formation","status":"publish","type":"page","link":"https:\/\/connectandactivate.info\/fr\/services-formation\/","title":{"rendered":"Services et formation"},"content":{"rendered":"<h3>Connecter et activer - Services de formation et de conseil<\/h3>\n<p>Connect and Activate propose des cours, des ateliers, des s\u00e9minaires et des services de coaching en ligne dans le domaine du d\u00e9veloppement personnel, de la sensibilisation et de l'am\u00e9lioration de soi.<br \/>\nNos services sont fournis via des plateformes en ligne telles que ZOOM et sont disponibles au niveau international en anglais et en allemand.<\/p>\n<p>Les cours sont dispens\u00e9s en petits groupes par le biais de sessions en ligne programm\u00e9es et comprennent un enseignement guid\u00e9, des exercices pratiques et des discussions facultatives. Les programmes sont con\u00e7us pour les adultes engag\u00e9s dans le d\u00e9veloppement personnel, le coaching ou la pratique professionnelle.<\/p>\n<p>Notre participation en tant qu'orateur ou enseignant \u00e0 certains s\u00e9minaires de courte dur\u00e9e lors de r\u00e9unions ax\u00e9es sur nos th\u00e8mes est possible et appr\u00e9ci\u00e9e.<\/p>\n<p>Nous aidons les individus, les praticiens et les organisations \u00e0 d\u00e9velopper la clart\u00e9, l'\u00e9quilibre \u00e9motionnel et la conscience de soi par des approches pratiques et non dogmatiques qui compl\u00e8tent les pratiques personnelles et professionnelles existantes.<\/p>\n<h3>Cours et programmes de formation en ligne<\/h3>\n<p>Nous proposons des cours et des programmes de formation en ligne non t\u00e9l\u00e9chargeables dans le domaine du d\u00e9veloppement personnel et de la sensibilisation, notamment :<\/p>\n<h3>Fondements de la formation \u00e0 la sensibilisation<\/h3>\n<p>Cours d'introduction \u00e0 la reconnaissance des sch\u00e9mas internes, \u00e0 la r\u00e9duction des interf\u00e9rences et au soutien du d\u00e9veloppement autonome.<\/p>\n<h3>\u00c9quilibre \u00e9motionnel et autor\u00e9gulation<\/h3>\n<p>Une exploration structur\u00e9e de la conscience \u00e9motionnelle, de la r\u00e9silience et de l'\u00e9quilibre dans la vie quotidienne.<\/p>\n<h3>Pratiques de communication consciente<\/h3>\n<p>Apprentissage pratique des techniques de communication qui favorisent la clart\u00e9, la dignit\u00e9 et l'expression honn\u00eate. Apprenez notre nouvelle technique \u201cTravailler d'en haut\u201d pour communiquer au-del\u00e0 des mots.<\/p>\n<h3>Int\u00e9grer la connaissance \u00e0 l'action<\/h3>\n<p>Un cours ax\u00e9 sur la pratique qui soutient l'application de la conscience de soi dans les d\u00e9cisions et les comportements quotidiens. De nouvelles techniques pour prendre des d\u00e9cisions conscientes et d\u00e9cider quand agir.<\/p>\n<h3>Ateliers et s\u00e9minaires<\/h3>\n<p>Nous organisons des ateliers et des s\u00e9minaires en ligne ax\u00e9s sur le d\u00e9veloppement personnel appliqu\u00e9 :<\/p>\n<h3>La prise de conscience au quotidien<\/h3>\n<p>Un atelier en groupe qui explore les comp\u00e9tences pratiques permettant d'int\u00e9grer la prise de conscience dans les activit\u00e9s quotidiennes.<\/p>\n<h3>Communication et pr\u00e9sence<\/h3>\n<p>Un atelier sur la communication fond\u00e9e et respectueuse dans les relations personnelles et professionnelles.<\/p>\n<h3>Clart\u00e9, objectif et orientation<\/h3>\n<p>Un s\u00e9minaire offrant des outils structur\u00e9s pour identifier des objectifs significatifs et les prochaines \u00e9tapes.<\/p>\n<h3>Auto-r\u00e9flexion et int\u00e9gration<\/h3>\n<p>Une session interactive qui favorise l'autor\u00e9flexion, la perspicacit\u00e9 et l'int\u00e9gration personnelle.<\/p>\n<h3>Services de coaching et de conseil<\/h3>\n<p>Nous proposons des services de coaching en ligne dans le domaine du d\u00e9veloppement personnel et de l'am\u00e9lioration de soi.<br \/>\nLe coaching aide les clients \u00e0 clarifier leurs objectifs, \u00e0 renforcer leur r\u00e9sistance \u00e9motionnelle et \u00e0 int\u00e9grer des pratiques de sensibilisation dans leur vie quotidienne.<\/p>\n<p>Format :<br \/>\n- Sessions individuelles en ligne<br \/>\n- Frais de session<br \/>\n- Enregistrements contr\u00f4l\u00e9s par le client<\/p>\n<p>Pour toute demande de renseignements ou d'inscription, veuillez contacter<br \/>\nCourriel : BeComplete@mailbox.org<\/p>\n<h3>Fourniture et disponibilit\u00e9 des services<\/h3>\n<p>Tous les services \u00e9ducatifs et les s\u00e9ances de coaching sont dispens\u00e9s via des plateformes en ligne.<br \/>\nSauf indication contraire, le mat\u00e9riel p\u00e9dagogique n'est pas t\u00e9l\u00e9chargeable.<br \/>\nLes services sont disponibles au niveau international en anglais et en allemand.<\/p>\n<h3>Philosophie<\/h3>\n<p>Connect &amp; Activate ne fait pas la promotion d'un syst\u00e8me de croyance, d'une id\u00e9ologie ou d'un mod\u00e8le th\u00e9rapeutique.<br \/>\nNotre travail est con\u00e7u pour aider les individus \u00e0 acc\u00e9der \u00e0 leur propre clart\u00e9, capacit\u00e9 et intelligence afin que le d\u00e9veloppement personnel devienne naturel, autodirig\u00e9 et durable.<\/p>\n<h3>Avis important<\/h3>\n<p>Nos services :<br \/>\n- ne sont pas des m\u00e9dicaments<br \/>\n- ne permettent pas de diagnostiquer, de traiter ou de gu\u00e9rir une maladie<br \/>\n- ne remplacent pas les soins professionnels<\/p>\n<p>Ils sont destin\u00e9s \u00e0 soutenir :<br \/>\n- d\u00e9veloppement personnel<br \/>\n- l'\u00e9quilibre \u00e9motionnel<br \/>\n- conscience de soi<\/p>\n<p>Si vous avez des pr\u00e9occupations d'ordre m\u00e9dical ou psychologique, consultez des professionnels qualifi\u00e9s.<\/p>","protected":false},"excerpt":{"rendered":"<p>Connect and Activate - Educational and Consulting Services Connect and Activate propose des cours, des ateliers, des s\u00e9minaires et des services de coaching en ligne dans le domaine du d\u00e9veloppement personnel, de la sensibilisation et de l'am\u00e9lioration de soi. Nos services sont dispens\u00e9s via des plateformes en ligne telles que ZOOM et sont disponibles internationalement en anglais et en allemand. Les cours sont dispens\u00e9s en petits groupes par le biais de [...]<\/p>","protected":false},"author":1,"featured_media":0,"parent":0,"menu_order":0,"comment_status":"closed","ping_status":"closed","template":"services.php","meta":{"footnotes":""},"class_list":["post-184","page","type-page","status-publish","hentry"],"yoast_head":"<!-- This site is optimized with the Yoast SEO plugin v26.8 - https:\/\/yoast.com\/product\/yoast-seo-wordpress\/ -->\n<title>Services &amp; Training Connect &amp; Activate online courses, workshops<\/title>\n<meta name=\"description\" content=\"Connect &amp; Activate \u2013 online courses, workshops, seminars, and coaching services for personal development and awareness training. Available internationally in English and German.\" \/>\n<meta name=\"robots\" content=\"noindex, follow, max-snippet:-1, max-image-preview:large, max-video-preview:-1\" \/>\n<meta property=\"og:locale\" content=\"fr_FR\" \/>\n<meta property=\"og:type\" content=\"article\" \/>\n<meta property=\"og:title\" content=\"Services &amp; Training Connect &amp; Activate online courses, workshops\" \/>\n<meta property=\"og:description\" content=\"Connect &amp; Activate \u2013 online courses, workshops, seminars, and coaching services for personal development and awareness training. Available internationally in English and German.\" \/>\n<meta property=\"og:url\" content=\"https:\/\/connectandactivate.info\/fr\/services-formation\/\" \/>\n<meta property=\"og:site_name\" content=\"connect\" \/>\n<meta property=\"article:modified_time\" content=\"2026-02-28T06:46:37+00:00\" \/>\n<meta name=\"twitter:card\" content=\"summary_large_image\" \/>\n<meta name=\"twitter:label1\" content=\"Dur\u00e9e de lecture estim\u00e9e\" \/>\n\t<meta name=\"twitter:data1\" content=\"3 minutes\" \/>\n<script type=\"application\/ld+json\" class=\"yoast-schema-graph\">{\"@context\":\"https:\/\/schema.org\",\"@graph\":[{\"@type\":\"WebPage\",\"@id\":\"https:\/\/connectandactivate.info\/services-training\/\",\"url\":\"https:\/\/connectandactivate.info\/services-training\/\",\"name\":\"Services & Training Connect & Activate online courses, workshops\",\"isPartOf\":{\"@id\":\"https:\/\/connectandactivate.info\/#website\"},\"datePublished\":\"2025-11-09T17:06:07+00:00\",\"dateModified\":\"2026-02-28T06:46:37+00:00\",\"description\":\"Connect & Activate \u2013 online courses, workshops, seminars, and coaching services for personal development and awareness training. Available internationally in English and German.\",\"breadcrumb\":{\"@id\":\"https:\/\/connectandactivate.info\/services-training\/#breadcrumb\"},\"inLanguage\":\"fr-FR\",\"potentialAction\":[{\"@type\":\"ReadAction\",\"target\":[\"https:\/\/connectandactivate.info\/services-training\/\"]}]},{\"@type\":\"BreadcrumbList\",\"@id\":\"https:\/\/connectandactivate.info\/services-training\/#breadcrumb\",\"itemListElement\":[{\"@type\":\"ListItem\",\"position\":1,\"name\":\"Home\",\"item\":\"https:\/\/connectandactivate.info\/\"},{\"@type\":\"ListItem\",\"position\":2,\"name\":\"Services &#038; Training\"}]},{\"@type\":\"WebSite\",\"@id\":\"https:\/\/connectandactivate.info\/#website\",\"url\":\"https:\/\/connectandactivate.info\/\",\"name\":\"connect\",\"description\":\"\",\"potentialAction\":[{\"@type\":\"SearchAction\",\"target\":{\"@type\":\"EntryPoint\",\"urlTemplate\":\"https:\/\/connectandactivate.info\/?s={search_term_string}\"},\"query-input\":{\"@type\":\"PropertyValueSpecification\",\"valueRequired\":true,\"valueName\":\"search_term_string\"}}],\"inLanguage\":\"fr-FR\"}]}<\/script>\n<!-- \/ Yoast SEO plugin. -->","yoast_head_json":{"title":"Services et formation Cours et ateliers en ligne Connect &amp; Activate","description":"Connect &amp; Activate - cours en ligne, ateliers, s\u00e9minaires et services de coaching pour le d\u00e9veloppement personnel et la formation \u00e0 la prise de conscience. Disponible au niveau international en anglais et en allemand.","robots":{"index":"noindex","follow":"follow","max-snippet":"max-snippet:-1","max-image-preview":"max-image-preview:large","max-video-preview":"max-video-preview:-1"},"og_locale":"fr_FR","og_type":"article","og_title":"Services & Training Connect & Activate online courses, workshops","og_description":"Connect & Activate \u2013 online courses, workshops, seminars, and coaching services for personal development and awareness training. Available internationally in English and German.","og_url":"https:\/\/connectandactivate.info\/fr\/services-formation\/","og_site_name":"connect","article_modified_time":"2026-02-28T06:46:37+00:00","twitter_card":"summary_large_image","twitter_misc":{"Dur\u00e9e de lecture estim\u00e9e":"3 minutes"},"schema":{"@context":"https:\/\/schema.org","@graph":[{"@type":"WebPage","@id":"https:\/\/connectandactivate.info\/services-training\/","url":"https:\/\/connectandactivate.info\/services-training\/","name":"Services et formation Cours et ateliers en ligne Connect &amp; Activate","isPartOf":{"@id":"https:\/\/connectandactivate.info\/#website"},"datePublished":"2025-11-09T17:06:07+00:00","dateModified":"2026-02-28T06:46:37+00:00","description":"Connect &amp; Activate - cours en ligne, ateliers, s\u00e9minaires et services de coaching pour le d\u00e9veloppement personnel et la formation \u00e0 la prise de conscience. Disponible au niveau international en anglais et en allemand.","breadcrumb":{"@id":"https:\/\/connectandactivate.info\/services-training\/#breadcrumb"},"inLanguage":"fr-FR","potentialAction":[{"@type":"ReadAction","target":["https:\/\/connectandactivate.info\/services-training\/"]}]},{"@type":"BreadcrumbList","@id":"https:\/\/connectandactivate.info\/services-training\/#breadcrumb","itemListElement":[{"@type":"ListItem","position":1,"name":"Home","item":"https:\/\/connectandactivate.info\/"},{"@type":"ListItem","position":2,"name":"Services &#038; Training"}]},{"@type":"WebSite","@id":"https:\/\/connectandactivate.info\/#website","url":"https:\/\/connectandactivate.info\/","name":"relier","description":"","potentialAction":[{"@type":"SearchAction","target":{"@type":"EntryPoint","urlTemplate":"https:\/\/connectandactivate.info\/?s={search_term_string}"},"query-input":{"@type":"PropertyValueSpecification","valueRequired":true,"valueName":"search_term_string"}}],"inLanguage":"fr-FR"}]}},"_links":{"self":[{"href":"https:\/\/connectandactivate.info\/fr\/wp-json\/wp\/v2\/pages\/184","targetHints":{"allow":["GET"]}}],"collection":[{"href":"https:\/\/connectandactivate.info\/fr\/wp-json\/wp\/v2\/pages"}],"about":[{"href":"https:\/\/connectandactivate.info\/fr\/wp-json\/wp\/v2\/types\/page"}],"author":[{"embeddable":true,"href":"https:\/\/connectandactivate.info\/fr\/wp-json\/wp\/v2\/users\/1"}],"replies":[{"embeddable":true,"href":"https:\/\/connectandactivate.info\/fr\/wp-json\/wp\/v2\/comments?post=184"}],"version-history":[{"count":1,"href":"https:\/\/connectandactivate.info\/fr\/wp-json\/wp\/v2\/pages\/184\/revisions"}],"predecessor-version":[{"id":357,"href":"https:\/\/connectandactivate.info\/fr\/wp-json\/wp\/v2\/pages\/184\/revisions\/357"}],"wp:attachment":[{"href":"https:\/\/connectandactivate.info\/fr\/wp-json\/wp\/v2\/media?parent=184"}],"curies":[{"name":"wp","href":"https:\/\/api.w.org\/{rel}","templated":true}]}}