{"id":287,"date":"2025-12-20T10:23:12","date_gmt":"2025-12-20T10:23:12","guid":{"rendered":"https:\/\/connectandactivate.info\/?page_id=287"},"modified":"2026-01-26T07:57:20","modified_gmt":"2026-01-26T07:57:20","slug":"trouver-ce-dont-vous-avez-besoin","status":"publish","type":"page","link":"https:\/\/connectandactivate.info\/fr\/trouver-ce-dont-vous-avez-besoin\/","title":{"rendered":"Trouvez ce dont vous avez besoin"},"content":{"rendered":"<p>Ces recommandations sont bas\u00e9es sur des consultations approfondies et une observation \u00e0 long terme des r\u00e9sultats.<br \/>\nPlus une habitude ou un sch\u00e9ma est pr\u00e9sent depuis longtemps, plus un changement durable peut n\u00e9cessiter de temps - et commencer plus t\u00f4t rend souvent le processus plus facile.<\/p>\n<p>Le meilleur moment pour commencer est maintenant. Si plusieurs points r\u00e9sonnent en vous, une bonne approche initiale consiste \u00e0 commencer par le sel n\u00b0 1 et le sel n\u00b0 5.<\/p>\n<p>Parce que l'effet agit par le biais de votre propre conscience sup\u00e9rieure, ce processus favorise un retour \u00e0 vous-m\u00eame, sans pression ext\u00e9rieure ni id\u00e9ologie.<br \/>\nLa libert\u00e9 par l'exp\u00e9rience de soi.<\/p>\n<p>Les sels aident \u00e0 cr\u00e9er une connexion int\u00e9rieure, \u00e0 activer les forces individuelles et \u00e0 favoriser une concentration claire et ancr\u00e9e.<\/p>\n<p>Un symbole \u2605 indique les sels les plus recommand\u00e9s, tandis qu'un + indique des sels de soutien suppl\u00e9mentaires.<br \/>\nLe sel n\u00b0 1 a tendance \u00e0 acc\u00e9l\u00e9rer les progr\u00e8s dans de nombreuses situations.<br \/>\nLe sel n\u00b0 5 favorise le courage et la confiance en soi gr\u00e2ce \u00e0 un sentiment d'estime de soi plus profond.<\/p>","protected":false},"excerpt":{"rendered":"<p>These recommendations are based on extensive consultations and long-term observation of results. The longer a habit or pattern has been present, the more time lasting change may require\u2014and beginning sooner often makes the process easier. The best moment to start is now. If several points resonate with you, a good initial approach is to begin [&hellip;]<\/p>","protected":false},"author":1,"featured_media":0,"parent":0,"menu_order":0,"comment_status":"closed","ping_status":"closed","template":"selection-page.php","meta":{"footnotes":""},"class_list":["post-287","page","type-page","status-publish","hentry"],"yoast_head":"<!-- This site is optimized with the Yoast SEO plugin v26.8 - https:\/\/yoast.com\/product\/yoast-seo-wordpress\/ -->\n<title>Find what you need - connect<\/title>\n<meta name=\"robots\" content=\"noindex, follow, max-snippet:-1, max-image-preview:large, max-video-preview:-1\" \/>\n<meta property=\"og:locale\" content=\"fr_FR\" \/>\n<meta property=\"og:type\" content=\"article\" \/>\n<meta property=\"og:title\" content=\"Find what you need - connect\" \/>\n<meta property=\"og:description\" content=\"These recommendations are based on extensive consultations and long-term observation of results. The longer a habit or pattern has been present, the more time lasting change may require\u2014and beginning sooner often makes the process easier. The best moment to start is now. If several points resonate with you, a good initial approach is to begin [&hellip;]\" \/>\n<meta property=\"og:url\" content=\"https:\/\/connectandactivate.info\/fr\/trouver-ce-dont-vous-avez-besoin\/\" \/>\n<meta property=\"og:site_name\" content=\"connect\" \/>\n<meta property=\"article:modified_time\" content=\"2026-01-26T07:57:20+00:00\" \/>\n<meta name=\"twitter:card\" content=\"summary_large_image\" \/>\n<meta name=\"twitter:label1\" content=\"Dur\u00e9e de lecture estim\u00e9e\" \/>\n\t<meta name=\"twitter:data1\" content=\"1 minute\" \/>\n<script type=\"application\/ld+json\" class=\"yoast-schema-graph\">{\"@context\":\"https:\/\/schema.org\",\"@graph\":[{\"@type\":\"WebPage\",\"@id\":\"https:\/\/connectandactivate.info\/find-what-you-need\/\",\"url\":\"https:\/\/connectandactivate.info\/find-what-you-need\/\",\"name\":\"Find what you need - connect\",\"isPartOf\":{\"@id\":\"https:\/\/connectandactivate.info\/#website\"},\"datePublished\":\"2025-12-20T10:23:12+00:00\",\"dateModified\":\"2026-01-26T07:57:20+00:00\",\"breadcrumb\":{\"@id\":\"https:\/\/connectandactivate.info\/find-what-you-need\/#breadcrumb\"},\"inLanguage\":\"fr-FR\",\"potentialAction\":[{\"@type\":\"ReadAction\",\"target\":[\"https:\/\/connectandactivate.info\/find-what-you-need\/\"]}]},{\"@type\":\"BreadcrumbList\",\"@id\":\"https:\/\/connectandactivate.info\/find-what-you-need\/#breadcrumb\",\"itemListElement\":[{\"@type\":\"ListItem\",\"position\":1,\"name\":\"Home\",\"item\":\"https:\/\/connectandactivate.info\/\"},{\"@type\":\"ListItem\",\"position\":2,\"name\":\"Find what you need\"}]},{\"@type\":\"WebSite\",\"@id\":\"https:\/\/connectandactivate.info\/#website\",\"url\":\"https:\/\/connectandactivate.info\/\",\"name\":\"connect\",\"description\":\"\",\"potentialAction\":[{\"@type\":\"SearchAction\",\"target\":{\"@type\":\"EntryPoint\",\"urlTemplate\":\"https:\/\/connectandactivate.info\/?s={search_term_string}\"},\"query-input\":{\"@type\":\"PropertyValueSpecification\",\"valueRequired\":true,\"valueName\":\"search_term_string\"}}],\"inLanguage\":\"fr-FR\"}]}<\/script>\n<!-- \/ Yoast SEO plugin. -->","yoast_head_json":{"title":"Trouvez ce dont vous avez besoin - connectez-vous","robots":{"index":"noindex","follow":"follow","max-snippet":"max-snippet:-1","max-image-preview":"max-image-preview:large","max-video-preview":"max-video-preview:-1"},"og_locale":"fr_FR","og_type":"article","og_title":"Find what you need - connect","og_description":"These recommendations are based on extensive consultations and long-term observation of results. The longer a habit or pattern has been present, the more time lasting change may require\u2014and beginning sooner often makes the process easier. The best moment to start is now. If several points resonate with you, a good initial approach is to begin [&hellip;]","og_url":"https:\/\/connectandactivate.info\/fr\/trouver-ce-dont-vous-avez-besoin\/","og_site_name":"connect","article_modified_time":"2026-01-26T07:57:20+00:00","twitter_card":"summary_large_image","twitter_misc":{"Dur\u00e9e de lecture estim\u00e9e":"1 minute"},"schema":{"@context":"https:\/\/schema.org","@graph":[{"@type":"WebPage","@id":"https:\/\/connectandactivate.info\/find-what-you-need\/","url":"https:\/\/connectandactivate.info\/find-what-you-need\/","name":"Trouvez ce dont vous avez besoin - connectez-vous","isPartOf":{"@id":"https:\/\/connectandactivate.info\/#website"},"datePublished":"2025-12-20T10:23:12+00:00","dateModified":"2026-01-26T07:57:20+00:00","breadcrumb":{"@id":"https:\/\/connectandactivate.info\/find-what-you-need\/#breadcrumb"},"inLanguage":"fr-FR","potentialAction":[{"@type":"ReadAction","target":["https:\/\/connectandactivate.info\/find-what-you-need\/"]}]},{"@type":"BreadcrumbList","@id":"https:\/\/connectandactivate.info\/find-what-you-need\/#breadcrumb","itemListElement":[{"@type":"ListItem","position":1,"name":"Home","item":"https:\/\/connectandactivate.info\/"},{"@type":"ListItem","position":2,"name":"Find what you need"}]},{"@type":"WebSite","@id":"https:\/\/connectandactivate.info\/#website","url":"https:\/\/connectandactivate.info\/","name":"relier","description":"","potentialAction":[{"@type":"SearchAction","target":{"@type":"EntryPoint","urlTemplate":"https:\/\/connectandactivate.info\/?s={search_term_string}"},"query-input":{"@type":"PropertyValueSpecification","valueRequired":true,"valueName":"search_term_string"}}],"inLanguage":"fr-FR"}]}},"_links":{"self":[{"href":"https:\/\/connectandactivate.info\/fr\/wp-json\/wp\/v2\/pages\/287","targetHints":{"allow":["GET"]}}],"collection":[{"href":"https:\/\/connectandactivate.info\/fr\/wp-json\/wp\/v2\/pages"}],"about":[{"href":"https:\/\/connectandactivate.info\/fr\/wp-json\/wp\/v2\/types\/page"}],"author":[{"embeddable":true,"href":"https:\/\/connectandactivate.info\/fr\/wp-json\/wp\/v2\/users\/1"}],"replies":[{"embeddable":true,"href":"https:\/\/connectandactivate.info\/fr\/wp-json\/wp\/v2\/comments?post=287"}],"version-history":[{"count":2,"href":"https:\/\/connectandactivate.info\/fr\/wp-json\/wp\/v2\/pages\/287\/revisions"}],"predecessor-version":[{"id":321,"href":"https:\/\/connectandactivate.info\/fr\/wp-json\/wp\/v2\/pages\/287\/revisions\/321"}],"wp:attachment":[{"href":"https:\/\/connectandactivate.info\/fr\/wp-json\/wp\/v2\/media?parent=287"}],"curies":[{"name":"wp","href":"https:\/\/api.w.org\/{rel}","templated":true}]}}