{"id":30,"date":"2024-11-11T12:10:05","date_gmt":"2024-11-11T12:10:05","guid":{"rendered":"http:\/\/localhost\/connectwp\/?page_id=30"},"modified":"2024-11-11T13:10:07","modified_gmt":"2024-11-11T13:10:07","slug":"nous-contacter","status":"publish","type":"page","link":"https:\/\/connectandactivate.info\/fr\/nous-contacter\/","title":{"rendered":"Contactez-nous"},"content":{"rendered":"<p>Nous ne vendons jamais les informations vous concernant. Toutes les informations stock\u00e9es sont cod\u00e9es chez le fournisseur Mailbox.org auquel vous les envoyez.<\/p>\n<p>BeComplete@Mailbox.org est l'e-mail direct ou utilisez le formulaire de contact, qui y est \u00e9galement envoy\u00e9.<\/p>\n<p>Nous utilisons vos donn\u00e9es uniquement pour honorer les commandes, r\u00e9pondre \u00e0 vos questions ou autres demandes. Plus tard, nous proposerons une newsletter.<\/p>\n<p>Si vous obtenez une consultation personnelle, elle se d\u00e9roulera via ZOOM et si vous participez avec un PC, seule vous pourrez l'enregistrer.<\/p>\n<p>Si vous participez avec un smartphone, veuillez vous assurer que vous pouvez faire un enregistrement audio. Nous ne ferons aucun enregistrement.<\/p>","protected":false},"excerpt":{"rendered":"<p>We never ever sell the information about you. All stored info gets encoded at the provider Mailbox.org you send it to. BeComplete@Mailbox.org is the direct email or use the contact form, which also sends to there. We only use your data for fulfilling orders or answer to your questions or other requests. Later we will [&hellip;]<\/p>","protected":false},"author":1,"featured_media":0,"parent":0,"menu_order":0,"comment_status":"closed","ping_status":"closed","template":"contact-us.php","meta":{"footnotes":""},"class_list":["post-30","page","type-page","status-publish","hentry"],"yoast_head":"<!-- This site is optimized with the Yoast SEO plugin v26.8 - https:\/\/yoast.com\/product\/yoast-seo-wordpress\/ -->\n<title>Contact-us - connect<\/title>\n<meta name=\"robots\" content=\"noindex, follow, max-snippet:-1, max-image-preview:large, max-video-preview:-1\" \/>\n<meta property=\"og:locale\" content=\"fr_FR\" \/>\n<meta property=\"og:type\" content=\"article\" \/>\n<meta property=\"og:title\" content=\"Contact-us - connect\" \/>\n<meta property=\"og:description\" content=\"We never ever sell the information about you. All stored info gets encoded at the provider Mailbox.org you send it to. BeComplete@Mailbox.org is the direct email or use the contact form, which also sends to there. We only use your data for fulfilling orders or answer to your questions or other requests. Later we will [&hellip;]\" \/>\n<meta property=\"og:url\" content=\"https:\/\/connectandactivate.info\/fr\/nous-contacter\/\" \/>\n<meta property=\"og:site_name\" content=\"connect\" \/>\n<meta property=\"article:modified_time\" content=\"2024-11-11T13:10:07+00:00\" \/>\n<meta name=\"twitter:card\" content=\"summary_large_image\" \/>\n<meta name=\"twitter:label1\" content=\"Dur\u00e9e de lecture estim\u00e9e\" \/>\n\t<meta name=\"twitter:data1\" content=\"1 minute\" \/>\n<script type=\"application\/ld+json\" class=\"yoast-schema-graph\">{\"@context\":\"https:\/\/schema.org\",\"@graph\":[{\"@type\":\"WebPage\",\"@id\":\"https:\/\/connectandactivate.info\/contact-us\/\",\"url\":\"https:\/\/connectandactivate.info\/contact-us\/\",\"name\":\"Contact-us - connect\",\"isPartOf\":{\"@id\":\"https:\/\/connectandactivate.info\/#website\"},\"datePublished\":\"2024-11-11T12:10:05+00:00\",\"dateModified\":\"2024-11-11T13:10:07+00:00\",\"breadcrumb\":{\"@id\":\"https:\/\/connectandactivate.info\/contact-us\/#breadcrumb\"},\"inLanguage\":\"fr-FR\",\"potentialAction\":[{\"@type\":\"ReadAction\",\"target\":[\"https:\/\/connectandactivate.info\/contact-us\/\"]}]},{\"@type\":\"BreadcrumbList\",\"@id\":\"https:\/\/connectandactivate.info\/contact-us\/#breadcrumb\",\"itemListElement\":[{\"@type\":\"ListItem\",\"position\":1,\"name\":\"Home\",\"item\":\"https:\/\/connectandactivate.info\/\"},{\"@type\":\"ListItem\",\"position\":2,\"name\":\"Contact-us\"}]},{\"@type\":\"WebSite\",\"@id\":\"https:\/\/connectandactivate.info\/#website\",\"url\":\"https:\/\/connectandactivate.info\/\",\"name\":\"connect\",\"description\":\"\",\"potentialAction\":[{\"@type\":\"SearchAction\",\"target\":{\"@type\":\"EntryPoint\",\"urlTemplate\":\"https:\/\/connectandactivate.info\/?s={search_term_string}\"},\"query-input\":{\"@type\":\"PropertyValueSpecification\",\"valueRequired\":true,\"valueName\":\"search_term_string\"}}],\"inLanguage\":\"fr-FR\"}]}<\/script>\n<!-- \/ Yoast SEO plugin. -->","yoast_head_json":{"title":"Contactez-nous - connexion","robots":{"index":"noindex","follow":"follow","max-snippet":"max-snippet:-1","max-image-preview":"max-image-preview:large","max-video-preview":"max-video-preview:-1"},"og_locale":"fr_FR","og_type":"article","og_title":"Contact-us - connect","og_description":"We never ever sell the information about you. All stored info gets encoded at the provider Mailbox.org you send it to. BeComplete@Mailbox.org is the direct email or use the contact form, which also sends to there. We only use your data for fulfilling orders or answer to your questions or other requests. Later we will [&hellip;]","og_url":"https:\/\/connectandactivate.info\/fr\/nous-contacter\/","og_site_name":"connect","article_modified_time":"2024-11-11T13:10:07+00:00","twitter_card":"summary_large_image","twitter_misc":{"Dur\u00e9e de lecture estim\u00e9e":"1 minute"},"schema":{"@context":"https:\/\/schema.org","@graph":[{"@type":"WebPage","@id":"https:\/\/connectandactivate.info\/contact-us\/","url":"https:\/\/connectandactivate.info\/contact-us\/","name":"Contactez-nous - connexion","isPartOf":{"@id":"https:\/\/connectandactivate.info\/#website"},"datePublished":"2024-11-11T12:10:05+00:00","dateModified":"2024-11-11T13:10:07+00:00","breadcrumb":{"@id":"https:\/\/connectandactivate.info\/contact-us\/#breadcrumb"},"inLanguage":"fr-FR","potentialAction":[{"@type":"ReadAction","target":["https:\/\/connectandactivate.info\/contact-us\/"]}]},{"@type":"BreadcrumbList","@id":"https:\/\/connectandactivate.info\/contact-us\/#breadcrumb","itemListElement":[{"@type":"ListItem","position":1,"name":"Home","item":"https:\/\/connectandactivate.info\/"},{"@type":"ListItem","position":2,"name":"Contact-us"}]},{"@type":"WebSite","@id":"https:\/\/connectandactivate.info\/#website","url":"https:\/\/connectandactivate.info\/","name":"relier","description":"","potentialAction":[{"@type":"SearchAction","target":{"@type":"EntryPoint","urlTemplate":"https:\/\/connectandactivate.info\/?s={search_term_string}"},"query-input":{"@type":"PropertyValueSpecification","valueRequired":true,"valueName":"search_term_string"}}],"inLanguage":"fr-FR"}]}},"_links":{"self":[{"href":"https:\/\/connectandactivate.info\/fr\/wp-json\/wp\/v2\/pages\/30","targetHints":{"allow":["GET"]}}],"collection":[{"href":"https:\/\/connectandactivate.info\/fr\/wp-json\/wp\/v2\/pages"}],"about":[{"href":"https:\/\/connectandactivate.info\/fr\/wp-json\/wp\/v2\/types\/page"}],"author":[{"embeddable":true,"href":"https:\/\/connectandactivate.info\/fr\/wp-json\/wp\/v2\/users\/1"}],"replies":[{"embeddable":true,"href":"https:\/\/connectandactivate.info\/fr\/wp-json\/wp\/v2\/comments?post=30"}],"version-history":[{"count":0,"href":"https:\/\/connectandactivate.info\/fr\/wp-json\/wp\/v2\/pages\/30\/revisions"}],"wp:attachment":[{"href":"https:\/\/connectandactivate.info\/fr\/wp-json\/wp\/v2\/media?parent=30"}],"curies":[{"name":"wp","href":"https:\/\/api.w.org\/{rel}","templated":true}]}}