{"id":322,"date":"2026-01-26T09:44:47","date_gmt":"2026-01-26T09:44:47","guid":{"rendered":"https:\/\/connectandactivate.info\/?page_id=322"},"modified":"2026-01-26T09:46:53","modified_gmt":"2026-01-26T09:46:53","slug":"legal","status":"publish","type":"page","link":"https:\/\/connectandactivate.info\/fr\/legal\/","title":{"rendered":"Juridique"},"content":{"rendered":"<h3>Avis :<\/h3>\n<p>Nous ne vendons jamais les informations vous concernant. Toutes les informations stock\u00e9es sont cod\u00e9es chez le fournisseur Mailbox.org auquel vous les envoyez.<br \/>\nBeComplete@Mailbox.org est l'e-mail direct ou utilisez le formulaire de contact, qui y est \u00e9galement envoy\u00e9.<\/p>\n<p>Nous utilisons vos donn\u00e9es uniquement pour honorer les commandes, r\u00e9pondre \u00e0 vos questions ou autres demandes. Plus tard, nous proposerons une newsletter.<\/p>\n<p>Si vous obtenez une consultation personnelle, elle se d\u00e9roulera via ZOOM et si vous participez avec un PC, seule vous pourrez l'enregistrer.<\/p>\n<p>Si vous participez avec un smartphone, veuillez vous assurer que vous pouvez faire un enregistrement audio. Nous ne ferons aucun enregistrement.<\/p>\n<h3>Informations juridiques<\/h3>\n<p>Pour des raisons juridiques, nous devons clarifier certains points afin d'\u00e9viter des malentendus qui pourraient compromettre ce projet.<br \/>\nSi vous rencontrez des conflits juridiques dans votre pays, veuillez avoir l'obligeance de nous en informer sans nous poursuivre en justice, afin que nous puissions les r\u00e9soudre de mani\u00e8re appropri\u00e9e.<br \/>\nNi moi, ni les produits Connect and Activate ne pr\u00e9tendons fournir des diagnostics m\u00e9dicaux ou des gu\u00e9risons.<br \/>\nCes outils sont con\u00e7us pour soutenir les individus responsables d'eux-m\u00eames et les th\u00e9rapeutes en int\u00e9grant une conscience sup\u00e9rieure, qui est d\u00e9j\u00e0 pr\u00e9sente en vous.<br \/>\nLes produits facilitent l'acc\u00e8s et l'int\u00e9gration active dans votre vie. Des effets similaires peuvent \u00eatre obtenus avec le temps gr\u00e2ce \u00e0 une m\u00e9ditation intensive.<\/p>\n<p>Les utilisateurs doivent consulter des sp\u00e9cialistes m\u00e9dicaux autoris\u00e9s localement s'ils ressentent des effets inattendus ou troublants li\u00e9s aux produits.<\/p>\n<p>La technologie actuelle ne permet pas de mesurer l'inspiration provenant de niveaux de conscience sup\u00e9rieurs infus\u00e9e dans le sel. Bien que j'aie 30 ans d'exp\u00e9rience et que je mette continuellement \u00e0 jour mes capacit\u00e9s, je ne peux pas le prouver scientifiquement.<br \/>\nEn tant qu'ing\u00e9nieur, je serais ravi de faire mes preuves et j'invite toute personne capable de me contacter.<\/p>\n<h3>Distribution<\/h3>\n<p>Comme ce projet est nouveau, la construction du r\u00e9seau de distribution prendra du temps. Actuellement, le site web recueille les informations de commande, les stocke en toute s\u00e9curit\u00e9 et les transmet au distributeur le plus proche, qui vous contactera pour honorer la commande.<br \/>\nEn raison des taxes et des frais d'exp\u00e9dition variables, seul le distributeur peut vous fournir le prix final de votre commande. Passer une commande sur le site ne vous engage \u00e0 rien ; la vente est conclue par l'interm\u00e9diaire du distributeur.<\/p>","protected":false},"excerpt":{"rendered":"<p>Notice: We never ever sell the information about you. All stored info gets encoded at the provider Mailbox.org you send it to. BeComplete@Mailbox.org is the direct email or use the contact form, which also sends to there. We only use your data for fulfilling orders or answer to your questions or other requests. Later we [&hellip;]<\/p>","protected":false},"author":1,"featured_media":0,"parent":0,"menu_order":0,"comment_status":"closed","ping_status":"closed","template":"","meta":{"footnotes":""},"class_list":["post-322","page","type-page","status-publish","hentry"],"yoast_head":"<!-- This site is optimized with the Yoast SEO plugin v26.8 - https:\/\/yoast.com\/product\/yoast-seo-wordpress\/ -->\n<title>Legal - connect<\/title>\n<meta name=\"robots\" content=\"noindex, follow, max-snippet:-1, max-image-preview:large, max-video-preview:-1\" \/>\n<meta property=\"og:locale\" content=\"fr_FR\" \/>\n<meta property=\"og:type\" content=\"article\" \/>\n<meta property=\"og:title\" content=\"Legal - connect\" \/>\n<meta property=\"og:description\" content=\"Notice: We never ever sell the information about you. All stored info gets encoded at the provider Mailbox.org you send it to. BeComplete@Mailbox.org is the direct email or use the contact form, which also sends to there. We only use your data for fulfilling orders or answer to your questions or other requests. Later we [&hellip;]\" \/>\n<meta property=\"og:url\" content=\"https:\/\/connectandactivate.info\/fr\/legal\/\" \/>\n<meta property=\"og:site_name\" content=\"connect\" \/>\n<meta property=\"article:modified_time\" content=\"2026-01-26T09:46:53+00:00\" \/>\n<meta name=\"twitter:card\" content=\"summary_large_image\" \/>\n<meta name=\"twitter:label1\" content=\"Dur\u00e9e de lecture estim\u00e9e\" \/>\n\t<meta name=\"twitter:data1\" content=\"2 minutes\" \/>\n<script type=\"application\/ld+json\" class=\"yoast-schema-graph\">{\"@context\":\"https:\/\/schema.org\",\"@graph\":[{\"@type\":\"WebPage\",\"@id\":\"https:\/\/connectandactivate.info\/legal\/\",\"url\":\"https:\/\/connectandactivate.info\/legal\/\",\"name\":\"Legal - connect\",\"isPartOf\":{\"@id\":\"https:\/\/connectandactivate.info\/#website\"},\"datePublished\":\"2026-01-26T09:44:47+00:00\",\"dateModified\":\"2026-01-26T09:46:53+00:00\",\"breadcrumb\":{\"@id\":\"https:\/\/connectandactivate.info\/legal\/#breadcrumb\"},\"inLanguage\":\"fr-FR\",\"potentialAction\":[{\"@type\":\"ReadAction\",\"target\":[\"https:\/\/connectandactivate.info\/legal\/\"]}]},{\"@type\":\"BreadcrumbList\",\"@id\":\"https:\/\/connectandactivate.info\/legal\/#breadcrumb\",\"itemListElement\":[{\"@type\":\"ListItem\",\"position\":1,\"name\":\"Home\",\"item\":\"https:\/\/connectandactivate.info\/\"},{\"@type\":\"ListItem\",\"position\":2,\"name\":\"Legal\"}]},{\"@type\":\"WebSite\",\"@id\":\"https:\/\/connectandactivate.info\/#website\",\"url\":\"https:\/\/connectandactivate.info\/\",\"name\":\"connect\",\"description\":\"\",\"potentialAction\":[{\"@type\":\"SearchAction\",\"target\":{\"@type\":\"EntryPoint\",\"urlTemplate\":\"https:\/\/connectandactivate.info\/?s={search_term_string}\"},\"query-input\":{\"@type\":\"PropertyValueSpecification\",\"valueRequired\":true,\"valueName\":\"search_term_string\"}}],\"inLanguage\":\"fr-FR\"}]}<\/script>\n<!-- \/ Yoast SEO plugin. -->","yoast_head_json":{"title":"Juridique - connecter","robots":{"index":"noindex","follow":"follow","max-snippet":"max-snippet:-1","max-image-preview":"max-image-preview:large","max-video-preview":"max-video-preview:-1"},"og_locale":"fr_FR","og_type":"article","og_title":"Legal - connect","og_description":"Notice: We never ever sell the information about you. All stored info gets encoded at the provider Mailbox.org you send it to. BeComplete@Mailbox.org is the direct email or use the contact form, which also sends to there. We only use your data for fulfilling orders or answer to your questions or other requests. Later we [&hellip;]","og_url":"https:\/\/connectandactivate.info\/fr\/legal\/","og_site_name":"connect","article_modified_time":"2026-01-26T09:46:53+00:00","twitter_card":"summary_large_image","twitter_misc":{"Dur\u00e9e de lecture estim\u00e9e":"2 minutes"},"schema":{"@context":"https:\/\/schema.org","@graph":[{"@type":"WebPage","@id":"https:\/\/connectandactivate.info\/legal\/","url":"https:\/\/connectandactivate.info\/legal\/","name":"Juridique - connecter","isPartOf":{"@id":"https:\/\/connectandactivate.info\/#website"},"datePublished":"2026-01-26T09:44:47+00:00","dateModified":"2026-01-26T09:46:53+00:00","breadcrumb":{"@id":"https:\/\/connectandactivate.info\/legal\/#breadcrumb"},"inLanguage":"fr-FR","potentialAction":[{"@type":"ReadAction","target":["https:\/\/connectandactivate.info\/legal\/"]}]},{"@type":"BreadcrumbList","@id":"https:\/\/connectandactivate.info\/legal\/#breadcrumb","itemListElement":[{"@type":"ListItem","position":1,"name":"Home","item":"https:\/\/connectandactivate.info\/"},{"@type":"ListItem","position":2,"name":"Legal"}]},{"@type":"WebSite","@id":"https:\/\/connectandactivate.info\/#website","url":"https:\/\/connectandactivate.info\/","name":"relier","description":"","potentialAction":[{"@type":"SearchAction","target":{"@type":"EntryPoint","urlTemplate":"https:\/\/connectandactivate.info\/?s={search_term_string}"},"query-input":{"@type":"PropertyValueSpecification","valueRequired":true,"valueName":"search_term_string"}}],"inLanguage":"fr-FR"}]}},"_links":{"self":[{"href":"https:\/\/connectandactivate.info\/fr\/wp-json\/wp\/v2\/pages\/322","targetHints":{"allow":["GET"]}}],"collection":[{"href":"https:\/\/connectandactivate.info\/fr\/wp-json\/wp\/v2\/pages"}],"about":[{"href":"https:\/\/connectandactivate.info\/fr\/wp-json\/wp\/v2\/types\/page"}],"author":[{"embeddable":true,"href":"https:\/\/connectandactivate.info\/fr\/wp-json\/wp\/v2\/users\/1"}],"replies":[{"embeddable":true,"href":"https:\/\/connectandactivate.info\/fr\/wp-json\/wp\/v2\/comments?post=322"}],"version-history":[{"count":3,"href":"https:\/\/connectandactivate.info\/fr\/wp-json\/wp\/v2\/pages\/322\/revisions"}],"predecessor-version":[{"id":325,"href":"https:\/\/connectandactivate.info\/fr\/wp-json\/wp\/v2\/pages\/322\/revisions\/325"}],"wp:attachment":[{"href":"https:\/\/connectandactivate.info\/fr\/wp-json\/wp\/v2\/media?parent=322"}],"curies":[{"name":"wp","href":"https:\/\/api.w.org\/{rel}","templated":true}]}}