{"id":6,"date":"2024-11-11T10:14:20","date_gmt":"2024-11-11T10:14:20","guid":{"rendered":"http:\/\/localhost\/connectwp\/?page_id=6"},"modified":"2025-12-29T23:58:57","modified_gmt":"2025-12-29T23:58:57","slug":"domicile","status":"publish","type":"page","link":"https:\/\/connectandactivate.info\/fr\/domicile\/","title":{"rendered":"Accueil"},"content":{"rendered":"<p><strong>Connect &amp; Activate vous aide \u00e0 vous reconnecter \u00e0 votre intelligence naturelle <br \/> la clart\u00e9 int\u00e9rieure qui rend la vie plus simple, plus ancr\u00e9e et plus significative.<\/strong><\/p>\n<p>Vous trouverez ci-dessous des descriptions, des vid\u00e9os et un livre \u00e0 t\u00e9l\u00e9charger gratuitement.<\/p>","protected":false},"excerpt":{"rendered":"<p>Connect &amp; Activate vous aide \u00e0 vous reconnecter \u00e0 votre intelligence naturelle - la clart\u00e9 int\u00e9rieure qui rend la vie plus simple, plus ancr\u00e9e et plus significative. Vous trouverez ci-dessous des descriptions, des vid\u00e9os et un livre \u00e0 t\u00e9l\u00e9charger gratuitement.<\/p>","protected":false},"author":1,"featured_media":0,"parent":0,"menu_order":0,"comment_status":"closed","ping_status":"closed","template":"home.php","meta":{"footnotes":""},"class_list":["post-6","page","type-page","status-publish","hentry"],"yoast_head":"<!-- This site is optimized with the Yoast SEO plugin v26.8 - https:\/\/yoast.com\/product\/yoast-seo-wordpress\/ -->\n<title>Home - connect<\/title>\n<meta name=\"robots\" content=\"noindex, follow, max-snippet:-1, max-image-preview:large, max-video-preview:-1\" \/>\n<meta property=\"og:locale\" content=\"fr_FR\" \/>\n<meta property=\"og:type\" content=\"article\" \/>\n<meta property=\"og:title\" content=\"Home - connect\" \/>\n<meta property=\"og:description\" content=\"Connect &amp; Activate helps you reconnect with your natural intelligence the inner clarity that makes life simpler, more grounded, and more meaningful. Below you\u2019ll find descriptions, videos, and a free downloadable book.\" \/>\n<meta property=\"og:url\" content=\"https:\/\/connectandactivate.info\/fr\/domicile\/\" \/>\n<meta property=\"og:site_name\" content=\"connect\" \/>\n<meta property=\"article:modified_time\" content=\"2025-12-29T23:58:57+00:00\" \/>\n<meta name=\"twitter:card\" content=\"summary_large_image\" \/>\n<meta name=\"twitter:label1\" content=\"Dur\u00e9e de lecture estim\u00e9e\" \/>\n\t<meta name=\"twitter:data1\" content=\"1 minute\" \/>\n<script type=\"application\/ld+json\" class=\"yoast-schema-graph\">{\"@context\":\"https:\/\/schema.org\",\"@graph\":[{\"@type\":\"WebPage\",\"@id\":\"https:\/\/connectandactivate.info\/home\/\",\"url\":\"https:\/\/connectandactivate.info\/home\/\",\"name\":\"Home - connect\",\"isPartOf\":{\"@id\":\"https:\/\/connectandactivate.info\/#website\"},\"datePublished\":\"2024-11-11T10:14:20+00:00\",\"dateModified\":\"2025-12-29T23:58:57+00:00\",\"breadcrumb\":{\"@id\":\"https:\/\/connectandactivate.info\/home\/#breadcrumb\"},\"inLanguage\":\"fr-FR\",\"potentialAction\":[{\"@type\":\"ReadAction\",\"target\":[\"https:\/\/connectandactivate.info\/home\/\"]}]},{\"@type\":\"BreadcrumbList\",\"@id\":\"https:\/\/connectandactivate.info\/home\/#breadcrumb\",\"itemListElement\":[{\"@type\":\"ListItem\",\"position\":1,\"name\":\"Home\",\"item\":\"https:\/\/connectandactivate.info\/\"},{\"@type\":\"ListItem\",\"position\":2,\"name\":\"Home\"}]},{\"@type\":\"WebSite\",\"@id\":\"https:\/\/connectandactivate.info\/#website\",\"url\":\"https:\/\/connectandactivate.info\/\",\"name\":\"connect\",\"description\":\"\",\"potentialAction\":[{\"@type\":\"SearchAction\",\"target\":{\"@type\":\"EntryPoint\",\"urlTemplate\":\"https:\/\/connectandactivate.info\/?s={search_term_string}\"},\"query-input\":{\"@type\":\"PropertyValueSpecification\",\"valueRequired\":true,\"valueName\":\"search_term_string\"}}],\"inLanguage\":\"fr-FR\"}]}<\/script>\n<!-- \/ Yoast SEO plugin. -->","yoast_head_json":{"title":"Accueil - connecter","robots":{"index":"noindex","follow":"follow","max-snippet":"max-snippet:-1","max-image-preview":"max-image-preview:large","max-video-preview":"max-video-preview:-1"},"og_locale":"fr_FR","og_type":"article","og_title":"Home - connect","og_description":"Connect &amp; Activate helps you reconnect with your natural intelligence the inner clarity that makes life simpler, more grounded, and more meaningful. Below you\u2019ll find descriptions, videos, and a free downloadable book.","og_url":"https:\/\/connectandactivate.info\/fr\/domicile\/","og_site_name":"connect","article_modified_time":"2025-12-29T23:58:57+00:00","twitter_card":"summary_large_image","twitter_misc":{"Dur\u00e9e de lecture estim\u00e9e":"1 minute"},"schema":{"@context":"https:\/\/schema.org","@graph":[{"@type":"WebPage","@id":"https:\/\/connectandactivate.info\/home\/","url":"https:\/\/connectandactivate.info\/home\/","name":"Accueil - connecter","isPartOf":{"@id":"https:\/\/connectandactivate.info\/#website"},"datePublished":"2024-11-11T10:14:20+00:00","dateModified":"2025-12-29T23:58:57+00:00","breadcrumb":{"@id":"https:\/\/connectandactivate.info\/home\/#breadcrumb"},"inLanguage":"fr-FR","potentialAction":[{"@type":"ReadAction","target":["https:\/\/connectandactivate.info\/home\/"]}]},{"@type":"BreadcrumbList","@id":"https:\/\/connectandactivate.info\/home\/#breadcrumb","itemListElement":[{"@type":"ListItem","position":1,"name":"Home","item":"https:\/\/connectandactivate.info\/"},{"@type":"ListItem","position":2,"name":"Home"}]},{"@type":"WebSite","@id":"https:\/\/connectandactivate.info\/#website","url":"https:\/\/connectandactivate.info\/","name":"relier","description":"","potentialAction":[{"@type":"SearchAction","target":{"@type":"EntryPoint","urlTemplate":"https:\/\/connectandactivate.info\/?s={search_term_string}"},"query-input":{"@type":"PropertyValueSpecification","valueRequired":true,"valueName":"search_term_string"}}],"inLanguage":"fr-FR"}]}},"_links":{"self":[{"href":"https:\/\/connectandactivate.info\/fr\/wp-json\/wp\/v2\/pages\/6","targetHints":{"allow":["GET"]}}],"collection":[{"href":"https:\/\/connectandactivate.info\/fr\/wp-json\/wp\/v2\/pages"}],"about":[{"href":"https:\/\/connectandactivate.info\/fr\/wp-json\/wp\/v2\/types\/page"}],"author":[{"embeddable":true,"href":"https:\/\/connectandactivate.info\/fr\/wp-json\/wp\/v2\/users\/1"}],"replies":[{"embeddable":true,"href":"https:\/\/connectandactivate.info\/fr\/wp-json\/wp\/v2\/comments?post=6"}],"version-history":[{"count":0,"href":"https:\/\/connectandactivate.info\/fr\/wp-json\/wp\/v2\/pages\/6\/revisions"}],"wp:attachment":[{"href":"https:\/\/connectandactivate.info\/fr\/wp-json\/wp\/v2\/media?parent=6"}],"curies":[{"name":"wp","href":"https:\/\/api.w.org\/{rel}","templated":true}]}}