{"id":76,"date":"2025-10-21T17:48:09","date_gmt":"2025-10-21T17:48:09","guid":{"rendered":"https:\/\/connectandactivate.info\/?page_id=76"},"modified":"2026-01-05T17:32:20","modified_gmt":"2026-01-05T17:32:20","slug":"a-propos-de-nous","status":"publish","type":"page","link":"https:\/\/connectandactivate.info\/fr\/a-propos-de-nous\/","title":{"rendered":"A propos de nous"},"content":{"rendered":"<h3>L\u00e9galement responsable du contenu du site web<\/h3>\n<p>Karl Gerhard Pieroth<br \/>\n27163 Rd P.3, Dolores, CO, USA<br \/>\n\ud83d\udce7 BeComplete@mailbox.org<br \/>\n\ud83d\udcde +1 970 570 0151<br \/>\n\ud83d\udcde (Europe) : +49 170 4790895<\/p>\n<h3>\u00c0 propos de ce site web<\/h3>\n<p>Le site ConnectAndActivate.info fournit des informations sur le d\u00e9veloppement de la conscience, la libert\u00e9 int\u00e9rieure et l'activation de la conscience sup\u00e9rieure dans la vie quotidienne. Il n'y a pas de boutique en ligne. Les donn\u00e9es n\u00e9cessaires (telles que votre adresse \u00e9lectronique) ne seront stock\u00e9es que lorsque vous nous contacterez directement ou que vous t\u00e9l\u00e9chargerez les livres \u00e9lectroniques gratuits. L'adresse \u00e9lectronique BeComplete@mailbox.org est crypt\u00e9e et exploit\u00e9e sur un serveur s\u00e9curis\u00e9 en Allemagne. Les produits sont disponibles aupr\u00e8s des partenaires de distribution \u00e9num\u00e9r\u00e9s ci-dessous.<\/p>\n<h3>Avis de non-responsabilit\u00e9 en mati\u00e8re de langues et de traduction<u><\/u><u><\/u><\/h3>\n<p>Le contenu original de ce site web, y compris les textes et les publications, a \u00e9t\u00e9 cr\u00e9\u00e9 en anglais.<u><\/u><u><\/u><\/p>\n<p>Les traductions dans d'autres langues sont r\u00e9alis\u00e9es \u00e0 l'aide d'outils d'intelligence artificielle afin d'am\u00e9liorer l'accessibilit\u00e9 pour un public international.<u><\/u><u><\/u><\/p>\n<p>En raison de la nature de la langue et des sujets exp\u00e9rimentaux, symboliques et conceptuels abord\u00e9s, les traductions peuvent varier en termes de nuances ou d'interpr\u00e9tation.<u><\/u><u><\/u><\/p>\n<p>La version anglaise fait foi. En cas de divergence de sens ou d'interpr\u00e9tation, la version anglaise pr\u00e9vaut.<u><\/u><u><\/u><\/p>\n<p>Tout le contenu est fourni \u00e0 titre informatif et culturel uniquement et ne constitue pas un avis m\u00e9dical, th\u00e9rapeutique ou professionnel.<\/p>\n<h3>Objectif du projet<\/h3>\n<p>Le projet Connect and Activate vise \u00e0 compl\u00e9ter les formes existantes de th\u00e9rapie et de connaissance de soi en int\u00e9grant la conscience sup\u00e9rieure d\u00e9j\u00e0 pr\u00e9sente dans chaque personne. L'exp\u00e9rience a montr\u00e9 que les processus de d\u00e9veloppement personnel peuvent \u00eatre consid\u00e9rablement acc\u00e9l\u00e9r\u00e9s de cette mani\u00e8re. Les produits cr\u00e9ent une connexion individuelle avec sa propre conscience et activent les capacit\u00e9s int\u00e9rieures - ce qui n'\u00e9tait auparavant possible qu'au prix d'une m\u00e9ditation intensive ou d'un retrait de la vie quotidienne. Aujourd'hui, cette conscience \u00e9largie peut \u00eatre facilement int\u00e9gr\u00e9e dans la vie normale, avec la famille, le travail et les responsabilit\u00e9s - une nouvelle voie vers l'\u00e9panouissement personnel et la libert\u00e9 mentale.<\/p>\n<h3>Avantages et effets pratiques<\/h3>\n<p>Se connecter consciemment \u00e0 son moi sup\u00e9rieur permet d'avoir une vision plus large, au-del\u00e0 des limites de l'ego - une \u2018perspective d'aigle\u2019 sur sa vie, ses opportunit\u00e9s et ses objectifs. Cela renforce la stabilit\u00e9 int\u00e9rieure, le centrage et la confiance en soi. Vous commencez \u00e0 reconna\u00eetre ce qui donne vraiment du sens \u00e0 votre vie et vous d\u00e9veloppez une autorit\u00e9 naturelle qui respecte les autres sans les diminuer. Une v\u00e9ritable libert\u00e9 personnelle \u00e9merge, ainsi qu'un sens clair et individuel de la direction \u00e0 prendre dans la vie.<\/p>\n<h3>Comment fonctionnent les produits<\/h3>\n<p>Aucun \u00e9l\u00e9ment ext\u00e9rieur n'est ajout\u00e9 aux sels. Il s'agit de sel de cristal de l'Himalaya pur, dans lequel des impulsions \u00e9nerg\u00e9tiques sont imprim\u00e9es au moyen d'une technique sp\u00e9ciale. Lorsque le sel se dissout sous la langue, ces impulsions sont absorb\u00e9es par le syst\u00e8me d'information du corps. Le subconscient se connecte alors au niveau sup\u00e9rieur de la conscience - le moi int\u00e9rieur et clair et les capacit\u00e9s qui lui sont associ\u00e9es. Cette m\u00e9thode favorise le d\u00e9veloppement de la conscience et encourage les processus naturels d'autogu\u00e9rison sans intervention m\u00e9dicale.<\/p>\n<h3>Informations juridiques<\/h3>\n<p>Ni moi, Karl Gerhard Pieroth, ni les produits Connect et Activate n'avons de pr\u00e9tentions m\u00e9dicales. Ils ne sont pas destin\u00e9s \u00e0 diagnostiquer ou \u00e0 gu\u00e9rir des maladies. Cela reste, bien entendu, du ressort des m\u00e9decins et des praticiens de sant\u00e9 agr\u00e9\u00e9s. Nos produits ne sont pas des m\u00e9dicaments et ne remplacent pas un traitement m\u00e9dical. Ils aident les individus et les th\u00e9rapeutes responsables \u00e0 int\u00e9grer la conscience sup\u00e9rieure et le d\u00e9veloppement personnel dans la vie de tous les jours. Les sels Connect et Activate ne sont pas des m\u00e9dicaments au sens de la loi. Ils ne contiennent pas de substances chimiques actives et ne provoquent pas de r\u00e9actions standardis\u00e9es telles que celles produites par les m\u00e9dicaments. Les impulsions imprim\u00e9es ne peuvent actuellement pas \u00eatre d\u00e9tect\u00e9es avec les m\u00e9thodes de mesure existantes - tout comme de nombreux ph\u00e9nom\u00e8nes physiques qui existaient bien avant que l'on puisse les mesurer.<\/p>\n<h3>Distribution<\/h3>\n<p>Le r\u00e9seau de distribution est en cours de mise en place. Si vous souhaitez acheter des produits, veuillez contacter l'un des partenaires de distribution suivants :<\/p>\n<p><a href=\"https:\/\/hb22.nl\/zoeken?controller=search&amp;s=conne\">https:\/\/hb22.nl\/zoeken?controller=search&amp;s=conne<\/a><\/p>\n<p>Importateur pour l'UE :<br \/>\nHandelshuis Bouwman B.V.<br \/>\nWinkelskamp 6, 7255 PZ Hengelo (Gld), Pays-Bas<br \/>\n\ud83d\udcde +31 650 227 512<br \/>\n\ud83d\udce7 jbouwman@handelshuisbouwman.nl<br \/>\n(Langues : anglais, n\u00e9erlandais, allemand)<\/p>\n<p>Suisse :<br \/>\nBuchhandlung Sphinx<br \/>\n\ud83d\udce7 sphinx@sphinx-book.ch<\/p>\n<p>Japon :<br \/>\nAxis Mundi \u682a\u5f0f\u4f1a\u793e<br \/>\n\u3012250-0117, Pr\u00e9fecture de Kanagawa, Ville de Minamiashigara, Tsukahara 4871-37<br \/>\n\ud83d\udcde +81 465 46 6459<br \/>\n\ud83d\udce7 info@axis-mundi.jp<\/p>","protected":false},"excerpt":{"rendered":"<p>Legally Responsible for the Website Content Karl Gerhard Pieroth 27163 Rd P.3, Dolores, CO, USA \ud83d\udce7 BeComplete@mailbox.org \ud83d\udcde +1 970 570 0151 \ud83d\udcde (Europe): +49 170 4790895 About this Website The website ConnectAndActivate.info provides information on awareness development, inner freedom, and the activation of higher consciousness in everyday life. There is no online shop. Only [&hellip;]<\/p>","protected":false},"author":1,"featured_media":0,"parent":0,"menu_order":0,"comment_status":"closed","ping_status":"closed","template":"about.php","meta":{"footnotes":""},"class_list":["post-76","page","type-page","status-publish","hentry"],"yoast_head":"<!-- This site is optimized with the Yoast SEO plugin v26.8 - https:\/\/yoast.com\/product\/yoast-seo-wordpress\/ -->\n<title>About Us - connect<\/title>\n<meta name=\"robots\" content=\"noindex, follow, max-snippet:-1, max-image-preview:large, max-video-preview:-1\" \/>\n<meta property=\"og:locale\" content=\"fr_FR\" \/>\n<meta property=\"og:type\" content=\"article\" \/>\n<meta property=\"og:title\" content=\"About Us - connect\" \/>\n<meta property=\"og:description\" content=\"Legally Responsible for the Website Content Karl Gerhard Pieroth 27163 Rd P.3, Dolores, CO, USA \ud83d\udce7 BeComplete@mailbox.org \ud83d\udcde +1 970 570 0151 \ud83d\udcde (Europe): +49 170 4790895 About this Website The website ConnectAndActivate.info provides information on awareness development, inner freedom, and the activation of higher consciousness in everyday life. There is no online shop. Only [&hellip;]\" \/>\n<meta property=\"og:url\" content=\"https:\/\/connectandactivate.info\/fr\/a-propos-de-nous\/\" \/>\n<meta property=\"og:site_name\" content=\"connect\" \/>\n<meta property=\"article:modified_time\" content=\"2026-01-05T17:32:20+00:00\" \/>\n<meta name=\"twitter:card\" content=\"summary_large_image\" \/>\n<meta name=\"twitter:label1\" content=\"Dur\u00e9e de lecture estim\u00e9e\" \/>\n\t<meta name=\"twitter:data1\" content=\"3 minutes\" \/>\n<script type=\"application\/ld+json\" class=\"yoast-schema-graph\">{\"@context\":\"https:\/\/schema.org\",\"@graph\":[{\"@type\":\"WebPage\",\"@id\":\"https:\/\/connectandactivate.info\/about-us\/\",\"url\":\"https:\/\/connectandactivate.info\/about-us\/\",\"name\":\"About Us - connect\",\"isPartOf\":{\"@id\":\"https:\/\/connectandactivate.info\/#website\"},\"datePublished\":\"2025-10-21T17:48:09+00:00\",\"dateModified\":\"2026-01-05T17:32:20+00:00\",\"breadcrumb\":{\"@id\":\"https:\/\/connectandactivate.info\/about-us\/#breadcrumb\"},\"inLanguage\":\"fr-FR\",\"potentialAction\":[{\"@type\":\"ReadAction\",\"target\":[\"https:\/\/connectandactivate.info\/about-us\/\"]}]},{\"@type\":\"BreadcrumbList\",\"@id\":\"https:\/\/connectandactivate.info\/about-us\/#breadcrumb\",\"itemListElement\":[{\"@type\":\"ListItem\",\"position\":1,\"name\":\"Home\",\"item\":\"https:\/\/connectandactivate.info\/\"},{\"@type\":\"ListItem\",\"position\":2,\"name\":\"About Us\"}]},{\"@type\":\"WebSite\",\"@id\":\"https:\/\/connectandactivate.info\/#website\",\"url\":\"https:\/\/connectandactivate.info\/\",\"name\":\"connect\",\"description\":\"\",\"potentialAction\":[{\"@type\":\"SearchAction\",\"target\":{\"@type\":\"EntryPoint\",\"urlTemplate\":\"https:\/\/connectandactivate.info\/?s={search_term_string}\"},\"query-input\":{\"@type\":\"PropertyValueSpecification\",\"valueRequired\":true,\"valueName\":\"search_term_string\"}}],\"inLanguage\":\"fr-FR\"}]}<\/script>\n<!-- \/ Yoast SEO plugin. -->","yoast_head_json":{"title":"\u00c0 propos de nous - connecter","robots":{"index":"noindex","follow":"follow","max-snippet":"max-snippet:-1","max-image-preview":"max-image-preview:large","max-video-preview":"max-video-preview:-1"},"og_locale":"fr_FR","og_type":"article","og_title":"About Us - connect","og_description":"Legally Responsible for the Website Content Karl Gerhard Pieroth 27163 Rd P.3, Dolores, CO, USA \ud83d\udce7 BeComplete@mailbox.org \ud83d\udcde +1 970 570 0151 \ud83d\udcde (Europe): +49 170 4790895 About this Website The website ConnectAndActivate.info provides information on awareness development, inner freedom, and the activation of higher consciousness in everyday life. There is no online shop. Only [&hellip;]","og_url":"https:\/\/connectandactivate.info\/fr\/a-propos-de-nous\/","og_site_name":"connect","article_modified_time":"2026-01-05T17:32:20+00:00","twitter_card":"summary_large_image","twitter_misc":{"Dur\u00e9e de lecture estim\u00e9e":"3 minutes"},"schema":{"@context":"https:\/\/schema.org","@graph":[{"@type":"WebPage","@id":"https:\/\/connectandactivate.info\/about-us\/","url":"https:\/\/connectandactivate.info\/about-us\/","name":"\u00c0 propos de nous - connecter","isPartOf":{"@id":"https:\/\/connectandactivate.info\/#website"},"datePublished":"2025-10-21T17:48:09+00:00","dateModified":"2026-01-05T17:32:20+00:00","breadcrumb":{"@id":"https:\/\/connectandactivate.info\/about-us\/#breadcrumb"},"inLanguage":"fr-FR","potentialAction":[{"@type":"ReadAction","target":["https:\/\/connectandactivate.info\/about-us\/"]}]},{"@type":"BreadcrumbList","@id":"https:\/\/connectandactivate.info\/about-us\/#breadcrumb","itemListElement":[{"@type":"ListItem","position":1,"name":"Home","item":"https:\/\/connectandactivate.info\/"},{"@type":"ListItem","position":2,"name":"About Us"}]},{"@type":"WebSite","@id":"https:\/\/connectandactivate.info\/#website","url":"https:\/\/connectandactivate.info\/","name":"relier","description":"","potentialAction":[{"@type":"SearchAction","target":{"@type":"EntryPoint","urlTemplate":"https:\/\/connectandactivate.info\/?s={search_term_string}"},"query-input":{"@type":"PropertyValueSpecification","valueRequired":true,"valueName":"search_term_string"}}],"inLanguage":"fr-FR"}]}},"_links":{"self":[{"href":"https:\/\/connectandactivate.info\/fr\/wp-json\/wp\/v2\/pages\/76","targetHints":{"allow":["GET"]}}],"collection":[{"href":"https:\/\/connectandactivate.info\/fr\/wp-json\/wp\/v2\/pages"}],"about":[{"href":"https:\/\/connectandactivate.info\/fr\/wp-json\/wp\/v2\/types\/page"}],"author":[{"embeddable":true,"href":"https:\/\/connectandactivate.info\/fr\/wp-json\/wp\/v2\/users\/1"}],"replies":[{"embeddable":true,"href":"https:\/\/connectandactivate.info\/fr\/wp-json\/wp\/v2\/comments?post=76"}],"version-history":[{"count":0,"href":"https:\/\/connectandactivate.info\/fr\/wp-json\/wp\/v2\/pages\/76\/revisions"}],"wp:attachment":[{"href":"https:\/\/connectandactivate.info\/fr\/wp-json\/wp\/v2\/media?parent=76"}],"curies":[{"name":"wp","href":"https:\/\/api.w.org\/{rel}","templated":true}]}}