{"id":78,"date":"2025-10-21T17:48:38","date_gmt":"2025-10-21T17:48:38","guid":{"rendered":"https:\/\/connectandactivate.info\/?page_id=78"},"modified":"2025-12-18T07:30:28","modified_gmt":"2025-12-18T07:30:28","slug":"questions-frequemment-posees","status":"publish","type":"page","link":"https:\/\/connectandactivate.info\/fr\/questions-frequemment-posees\/","title":{"rendered":"FAQ"},"content":{"rendered":"<h2>Introduction<\/h2>\n<p>Connect &amp; Activate est un syst\u00e8me pratique qui utilise sept sels bas\u00e9s sur l'inspiration pour soutenir la conscience de soi, la clart\u00e9 et le d\u00e9veloppement personnel.<br \/>\nCe site web et le livre qui l'accompagne sont con\u00e7us comme un guide simple et structur\u00e9 pour vous aider \u00e0 travailler avec les sels en toute confiance et de mani\u00e8re efficace.<\/p>\n<p>De nombreuses personnes consid\u00e8rent Connect &amp; Activate comme une nouvelle fa\u00e7on d'initier des changements significatifs dans la vie quotidienne - ce qui soul\u00e8ve naturellement des questions.<br \/>\nVoici les r\u00e9ponses aux questions les plus courantes.<\/p>","protected":false},"excerpt":{"rendered":"<p>Introduction Connect &amp; Activate is a practical system that uses seven inspiration-based salts to support self-awareness, clarity, and personal development. This website and the accompanying book are designed as a simple, structured guide to help you work with the salts confidently and effectively. Many people experience Connect &amp; Activate as a new way of initiating [&hellip;]<\/p>","protected":false},"author":1,"featured_media":0,"parent":0,"menu_order":0,"comment_status":"closed","ping_status":"closed","template":"faq.php","meta":{"footnotes":""},"class_list":["post-78","page","type-page","status-publish","hentry"],"yoast_head":"<!-- This site is optimized with the Yoast SEO plugin v26.8 - https:\/\/yoast.com\/product\/yoast-seo-wordpress\/ -->\n<title>FAQ - connect<\/title>\n<meta name=\"robots\" content=\"noindex, follow, max-snippet:-1, max-image-preview:large, max-video-preview:-1\" \/>\n<meta property=\"og:locale\" content=\"fr_FR\" \/>\n<meta property=\"og:type\" content=\"article\" \/>\n<meta property=\"og:title\" content=\"FAQ - connect\" \/>\n<meta property=\"og:description\" content=\"Introduction Connect &amp; Activate is a practical system that uses seven inspiration-based salts to support self-awareness, clarity, and personal development. This website and the accompanying book are designed as a simple, structured guide to help you work with the salts confidently and effectively. Many people experience Connect &amp; Activate as a new way of initiating [&hellip;]\" \/>\n<meta property=\"og:url\" content=\"https:\/\/connectandactivate.info\/fr\/questions-frequemment-posees\/\" \/>\n<meta property=\"og:site_name\" content=\"connect\" \/>\n<meta property=\"article:modified_time\" content=\"2025-12-18T07:30:28+00:00\" \/>\n<meta name=\"twitter:card\" content=\"summary_large_image\" \/>\n<script type=\"application\/ld+json\" class=\"yoast-schema-graph\">{\"@context\":\"https:\/\/schema.org\",\"@graph\":[{\"@type\":\"WebPage\",\"@id\":\"https:\/\/connectandactivate.info\/frequently-asked-questions\/\",\"url\":\"https:\/\/connectandactivate.info\/frequently-asked-questions\/\",\"name\":\"FAQ - connect\",\"isPartOf\":{\"@id\":\"https:\/\/connectandactivate.info\/#website\"},\"datePublished\":\"2025-10-21T17:48:38+00:00\",\"dateModified\":\"2025-12-18T07:30:28+00:00\",\"breadcrumb\":{\"@id\":\"https:\/\/connectandactivate.info\/frequently-asked-questions\/#breadcrumb\"},\"inLanguage\":\"fr-FR\",\"potentialAction\":[{\"@type\":\"ReadAction\",\"target\":[\"https:\/\/connectandactivate.info\/frequently-asked-questions\/\"]}]},{\"@type\":\"BreadcrumbList\",\"@id\":\"https:\/\/connectandactivate.info\/frequently-asked-questions\/#breadcrumb\",\"itemListElement\":[{\"@type\":\"ListItem\",\"position\":1,\"name\":\"Home\",\"item\":\"https:\/\/connectandactivate.info\/\"},{\"@type\":\"ListItem\",\"position\":2,\"name\":\"FAQ\"}]},{\"@type\":\"WebSite\",\"@id\":\"https:\/\/connectandactivate.info\/#website\",\"url\":\"https:\/\/connectandactivate.info\/\",\"name\":\"connect\",\"description\":\"\",\"potentialAction\":[{\"@type\":\"SearchAction\",\"target\":{\"@type\":\"EntryPoint\",\"urlTemplate\":\"https:\/\/connectandactivate.info\/?s={search_term_string}\"},\"query-input\":{\"@type\":\"PropertyValueSpecification\",\"valueRequired\":true,\"valueName\":\"search_term_string\"}}],\"inLanguage\":\"fr-FR\"}]}<\/script>\n<!-- \/ Yoast SEO plugin. -->","yoast_head_json":{"title":"FAQ - se connecter","robots":{"index":"noindex","follow":"follow","max-snippet":"max-snippet:-1","max-image-preview":"max-image-preview:large","max-video-preview":"max-video-preview:-1"},"og_locale":"fr_FR","og_type":"article","og_title":"FAQ - connect","og_description":"Introduction Connect &amp; Activate is a practical system that uses seven inspiration-based salts to support self-awareness, clarity, and personal development. This website and the accompanying book are designed as a simple, structured guide to help you work with the salts confidently and effectively. Many people experience Connect &amp; Activate as a new way of initiating [&hellip;]","og_url":"https:\/\/connectandactivate.info\/fr\/questions-frequemment-posees\/","og_site_name":"connect","article_modified_time":"2025-12-18T07:30:28+00:00","twitter_card":"summary_large_image","schema":{"@context":"https:\/\/schema.org","@graph":[{"@type":"WebPage","@id":"https:\/\/connectandactivate.info\/frequently-asked-questions\/","url":"https:\/\/connectandactivate.info\/frequently-asked-questions\/","name":"FAQ - se connecter","isPartOf":{"@id":"https:\/\/connectandactivate.info\/#website"},"datePublished":"2025-10-21T17:48:38+00:00","dateModified":"2025-12-18T07:30:28+00:00","breadcrumb":{"@id":"https:\/\/connectandactivate.info\/frequently-asked-questions\/#breadcrumb"},"inLanguage":"fr-FR","potentialAction":[{"@type":"ReadAction","target":["https:\/\/connectandactivate.info\/frequently-asked-questions\/"]}]},{"@type":"BreadcrumbList","@id":"https:\/\/connectandactivate.info\/frequently-asked-questions\/#breadcrumb","itemListElement":[{"@type":"ListItem","position":1,"name":"Home","item":"https:\/\/connectandactivate.info\/"},{"@type":"ListItem","position":2,"name":"FAQ"}]},{"@type":"WebSite","@id":"https:\/\/connectandactivate.info\/#website","url":"https:\/\/connectandactivate.info\/","name":"relier","description":"","potentialAction":[{"@type":"SearchAction","target":{"@type":"EntryPoint","urlTemplate":"https:\/\/connectandactivate.info\/?s={search_term_string}"},"query-input":{"@type":"PropertyValueSpecification","valueRequired":true,"valueName":"search_term_string"}}],"inLanguage":"fr-FR"}]}},"_links":{"self":[{"href":"https:\/\/connectandactivate.info\/fr\/wp-json\/wp\/v2\/pages\/78","targetHints":{"allow":["GET"]}}],"collection":[{"href":"https:\/\/connectandactivate.info\/fr\/wp-json\/wp\/v2\/pages"}],"about":[{"href":"https:\/\/connectandactivate.info\/fr\/wp-json\/wp\/v2\/types\/page"}],"author":[{"embeddable":true,"href":"https:\/\/connectandactivate.info\/fr\/wp-json\/wp\/v2\/users\/1"}],"replies":[{"embeddable":true,"href":"https:\/\/connectandactivate.info\/fr\/wp-json\/wp\/v2\/comments?post=78"}],"version-history":[{"count":0,"href":"https:\/\/connectandactivate.info\/fr\/wp-json\/wp\/v2\/pages\/78\/revisions"}],"wp:attachment":[{"href":"https:\/\/connectandactivate.info\/fr\/wp-json\/wp\/v2\/media?parent=78"}],"curies":[{"name":"wp","href":"https:\/\/api.w.org\/{rel}","templated":true}]}}