{"id":84,"date":"2025-10-21T17:59:33","date_gmt":"2025-10-21T17:59:33","guid":{"rendered":"https:\/\/connectandactivate.info\/?page_id=84"},"modified":"2025-12-20T13:43:14","modified_gmt":"2025-12-20T13:43:14","slug":"comment-lutiliser","status":"publish","type":"page","link":"https:\/\/connectandactivate.info\/fr\/comment-lutiliser\/","title":{"rendered":"Comment l'utiliser"},"content":{"rendered":"<h3>Fr\u00e9quence d'utilisation<\/h3>\n<p>Parce que nous travaillons avec <strong>les habitudes et les sch\u00e9mas internes<\/strong>, Les petites impulsions r\u00e9guli\u00e8res sont plus b\u00e9n\u00e9fiques que la prise de grandes quantit\u00e9s en une seule fois. <strong>La r\u00e9gularit\u00e9 importe plus que la quantit\u00e9<\/strong>.<\/p>\n<p>Utiliser le sel <strong>cinq fois par jour<\/strong>:<\/p>\n<ul>\n<li>une fois le matin<\/li>\n<li>une fois dans la soir\u00e9e<\/li>\n<li>et trois fois dans la journ\u00e9e<\/li>\n<\/ul>\n<p>La constance soutient le processus plus efficacement qu'un dosage plus \u00e9lev\u00e9.<\/p>\n<p>&nbsp;<\/p>\n<h3>Note importante<\/h3>\n<p>Lorsque le sel se dissout sous la langue, l'inspiration emmagasin\u00e9e est lib\u00e9r\u00e9e.<\/p>\n<p>S'il vous pla\u00eet <strong>ne pas pr\u00e9parer de teintures<\/strong> du sel.<br \/>\nL'eau et les autres liquides ne retiennent qu'une partie de l'impression, ce qui r\u00e9duit l'effet recherch\u00e9.<\/p>\n<p>Toujours utiliser le sel directement sous forme de grains.<br \/>\nLe porte-cl\u00e9s est con\u00e7u pour que vous puissiez <strong>l'emporter facilement avec soi<\/strong>, tout comme vos cl\u00e9s.<\/p>","protected":false},"excerpt":{"rendered":"<p>Frequency of Use Because we are working with habits and internal patterns, regular small impulses are more beneficial than taking large amounts at once. Regularity matters more than quantity. Use the salt five times a day: once in the morning once in the evening and three times during the day Consistency supports the process more [&hellip;]<\/p>","protected":false},"author":1,"featured_media":0,"parent":0,"menu_order":0,"comment_status":"closed","ping_status":"closed","template":"how-to-use.php","meta":{"footnotes":""},"class_list":["post-84","page","type-page","status-publish","hentry"],"yoast_head":"<!-- This site is optimized with the Yoast SEO plugin v26.8 - https:\/\/yoast.com\/product\/yoast-seo-wordpress\/ -->\n<title>How to Use - connect<\/title>\n<meta name=\"robots\" content=\"noindex, follow, max-snippet:-1, max-image-preview:large, max-video-preview:-1\" \/>\n<meta property=\"og:locale\" content=\"fr_FR\" \/>\n<meta property=\"og:type\" content=\"article\" \/>\n<meta property=\"og:title\" content=\"How to Use - connect\" \/>\n<meta property=\"og:description\" content=\"Frequency of Use Because we are working with habits and internal patterns, regular small impulses are more beneficial than taking large amounts at once. Regularity matters more than quantity. Use the salt five times a day: once in the morning once in the evening and three times during the day Consistency supports the process more [&hellip;]\" \/>\n<meta property=\"og:url\" content=\"https:\/\/connectandactivate.info\/fr\/comment-lutiliser\/\" \/>\n<meta property=\"og:site_name\" content=\"connect\" \/>\n<meta property=\"article:modified_time\" content=\"2025-12-20T13:43:14+00:00\" \/>\n<meta name=\"twitter:card\" content=\"summary_large_image\" \/>\n<meta name=\"twitter:label1\" content=\"Dur\u00e9e de lecture estim\u00e9e\" \/>\n\t<meta name=\"twitter:data1\" content=\"1 minute\" \/>\n<script type=\"application\/ld+json\" class=\"yoast-schema-graph\">{\"@context\":\"https:\/\/schema.org\",\"@graph\":[{\"@type\":\"WebPage\",\"@id\":\"https:\/\/connectandactivate.info\/how-to-use\/\",\"url\":\"https:\/\/connectandactivate.info\/how-to-use\/\",\"name\":\"How to Use - connect\",\"isPartOf\":{\"@id\":\"https:\/\/connectandactivate.info\/#website\"},\"datePublished\":\"2025-10-21T17:59:33+00:00\",\"dateModified\":\"2025-12-20T13:43:14+00:00\",\"breadcrumb\":{\"@id\":\"https:\/\/connectandactivate.info\/how-to-use\/#breadcrumb\"},\"inLanguage\":\"fr-FR\",\"potentialAction\":[{\"@type\":\"ReadAction\",\"target\":[\"https:\/\/connectandactivate.info\/how-to-use\/\"]}]},{\"@type\":\"BreadcrumbList\",\"@id\":\"https:\/\/connectandactivate.info\/how-to-use\/#breadcrumb\",\"itemListElement\":[{\"@type\":\"ListItem\",\"position\":1,\"name\":\"Home\",\"item\":\"https:\/\/connectandactivate.info\/\"},{\"@type\":\"ListItem\",\"position\":2,\"name\":\"How to Use\"}]},{\"@type\":\"WebSite\",\"@id\":\"https:\/\/connectandactivate.info\/#website\",\"url\":\"https:\/\/connectandactivate.info\/\",\"name\":\"connect\",\"description\":\"\",\"potentialAction\":[{\"@type\":\"SearchAction\",\"target\":{\"@type\":\"EntryPoint\",\"urlTemplate\":\"https:\/\/connectandactivate.info\/?s={search_term_string}\"},\"query-input\":{\"@type\":\"PropertyValueSpecification\",\"valueRequired\":true,\"valueName\":\"search_term_string\"}}],\"inLanguage\":\"fr-FR\"}]}<\/script>\n<!-- \/ Yoast SEO plugin. -->","yoast_head_json":{"title":"Mode d'emploi - connecter","robots":{"index":"noindex","follow":"follow","max-snippet":"max-snippet:-1","max-image-preview":"max-image-preview:large","max-video-preview":"max-video-preview:-1"},"og_locale":"fr_FR","og_type":"article","og_title":"How to Use - connect","og_description":"Frequency of Use Because we are working with habits and internal patterns, regular small impulses are more beneficial than taking large amounts at once. Regularity matters more than quantity. Use the salt five times a day: once in the morning once in the evening and three times during the day Consistency supports the process more [&hellip;]","og_url":"https:\/\/connectandactivate.info\/fr\/comment-lutiliser\/","og_site_name":"connect","article_modified_time":"2025-12-20T13:43:14+00:00","twitter_card":"summary_large_image","twitter_misc":{"Dur\u00e9e de lecture estim\u00e9e":"1 minute"},"schema":{"@context":"https:\/\/schema.org","@graph":[{"@type":"WebPage","@id":"https:\/\/connectandactivate.info\/how-to-use\/","url":"https:\/\/connectandactivate.info\/how-to-use\/","name":"Mode d'emploi - connecter","isPartOf":{"@id":"https:\/\/connectandactivate.info\/#website"},"datePublished":"2025-10-21T17:59:33+00:00","dateModified":"2025-12-20T13:43:14+00:00","breadcrumb":{"@id":"https:\/\/connectandactivate.info\/how-to-use\/#breadcrumb"},"inLanguage":"fr-FR","potentialAction":[{"@type":"ReadAction","target":["https:\/\/connectandactivate.info\/how-to-use\/"]}]},{"@type":"BreadcrumbList","@id":"https:\/\/connectandactivate.info\/how-to-use\/#breadcrumb","itemListElement":[{"@type":"ListItem","position":1,"name":"Home","item":"https:\/\/connectandactivate.info\/"},{"@type":"ListItem","position":2,"name":"How to Use"}]},{"@type":"WebSite","@id":"https:\/\/connectandactivate.info\/#website","url":"https:\/\/connectandactivate.info\/","name":"relier","description":"","potentialAction":[{"@type":"SearchAction","target":{"@type":"EntryPoint","urlTemplate":"https:\/\/connectandactivate.info\/?s={search_term_string}"},"query-input":{"@type":"PropertyValueSpecification","valueRequired":true,"valueName":"search_term_string"}}],"inLanguage":"fr-FR"}]}},"_links":{"self":[{"href":"https:\/\/connectandactivate.info\/fr\/wp-json\/wp\/v2\/pages\/84","targetHints":{"allow":["GET"]}}],"collection":[{"href":"https:\/\/connectandactivate.info\/fr\/wp-json\/wp\/v2\/pages"}],"about":[{"href":"https:\/\/connectandactivate.info\/fr\/wp-json\/wp\/v2\/types\/page"}],"author":[{"embeddable":true,"href":"https:\/\/connectandactivate.info\/fr\/wp-json\/wp\/v2\/users\/1"}],"replies":[{"embeddable":true,"href":"https:\/\/connectandactivate.info\/fr\/wp-json\/wp\/v2\/comments?post=84"}],"version-history":[{"count":0,"href":"https:\/\/connectandactivate.info\/fr\/wp-json\/wp\/v2\/pages\/84\/revisions"}],"wp:attachment":[{"href":"https:\/\/connectandactivate.info\/fr\/wp-json\/wp\/v2\/media?parent=84"}],"curies":[{"name":"wp","href":"https:\/\/api.w.org\/{rel}","templated":true}]}}