{"id":104,"date":"2025-11-03T19:33:30","date_gmt":"2025-11-03T19:33:30","guid":{"rendered":"https:\/\/connectandactivate.info\/?post_type=product&#038;p=104"},"modified":"2025-12-22T08:01:44","modified_gmt":"2025-12-22T08:01:44","slug":"stabilite-et-reconnexion","status":"publish","type":"product","link":"https:\/\/connectandactivate.info\/fr\/product\/stabilite-et-reconnexion\/","title":{"rendered":"Stabilit\u00e9 et reconnexion"},"content":{"rendered":"<p><strong>Sel n\u00b0 4 : Stabilit\u00e9 et reconnexion<\/strong><\/p>\n<p><strong>Retour \u00e0 l'\u00e9quilibre<\/strong><\/p>\n<p><strong>\u00a0<\/strong><\/p>\n<p>Lorsque la vie devient stressante ou exigeante, il est facile de perdre la stabilit\u00e9 int\u00e9rieure qui nous permet de rester ancr\u00e9s et connect\u00e9s.<br \/>\nInspiration No. 4 soutient le processus naturel d'apaisement, en soulageant la pression accumul\u00e9e par l'activit\u00e9 constante, la responsabilit\u00e9 et l'engagement \u00e9motionnel.<\/p>\n<p>Il ne pousse ni ne stimule - il favorise un retour naturel et en douceur \u00e0 l'\u00e9quilibre et \u00e0 la coh\u00e9rence dans votre vie quotidienne.<\/p>\n<p>&nbsp;<\/p>\n<p><strong>Pourquoi le stress est-il si \u00e9puisant ?<\/strong><\/p>\n<p>Le stress ne se r\u00e9sume pas \u00e0 un exc\u00e8s de t\u00e2ches.\u201c<br \/>\nElle est souvent le r\u00e9sultat de sch\u00e9mas inconscients qui g\u00e9n\u00e8rent de la tension, de la pression ou de la peur, m\u00eame dans des situations ordinaires.<\/p>\n<p>Ces sch\u00e9mas peuvent conduire \u00e0 :<br \/>\n- la fatigue \u00e9motionnelle<br \/>\n- r\u00e9action excessive \u00e0 de petits d\u00e9clencheurs<br \/>\n- difficult\u00e9 \u00e0 se reposer<br \/>\n- sommeil perturb\u00e9<br \/>\n- une vigilance interne constante<\/p>\n<p>Non pas parce que quelque chose ne va pas.\u201c<br \/>\nmais parce que le syst\u00e8me a \u00e9t\u00e9 d\u00e9s\u00e9quilibr\u00e9.<\/p>\n<p>&nbsp;<\/p>\n<p><strong>Reconna\u00eetre un d\u00e9s\u00e9quilibre<\/strong><\/p>\n<p>Le d\u00e9s\u00e9quilibre est souvent progressif et subtil.<br \/>\nNous la normalisons parce que nous nous y adaptons.<\/p>\n<p>Les personnes qui utilisent ce sel remarquent souvent qu'elles :<br \/>\n- ralentir int\u00e9rieurement<br \/>\n- reconna\u00eetre les mauvaises habitudes<br \/>\n- r\u00e9duire la r\u00e9activit\u00e9 \u00e9motionnelle<br \/>\n- mettre fin aux relations \u00e9puisantes<br \/>\n- dormir plus profond\u00e9ment<br \/>\n- rechercher la nature, le silence ou des choix plus simples<\/p>\n<p>Il ne s'agit pas d'objectifs de performance.<br \/>\nCe sont des signes de retour et de renforcement de la stabilit\u00e9.<\/p>\n<p>&nbsp;<\/p>\n<p><strong>Int\u00e9gration et mise \u00e0 la terre<\/strong><\/p>\n<p>Apr\u00e8s les r\u00e9flexions et les changements soutenus par les sels 1 \u00e0 3,<br \/>\n<strong>Le sel 4 permet de consolider les acquis en les ancrant dans la vie quotidienne.<\/strong><\/p>\n<p>On a souvent l'impression que c'est le cas :<br \/>\n- une pause<br \/>\n- une remise \u00e0 z\u00e9ro<br \/>\n- ou une r\u00e9organisation discr\u00e8te avant que la prochaine \u00e9tape de d\u00e9veloppement n'\u00e9merge naturellement.<\/p>\n<p>&nbsp;<\/p>\n<p><strong>Int\u00e9grit\u00e9<\/strong><\/p>\n<p>Le bien-\u00eatre n'est pas la perfection.<br \/>\nC'est la capacit\u00e9 de vivre avec \u00e9quilibre, clart\u00e9 et espace \u00e9motionnel.<\/p>\n<p>Le sel 4 ne rend pas votre apprentissage et votre \u00e9volution obsol\u00e8tes.<br \/>\nIl vous aide \u00e0 affronter la vie \u00e0 partir d'un lieu int\u00e9rieur plus stable et mieux ancr\u00e9, ce qui peut changer la qualit\u00e9 de l'exp\u00e9rience de l'int\u00e9rieur vers l'ext\u00e9rieur.<\/p>\n<p>&nbsp;<\/p>\n<p>&nbsp;<\/p>\n<p><strong>Soutien aux pratiques et aux th\u00e9rapies<\/strong><\/p>\n<p>De nombreuses personnes trouvent que Salt 4 s'int\u00e8gre bien avec :<br \/>\n- m\u00e9ditation<br \/>\n- carrosserie<br \/>\n- yoga<br \/>\n- travail respiratoire<br \/>\n- coaching<br \/>\n- psychoth\u00e9rapie<\/p>\n<p>et non parce qu'elle produit des r\u00e9sultats,<br \/>\nmais parce qu'il r\u00e9duit les interf\u00e9rences et favorise la clart\u00e9, la pr\u00e9sence et la r\u00e9activit\u00e9.<\/p>\n<p>Les praticiens d\u00e9crivent parfois ce ph\u00e9nom\u00e8ne comme \u201cles choses bougent plus facilement\u201d, sans qu'il soit n\u00e9cessaire de pousser.<\/p>\n<p>&nbsp;<\/p>\n<p><strong>Comment l'utiliser<\/strong><\/p>\n<p>Utiliser quelques grains cinq fois par jour.<br \/>\nLaissez-les se dissoudre sous la langue.<\/p>\n<p>Une bo\u00eete dure g\u00e9n\u00e9ralement environ deux mois en cas d'utilisation r\u00e9guli\u00e8re.<\/p>\n<p>Il ne s'agit pas d'un processus ax\u00e9 sur la substance.<br \/>\nil s'agit d'une impulsion informationnelle qui interagit avec la conscience et la r\u00e9gulation, et non avec la chimie.<\/p>\n<p>&nbsp;<\/p>\n<p><strong>Une pratique simple<\/strong><br \/>\n1. Prendre le temps de s'arr\u00eater<br \/>\n2. Remarquez votre \u00e9tat sans le juger<br \/>\n3. S'autoriser \u00e0 s'installer<br \/>\n4. Poursuivre votre journ\u00e9e<\/p>\n<p>L'objectif n'est pas le contr\u00f4le, mais la permission de se reposer sur soi-m\u00eame.<\/p>\n<p>&nbsp;<\/p>\n<p><strong>\u00c0 propos du processus de production<\/strong><\/p>\n<p>La structure informationnelle imprim\u00e9e dans les sels ne peut actuellement pas \u00eatre mesur\u00e9e avec les technologies disponibles.<br \/>\nLa m\u00e9thode de production est pratiqu\u00e9e depuis 1993 et a \u00e9t\u00e9 consid\u00e9rablement affin\u00e9e en 2024.<\/p>\n<p>Chimiquement, ce produit est un sel cristallin pur et comestible provenant des m\u00eames gisements que ceux connus sous le nom de sel de l'Himalaya.<\/p>\n<p>&nbsp;<\/p>\n<p><strong>Note importante<\/strong><\/p>\n<p>Connecter et activer les produits :<br \/>\n- ne sont pas des m\u00e9dicaments<br \/>\n- ne permettent pas de diagnostiquer, de traiter ou de gu\u00e9rir une maladie<br \/>\n- ne remplacent pas les soins professionnels<\/p>\n<p>Ils visent \u00e0 favoriser la connaissance de soi, l'\u00e9quilibre \u00e9motionnel et le d\u00e9veloppement personnel.<\/p>\n<p>Si vous avez des probl\u00e8mes de sant\u00e9, consultez des professionnels qualifi\u00e9s.<\/p>","protected":false},"excerpt":{"rendered":"<p>It provides subtle impulses that help the body-mind-emotion system regain balance, similar to the effects people often experience after meditation, time in nature, or deep rest.<\/p>\n<p>Many users describe more calmness, better sleep, and a clearer sense of internal stability \u2014 not as a dramatic shift, but as a gradual return to themselves.<\/p>\n<p>This salt is supportive when you need grounding, emotional recovery, or a pause before moving forward.<\/p>\n<p>Le sel 4 permet de consolider les acquis en les ancrant dans la vie quotidienne.<\/p>","protected":false},"featured_media":105,"comment_status":"open","ping_status":"closed","template":"","meta":[],"product_brand":[],"product_cat":[16],"product_tag":[],"class_list":{"0":"post-104","1":"product","2":"type-product","3":"status-publish","4":"has-post-thumbnail","6":"product_cat-uncategorized","8":"first","9":"instock","10":"shipping-taxable","11":"product-type-simple"},"yoast_head":"<!-- This site is optimized with the Yoast SEO plugin v26.8 - https:\/\/yoast.com\/product\/yoast-seo-wordpress\/ -->\n<title>Stability and Reconnection<\/title>\n<meta name=\"description\" content=\"Inspiration No. 4 \u2013 Stability and Reconnection. Subtle support for balance, grounding, and emotional recovery. A gentle return to clarity, rest, and inner coherence in daily life.\" \/>\n<meta name=\"robots\" content=\"noindex, follow, max-snippet:-1, max-image-preview:large, max-video-preview:-1\" \/>\n<meta property=\"og:locale\" content=\"fr_FR\" \/>\n<meta property=\"og:type\" content=\"article\" \/>\n<meta property=\"og:title\" content=\"Stability and Reconnection\" \/>\n<meta property=\"og:description\" content=\"Inspiration No. 4 \u2013 Stability and Reconnection. Subtle support for balance, grounding, and emotional recovery. A gentle return to clarity, rest, and inner coherence in daily life.\" \/>\n<meta property=\"og:url\" content=\"https:\/\/connectandactivate.info\/fr\/product\/stabilite-et-reconnexion\/\" \/>\n<meta property=\"og:site_name\" content=\"connect\" \/>\n<meta property=\"article:modified_time\" content=\"2025-12-22T08:01:44+00:00\" \/>\n<meta property=\"og:image\" content=\"https:\/\/connectandactivate.info\/wp-content\/uploads\/2025\/11\/Gold01137.jpg\" \/>\n\t<meta property=\"og:image:width\" content=\"500\" \/>\n\t<meta property=\"og:image:height\" content=\"500\" \/>\n\t<meta property=\"og:image:type\" content=\"image\/jpeg\" \/>\n<meta name=\"twitter:card\" content=\"summary_large_image\" \/>\n<meta name=\"twitter:label1\" content=\"Dur\u00e9e de lecture estim\u00e9e\" \/>\n\t<meta name=\"twitter:data1\" content=\"3 minutes\" \/>\n<script type=\"application\/ld+json\" class=\"yoast-schema-graph\">{\"@context\":\"https:\/\/schema.org\",\"@graph\":[{\"@type\":\"WebPage\",\"@id\":\"https:\/\/connectandactivate.info\/product\/stability-and-reconnection\/\",\"url\":\"https:\/\/connectandactivate.info\/product\/stability-and-reconnection\/\",\"name\":\"Stability and Reconnection\",\"isPartOf\":{\"@id\":\"https:\/\/connectandactivate.info\/#website\"},\"primaryImageOfPage\":{\"@id\":\"https:\/\/connectandactivate.info\/product\/stability-and-reconnection\/#primaryimage\"},\"image\":{\"@id\":\"https:\/\/connectandactivate.info\/product\/stability-and-reconnection\/#primaryimage\"},\"thumbnailUrl\":\"https:\/\/connectandactivate.info\/wp-content\/uploads\/2025\/11\/Gold01137.jpg\",\"datePublished\":\"2025-11-03T19:33:30+00:00\",\"dateModified\":\"2025-12-22T08:01:44+00:00\",\"description\":\"Inspiration No. 4 \u2013 Stability and Reconnection. Subtle support for balance, grounding, and emotional recovery. A gentle return to clarity, rest, and inner coherence in daily life.\",\"breadcrumb\":{\"@id\":\"https:\/\/connectandactivate.info\/product\/stability-and-reconnection\/#breadcrumb\"},\"inLanguage\":\"fr-FR\",\"potentialAction\":[{\"@type\":\"ReadAction\",\"target\":[\"https:\/\/connectandactivate.info\/product\/stability-and-reconnection\/\"]}]},{\"@type\":\"ImageObject\",\"inLanguage\":\"fr-FR\",\"@id\":\"https:\/\/connectandactivate.info\/product\/stability-and-reconnection\/#primaryimage\",\"url\":\"https:\/\/connectandactivate.info\/wp-content\/uploads\/2025\/11\/Gold01137.jpg\",\"contentUrl\":\"https:\/\/connectandactivate.info\/wp-content\/uploads\/2025\/11\/Gold01137.jpg\",\"width\":500,\"height\":500},{\"@type\":\"BreadcrumbList\",\"@id\":\"https:\/\/connectandactivate.info\/product\/stability-and-reconnection\/#breadcrumb\",\"itemListElement\":[{\"@type\":\"ListItem\",\"position\":1,\"name\":\"Home\",\"item\":\"https:\/\/connectandactivate.info\/\"},{\"@type\":\"ListItem\",\"position\":2,\"name\":\"Shop\",\"item\":\"https:\/\/connectandactivate.info\/shop\/\"},{\"@type\":\"ListItem\",\"position\":3,\"name\":\"Stability and Reconnection\"}]},{\"@type\":\"WebSite\",\"@id\":\"https:\/\/connectandactivate.info\/#website\",\"url\":\"https:\/\/connectandactivate.info\/\",\"name\":\"connect\",\"description\":\"\",\"potentialAction\":[{\"@type\":\"SearchAction\",\"target\":{\"@type\":\"EntryPoint\",\"urlTemplate\":\"https:\/\/connectandactivate.info\/?s={search_term_string}\"},\"query-input\":{\"@type\":\"PropertyValueSpecification\",\"valueRequired\":true,\"valueName\":\"search_term_string\"}}],\"inLanguage\":\"fr-FR\"}]}<\/script>\n<!-- \/ Yoast SEO plugin. -->","yoast_head_json":{"title":"Stabilit\u00e9 et reconnexion","description":"Inspiration No. 4 - Stabilit\u00e9 et reconnexion. Soutien subtil \u00e0 l'\u00e9quilibre, \u00e0 l'enracinement et \u00e0 la r\u00e9cup\u00e9ration \u00e9motionnelle. Un retour en douceur \u00e0 la clart\u00e9, au repos et \u00e0 la coh\u00e9rence int\u00e9rieure dans la vie quotidienne.","robots":{"index":"noindex","follow":"follow","max-snippet":"max-snippet:-1","max-image-preview":"max-image-preview:large","max-video-preview":"max-video-preview:-1"},"og_locale":"fr_FR","og_type":"article","og_title":"Stability and Reconnection","og_description":"Inspiration No. 4 \u2013 Stability and Reconnection. Subtle support for balance, grounding, and emotional recovery. A gentle return to clarity, rest, and inner coherence in daily life.","og_url":"https:\/\/connectandactivate.info\/fr\/product\/stabilite-et-reconnexion\/","og_site_name":"connect","article_modified_time":"2025-12-22T08:01:44+00:00","og_image":[{"width":500,"height":500,"url":"https:\/\/connectandactivate.info\/wp-content\/uploads\/2025\/11\/Gold01137.jpg","type":"image\/jpeg"}],"twitter_card":"summary_large_image","twitter_misc":{"Dur\u00e9e de lecture estim\u00e9e":"3 minutes"},"schema":{"@context":"https:\/\/schema.org","@graph":[{"@type":"WebPage","@id":"https:\/\/connectandactivate.info\/product\/stability-and-reconnection\/","url":"https:\/\/connectandactivate.info\/product\/stability-and-reconnection\/","name":"Stabilit\u00e9 et reconnexion","isPartOf":{"@id":"https:\/\/connectandactivate.info\/#website"},"primaryImageOfPage":{"@id":"https:\/\/connectandactivate.info\/product\/stability-and-reconnection\/#primaryimage"},"image":{"@id":"https:\/\/connectandactivate.info\/product\/stability-and-reconnection\/#primaryimage"},"thumbnailUrl":"https:\/\/connectandactivate.info\/wp-content\/uploads\/2025\/11\/Gold01137.jpg","datePublished":"2025-11-03T19:33:30+00:00","dateModified":"2025-12-22T08:01:44+00:00","description":"Inspiration No. 4 - Stabilit\u00e9 et reconnexion. Soutien subtil \u00e0 l'\u00e9quilibre, \u00e0 l'enracinement et \u00e0 la r\u00e9cup\u00e9ration \u00e9motionnelle. Un retour en douceur \u00e0 la clart\u00e9, au repos et \u00e0 la coh\u00e9rence int\u00e9rieure dans la vie quotidienne.","breadcrumb":{"@id":"https:\/\/connectandactivate.info\/product\/stability-and-reconnection\/#breadcrumb"},"inLanguage":"fr-FR","potentialAction":[{"@type":"ReadAction","target":["https:\/\/connectandactivate.info\/product\/stability-and-reconnection\/"]}]},{"@type":"ImageObject","inLanguage":"fr-FR","@id":"https:\/\/connectandactivate.info\/product\/stability-and-reconnection\/#primaryimage","url":"https:\/\/connectandactivate.info\/wp-content\/uploads\/2025\/11\/Gold01137.jpg","contentUrl":"https:\/\/connectandactivate.info\/wp-content\/uploads\/2025\/11\/Gold01137.jpg","width":500,"height":500},{"@type":"BreadcrumbList","@id":"https:\/\/connectandactivate.info\/product\/stability-and-reconnection\/#breadcrumb","itemListElement":[{"@type":"ListItem","position":1,"name":"Home","item":"https:\/\/connectandactivate.info\/"},{"@type":"ListItem","position":2,"name":"Shop","item":"https:\/\/connectandactivate.info\/shop\/"},{"@type":"ListItem","position":3,"name":"Stability and Reconnection"}]},{"@type":"WebSite","@id":"https:\/\/connectandactivate.info\/#website","url":"https:\/\/connectandactivate.info\/","name":"relier","description":"","potentialAction":[{"@type":"SearchAction","target":{"@type":"EntryPoint","urlTemplate":"https:\/\/connectandactivate.info\/?s={search_term_string}"},"query-input":{"@type":"PropertyValueSpecification","valueRequired":true,"valueName":"search_term_string"}}],"inLanguage":"fr-FR"}]}},"_links":{"self":[{"href":"https:\/\/connectandactivate.info\/fr\/wp-json\/wp\/v2\/product\/104","targetHints":{"allow":["GET"]}}],"collection":[{"href":"https:\/\/connectandactivate.info\/fr\/wp-json\/wp\/v2\/product"}],"about":[{"href":"https:\/\/connectandactivate.info\/fr\/wp-json\/wp\/v2\/types\/product"}],"replies":[{"embeddable":true,"href":"https:\/\/connectandactivate.info\/fr\/wp-json\/wp\/v2\/comments?post=104"}],"wp:featuredmedia":[{"embeddable":true,"href":"https:\/\/connectandactivate.info\/fr\/wp-json\/wp\/v2\/media\/105"}],"wp:attachment":[{"href":"https:\/\/connectandactivate.info\/fr\/wp-json\/wp\/v2\/media?parent=104"}],"wp:term":[{"taxonomy":"product_brand","embeddable":true,"href":"https:\/\/connectandactivate.info\/fr\/wp-json\/wp\/v2\/product_brand?post=104"},{"taxonomy":"product_cat","embeddable":true,"href":"https:\/\/connectandactivate.info\/fr\/wp-json\/wp\/v2\/product_cat?post=104"},{"taxonomy":"product_tag","embeddable":true,"href":"https:\/\/connectandactivate.info\/fr\/wp-json\/wp\/v2\/product_tag?post=104"}],"curies":[{"name":"wp","href":"https:\/\/api.w.org\/{rel}","templated":true}]}}