{"id":97,"date":"2025-11-03T18:47:25","date_gmt":"2025-11-03T18:47:25","guid":{"rendered":"https:\/\/connectandactivate.info\/?post_type=product&#038;p=97"},"modified":"2025-12-22T07:58:08","modified_gmt":"2025-12-22T07:58:08","slug":"orientation-et-direction","status":"publish","type":"product","link":"https:\/\/connectandactivate.info\/fr\/product\/orientation-et-direction\/","title":{"rendered":"Orientation et direction"},"content":{"rendered":"<p><strong>Sel de connexion et d'activation n\u00b0 2 : Concentrez-vous sur vos propres objectifs<\/strong><\/p>\n<p>&nbsp;<\/p>\n<p><strong>L'inspiration n\u00b0 2 vous aide \u00e0 reconna\u00eetre ce qui vous appartient vraiment et \u00e0 prendre des mesures pour y parvenir, m\u00eame si des habitudes, des attentes ou des r\u00e9sistances \u00e9motionnelles vous ont emp\u00each\u00e9 d'avancer.<\/strong><\/p>\n<p>Plut\u00f4t que de vous pousser \u00e0 \u201c\u00eatre comme on l'attend\u201d, ce sel aide \u00e0 r\u00e9duire les distractions, les h\u00e9sitations et les reproches, de sorte que l'attention se fonde sur la clart\u00e9 et non sur la pression.<\/p>\n<p>&nbsp;<\/p>\n<p><strong>Ce que soutient ce sel<\/strong><br \/>\n- une orientation plus claire vers les objectifs et la finalit\u00e9<br \/>\n- en remarquant les obligations inutiles et les distractions \u00e9motionnelles<br \/>\n- l'att\u00e9nuation de l'autoculpabilisation et du perfectionnisme<br \/>\n- facilit\u00e9 \u00e0 accomplir les t\u00e2ches n\u00e9cessaires<br \/>\n- l'ouverture \u00e0 de nouvelles orientations et possibilit\u00e9s<\/p>\n<p>Ces changements sont souvent subtils au d\u00e9but et deviennent visibles dans le comportement quotidien - un esprit plus calme, une meilleure hi\u00e9rarchisation des priorit\u00e9s, ou le fait de finir enfin quelque chose que vous avez \u00e9vit\u00e9 pendant des mois.<\/p>\n<p>&nbsp;<\/p>\n<p><strong>Comment l'utiliser<\/strong><br \/>\nUtiliser quelques grains cinq fois par jour. Laissez-les se dissoudre sous la langue. La constance est importante - non pas en tant que discipline, mais parce que les impulsions r\u00e9p\u00e9t\u00e9es favorisent le changement au fil du temps.<\/p>\n<p>&nbsp;<\/p>\n<p><strong>Une pratique simple :<\/strong><br \/>\n1. Constatez votre \u00e9tat actuel<br \/>\n2. Fixer une petite intention<br \/>\n3. Observer sans juger<\/p>\n<p>&nbsp;<\/p>\n<p><strong>Pourquoi c'est important :<\/strong><br \/>\nLa plupart des obstacles que nous rencontrons ne sont pas li\u00e9s \u00e0 nos capacit\u00e9s, mais \u00e0 la clart\u00e9, \u00e0 la r\u00e9sistance \u00e9motionnelle et \u00e0 des sch\u00e9mas identitaires obsol\u00e8tes. Lorsque ces \u00e9l\u00e9ments s'att\u00e9nuent, la concentration et la cr\u00e9ativit\u00e9 deviennent naturelles. C'est \u00e0 vous de donner un sens \u00e0 votre vie.<\/p>\n<p>&nbsp;<\/p>\n<p><strong>\u00c0 propos du processus de production<\/strong><\/p>\n<p>La structure informationnelle des sels ne peut actuellement pas \u00eatre mesur\u00e9e par les technologies disponibles.<br \/>\nLa m\u00e9thode de production est pratiqu\u00e9e depuis 1993 et a \u00e9t\u00e9 consid\u00e9rablement affin\u00e9e en 2024.<\/p>\n<p>Chimiquement, ce produit est un sel cristallin pur et comestible provenant de gisements connus sous le nom de sel de l'Himalaya.<\/p>\n<p>&nbsp;<\/p>\n<p><strong>Note importante<\/strong><\/p>\n<p>Connecter et activer les produits :<br \/>\n- ne sont pas des m\u00e9dicaments<br \/>\n- ne permettent pas de diagnostiquer, de traiter ou de gu\u00e9rir une maladie<br \/>\n- ne remplacent pas un soutien m\u00e9dical ou psychologique<\/p>\n<p>Ils sont con\u00e7us pour favoriser la connaissance de soi et le d\u00e9veloppement personnel.<\/p>\n<p>Les sympt\u00f4mes physiques ou psychologiques doivent \u00eatre \u00e9valu\u00e9s par des professionnels qualifi\u00e9s.<\/p>","protected":false},"excerpt":{"rendered":"<p>Inspiration No. 2 builds on the clarity developed with Salt No. 1. While the first salt helps you recognize old influences and patterns, this salt supports you in moving toward what individually \u00a0is genuinely meaningful for you.<\/p>\n<p>Many people experience improved focus, motivation, and an easier relationship with tasks, decisions, and change. Not through pressure, but through a clearer sense of what truly matters and why.<\/p>","protected":false},"featured_media":98,"comment_status":"open","ping_status":"closed","template":"","meta":[],"product_brand":[],"product_cat":[16],"product_tag":[],"class_list":{"0":"post-97","1":"product","2":"type-product","3":"status-publish","4":"has-post-thumbnail","6":"product_cat-uncategorized","8":"first","9":"instock","10":"shipping-taxable","11":"product-type-simple"},"yoast_head":"<!-- This site is optimized with the Yoast SEO plugin v26.8 - https:\/\/yoast.com\/product\/yoast-seo-wordpress\/ -->\n<title>Inspiration No. 2<\/title>\n<meta name=\"description\" content=\"Inspiration No. 2 \u2013 subtle support for clarity, focus, and new direction. Reduce distractions, soften self-blame, and move toward what genuinely matters in your life.\" \/>\n<meta name=\"robots\" content=\"noindex, follow, max-snippet:-1, max-image-preview:large, max-video-preview:-1\" \/>\n<meta property=\"og:locale\" content=\"fr_FR\" \/>\n<meta property=\"og:type\" content=\"article\" \/>\n<meta property=\"og:title\" content=\"Inspiration No. 2\" \/>\n<meta property=\"og:description\" content=\"Inspiration No. 2 \u2013 subtle support for clarity, focus, and new direction. Reduce distractions, soften self-blame, and move toward what genuinely matters in your life.\" \/>\n<meta property=\"og:url\" content=\"https:\/\/connectandactivate.info\/fr\/product\/orientation-et-direction\/\" \/>\n<meta property=\"og:site_name\" content=\"connect\" \/>\n<meta property=\"article:modified_time\" content=\"2025-12-22T07:58:08+00:00\" \/>\n<meta property=\"og:image\" content=\"https:\/\/connectandactivate.info\/wp-content\/uploads\/2025\/11\/Gold01132.jpg\" \/>\n\t<meta property=\"og:image:width\" content=\"500\" \/>\n\t<meta property=\"og:image:height\" content=\"500\" \/>\n\t<meta property=\"og:image:type\" content=\"image\/jpeg\" \/>\n<meta name=\"twitter:card\" content=\"summary_large_image\" \/>\n<meta name=\"twitter:label1\" content=\"Dur\u00e9e de lecture estim\u00e9e\" \/>\n\t<meta name=\"twitter:data1\" content=\"2 minutes\" \/>\n<script type=\"application\/ld+json\" class=\"yoast-schema-graph\">{\"@context\":\"https:\/\/schema.org\",\"@graph\":[{\"@type\":\"WebPage\",\"@id\":\"https:\/\/connectandactivate.info\/product\/focus-and-direction\/\",\"url\":\"https:\/\/connectandactivate.info\/product\/focus-and-direction\/\",\"name\":\"Inspiration No. 2\",\"isPartOf\":{\"@id\":\"https:\/\/connectandactivate.info\/#website\"},\"primaryImageOfPage\":{\"@id\":\"https:\/\/connectandactivate.info\/product\/focus-and-direction\/#primaryimage\"},\"image\":{\"@id\":\"https:\/\/connectandactivate.info\/product\/focus-and-direction\/#primaryimage\"},\"thumbnailUrl\":\"https:\/\/connectandactivate.info\/wp-content\/uploads\/2025\/11\/Gold01132.jpg\",\"datePublished\":\"2025-11-03T18:47:25+00:00\",\"dateModified\":\"2025-12-22T07:58:08+00:00\",\"description\":\"Inspiration No. 2 \u2013 subtle support for clarity, focus, and new direction. Reduce distractions, soften self-blame, and move toward what genuinely matters in your life.\",\"breadcrumb\":{\"@id\":\"https:\/\/connectandactivate.info\/product\/focus-and-direction\/#breadcrumb\"},\"inLanguage\":\"fr-FR\",\"potentialAction\":[{\"@type\":\"ReadAction\",\"target\":[\"https:\/\/connectandactivate.info\/product\/focus-and-direction\/\"]}]},{\"@type\":\"ImageObject\",\"inLanguage\":\"fr-FR\",\"@id\":\"https:\/\/connectandactivate.info\/product\/focus-and-direction\/#primaryimage\",\"url\":\"https:\/\/connectandactivate.info\/wp-content\/uploads\/2025\/11\/Gold01132.jpg\",\"contentUrl\":\"https:\/\/connectandactivate.info\/wp-content\/uploads\/2025\/11\/Gold01132.jpg\",\"width\":500,\"height\":500},{\"@type\":\"BreadcrumbList\",\"@id\":\"https:\/\/connectandactivate.info\/product\/focus-and-direction\/#breadcrumb\",\"itemListElement\":[{\"@type\":\"ListItem\",\"position\":1,\"name\":\"Home\",\"item\":\"https:\/\/connectandactivate.info\/\"},{\"@type\":\"ListItem\",\"position\":2,\"name\":\"Shop\",\"item\":\"https:\/\/connectandactivate.info\/shop\/\"},{\"@type\":\"ListItem\",\"position\":3,\"name\":\"Focus and Direction\"}]},{\"@type\":\"WebSite\",\"@id\":\"https:\/\/connectandactivate.info\/#website\",\"url\":\"https:\/\/connectandactivate.info\/\",\"name\":\"connect\",\"description\":\"\",\"potentialAction\":[{\"@type\":\"SearchAction\",\"target\":{\"@type\":\"EntryPoint\",\"urlTemplate\":\"https:\/\/connectandactivate.info\/?s={search_term_string}\"},\"query-input\":{\"@type\":\"PropertyValueSpecification\",\"valueRequired\":true,\"valueName\":\"search_term_string\"}}],\"inLanguage\":\"fr-FR\"}]}<\/script>\n<!-- \/ Yoast SEO plugin. -->","yoast_head_json":{"title":"Inspiration n\u00b02","description":"Inspiration n\u00b0 2 - un soutien subtil pour la clart\u00e9, la concentration et une nouvelle orientation. R\u00e9duisez les distractions, att\u00e9nuez les reproches que vous vous faites \u00e0 vous-m\u00eame et allez vers ce qui compte vraiment dans votre vie.","robots":{"index":"noindex","follow":"follow","max-snippet":"max-snippet:-1","max-image-preview":"max-image-preview:large","max-video-preview":"max-video-preview:-1"},"og_locale":"fr_FR","og_type":"article","og_title":"Inspiration No. 2","og_description":"Inspiration No. 2 \u2013 subtle support for clarity, focus, and new direction. Reduce distractions, soften self-blame, and move toward what genuinely matters in your life.","og_url":"https:\/\/connectandactivate.info\/fr\/product\/orientation-et-direction\/","og_site_name":"connect","article_modified_time":"2025-12-22T07:58:08+00:00","og_image":[{"width":500,"height":500,"url":"https:\/\/connectandactivate.info\/wp-content\/uploads\/2025\/11\/Gold01132.jpg","type":"image\/jpeg"}],"twitter_card":"summary_large_image","twitter_misc":{"Dur\u00e9e de lecture estim\u00e9e":"2 minutes"},"schema":{"@context":"https:\/\/schema.org","@graph":[{"@type":"WebPage","@id":"https:\/\/connectandactivate.info\/product\/focus-and-direction\/","url":"https:\/\/connectandactivate.info\/product\/focus-and-direction\/","name":"Inspiration n\u00b02","isPartOf":{"@id":"https:\/\/connectandactivate.info\/#website"},"primaryImageOfPage":{"@id":"https:\/\/connectandactivate.info\/product\/focus-and-direction\/#primaryimage"},"image":{"@id":"https:\/\/connectandactivate.info\/product\/focus-and-direction\/#primaryimage"},"thumbnailUrl":"https:\/\/connectandactivate.info\/wp-content\/uploads\/2025\/11\/Gold01132.jpg","datePublished":"2025-11-03T18:47:25+00:00","dateModified":"2025-12-22T07:58:08+00:00","description":"Inspiration n\u00b0 2 - un soutien subtil pour la clart\u00e9, la concentration et une nouvelle orientation. R\u00e9duisez les distractions, att\u00e9nuez les reproches que vous vous faites \u00e0 vous-m\u00eame et allez vers ce qui compte vraiment dans votre vie.","breadcrumb":{"@id":"https:\/\/connectandactivate.info\/product\/focus-and-direction\/#breadcrumb"},"inLanguage":"fr-FR","potentialAction":[{"@type":"ReadAction","target":["https:\/\/connectandactivate.info\/product\/focus-and-direction\/"]}]},{"@type":"ImageObject","inLanguage":"fr-FR","@id":"https:\/\/connectandactivate.info\/product\/focus-and-direction\/#primaryimage","url":"https:\/\/connectandactivate.info\/wp-content\/uploads\/2025\/11\/Gold01132.jpg","contentUrl":"https:\/\/connectandactivate.info\/wp-content\/uploads\/2025\/11\/Gold01132.jpg","width":500,"height":500},{"@type":"BreadcrumbList","@id":"https:\/\/connectandactivate.info\/product\/focus-and-direction\/#breadcrumb","itemListElement":[{"@type":"ListItem","position":1,"name":"Home","item":"https:\/\/connectandactivate.info\/"},{"@type":"ListItem","position":2,"name":"Shop","item":"https:\/\/connectandactivate.info\/shop\/"},{"@type":"ListItem","position":3,"name":"Focus and Direction"}]},{"@type":"WebSite","@id":"https:\/\/connectandactivate.info\/#website","url":"https:\/\/connectandactivate.info\/","name":"relier","description":"","potentialAction":[{"@type":"SearchAction","target":{"@type":"EntryPoint","urlTemplate":"https:\/\/connectandactivate.info\/?s={search_term_string}"},"query-input":{"@type":"PropertyValueSpecification","valueRequired":true,"valueName":"search_term_string"}}],"inLanguage":"fr-FR"}]}},"_links":{"self":[{"href":"https:\/\/connectandactivate.info\/fr\/wp-json\/wp\/v2\/product\/97","targetHints":{"allow":["GET"]}}],"collection":[{"href":"https:\/\/connectandactivate.info\/fr\/wp-json\/wp\/v2\/product"}],"about":[{"href":"https:\/\/connectandactivate.info\/fr\/wp-json\/wp\/v2\/types\/product"}],"replies":[{"embeddable":true,"href":"https:\/\/connectandactivate.info\/fr\/wp-json\/wp\/v2\/comments?post=97"}],"wp:featuredmedia":[{"embeddable":true,"href":"https:\/\/connectandactivate.info\/fr\/wp-json\/wp\/v2\/media\/98"}],"wp:attachment":[{"href":"https:\/\/connectandactivate.info\/fr\/wp-json\/wp\/v2\/media?parent=97"}],"wp:term":[{"taxonomy":"product_brand","embeddable":true,"href":"https:\/\/connectandactivate.info\/fr\/wp-json\/wp\/v2\/product_brand?post=97"},{"taxonomy":"product_cat","embeddable":true,"href":"https:\/\/connectandactivate.info\/fr\/wp-json\/wp\/v2\/product_cat?post=97"},{"taxonomy":"product_tag","embeddable":true,"href":"https:\/\/connectandactivate.info\/fr\/wp-json\/wp\/v2\/product_tag?post=97"}],"curies":[{"name":"wp","href":"https:\/\/api.w.org\/{rel}","templated":true}]}}