{"id":287,"date":"2025-12-20T10:23:12","date_gmt":"2025-12-20T10:23:12","guid":{"rendered":"https:\/\/connectandactivate.info\/?page_id=287"},"modified":"2026-01-26T07:57:20","modified_gmt":"2026-01-26T07:57:20","slug":"trovare-cio-che-vi-serve","status":"publish","type":"page","link":"https:\/\/connectandactivate.info\/it\/trovare-cio-che-vi-serve\/","title":{"rendered":"Trova ci\u00f2 che ti serve"},"content":{"rendered":"<p>Queste raccomandazioni si basano su ampie consultazioni e sull'osservazione a lungo termine dei risultati.<br \/>\nQuanto pi\u00f9 a lungo un'abitudine o uno schema \u00e8 stato presente, tanto pi\u00f9 tempo pu\u00f2 richiedere un cambiamento duraturo - e iniziare prima spesso rende il processo pi\u00f9 facile.<\/p>\n<p>Il momento migliore per iniziare \u00e8 adesso. Se diversi punti risuonano con voi, un buon approccio iniziale \u00e8 quello di iniziare con il sale n. 1 e il sale n. 5.<\/p>\n<p>Poich\u00e9 l'effetto agisce attraverso la propria consapevolezza superiore, questo processo favorisce il ritorno a se stessi, senza pressioni esterne o ideologie.<br \/>\nLibert\u00e0 attraverso l'esperienza di s\u00e9.<\/p>\n<p>I sali aiutano a creare una connessione interiore, ad attivare i punti di forza individuali e a favorire una concentrazione chiara e fondata.<\/p>\n<p>Il simbolo \u2605 indica i sali pi\u00f9 consigliati, mentre il + indica altri sali di supporto.<br \/>\nIl sale n. 1 tende ad accelerare il progresso in molte situazioni.<br \/>\nIl sale n. 5 favorisce il coraggio e la fiducia in se stessi attraverso un pi\u00f9 profondo senso di autostima.<\/p>","protected":false},"excerpt":{"rendered":"<p>These recommendations are based on extensive consultations and long-term observation of results. The longer a habit or pattern has been present, the more time lasting change may require\u2014and beginning sooner often makes the process easier. The best moment to start is now. If several points resonate with you, a good initial approach is to begin [&hellip;]<\/p>","protected":false},"author":1,"featured_media":0,"parent":0,"menu_order":0,"comment_status":"closed","ping_status":"closed","template":"selection-page.php","meta":{"footnotes":""},"class_list":["post-287","page","type-page","status-publish","hentry"],"yoast_head":"<!-- This site is optimized with the Yoast SEO plugin v26.8 - https:\/\/yoast.com\/product\/yoast-seo-wordpress\/ -->\n<title>Find what you need - connect<\/title>\n<meta name=\"robots\" content=\"noindex, follow, max-snippet:-1, max-image-preview:large, max-video-preview:-1\" \/>\n<meta property=\"og:locale\" content=\"it_IT\" \/>\n<meta property=\"og:type\" content=\"article\" \/>\n<meta property=\"og:title\" content=\"Find what you need - connect\" \/>\n<meta property=\"og:description\" content=\"These recommendations are based on extensive consultations and long-term observation of results. The longer a habit or pattern has been present, the more time lasting change may require\u2014and beginning sooner often makes the process easier. The best moment to start is now. If several points resonate with you, a good initial approach is to begin [&hellip;]\" \/>\n<meta property=\"og:url\" content=\"https:\/\/connectandactivate.info\/it\/trovare-cio-che-vi-serve\/\" \/>\n<meta property=\"og:site_name\" content=\"connect\" \/>\n<meta property=\"article:modified_time\" content=\"2026-01-26T07:57:20+00:00\" \/>\n<meta name=\"twitter:card\" content=\"summary_large_image\" \/>\n<meta name=\"twitter:label1\" content=\"Tempo di lettura stimato\" \/>\n\t<meta name=\"twitter:data1\" content=\"1 minuto\" \/>\n<script type=\"application\/ld+json\" class=\"yoast-schema-graph\">{\"@context\":\"https:\/\/schema.org\",\"@graph\":[{\"@type\":\"WebPage\",\"@id\":\"https:\/\/connectandactivate.info\/find-what-you-need\/\",\"url\":\"https:\/\/connectandactivate.info\/find-what-you-need\/\",\"name\":\"Find what you need - connect\",\"isPartOf\":{\"@id\":\"https:\/\/connectandactivate.info\/#website\"},\"datePublished\":\"2025-12-20T10:23:12+00:00\",\"dateModified\":\"2026-01-26T07:57:20+00:00\",\"breadcrumb\":{\"@id\":\"https:\/\/connectandactivate.info\/find-what-you-need\/#breadcrumb\"},\"inLanguage\":\"it-IT\",\"potentialAction\":[{\"@type\":\"ReadAction\",\"target\":[\"https:\/\/connectandactivate.info\/find-what-you-need\/\"]}]},{\"@type\":\"BreadcrumbList\",\"@id\":\"https:\/\/connectandactivate.info\/find-what-you-need\/#breadcrumb\",\"itemListElement\":[{\"@type\":\"ListItem\",\"position\":1,\"name\":\"Home\",\"item\":\"https:\/\/connectandactivate.info\/\"},{\"@type\":\"ListItem\",\"position\":2,\"name\":\"Find what you need\"}]},{\"@type\":\"WebSite\",\"@id\":\"https:\/\/connectandactivate.info\/#website\",\"url\":\"https:\/\/connectandactivate.info\/\",\"name\":\"connect\",\"description\":\"\",\"potentialAction\":[{\"@type\":\"SearchAction\",\"target\":{\"@type\":\"EntryPoint\",\"urlTemplate\":\"https:\/\/connectandactivate.info\/?s={search_term_string}\"},\"query-input\":{\"@type\":\"PropertyValueSpecification\",\"valueRequired\":true,\"valueName\":\"search_term_string\"}}],\"inLanguage\":\"it-IT\"}]}<\/script>\n<!-- \/ Yoast SEO plugin. -->","yoast_head_json":{"title":"Trova ci\u00f2 che ti serve - connettiti","robots":{"index":"noindex","follow":"follow","max-snippet":"max-snippet:-1","max-image-preview":"max-image-preview:large","max-video-preview":"max-video-preview:-1"},"og_locale":"it_IT","og_type":"article","og_title":"Find what you need - connect","og_description":"These recommendations are based on extensive consultations and long-term observation of results. The longer a habit or pattern has been present, the more time lasting change may require\u2014and beginning sooner often makes the process easier. The best moment to start is now. If several points resonate with you, a good initial approach is to begin [&hellip;]","og_url":"https:\/\/connectandactivate.info\/it\/trovare-cio-che-vi-serve\/","og_site_name":"connect","article_modified_time":"2026-01-26T07:57:20+00:00","twitter_card":"summary_large_image","twitter_misc":{"Tempo di lettura stimato":"1 minuto"},"schema":{"@context":"https:\/\/schema.org","@graph":[{"@type":"WebPage","@id":"https:\/\/connectandactivate.info\/find-what-you-need\/","url":"https:\/\/connectandactivate.info\/find-what-you-need\/","name":"Trova ci\u00f2 che ti serve - connettiti","isPartOf":{"@id":"https:\/\/connectandactivate.info\/#website"},"datePublished":"2025-12-20T10:23:12+00:00","dateModified":"2026-01-26T07:57:20+00:00","breadcrumb":{"@id":"https:\/\/connectandactivate.info\/find-what-you-need\/#breadcrumb"},"inLanguage":"it-IT","potentialAction":[{"@type":"ReadAction","target":["https:\/\/connectandactivate.info\/find-what-you-need\/"]}]},{"@type":"BreadcrumbList","@id":"https:\/\/connectandactivate.info\/find-what-you-need\/#breadcrumb","itemListElement":[{"@type":"ListItem","position":1,"name":"Home","item":"https:\/\/connectandactivate.info\/"},{"@type":"ListItem","position":2,"name":"Find what you need"}]},{"@type":"WebSite","@id":"https:\/\/connectandactivate.info\/#website","url":"https:\/\/connectandactivate.info\/","name":"collegare","description":"","potentialAction":[{"@type":"SearchAction","target":{"@type":"EntryPoint","urlTemplate":"https:\/\/connectandactivate.info\/?s={search_term_string}"},"query-input":{"@type":"PropertyValueSpecification","valueRequired":true,"valueName":"search_term_string"}}],"inLanguage":"it-IT"}]}},"_links":{"self":[{"href":"https:\/\/connectandactivate.info\/it\/wp-json\/wp\/v2\/pages\/287","targetHints":{"allow":["GET"]}}],"collection":[{"href":"https:\/\/connectandactivate.info\/it\/wp-json\/wp\/v2\/pages"}],"about":[{"href":"https:\/\/connectandactivate.info\/it\/wp-json\/wp\/v2\/types\/page"}],"author":[{"embeddable":true,"href":"https:\/\/connectandactivate.info\/it\/wp-json\/wp\/v2\/users\/1"}],"replies":[{"embeddable":true,"href":"https:\/\/connectandactivate.info\/it\/wp-json\/wp\/v2\/comments?post=287"}],"version-history":[{"count":2,"href":"https:\/\/connectandactivate.info\/it\/wp-json\/wp\/v2\/pages\/287\/revisions"}],"predecessor-version":[{"id":321,"href":"https:\/\/connectandactivate.info\/it\/wp-json\/wp\/v2\/pages\/287\/revisions\/321"}],"wp:attachment":[{"href":"https:\/\/connectandactivate.info\/it\/wp-json\/wp\/v2\/media?parent=287"}],"curies":[{"name":"wp","href":"https:\/\/api.w.org\/{rel}","templated":true}]}}