{"id":76,"date":"2025-10-21T17:48:09","date_gmt":"2025-10-21T17:48:09","guid":{"rendered":"https:\/\/connectandactivate.info\/?page_id=76"},"modified":"2026-01-05T17:32:20","modified_gmt":"2026-01-05T17:32:20","slug":"chi-siamo","status":"publish","type":"page","link":"https:\/\/connectandactivate.info\/it\/chi-siamo\/","title":{"rendered":"Chi siamo"},"content":{"rendered":"<h3>Legalmente responsabile dei contenuti del sito web<\/h3>\n<p>Karl Gerhard Pieroth<br \/>\n27163 Rd P.3, Dolores, CO, USA<br \/>\n\ud83d\udce7 BeComplete@mailbox.org<br \/>\n\ud83d\udcde +1 970 570 0151<br \/>\n\ud83d\udcde (Europa): +49 170 4790895<\/p>\n<h3>Informazioni su questo sito web<\/h3>\n<p>Il sito web ConnectAndActivate.info fornisce informazioni sullo sviluppo della consapevolezza, sulla libert\u00e0 interiore e sull'attivazione della coscienza superiore nella vita quotidiana. Non esiste un negozio online. Solo quando ci contattate direttamente o scaricate gli e-book gratuiti, i dati necessari (come il vostro indirizzo e-mail) vengono memorizzati. L'indirizzo e-mail BeComplete@mailbox.org \u00e8 criptato e gestito su un server sicuro in Germania. I prodotti sono disponibili attraverso i partner di distribuzione elencati di seguito.<\/p>\n<h3>Disclaimer su lingua e traduzione<u><\/u><u><\/u><\/h3>\n<p>Il contenuto originale di questo sito web, compresi i testi e le pubblicazioni, \u00e8 stato creato in inglese.<u><\/u><u><\/u><\/p>\n<p>Le traduzioni in altre lingue sono fornite utilizzando strumenti di intelligenza artificiale al fine di migliorare l'accessibilit\u00e0 per un pubblico internazionale.<u><\/u><u><\/u><\/p>\n<p>A causa della natura del linguaggio e degli argomenti esperienziali, simbolici e concettuali trattati, le traduzioni possono variare in termini di sfumature o di interpretazione.<u><\/u><u><\/u><\/p>\n<p>La versione inglese \u00e8 il riferimento autorevole. In caso di differenze di significato o di interpretazione, prevarr\u00e0 la versione inglese.<u><\/u><u><\/u><\/p>\n<p>Tutti i contenuti sono forniti solo a scopo informativo e culturale e non costituiscono una consulenza medica, terapeutica o professionale.<\/p>\n<h3>Scopo del progetto<\/h3>\n<p>Il progetto Connect and Activate mira a integrare le forme esistenti di terapia e autoconsapevolezza includendo la coscienza superiore gi\u00e0 presente in ogni persona. L'esperienza ha dimostrato che i processi di sviluppo personale possono essere notevolmente accelerati in questo modo. I prodotti creano una connessione individuale con la propria consapevolezza e attivano le capacit\u00e0 interiori, cosa che in passato era possibile solo attraverso un'intensa meditazione o il ritiro dalla vita quotidiana. Oggi, questa consapevolezza ampliata pu\u00f2 essere facilmente integrata nella vita normale con la famiglia, il lavoro e le responsabilit\u00e0: un nuovo percorso di crescita personale e di libert\u00e0 mentale.<\/p>\n<h3>Benefici ed effetti pratici<\/h3>\n<p>Connettersi consapevolmente al proprio S\u00e9 superiore apre una visione pi\u00f9 ampia oltre i limiti dell'ego, una \u2018prospettiva d'aquila\u2019 sulla propria vita, sulle opportunit\u00e0 e sugli obiettivi. Questo rafforza la stabilit\u00e0 interiore, la centratura e la fiducia in se stessi. Si inizia a riconoscere ci\u00f2 che d\u00e0 veramente significato e si sviluppa un'autorit\u00e0 naturale che rispetta gli altri senza sminuirli. Emerge una vera libert\u00e0 personale e un senso di orientamento chiaro e individuale nella vita.<\/p>\n<h3>Come funzionano i prodotti<\/h3>\n<p>Ai sali non viene aggiunto nulla di esterno. Sono costituiti da puro sale cristallino dell'Himalaya, nel quale vengono impressi impulsi energetici attraverso una tecnica speciale. Quando il sale si scioglie sotto la lingua, questi impulsi vengono assorbiti attraverso il sistema informativo del corpo. Il subconscio si connette quindi con il livello superiore di consapevolezza - il s\u00e9 interiore e chiaro e le capacit\u00e0 ad esso associate. Questo metodo sostiene lo sviluppo della consapevolezza e incoraggia i processi naturali di autoguarigione senza intervento medico.<\/p>\n<h3>Informazioni legali<\/h3>\n<p>N\u00e9 io, Karl Gerhard Pieroth, n\u00e9 i prodotti Connect e Activate abbiamo alcuna pretesa medica. Non sono destinati alla diagnosi o alla guarigione di malattie. Questo compito spetta ovviamente ai medici e agli operatori sanitari autorizzati. I nostri prodotti non sono farmaci e non sostituiscono le cure mediche. Sostengono individui e terapeuti autoresponsabili nell'integrare la coscienza superiore e la crescita personale nella vita quotidiana. I sali Connect e Activate non sono prodotti medicinali secondo la definizione della legge. Non contengono sostanze chimiche attive e non provocano reazioni standardizzate come quelle prodotte dai farmaci. Gli impulsi impressi non possono attualmente essere rilevati con i metodi di misurazione esistenti, proprio come molti fenomeni della fisica che esistevano molto prima di poter essere misurati.<\/p>\n<h3>Distribuzione<\/h3>\n<p>La rete di distribuzione \u00e8 in fase di allestimento. Se desiderate acquistare i prodotti, contattate uno dei seguenti partner di distribuzione:<\/p>\n<p><a href=\"https:\/\/hb22.nl\/zoeken?controller=search&amp;s=conne\">https:\/\/hb22.nl\/zoeken?controller=search&amp;s=conne<\/a><\/p>\n<p>Importatore per l'UE:<br \/>\nHandelshuis Bouwman B.V.<br \/>\nWinkelskamp 6, 7255 PZ Hengelo (Gld), Paesi Bassi<br \/>\n\ud83d\udcde +31 650 227 512<br \/>\n\ud83d\udce7 jbouwman@handelshuisbouwman.nl<br \/>\n(Lingue: inglese, olandese, tedesco)<\/p>\n<p>Svizzera:<br \/>\nBuchhandlung Sphinx<br \/>\n\ud83d\udce7 sphinx@sphinx-book.ch<\/p>\n<p>Giappone:<br \/>\nAxis Mundi \u682a\u5f0f\u4f1a\u793e<br \/>\n\u3012250-0117, Prefettura di Kanagawa, Citt\u00e0 di Minamiashigara, Tsukahara 4871-37<br \/>\n\ud83d\udcde +81 465 46 6459<br \/>\n\ud83d\udce7 info@axis-mundi.jp<\/p>","protected":false},"excerpt":{"rendered":"<p>Legally Responsible for the Website Content Karl Gerhard Pieroth 27163 Rd P.3, Dolores, CO, USA \ud83d\udce7 BeComplete@mailbox.org \ud83d\udcde +1 970 570 0151 \ud83d\udcde (Europe): +49 170 4790895 About this Website The website ConnectAndActivate.info provides information on awareness development, inner freedom, and the activation of higher consciousness in everyday life. There is no online shop. Only [&hellip;]<\/p>","protected":false},"author":1,"featured_media":0,"parent":0,"menu_order":0,"comment_status":"closed","ping_status":"closed","template":"about.php","meta":{"footnotes":""},"class_list":["post-76","page","type-page","status-publish","hentry"],"yoast_head":"<!-- This site is optimized with the Yoast SEO plugin v26.8 - https:\/\/yoast.com\/product\/yoast-seo-wordpress\/ -->\n<title>About Us - connect<\/title>\n<meta name=\"robots\" content=\"noindex, follow, max-snippet:-1, max-image-preview:large, max-video-preview:-1\" \/>\n<meta property=\"og:locale\" content=\"it_IT\" \/>\n<meta property=\"og:type\" content=\"article\" \/>\n<meta property=\"og:title\" content=\"About Us - connect\" \/>\n<meta property=\"og:description\" content=\"Legally Responsible for the Website Content Karl Gerhard Pieroth 27163 Rd P.3, Dolores, CO, USA \ud83d\udce7 BeComplete@mailbox.org \ud83d\udcde +1 970 570 0151 \ud83d\udcde (Europe): +49 170 4790895 About this Website The website ConnectAndActivate.info provides information on awareness development, inner freedom, and the activation of higher consciousness in everyday life. There is no online shop. Only [&hellip;]\" \/>\n<meta property=\"og:url\" content=\"https:\/\/connectandactivate.info\/it\/chi-siamo\/\" \/>\n<meta property=\"og:site_name\" content=\"connect\" \/>\n<meta property=\"article:modified_time\" content=\"2026-01-05T17:32:20+00:00\" \/>\n<meta name=\"twitter:card\" content=\"summary_large_image\" \/>\n<meta name=\"twitter:label1\" content=\"Tempo di lettura stimato\" \/>\n\t<meta name=\"twitter:data1\" content=\"3 minuti\" \/>\n<script type=\"application\/ld+json\" class=\"yoast-schema-graph\">{\"@context\":\"https:\/\/schema.org\",\"@graph\":[{\"@type\":\"WebPage\",\"@id\":\"https:\/\/connectandactivate.info\/about-us\/\",\"url\":\"https:\/\/connectandactivate.info\/about-us\/\",\"name\":\"About Us - connect\",\"isPartOf\":{\"@id\":\"https:\/\/connectandactivate.info\/#website\"},\"datePublished\":\"2025-10-21T17:48:09+00:00\",\"dateModified\":\"2026-01-05T17:32:20+00:00\",\"breadcrumb\":{\"@id\":\"https:\/\/connectandactivate.info\/about-us\/#breadcrumb\"},\"inLanguage\":\"it-IT\",\"potentialAction\":[{\"@type\":\"ReadAction\",\"target\":[\"https:\/\/connectandactivate.info\/about-us\/\"]}]},{\"@type\":\"BreadcrumbList\",\"@id\":\"https:\/\/connectandactivate.info\/about-us\/#breadcrumb\",\"itemListElement\":[{\"@type\":\"ListItem\",\"position\":1,\"name\":\"Home\",\"item\":\"https:\/\/connectandactivate.info\/\"},{\"@type\":\"ListItem\",\"position\":2,\"name\":\"About Us\"}]},{\"@type\":\"WebSite\",\"@id\":\"https:\/\/connectandactivate.info\/#website\",\"url\":\"https:\/\/connectandactivate.info\/\",\"name\":\"connect\",\"description\":\"\",\"potentialAction\":[{\"@type\":\"SearchAction\",\"target\":{\"@type\":\"EntryPoint\",\"urlTemplate\":\"https:\/\/connectandactivate.info\/?s={search_term_string}\"},\"query-input\":{\"@type\":\"PropertyValueSpecification\",\"valueRequired\":true,\"valueName\":\"search_term_string\"}}],\"inLanguage\":\"it-IT\"}]}<\/script>\n<!-- \/ Yoast SEO plugin. -->","yoast_head_json":{"title":"Chi siamo - connect","robots":{"index":"noindex","follow":"follow","max-snippet":"max-snippet:-1","max-image-preview":"max-image-preview:large","max-video-preview":"max-video-preview:-1"},"og_locale":"it_IT","og_type":"article","og_title":"About Us - connect","og_description":"Legally Responsible for the Website Content Karl Gerhard Pieroth 27163 Rd P.3, Dolores, CO, USA \ud83d\udce7 BeComplete@mailbox.org \ud83d\udcde +1 970 570 0151 \ud83d\udcde (Europe): +49 170 4790895 About this Website The website ConnectAndActivate.info provides information on awareness development, inner freedom, and the activation of higher consciousness in everyday life. There is no online shop. Only [&hellip;]","og_url":"https:\/\/connectandactivate.info\/it\/chi-siamo\/","og_site_name":"connect","article_modified_time":"2026-01-05T17:32:20+00:00","twitter_card":"summary_large_image","twitter_misc":{"Tempo di lettura stimato":"3 minuti"},"schema":{"@context":"https:\/\/schema.org","@graph":[{"@type":"WebPage","@id":"https:\/\/connectandactivate.info\/about-us\/","url":"https:\/\/connectandactivate.info\/about-us\/","name":"Chi siamo - connect","isPartOf":{"@id":"https:\/\/connectandactivate.info\/#website"},"datePublished":"2025-10-21T17:48:09+00:00","dateModified":"2026-01-05T17:32:20+00:00","breadcrumb":{"@id":"https:\/\/connectandactivate.info\/about-us\/#breadcrumb"},"inLanguage":"it-IT","potentialAction":[{"@type":"ReadAction","target":["https:\/\/connectandactivate.info\/about-us\/"]}]},{"@type":"BreadcrumbList","@id":"https:\/\/connectandactivate.info\/about-us\/#breadcrumb","itemListElement":[{"@type":"ListItem","position":1,"name":"Home","item":"https:\/\/connectandactivate.info\/"},{"@type":"ListItem","position":2,"name":"About Us"}]},{"@type":"WebSite","@id":"https:\/\/connectandactivate.info\/#website","url":"https:\/\/connectandactivate.info\/","name":"collegare","description":"","potentialAction":[{"@type":"SearchAction","target":{"@type":"EntryPoint","urlTemplate":"https:\/\/connectandactivate.info\/?s={search_term_string}"},"query-input":{"@type":"PropertyValueSpecification","valueRequired":true,"valueName":"search_term_string"}}],"inLanguage":"it-IT"}]}},"_links":{"self":[{"href":"https:\/\/connectandactivate.info\/it\/wp-json\/wp\/v2\/pages\/76","targetHints":{"allow":["GET"]}}],"collection":[{"href":"https:\/\/connectandactivate.info\/it\/wp-json\/wp\/v2\/pages"}],"about":[{"href":"https:\/\/connectandactivate.info\/it\/wp-json\/wp\/v2\/types\/page"}],"author":[{"embeddable":true,"href":"https:\/\/connectandactivate.info\/it\/wp-json\/wp\/v2\/users\/1"}],"replies":[{"embeddable":true,"href":"https:\/\/connectandactivate.info\/it\/wp-json\/wp\/v2\/comments?post=76"}],"version-history":[{"count":0,"href":"https:\/\/connectandactivate.info\/it\/wp-json\/wp\/v2\/pages\/76\/revisions"}],"wp:attachment":[{"href":"https:\/\/connectandactivate.info\/it\/wp-json\/wp\/v2\/media?parent=76"}],"curies":[{"name":"wp","href":"https:\/\/api.w.org\/{rel}","templated":true}]}}