{"id":100,"date":"2025-11-03T19:14:24","date_gmt":"2025-11-03T19:14:24","guid":{"rendered":"https:\/\/connectandactivate.info\/?post_type=product&#038;p=100"},"modified":"2025-12-22T07:59:26","modified_gmt":"2025-12-22T07:59:26","slug":"dallintuizione-allazione","status":"publish","type":"product","link":"https:\/\/connectandactivate.info\/it\/product\/dallintuizione-allazione\/","title":{"rendered":"Dall'intuizione all'azione"},"content":{"rendered":"<p><strong>Salt n. 3: Dall'idea all'azione<\/strong><\/p>\n<p>La chiarezza interiore e le decisioni sono preziose, ma senza attuazione rimangono interne e irrealizzate.<br \/>\nIspirazione N. 3 supporta il sottile processo di traduzione delle intuizioni in azione, trasformando gradualmente le intenzioni in esperienza vissuta.<\/p>\n<p>Non ti spinge all'iperattivit\u00e0, n\u00e9 promette trasformazioni immediate.<br \/>\nSupporta le condizioni in cui l'azione diventa pi\u00f9 facile, pi\u00f9 semplice e pi\u00f9 allineata.<\/p>\n<p>&nbsp;<\/p>\n<p><strong>Perch\u00e9 l'azione pu\u00f2 essere difficile<\/strong><\/p>\n<p>Molte persone intelligenti e capaci faticano ad agire su ci\u00f2 che conta.<br \/>\nCi\u00f2 \u00e8 raramente dovuto alla pigrizia, e pi\u00f9 spesso a:<br \/>\npaura del fallimento<br \/>\npaura del giudizio<br \/>\n\u2013 paura di non essere abbastanza<br \/>\n\u2013 perfezionismo<br \/>\n\u2013 pressione e vergogna interiorizzate<\/p>\n<p>Queste tendenze spesso hanno origine in esperienze precoci in cui gli errori venivano puniti o derisi, per poi riapparire nella vita adulta sotto forma di esitazione o ritiro.<\/p>\n<p>In questo modo, l'evitamento non \u00e8 un difetto, ma una strategia protettiva che ha esaurito il suo scopo.<\/p>\n<p>&nbsp;<\/p>\n<p><strong>Dall'intuizione al comportamento<\/strong><\/p>\n<p>Quando la paura si attenua, l'azione diventa di nuovo disponibile.<\/p>\n<p>Le persone che usano il Sale N. 3 spesso riferiscono:<br \/>\n\u2013 piccoli ma significativi cambiamenti di slancio<br \/>\n\u2013 decisioni pi\u00f9 facili<br \/>\n\u2013 ridotta autocritica<br \/>\n\u2013 priorit\u00e0 pi\u00f9 chiare<br \/>\n\u2013 capacit\u00e0 di completare compiti che prima sembravano pesanti<\/p>\n<p>Questi cambiamenti tendono a manifestarsi gradualmente, attraverso scelte, interazioni e abitudini quotidiane, piuttosto che attraverso svolte drammatiche.<\/p>\n<p>L'enfasi non \u00e8 sulla performance.<br \/>\n\u00c8 in linea con ci\u00f2 che conta davvero.<\/p>\n<p>Responsabilit\u00e0 come Libert\u00e0<\/p>\n<p>Non devi sforzarti di essere disciplinato o deciso.<br \/>\nQuando chiarezza, coraggio ed equilibrio emotivo sono supportati, l'azione diventa pi\u00f9 naturale e richiede meno sforzo.<\/p>\n<p>&nbsp;<\/p>\n<p>Questo sale supporta la transizione da:<br \/>\n\u2013 \u201cDovrei farlo\u201d<br \/>\na<br \/>\n\u2013 \u201cSono pronto\/pronta a farlo ora.\u201d<\/p>\n<p>Non perch\u00e9 adotti una nuova identit\u00e0,<br \/>\nma perch\u00e9 smetti di resistere alle tue intenzioni.<\/p>\n<p>&nbsp;<\/p>\n<p><strong>Come usarlo<\/strong><\/p>\n<p>Usare pochi grani, cinque volte al giorno.<br \/>\nLasciale sciogliere sotto la lingua.<\/p>\n<p>Una lattina dura in genere circa due mesi con un uso regolare.<\/p>\n<p>&nbsp;<\/p>\n<p><strong>Una pratica di supporto:<\/strong><br \/>\n1. Fare una pausa prima o dopo ogni utilizzo<br \/>\n2. Nota il tuo stato senza analizzarlo<br \/>\n3. Stabilisci un'intenzione semplice e realistica<br \/>\n4. Esegui una piccola azione<\/p>\n<p>Non forzarti \u2014<br \/>\nma per rimanere connesso con ci\u00f2 che vuoi veramente.<\/p>\n<p>Nel tempo, le piccole azioni si accumulano e le priorit\u00e0 diventano pi\u00f9 chiare.<\/p>\n<p>Per i periodi di energia bloccata<\/p>\n<p>Se provi forte blocco interiore, pressione o stagnazione, puoi considerare di combinare il Sale n. 3 con il Sale n. 7.<br \/>\nMolte persone trovano che questa combinazione supporti un nuovo flusso e movimento.<\/p>\n<p>&nbsp;<\/p>\n<p><strong>Perch\u00e9 questo \u00e8 importante<\/strong><\/p>\n<p>Riorientare la tua vita non richiede forza o perfezione.<br \/>\nRichiede:<br \/>\n\u2013 chiarezza<br \/>\n\u2013 coraggio<br \/>\nspazio emotivo<br \/>\n\u2013 e gentile persistenza<\/p>\n<p>Il Sale n. 3 supporta queste condizioni, non aggiungendo nulla di nuovo, ma rimuovendo interferenze interne in modo che la tua intelligenza naturale possa operare pi\u00f9 liberamente.<\/p>\n<p>Quando ci\u00f2 accade, l'azione diventa meno una battaglia e pi\u00f9 una continuazione della chiarezza interiore.<\/p>\n<p>&nbsp;<\/p>\n<p><strong>Informazioni sul processo di produzione<\/strong><\/p>\n<p>La struttura informativa nei sali non pu\u00f2 essere misurata dalle tecnologie disponibili.<br \/>\nIl metodo di produzione \u00e8 praticato dal 1993 e significativamente affinato nel 2024.<\/p>\n<p>Chimicamente, questo prodotto \u00e8 sale cristallino puro e commestibile, proveniente da depositi comunemente noti come sale dell'Himalaya.<\/p>\n<p>&nbsp;<\/p>\n<p><strong>Nota importante<\/strong><\/p>\n<p>Collegare e attivare i prodotti:<br \/>\n- non sono medicine<br \/>\n- non diagnosticano, trattano o curano le malattie<br \/>\n\u2013 non sostituiscono il supporto medico o psicologico<\/p>\n<p>Sono progettati per supportare l'autoconsapevolezza e lo sviluppo personale.<\/p>\n<p>I sintomi fisici o psicologici dovrebbero essere valutati da professionisti qualificati.<\/p>","protected":false},"excerpt":{"rendered":"<p>Where Salt No. 1 helps you recognize limiting patterns, and Salt No. 2 strengthens orientation toward what matters, Salt No. 3 helps you bring this into daily life in a grounded, realistic way.<\/p>\n<p>Many people experience increased motivation, confidence, and a more natural ability to follow through with tasks and decisions \u2014 not through pressure, but through a calmer sense of purpose and inner coherence.<\/p>\n<p>It is supportive for moments when you feel ready to move from reflection into action, and shape your life with intention.<\/p>","protected":false},"featured_media":101,"comment_status":"open","ping_status":"closed","template":"","meta":[],"product_brand":[],"product_cat":[16],"product_tag":[],"class_list":{"0":"post-100","1":"product","2":"type-product","3":"status-publish","4":"has-post-thumbnail","6":"product_cat-uncategorized","8":"first","9":"instock","10":"shipping-taxable","11":"product-type-simple"},"yoast_head":"<!-- This site is optimized with the Yoast SEO plugin v26.8 - https:\/\/yoast.com\/product\/yoast-seo-wordpress\/ -->\n<title>From Insight to Action<\/title>\n<meta name=\"description\" content=\"Inspiration No. 3 \u2013 From Insight to Action. Subtle support for clarity, momentum, and meaningful change. Reduce hesitation, soften perfectionism, and turn intention into lived experience\" \/>\n<meta name=\"robots\" content=\"noindex, follow, max-snippet:-1, max-image-preview:large, max-video-preview:-1\" \/>\n<meta property=\"og:locale\" content=\"it_IT\" \/>\n<meta property=\"og:type\" content=\"article\" \/>\n<meta property=\"og:title\" content=\"From Insight to Action\" \/>\n<meta property=\"og:description\" content=\"Inspiration No. 3 \u2013 From Insight to Action. Subtle support for clarity, momentum, and meaningful change. Reduce hesitation, soften perfectionism, and turn intention into lived experience\" \/>\n<meta property=\"og:url\" content=\"https:\/\/connectandactivate.info\/it\/product\/dallintuizione-allazione\/\" \/>\n<meta property=\"og:site_name\" content=\"connect\" \/>\n<meta property=\"article:modified_time\" content=\"2025-12-22T07:59:26+00:00\" \/>\n<meta property=\"og:image\" content=\"https:\/\/connectandactivate.info\/wp-content\/uploads\/2025\/11\/Gold01136.jpg\" \/>\n\t<meta property=\"og:image:width\" content=\"500\" \/>\n\t<meta property=\"og:image:height\" content=\"500\" \/>\n\t<meta property=\"og:image:type\" content=\"image\/jpeg\" \/>\n<meta name=\"twitter:card\" content=\"summary_large_image\" \/>\n<meta name=\"twitter:label1\" content=\"Tempo di lettura stimato\" \/>\n\t<meta name=\"twitter:data1\" content=\"3 minuti\" \/>\n<script type=\"application\/ld+json\" class=\"yoast-schema-graph\">{\"@context\":\"https:\/\/schema.org\",\"@graph\":[{\"@type\":\"WebPage\",\"@id\":\"https:\/\/connectandactivate.info\/product\/from-insight-to-action\/\",\"url\":\"https:\/\/connectandactivate.info\/product\/from-insight-to-action\/\",\"name\":\"From Insight to Action\",\"isPartOf\":{\"@id\":\"https:\/\/connectandactivate.info\/#website\"},\"primaryImageOfPage\":{\"@id\":\"https:\/\/connectandactivate.info\/product\/from-insight-to-action\/#primaryimage\"},\"image\":{\"@id\":\"https:\/\/connectandactivate.info\/product\/from-insight-to-action\/#primaryimage\"},\"thumbnailUrl\":\"https:\/\/connectandactivate.info\/wp-content\/uploads\/2025\/11\/Gold01136.jpg\",\"datePublished\":\"2025-11-03T19:14:24+00:00\",\"dateModified\":\"2025-12-22T07:59:26+00:00\",\"description\":\"Inspiration No. 3 \u2013 From Insight to Action. Subtle support for clarity, momentum, and meaningful change. Reduce hesitation, soften perfectionism, and turn intention into lived experience\",\"breadcrumb\":{\"@id\":\"https:\/\/connectandactivate.info\/product\/from-insight-to-action\/#breadcrumb\"},\"inLanguage\":\"it-IT\",\"potentialAction\":[{\"@type\":\"ReadAction\",\"target\":[\"https:\/\/connectandactivate.info\/product\/from-insight-to-action\/\"]}]},{\"@type\":\"ImageObject\",\"inLanguage\":\"it-IT\",\"@id\":\"https:\/\/connectandactivate.info\/product\/from-insight-to-action\/#primaryimage\",\"url\":\"https:\/\/connectandactivate.info\/wp-content\/uploads\/2025\/11\/Gold01136.jpg\",\"contentUrl\":\"https:\/\/connectandactivate.info\/wp-content\/uploads\/2025\/11\/Gold01136.jpg\",\"width\":500,\"height\":500},{\"@type\":\"BreadcrumbList\",\"@id\":\"https:\/\/connectandactivate.info\/product\/from-insight-to-action\/#breadcrumb\",\"itemListElement\":[{\"@type\":\"ListItem\",\"position\":1,\"name\":\"Home\",\"item\":\"https:\/\/connectandactivate.info\/\"},{\"@type\":\"ListItem\",\"position\":2,\"name\":\"Shop\",\"item\":\"https:\/\/connectandactivate.info\/shop\/\"},{\"@type\":\"ListItem\",\"position\":3,\"name\":\"From Insight to Action\"}]},{\"@type\":\"WebSite\",\"@id\":\"https:\/\/connectandactivate.info\/#website\",\"url\":\"https:\/\/connectandactivate.info\/\",\"name\":\"connect\",\"description\":\"\",\"potentialAction\":[{\"@type\":\"SearchAction\",\"target\":{\"@type\":\"EntryPoint\",\"urlTemplate\":\"https:\/\/connectandactivate.info\/?s={search_term_string}\"},\"query-input\":{\"@type\":\"PropertyValueSpecification\",\"valueRequired\":true,\"valueName\":\"search_term_string\"}}],\"inLanguage\":\"it-IT\"}]}<\/script>\n<!-- \/ Yoast SEO plugin. -->","yoast_head_json":{"title":"Dall'intuizione all'azione","description":"Ispirazione n. 3 - Dall'intuizione all'azione. Un sottile supporto per la chiarezza, lo slancio e il cambiamento significativo. Ridurre l'esitazione, attenuare il perfezionismo e trasformare l'intenzione in esperienza vissuta.","robots":{"index":"noindex","follow":"follow","max-snippet":"max-snippet:-1","max-image-preview":"max-image-preview:large","max-video-preview":"max-video-preview:-1"},"og_locale":"it_IT","og_type":"article","og_title":"From Insight to Action","og_description":"Inspiration No. 3 \u2013 From Insight to Action. Subtle support for clarity, momentum, and meaningful change. Reduce hesitation, soften perfectionism, and turn intention into lived experience","og_url":"https:\/\/connectandactivate.info\/it\/product\/dallintuizione-allazione\/","og_site_name":"connect","article_modified_time":"2025-12-22T07:59:26+00:00","og_image":[{"width":500,"height":500,"url":"https:\/\/connectandactivate.info\/wp-content\/uploads\/2025\/11\/Gold01136.jpg","type":"image\/jpeg"}],"twitter_card":"summary_large_image","twitter_misc":{"Tempo di lettura stimato":"3 minuti"},"schema":{"@context":"https:\/\/schema.org","@graph":[{"@type":"WebPage","@id":"https:\/\/connectandactivate.info\/product\/from-insight-to-action\/","url":"https:\/\/connectandactivate.info\/product\/from-insight-to-action\/","name":"Dall'intuizione all'azione","isPartOf":{"@id":"https:\/\/connectandactivate.info\/#website"},"primaryImageOfPage":{"@id":"https:\/\/connectandactivate.info\/product\/from-insight-to-action\/#primaryimage"},"image":{"@id":"https:\/\/connectandactivate.info\/product\/from-insight-to-action\/#primaryimage"},"thumbnailUrl":"https:\/\/connectandactivate.info\/wp-content\/uploads\/2025\/11\/Gold01136.jpg","datePublished":"2025-11-03T19:14:24+00:00","dateModified":"2025-12-22T07:59:26+00:00","description":"Ispirazione n. 3 - Dall'intuizione all'azione. Un sottile supporto per la chiarezza, lo slancio e il cambiamento significativo. Ridurre l'esitazione, attenuare il perfezionismo e trasformare l'intenzione in esperienza vissuta.","breadcrumb":{"@id":"https:\/\/connectandactivate.info\/product\/from-insight-to-action\/#breadcrumb"},"inLanguage":"it-IT","potentialAction":[{"@type":"ReadAction","target":["https:\/\/connectandactivate.info\/product\/from-insight-to-action\/"]}]},{"@type":"ImageObject","inLanguage":"it-IT","@id":"https:\/\/connectandactivate.info\/product\/from-insight-to-action\/#primaryimage","url":"https:\/\/connectandactivate.info\/wp-content\/uploads\/2025\/11\/Gold01136.jpg","contentUrl":"https:\/\/connectandactivate.info\/wp-content\/uploads\/2025\/11\/Gold01136.jpg","width":500,"height":500},{"@type":"BreadcrumbList","@id":"https:\/\/connectandactivate.info\/product\/from-insight-to-action\/#breadcrumb","itemListElement":[{"@type":"ListItem","position":1,"name":"Home","item":"https:\/\/connectandactivate.info\/"},{"@type":"ListItem","position":2,"name":"Shop","item":"https:\/\/connectandactivate.info\/shop\/"},{"@type":"ListItem","position":3,"name":"From Insight to Action"}]},{"@type":"WebSite","@id":"https:\/\/connectandactivate.info\/#website","url":"https:\/\/connectandactivate.info\/","name":"collegare","description":"","potentialAction":[{"@type":"SearchAction","target":{"@type":"EntryPoint","urlTemplate":"https:\/\/connectandactivate.info\/?s={search_term_string}"},"query-input":{"@type":"PropertyValueSpecification","valueRequired":true,"valueName":"search_term_string"}}],"inLanguage":"it-IT"}]}},"_links":{"self":[{"href":"https:\/\/connectandactivate.info\/it\/wp-json\/wp\/v2\/product\/100","targetHints":{"allow":["GET"]}}],"collection":[{"href":"https:\/\/connectandactivate.info\/it\/wp-json\/wp\/v2\/product"}],"about":[{"href":"https:\/\/connectandactivate.info\/it\/wp-json\/wp\/v2\/types\/product"}],"replies":[{"embeddable":true,"href":"https:\/\/connectandactivate.info\/it\/wp-json\/wp\/v2\/comments?post=100"}],"wp:featuredmedia":[{"embeddable":true,"href":"https:\/\/connectandactivate.info\/it\/wp-json\/wp\/v2\/media\/101"}],"wp:attachment":[{"href":"https:\/\/connectandactivate.info\/it\/wp-json\/wp\/v2\/media?parent=100"}],"wp:term":[{"taxonomy":"product_brand","embeddable":true,"href":"https:\/\/connectandactivate.info\/it\/wp-json\/wp\/v2\/product_brand?post=100"},{"taxonomy":"product_cat","embeddable":true,"href":"https:\/\/connectandactivate.info\/it\/wp-json\/wp\/v2\/product_cat?post=100"},{"taxonomy":"product_tag","embeddable":true,"href":"https:\/\/connectandactivate.info\/it\/wp-json\/wp\/v2\/product_tag?post=100"}],"curies":[{"name":"wp","href":"https:\/\/api.w.org\/{rel}","templated":true}]}}