{"id":184,"date":"2025-11-09T17:06:07","date_gmt":"2025-11-09T17:06:07","guid":{"rendered":"https:\/\/connectandactivate.info\/?page_id=184"},"modified":"2026-02-28T06:46:37","modified_gmt":"2026-02-28T06:46:37","slug":"uslugi-szkoleniowe","status":"publish","type":"page","link":"https:\/\/connectandactivate.info\/pl\/uslugi-szkoleniowe\/","title":{"rendered":"Us\u0142ugi i szkolenia"},"content":{"rendered":"<h3>Connect and Activate - Us\u0142ugi edukacyjne i konsultingowe<\/h3>\n<p>Connect and Activate zapewnia kursy edukacyjne online, warsztaty, seminaria i us\u0142ugi coachingowe w zakresie rozwoju osobistego, treningu \u015bwiadomo\u015bci i samodoskonalenia.<br \/>\nNasze us\u0142ugi s\u0105 \u015bwiadczone za po\u015brednictwem platform internetowych, takich jak ZOOM, i s\u0105 dost\u0119pne na ca\u0142ym \u015bwiecie w j\u0119zyku angielskim i niemieckim.<\/p>\n<p>Kursy s\u0105 prowadzone w ma\u0142ych grupach poprzez zaplanowane sesje online na \u017cywo i obejmuj\u0105 instrukcje z przewodnikiem, praktyczne \u0107wiczenia i opcjonaln\u0105 dyskusj\u0119. Programy s\u0105 przeznaczone dla os\u00f3b doros\u0142ych zaanga\u017cowanych w rozw\u00f3j osobisty, coaching lub praktyk\u0119 zawodow\u0105.<\/p>\n<p>Nasz udzia\u0142 w charakterze prelegenta lub nauczyciela w niekt\u00f3rych kr\u00f3tkich seminariach na spotkaniach koncentruj\u0105cych si\u0119 na naszych tematach jest mo\u017cliwy i doceniany.<\/p>\n<p>Wspieramy osoby indywidualne, praktyk\u00f3w i organizacje w rozwijaniu jasno\u015bci, r\u00f3wnowagi emocjonalnej i samo\u015bwiadomo\u015bci poprzez praktyczne, niedogmatyczne podej\u015bcia, kt\u00f3re uzupe\u0142niaj\u0105 istniej\u0105ce praktyki osobiste i zawodowe.<\/p>\n<h3>Kursy i programy szkoleniowe online<\/h3>\n<p>Oferujemy kursy i programy szkoleniowe online bez pobierania w zakresie rozwoju osobistego i szkolenia \u015bwiadomo\u015bci, w tym:<\/p>\n<h3>Podstawy treningu \u015bwiadomo\u015bci<\/h3>\n<p>Kurs wprowadzaj\u0105cy do rozpoznawania wewn\u0119trznych wzorc\u00f3w, zmniejszania zak\u0142\u00f3ce\u0144 i wspierania samodzielnego rozwoju.<\/p>\n<h3>R\u00f3wnowaga emocjonalna i samoregulacja<\/h3>\n<p>Ustrukturyzowana eksploracja \u015bwiadomo\u015bci emocjonalnej, odporno\u015bci i r\u00f3wnowagi w \u017cyciu codziennym.<\/p>\n<h3>Praktyki \u015bwiadomej komunikacji<\/h3>\n<p>Praktyczna nauka umiej\u0119tno\u015bci komunikacyjnych, kt\u00f3re wspieraj\u0105 jasno\u015b\u0107, godno\u015b\u0107 i szczer\u0105 ekspresj\u0119. Poznaj nasz\u0105 now\u0105 technik\u0119 komunikacji wykraczaj\u0105cej poza s\u0142owa \u201cPraca z g\u00f3ry\u201d.<\/p>\n<h3>\u0141\u0105czenie wiedzy z dzia\u0142aniem<\/h3>\n<p>Kurs skoncentrowany na praktyce, wspieraj\u0105cy stosowanie samo\u015bwiadomo\u015bci w codziennych decyzjach i zachowaniach. Nowe techniki \u015bwiadomego podejmowania decyzji i decydowania, kiedy dzia\u0142a\u0107.<\/p>\n<h3>Warsztaty i seminaria<\/h3>\n<p>Prowadzimy warsztaty i seminaria online koncentruj\u0105ce si\u0119 na stosowanym rozwoju osobistym, w tym<\/p>\n<h3>\u015awiadomo\u015b\u0107 w codziennym \u017cyciu<\/h3>\n<p>Warsztaty grupowe badaj\u0105ce praktyczne umiej\u0119tno\u015bci w\u0142\u0105czania \u015bwiadomo\u015bci do codziennych czynno\u015bci.<\/p>\n<h3>Komunikacja i obecno\u015b\u0107<\/h3>\n<p>Warsztat po\u015bwi\u0119cony opartej na podstawach, pe\u0142nej szacunku komunikacji w relacjach osobistych i zawodowych.<\/p>\n<h3>Jasno\u015b\u0107, cel i kierunek<\/h3>\n<p>Seminarium oferuj\u0105ce ustrukturyzowane narz\u0119dzia do identyfikacji znacz\u0105cych cel\u00f3w i kolejnych krok\u00f3w.<\/p>\n<h3>Autorefleksja i integracja<\/h3>\n<p>Interaktywna sesja wspieraj\u0105ca autorefleksj\u0119, wgl\u0105d i osobist\u0105 integracj\u0119.<\/p>\n<h3>Us\u0142ugi coachingowe i konsultingowe<\/h3>\n<p>\u015awiadczymy us\u0142ugi coachingu online w zakresie rozwoju osobistego i samodoskonalenia.<br \/>\nCoaching wspiera klient\u00f3w w wyja\u015bnianiu cel\u00f3w, budowaniu odporno\u015bci emocjonalnej i w\u0142\u0105czaniu praktyk \u015bwiadomo\u015bci do codziennego \u017cycia.<\/p>\n<p>Format:<br \/>\n- Indywidualne sesje online<br \/>\n- Op\u0142aty za sesj\u0119<br \/>\n- Nagrania kontrolowane przez klienta<\/p>\n<p>W przypadku pyta\u0144 lub rejestracji prosimy o kontakt:<br \/>\nEmail: BeComplete@mailbox.org<\/p>\n<h3>Dostawa i dost\u0119pno\u015b\u0107 us\u0142ug<\/h3>\n<p>Wszystkie us\u0142ugi edukacyjne i sesje coachingowe s\u0105 dostarczane za po\u015brednictwem platform internetowych.<br \/>\nO ile nie okre\u015blono inaczej, materia\u0142\u00f3w edukacyjnych nie mo\u017cna pobiera\u0107.<br \/>\nUs\u0142ugi s\u0105 dost\u0119pne na ca\u0142ym \u015bwiecie w j\u0119zyku angielskim i niemieckim.<\/p>\n<h3>Filozofia<\/h3>\n<p>Connect &amp; Activate nie promuje systemu wierze\u0144, ideologii ani modelu terapeutycznego.<br \/>\nNasza praca ma na celu wspieranie jednostek w uzyskiwaniu dost\u0119pu do ich w\u0142asnej jasno\u015bci, zdolno\u015bci i inteligencji, tak aby rozw\u00f3j osobisty sta\u0142 si\u0119 naturalny, samokieruj\u0105cy i zr\u00f3wnowa\u017cony.<\/p>\n<h3>Wa\u017cne powiadomienie<\/h3>\n<p>Nasze us\u0142ugi:<br \/>\n- nie s\u0105 lekarstwem<br \/>\n- nie diagnozuj\u0105, nie lecz\u0105 ani nie lecz\u0105 chor\u00f3b<br \/>\n- nie zast\u0119puj\u0105 profesjonalnej opieki<\/p>\n<p>S\u0105 one przeznaczone do obs\u0142ugi:<br \/>\n- rozw\u00f3j osobisty<br \/>\n- r\u00f3wnowaga emocjonalna<br \/>\n- samo\u015bwiadomo\u015b\u0107<\/p>\n<p>W przypadku w\u0105tpliwo\u015bci natury medycznej lub psychologicznej nale\u017cy skonsultowa\u0107 si\u0119 z wykwalifikowanymi specjalistami.<\/p>","protected":false},"excerpt":{"rendered":"<p>Connect and Activate \u2013\u00a0Educational and Consulting Services Connect and Activate provides online educational courses, workshops, seminars, and coaching services in the field of personal development, awareness training, and self-improvement. Our services are delivered via online platforms like ZOOM and are available internationally in English and German. Courses are delivered in small groups through scheduled live [&hellip;]<\/p>","protected":false},"author":1,"featured_media":0,"parent":0,"menu_order":0,"comment_status":"closed","ping_status":"closed","template":"services.php","meta":{"footnotes":""},"class_list":["post-184","page","type-page","status-publish","hentry"],"yoast_head":"<!-- This site is optimized with the Yoast SEO plugin v26.8 - https:\/\/yoast.com\/product\/yoast-seo-wordpress\/ -->\n<title>Services &amp; Training Connect &amp; Activate online courses, workshops<\/title>\n<meta name=\"description\" content=\"Connect &amp; Activate \u2013 online courses, workshops, seminars, and coaching services for personal development and awareness training. Available internationally in English and German.\" \/>\n<meta name=\"robots\" content=\"noindex, follow, max-snippet:-1, max-image-preview:large, max-video-preview:-1\" \/>\n<meta property=\"og:locale\" content=\"pl_PL\" \/>\n<meta property=\"og:type\" content=\"article\" \/>\n<meta property=\"og:title\" content=\"Services &amp; Training Connect &amp; Activate online courses, workshops\" \/>\n<meta property=\"og:description\" content=\"Connect &amp; Activate \u2013 online courses, workshops, seminars, and coaching services for personal development and awareness training. Available internationally in English and German.\" \/>\n<meta property=\"og:url\" content=\"https:\/\/connectandactivate.info\/pl\/uslugi-szkoleniowe\/\" \/>\n<meta property=\"og:site_name\" content=\"connect\" \/>\n<meta property=\"article:modified_time\" content=\"2026-02-28T06:46:37+00:00\" \/>\n<meta name=\"twitter:card\" content=\"summary_large_image\" \/>\n<meta name=\"twitter:label1\" content=\"Szacowany czas czytania\" \/>\n\t<meta name=\"twitter:data1\" content=\"3 minuty\" \/>\n<script type=\"application\/ld+json\" class=\"yoast-schema-graph\">{\"@context\":\"https:\/\/schema.org\",\"@graph\":[{\"@type\":\"WebPage\",\"@id\":\"https:\/\/connectandactivate.info\/services-training\/\",\"url\":\"https:\/\/connectandactivate.info\/services-training\/\",\"name\":\"Services & Training Connect & Activate online courses, workshops\",\"isPartOf\":{\"@id\":\"https:\/\/connectandactivate.info\/#website\"},\"datePublished\":\"2025-11-09T17:06:07+00:00\",\"dateModified\":\"2026-02-28T06:46:37+00:00\",\"description\":\"Connect & Activate \u2013 online courses, workshops, seminars, and coaching services for personal development and awareness training. Available internationally in English and German.\",\"breadcrumb\":{\"@id\":\"https:\/\/connectandactivate.info\/services-training\/#breadcrumb\"},\"inLanguage\":\"pl-PL\",\"potentialAction\":[{\"@type\":\"ReadAction\",\"target\":[\"https:\/\/connectandactivate.info\/services-training\/\"]}]},{\"@type\":\"BreadcrumbList\",\"@id\":\"https:\/\/connectandactivate.info\/services-training\/#breadcrumb\",\"itemListElement\":[{\"@type\":\"ListItem\",\"position\":1,\"name\":\"Home\",\"item\":\"https:\/\/connectandactivate.info\/\"},{\"@type\":\"ListItem\",\"position\":2,\"name\":\"Services &#038; Training\"}]},{\"@type\":\"WebSite\",\"@id\":\"https:\/\/connectandactivate.info\/#website\",\"url\":\"https:\/\/connectandactivate.info\/\",\"name\":\"connect\",\"description\":\"\",\"potentialAction\":[{\"@type\":\"SearchAction\",\"target\":{\"@type\":\"EntryPoint\",\"urlTemplate\":\"https:\/\/connectandactivate.info\/?s={search_term_string}\"},\"query-input\":{\"@type\":\"PropertyValueSpecification\",\"valueRequired\":true,\"valueName\":\"search_term_string\"}}],\"inLanguage\":\"pl-PL\"}]}<\/script>\n<!-- \/ Yoast SEO plugin. -->","yoast_head_json":{"title":"Us\u0142ugi i szkolenia Connect &amp; Activate kursy online, warsztaty","description":"Connect &amp; Activate - kursy online, warsztaty, seminaria i us\u0142ugi coachingowe w zakresie rozwoju osobistego i treningu \u015bwiadomo\u015bci. Dost\u0119pne na ca\u0142ym \u015bwiecie w j\u0119zyku angielskim i niemieckim.","robots":{"index":"noindex","follow":"follow","max-snippet":"max-snippet:-1","max-image-preview":"max-image-preview:large","max-video-preview":"max-video-preview:-1"},"og_locale":"pl_PL","og_type":"article","og_title":"Services & Training Connect & Activate online courses, workshops","og_description":"Connect & Activate \u2013 online courses, workshops, seminars, and coaching services for personal development and awareness training. Available internationally in English and German.","og_url":"https:\/\/connectandactivate.info\/pl\/uslugi-szkoleniowe\/","og_site_name":"connect","article_modified_time":"2026-02-28T06:46:37+00:00","twitter_card":"summary_large_image","twitter_misc":{"Szacowany czas czytania":"3 minuty"},"schema":{"@context":"https:\/\/schema.org","@graph":[{"@type":"WebPage","@id":"https:\/\/connectandactivate.info\/services-training\/","url":"https:\/\/connectandactivate.info\/services-training\/","name":"Us\u0142ugi i szkolenia Connect &amp; Activate kursy online, warsztaty","isPartOf":{"@id":"https:\/\/connectandactivate.info\/#website"},"datePublished":"2025-11-09T17:06:07+00:00","dateModified":"2026-02-28T06:46:37+00:00","description":"Connect &amp; Activate - kursy online, warsztaty, seminaria i us\u0142ugi coachingowe w zakresie rozwoju osobistego i treningu \u015bwiadomo\u015bci. Dost\u0119pne na ca\u0142ym \u015bwiecie w j\u0119zyku angielskim i niemieckim.","breadcrumb":{"@id":"https:\/\/connectandactivate.info\/services-training\/#breadcrumb"},"inLanguage":"pl-PL","potentialAction":[{"@type":"ReadAction","target":["https:\/\/connectandactivate.info\/services-training\/"]}]},{"@type":"BreadcrumbList","@id":"https:\/\/connectandactivate.info\/services-training\/#breadcrumb","itemListElement":[{"@type":"ListItem","position":1,"name":"Home","item":"https:\/\/connectandactivate.info\/"},{"@type":"ListItem","position":2,"name":"Services &#038; Training"}]},{"@type":"WebSite","@id":"https:\/\/connectandactivate.info\/#website","url":"https:\/\/connectandactivate.info\/","name":"po\u0142\u0105czenie","description":"","potentialAction":[{"@type":"SearchAction","target":{"@type":"EntryPoint","urlTemplate":"https:\/\/connectandactivate.info\/?s={search_term_string}"},"query-input":{"@type":"PropertyValueSpecification","valueRequired":true,"valueName":"search_term_string"}}],"inLanguage":"pl-PL"}]}},"_links":{"self":[{"href":"https:\/\/connectandactivate.info\/pl\/wp-json\/wp\/v2\/pages\/184","targetHints":{"allow":["GET"]}}],"collection":[{"href":"https:\/\/connectandactivate.info\/pl\/wp-json\/wp\/v2\/pages"}],"about":[{"href":"https:\/\/connectandactivate.info\/pl\/wp-json\/wp\/v2\/types\/page"}],"author":[{"embeddable":true,"href":"https:\/\/connectandactivate.info\/pl\/wp-json\/wp\/v2\/users\/1"}],"replies":[{"embeddable":true,"href":"https:\/\/connectandactivate.info\/pl\/wp-json\/wp\/v2\/comments?post=184"}],"version-history":[{"count":1,"href":"https:\/\/connectandactivate.info\/pl\/wp-json\/wp\/v2\/pages\/184\/revisions"}],"predecessor-version":[{"id":357,"href":"https:\/\/connectandactivate.info\/pl\/wp-json\/wp\/v2\/pages\/184\/revisions\/357"}],"wp:attachment":[{"href":"https:\/\/connectandactivate.info\/pl\/wp-json\/wp\/v2\/media?parent=184"}],"curies":[{"name":"wp","href":"https:\/\/api.w.org\/{rel}","templated":true}]}}