{"id":30,"date":"2024-11-11T12:10:05","date_gmt":"2024-11-11T12:10:05","guid":{"rendered":"http:\/\/localhost\/connectwp\/?page_id=30"},"modified":"2024-11-11T13:10:07","modified_gmt":"2024-11-11T13:10:07","slug":"skontaktuj-sie-z-nami","status":"publish","type":"page","link":"https:\/\/connectandactivate.info\/pl\/skontaktuj-sie-z-nami\/","title":{"rendered":"Kontakt"},"content":{"rendered":"<p>Nigdy nie sprzedajemy informacji o u\u017cytkowniku. Wszystkie przechowywane informacje s\u0105 kodowane przez dostawc\u0119 Mailbox.org, do kt\u00f3rego je wysy\u0142asz.<\/p>\n<p>BeComplete@Mailbox.org to bezpo\u015bredni e-mail lub skorzystanie z formularza kontaktowego, kt\u00f3ry r\u00f3wnie\u017c tam wysy\u0142a.<\/p>\n<p>U\u017cywamy Twoich danych tylko do realizacji zam\u00f3wie\u0144 lub odpowiedzi na Twoje pytania lub inne pro\u015bby. P\u00f3\u017aniej b\u0119dziemy oferowa\u0107 newsletter.<\/p>\n<p>Je\u015bli otrzymasz osobist\u0105 konsultacj\u0119, odb\u0119dzie si\u0119 ona za po\u015brednictwem ZOOM, a je\u015bli uczestniczysz w niej za pomoc\u0105 komputera, tylko Ty mo\u017cesz j\u0105 nagra\u0107.<\/p>\n<p>W przypadku uczestnictwa za pomoc\u0105 smartfona nale\u017cy upewni\u0107 si\u0119, \u017ce mo\u017cliwe jest nagrywanie d\u017awi\u0119ku. Nie b\u0119dziemy nagrywa\u0107.<\/p>","protected":false},"excerpt":{"rendered":"<p>We never ever sell the information about you. All stored info gets encoded at the provider Mailbox.org you send it to. BeComplete@Mailbox.org is the direct email or use the contact form, which also sends to there. We only use your data for fulfilling orders or answer to your questions or other requests. Later we will [&hellip;]<\/p>","protected":false},"author":1,"featured_media":0,"parent":0,"menu_order":0,"comment_status":"closed","ping_status":"closed","template":"contact-us.php","meta":{"footnotes":""},"class_list":["post-30","page","type-page","status-publish","hentry"],"yoast_head":"<!-- This site is optimized with the Yoast SEO plugin v26.8 - https:\/\/yoast.com\/product\/yoast-seo-wordpress\/ -->\n<title>Contact-us - connect<\/title>\n<meta name=\"robots\" content=\"noindex, follow, max-snippet:-1, max-image-preview:large, max-video-preview:-1\" \/>\n<meta property=\"og:locale\" content=\"pl_PL\" \/>\n<meta property=\"og:type\" content=\"article\" \/>\n<meta property=\"og:title\" content=\"Contact-us - connect\" \/>\n<meta property=\"og:description\" content=\"We never ever sell the information about you. All stored info gets encoded at the provider Mailbox.org you send it to. BeComplete@Mailbox.org is the direct email or use the contact form, which also sends to there. We only use your data for fulfilling orders or answer to your questions or other requests. Later we will [&hellip;]\" \/>\n<meta property=\"og:url\" content=\"https:\/\/connectandactivate.info\/pl\/skontaktuj-sie-z-nami\/\" \/>\n<meta property=\"og:site_name\" content=\"connect\" \/>\n<meta property=\"article:modified_time\" content=\"2024-11-11T13:10:07+00:00\" \/>\n<meta name=\"twitter:card\" content=\"summary_large_image\" \/>\n<meta name=\"twitter:label1\" content=\"Szacowany czas czytania\" \/>\n\t<meta name=\"twitter:data1\" content=\"1 minuta\" \/>\n<script type=\"application\/ld+json\" class=\"yoast-schema-graph\">{\"@context\":\"https:\/\/schema.org\",\"@graph\":[{\"@type\":\"WebPage\",\"@id\":\"https:\/\/connectandactivate.info\/contact-us\/\",\"url\":\"https:\/\/connectandactivate.info\/contact-us\/\",\"name\":\"Contact-us - connect\",\"isPartOf\":{\"@id\":\"https:\/\/connectandactivate.info\/#website\"},\"datePublished\":\"2024-11-11T12:10:05+00:00\",\"dateModified\":\"2024-11-11T13:10:07+00:00\",\"breadcrumb\":{\"@id\":\"https:\/\/connectandactivate.info\/contact-us\/#breadcrumb\"},\"inLanguage\":\"pl-PL\",\"potentialAction\":[{\"@type\":\"ReadAction\",\"target\":[\"https:\/\/connectandactivate.info\/contact-us\/\"]}]},{\"@type\":\"BreadcrumbList\",\"@id\":\"https:\/\/connectandactivate.info\/contact-us\/#breadcrumb\",\"itemListElement\":[{\"@type\":\"ListItem\",\"position\":1,\"name\":\"Home\",\"item\":\"https:\/\/connectandactivate.info\/\"},{\"@type\":\"ListItem\",\"position\":2,\"name\":\"Contact-us\"}]},{\"@type\":\"WebSite\",\"@id\":\"https:\/\/connectandactivate.info\/#website\",\"url\":\"https:\/\/connectandactivate.info\/\",\"name\":\"connect\",\"description\":\"\",\"potentialAction\":[{\"@type\":\"SearchAction\",\"target\":{\"@type\":\"EntryPoint\",\"urlTemplate\":\"https:\/\/connectandactivate.info\/?s={search_term_string}\"},\"query-input\":{\"@type\":\"PropertyValueSpecification\",\"valueRequired\":true,\"valueName\":\"search_term_string\"}}],\"inLanguage\":\"pl-PL\"}]}<\/script>\n<!-- \/ Yoast SEO plugin. -->","yoast_head_json":{"title":"Skontaktuj si\u0119 z nami - po\u0142\u0105cz","robots":{"index":"noindex","follow":"follow","max-snippet":"max-snippet:-1","max-image-preview":"max-image-preview:large","max-video-preview":"max-video-preview:-1"},"og_locale":"pl_PL","og_type":"article","og_title":"Contact-us - connect","og_description":"We never ever sell the information about you. All stored info gets encoded at the provider Mailbox.org you send it to. BeComplete@Mailbox.org is the direct email or use the contact form, which also sends to there. We only use your data for fulfilling orders or answer to your questions or other requests. Later we will [&hellip;]","og_url":"https:\/\/connectandactivate.info\/pl\/skontaktuj-sie-z-nami\/","og_site_name":"connect","article_modified_time":"2024-11-11T13:10:07+00:00","twitter_card":"summary_large_image","twitter_misc":{"Szacowany czas czytania":"1 minuta"},"schema":{"@context":"https:\/\/schema.org","@graph":[{"@type":"WebPage","@id":"https:\/\/connectandactivate.info\/contact-us\/","url":"https:\/\/connectandactivate.info\/contact-us\/","name":"Skontaktuj si\u0119 z nami - po\u0142\u0105cz","isPartOf":{"@id":"https:\/\/connectandactivate.info\/#website"},"datePublished":"2024-11-11T12:10:05+00:00","dateModified":"2024-11-11T13:10:07+00:00","breadcrumb":{"@id":"https:\/\/connectandactivate.info\/contact-us\/#breadcrumb"},"inLanguage":"pl-PL","potentialAction":[{"@type":"ReadAction","target":["https:\/\/connectandactivate.info\/contact-us\/"]}]},{"@type":"BreadcrumbList","@id":"https:\/\/connectandactivate.info\/contact-us\/#breadcrumb","itemListElement":[{"@type":"ListItem","position":1,"name":"Home","item":"https:\/\/connectandactivate.info\/"},{"@type":"ListItem","position":2,"name":"Contact-us"}]},{"@type":"WebSite","@id":"https:\/\/connectandactivate.info\/#website","url":"https:\/\/connectandactivate.info\/","name":"po\u0142\u0105czenie","description":"","potentialAction":[{"@type":"SearchAction","target":{"@type":"EntryPoint","urlTemplate":"https:\/\/connectandactivate.info\/?s={search_term_string}"},"query-input":{"@type":"PropertyValueSpecification","valueRequired":true,"valueName":"search_term_string"}}],"inLanguage":"pl-PL"}]}},"_links":{"self":[{"href":"https:\/\/connectandactivate.info\/pl\/wp-json\/wp\/v2\/pages\/30","targetHints":{"allow":["GET"]}}],"collection":[{"href":"https:\/\/connectandactivate.info\/pl\/wp-json\/wp\/v2\/pages"}],"about":[{"href":"https:\/\/connectandactivate.info\/pl\/wp-json\/wp\/v2\/types\/page"}],"author":[{"embeddable":true,"href":"https:\/\/connectandactivate.info\/pl\/wp-json\/wp\/v2\/users\/1"}],"replies":[{"embeddable":true,"href":"https:\/\/connectandactivate.info\/pl\/wp-json\/wp\/v2\/comments?post=30"}],"version-history":[{"count":0,"href":"https:\/\/connectandactivate.info\/pl\/wp-json\/wp\/v2\/pages\/30\/revisions"}],"wp:attachment":[{"href":"https:\/\/connectandactivate.info\/pl\/wp-json\/wp\/v2\/media?parent=30"}],"curies":[{"name":"wp","href":"https:\/\/api.w.org\/{rel}","templated":true}]}}