{"id":322,"date":"2026-01-26T09:44:47","date_gmt":"2026-01-26T09:44:47","guid":{"rendered":"https:\/\/connectandactivate.info\/?page_id=322"},"modified":"2026-01-26T09:46:53","modified_gmt":"2026-01-26T09:46:53","slug":"legalny","status":"publish","type":"page","link":"https:\/\/connectandactivate.info\/pl\/legalny\/","title":{"rendered":"Prawne"},"content":{"rendered":"<h3>Uwaga:<\/h3>\n<p>Nigdy nie sprzedajemy informacji o u\u017cytkowniku. Wszystkie przechowywane informacje s\u0105 kodowane przez dostawc\u0119 Mailbox.org, do kt\u00f3rego je wysy\u0142asz.<br \/>\nBeComplete@Mailbox.org to bezpo\u015bredni e-mail lub skorzystanie z formularza kontaktowego, kt\u00f3ry r\u00f3wnie\u017c tam wysy\u0142a.<\/p>\n<p>U\u017cywamy Twoich danych tylko do realizacji zam\u00f3wie\u0144 lub odpowiedzi na Twoje pytania lub inne pro\u015bby. P\u00f3\u017aniej b\u0119dziemy oferowa\u0107 newsletter.<\/p>\n<p>Je\u015bli otrzymasz osobist\u0105 konsultacj\u0119, odb\u0119dzie si\u0119 ona za po\u015brednictwem ZOOM, a je\u015bli uczestniczysz w niej za pomoc\u0105 komputera, tylko Ty mo\u017cesz j\u0105 nagra\u0107.<\/p>\n<p>W przypadku uczestnictwa za pomoc\u0105 smartfona nale\u017cy upewni\u0107 si\u0119, \u017ce mo\u017cliwe jest nagrywanie d\u017awi\u0119ku. Nie b\u0119dziemy nagrywa\u0107.<\/p>\n<h3>Informacje prawne<\/h3>\n<p>Ze wzgl\u0119du na wymogi prawne musimy wyja\u015bni\u0107 pewne kwestie, aby unikn\u0105\u0107 nieporozumie\u0144, kt\u00f3re mog\u0142yby zagrozi\u0107 temu projektowi.<br \/>\nJe\u015bli napotkasz jakiekolwiek konflikty prawne w swoim kraju, prosimy o uprzejmo\u015b\u0107 i poinformowanie nas bez pozywania nas, aby\u015bmy mogli odpowiednio si\u0119 nimi zaj\u0105\u0107.<br \/>\nAni ja, ani produkty Connect i Activate nie twierdzimy, \u017ce zapewniaj\u0105 diagnoz\u0119 medyczn\u0105 lub leczenie.<br \/>\nNarz\u0119dzia te zosta\u0142y zaprojektowane w celu wspierania samo\u015bwiadomych os\u00f3b i terapeut\u00f3w poprzez integracj\u0119 wy\u017cszej \u015bwiadomo\u015bci, kt\u00f3ra jest ju\u017c obecna w tobie.<br \/>\nProdukty u\u0142atwiaj\u0105 dost\u0119p i aktywn\u0105 integracj\u0119 z \u017cyciem. Podobne efekty mo\u017cna osi\u0105gn\u0105\u0107 z czasem poprzez intensywn\u0105 medytacj\u0119.<\/p>\n<p>U\u017cytkownicy powinni skonsultowa\u0107 si\u0119 z lokalnymi licencjonowanymi specjalistami medycznymi, je\u015bli do\u015bwiadcz\u0105 nieoczekiwanych lub niepokoj\u0105cych efekt\u00f3w zwi\u0105zanych z produktami.<\/p>\n<p>Obecna technologia nie jest w stanie zmierzy\u0107 inspiracji pochodz\u0105cej z wy\u017cszych poziom\u00f3w \u015bwiadomo\u015bci zawartych w soli. Chocia\u017c mam 30-letnie do\u015bwiadczenie i stale aktualizuj\u0119 swoje umiej\u0119tno\u015bci, nie mog\u0119 tego naukowo udowodni\u0107.<br \/>\nJako in\u017cynier, chcia\u0142bym to udowodni\u0107 i zapraszam ka\u017cdego, kto mo\u017ce si\u0119 ze mn\u0105 skontaktowa\u0107.<\/p>\n<h3>Dystrybucja<\/h3>\n<p>Poniewa\u017c projekt ten jest nowy, zbudowanie sieci dystrybucji zajmie troch\u0119 czasu. Obecnie strona internetowa zbiera informacje o zam\u00f3wieniach, bezpiecznie je przechowuje i przekazuje do najbli\u017cszego dystrybutora, kt\u00f3ry skontaktuje si\u0119 z u\u017cytkownikiem w celu realizacji zam\u00f3wienia.<br \/>\nZe wzgl\u0119du na r\u00f3\u017cne podatki i koszty wysy\u0142ki, tylko dystrybutor mo\u017ce poda\u0107 ostateczn\u0105 cen\u0119 zam\u00f3wienia. Z\u0142o\u017cenie zam\u00f3wienia na stronie internetowej nie jest wi\u0105\u017c\u0105ce; sprzeda\u017c odbywa si\u0119 za po\u015brednictwem dystrybutora.<\/p>","protected":false},"excerpt":{"rendered":"<p>Notice: We never ever sell the information about you. All stored info gets encoded at the provider Mailbox.org you send it to. BeComplete@Mailbox.org is the direct email or use the contact form, which also sends to there. We only use your data for fulfilling orders or answer to your questions or other requests. Later we [&hellip;]<\/p>","protected":false},"author":1,"featured_media":0,"parent":0,"menu_order":0,"comment_status":"closed","ping_status":"closed","template":"","meta":{"footnotes":""},"class_list":["post-322","page","type-page","status-publish","hentry"],"yoast_head":"<!-- This site is optimized with the Yoast SEO plugin v26.8 - https:\/\/yoast.com\/product\/yoast-seo-wordpress\/ -->\n<title>Legal - connect<\/title>\n<meta name=\"robots\" content=\"noindex, follow, max-snippet:-1, max-image-preview:large, max-video-preview:-1\" \/>\n<meta property=\"og:locale\" content=\"pl_PL\" \/>\n<meta property=\"og:type\" content=\"article\" \/>\n<meta property=\"og:title\" content=\"Legal - connect\" \/>\n<meta property=\"og:description\" content=\"Notice: We never ever sell the information about you. All stored info gets encoded at the provider Mailbox.org you send it to. BeComplete@Mailbox.org is the direct email or use the contact form, which also sends to there. We only use your data for fulfilling orders or answer to your questions or other requests. Later we [&hellip;]\" \/>\n<meta property=\"og:url\" content=\"https:\/\/connectandactivate.info\/pl\/legalny\/\" \/>\n<meta property=\"og:site_name\" content=\"connect\" \/>\n<meta property=\"article:modified_time\" content=\"2026-01-26T09:46:53+00:00\" \/>\n<meta name=\"twitter:card\" content=\"summary_large_image\" \/>\n<meta name=\"twitter:label1\" content=\"Szacowany czas czytania\" \/>\n\t<meta name=\"twitter:data1\" content=\"2 minuty\" \/>\n<script type=\"application\/ld+json\" class=\"yoast-schema-graph\">{\"@context\":\"https:\/\/schema.org\",\"@graph\":[{\"@type\":\"WebPage\",\"@id\":\"https:\/\/connectandactivate.info\/legal\/\",\"url\":\"https:\/\/connectandactivate.info\/legal\/\",\"name\":\"Legal - connect\",\"isPartOf\":{\"@id\":\"https:\/\/connectandactivate.info\/#website\"},\"datePublished\":\"2026-01-26T09:44:47+00:00\",\"dateModified\":\"2026-01-26T09:46:53+00:00\",\"breadcrumb\":{\"@id\":\"https:\/\/connectandactivate.info\/legal\/#breadcrumb\"},\"inLanguage\":\"pl-PL\",\"potentialAction\":[{\"@type\":\"ReadAction\",\"target\":[\"https:\/\/connectandactivate.info\/legal\/\"]}]},{\"@type\":\"BreadcrumbList\",\"@id\":\"https:\/\/connectandactivate.info\/legal\/#breadcrumb\",\"itemListElement\":[{\"@type\":\"ListItem\",\"position\":1,\"name\":\"Home\",\"item\":\"https:\/\/connectandactivate.info\/\"},{\"@type\":\"ListItem\",\"position\":2,\"name\":\"Legal\"}]},{\"@type\":\"WebSite\",\"@id\":\"https:\/\/connectandactivate.info\/#website\",\"url\":\"https:\/\/connectandactivate.info\/\",\"name\":\"connect\",\"description\":\"\",\"potentialAction\":[{\"@type\":\"SearchAction\",\"target\":{\"@type\":\"EntryPoint\",\"urlTemplate\":\"https:\/\/connectandactivate.info\/?s={search_term_string}\"},\"query-input\":{\"@type\":\"PropertyValueSpecification\",\"valueRequired\":true,\"valueName\":\"search_term_string\"}}],\"inLanguage\":\"pl-PL\"}]}<\/script>\n<!-- \/ Yoast SEO plugin. -->","yoast_head_json":{"title":"Prawne - po\u0142\u0105czenie","robots":{"index":"noindex","follow":"follow","max-snippet":"max-snippet:-1","max-image-preview":"max-image-preview:large","max-video-preview":"max-video-preview:-1"},"og_locale":"pl_PL","og_type":"article","og_title":"Legal - connect","og_description":"Notice: We never ever sell the information about you. All stored info gets encoded at the provider Mailbox.org you send it to. BeComplete@Mailbox.org is the direct email or use the contact form, which also sends to there. We only use your data for fulfilling orders or answer to your questions or other requests. Later we [&hellip;]","og_url":"https:\/\/connectandactivate.info\/pl\/legalny\/","og_site_name":"connect","article_modified_time":"2026-01-26T09:46:53+00:00","twitter_card":"summary_large_image","twitter_misc":{"Szacowany czas czytania":"2 minuty"},"schema":{"@context":"https:\/\/schema.org","@graph":[{"@type":"WebPage","@id":"https:\/\/connectandactivate.info\/legal\/","url":"https:\/\/connectandactivate.info\/legal\/","name":"Prawne - po\u0142\u0105czenie","isPartOf":{"@id":"https:\/\/connectandactivate.info\/#website"},"datePublished":"2026-01-26T09:44:47+00:00","dateModified":"2026-01-26T09:46:53+00:00","breadcrumb":{"@id":"https:\/\/connectandactivate.info\/legal\/#breadcrumb"},"inLanguage":"pl-PL","potentialAction":[{"@type":"ReadAction","target":["https:\/\/connectandactivate.info\/legal\/"]}]},{"@type":"BreadcrumbList","@id":"https:\/\/connectandactivate.info\/legal\/#breadcrumb","itemListElement":[{"@type":"ListItem","position":1,"name":"Home","item":"https:\/\/connectandactivate.info\/"},{"@type":"ListItem","position":2,"name":"Legal"}]},{"@type":"WebSite","@id":"https:\/\/connectandactivate.info\/#website","url":"https:\/\/connectandactivate.info\/","name":"po\u0142\u0105czenie","description":"","potentialAction":[{"@type":"SearchAction","target":{"@type":"EntryPoint","urlTemplate":"https:\/\/connectandactivate.info\/?s={search_term_string}"},"query-input":{"@type":"PropertyValueSpecification","valueRequired":true,"valueName":"search_term_string"}}],"inLanguage":"pl-PL"}]}},"_links":{"self":[{"href":"https:\/\/connectandactivate.info\/pl\/wp-json\/wp\/v2\/pages\/322","targetHints":{"allow":["GET"]}}],"collection":[{"href":"https:\/\/connectandactivate.info\/pl\/wp-json\/wp\/v2\/pages"}],"about":[{"href":"https:\/\/connectandactivate.info\/pl\/wp-json\/wp\/v2\/types\/page"}],"author":[{"embeddable":true,"href":"https:\/\/connectandactivate.info\/pl\/wp-json\/wp\/v2\/users\/1"}],"replies":[{"embeddable":true,"href":"https:\/\/connectandactivate.info\/pl\/wp-json\/wp\/v2\/comments?post=322"}],"version-history":[{"count":3,"href":"https:\/\/connectandactivate.info\/pl\/wp-json\/wp\/v2\/pages\/322\/revisions"}],"predecessor-version":[{"id":325,"href":"https:\/\/connectandactivate.info\/pl\/wp-json\/wp\/v2\/pages\/322\/revisions\/325"}],"wp:attachment":[{"href":"https:\/\/connectandactivate.info\/pl\/wp-json\/wp\/v2\/media?parent=322"}],"curies":[{"name":"wp","href":"https:\/\/api.w.org\/{rel}","templated":true}]}}