{"id":6,"date":"2024-11-11T10:14:20","date_gmt":"2024-11-11T10:14:20","guid":{"rendered":"http:\/\/localhost\/connectwp\/?page_id=6"},"modified":"2025-12-29T23:58:57","modified_gmt":"2025-12-29T23:58:57","slug":"dom","status":"publish","type":"page","link":"https:\/\/connectandactivate.info\/pl\/dom\/","title":{"rendered":"Strona g\u0142\u00f3wna"},"content":{"rendered":"<p><strong>Connect &amp; Activate pomaga ponownie po\u0142\u0105czy\u0107 si\u0119 z naturaln\u0105 inteligencj\u0105. <br \/> wewn\u0119trzn\u0105 jasno\u015b\u0107, kt\u00f3ra czyni \u017cycie prostszym, bardziej ugruntowanym i bardziej znacz\u0105cym.<\/strong><\/p>\n<p>Poni\u017cej znajduj\u0105 si\u0119 opisy, filmy i darmowa ksi\u0105\u017cka do pobrania.<\/p>","protected":false},"excerpt":{"rendered":"<p>Connect &amp; Activate pomaga ponownie po\u0142\u0105czy\u0107 si\u0119 z naturaln\u0105 inteligencj\u0105, wewn\u0119trzn\u0105 jasno\u015bci\u0105, kt\u00f3ra sprawia, \u017ce \u017cycie jest prostsze, bardziej ugruntowane i bardziej znacz\u0105ce. Poni\u017cej znajduj\u0105 si\u0119 opisy, materia\u0142y wideo i bezp\u0142atna ksi\u0105\u017cka do pobrania.<\/p>","protected":false},"author":1,"featured_media":0,"parent":0,"menu_order":0,"comment_status":"closed","ping_status":"closed","template":"home.php","meta":{"footnotes":""},"class_list":["post-6","page","type-page","status-publish","hentry"],"yoast_head":"<!-- This site is optimized with the Yoast SEO plugin v26.8 - https:\/\/yoast.com\/product\/yoast-seo-wordpress\/ -->\n<title>Home - connect<\/title>\n<meta name=\"robots\" content=\"noindex, follow, max-snippet:-1, max-image-preview:large, max-video-preview:-1\" \/>\n<meta property=\"og:locale\" content=\"pl_PL\" \/>\n<meta property=\"og:type\" content=\"article\" \/>\n<meta property=\"og:title\" content=\"Home - connect\" \/>\n<meta property=\"og:description\" content=\"Connect &amp; Activate helps you reconnect with your natural intelligence the inner clarity that makes life simpler, more grounded, and more meaningful. Below you\u2019ll find descriptions, videos, and a free downloadable book.\" \/>\n<meta property=\"og:url\" content=\"https:\/\/connectandactivate.info\/pl\/dom\/\" \/>\n<meta property=\"og:site_name\" content=\"connect\" \/>\n<meta property=\"article:modified_time\" content=\"2025-12-29T23:58:57+00:00\" \/>\n<meta name=\"twitter:card\" content=\"summary_large_image\" \/>\n<meta name=\"twitter:label1\" content=\"Szacowany czas czytania\" \/>\n\t<meta name=\"twitter:data1\" content=\"1 minuta\" \/>\n<script type=\"application\/ld+json\" class=\"yoast-schema-graph\">{\"@context\":\"https:\/\/schema.org\",\"@graph\":[{\"@type\":\"WebPage\",\"@id\":\"https:\/\/connectandactivate.info\/home\/\",\"url\":\"https:\/\/connectandactivate.info\/home\/\",\"name\":\"Home - connect\",\"isPartOf\":{\"@id\":\"https:\/\/connectandactivate.info\/#website\"},\"datePublished\":\"2024-11-11T10:14:20+00:00\",\"dateModified\":\"2025-12-29T23:58:57+00:00\",\"breadcrumb\":{\"@id\":\"https:\/\/connectandactivate.info\/home\/#breadcrumb\"},\"inLanguage\":\"pl-PL\",\"potentialAction\":[{\"@type\":\"ReadAction\",\"target\":[\"https:\/\/connectandactivate.info\/home\/\"]}]},{\"@type\":\"BreadcrumbList\",\"@id\":\"https:\/\/connectandactivate.info\/home\/#breadcrumb\",\"itemListElement\":[{\"@type\":\"ListItem\",\"position\":1,\"name\":\"Home\",\"item\":\"https:\/\/connectandactivate.info\/\"},{\"@type\":\"ListItem\",\"position\":2,\"name\":\"Home\"}]},{\"@type\":\"WebSite\",\"@id\":\"https:\/\/connectandactivate.info\/#website\",\"url\":\"https:\/\/connectandactivate.info\/\",\"name\":\"connect\",\"description\":\"\",\"potentialAction\":[{\"@type\":\"SearchAction\",\"target\":{\"@type\":\"EntryPoint\",\"urlTemplate\":\"https:\/\/connectandactivate.info\/?s={search_term_string}\"},\"query-input\":{\"@type\":\"PropertyValueSpecification\",\"valueRequired\":true,\"valueName\":\"search_term_string\"}}],\"inLanguage\":\"pl-PL\"}]}<\/script>\n<!-- \/ Yoast SEO plugin. -->","yoast_head_json":{"title":"Strona g\u0142\u00f3wna - po\u0142\u0105cz","robots":{"index":"noindex","follow":"follow","max-snippet":"max-snippet:-1","max-image-preview":"max-image-preview:large","max-video-preview":"max-video-preview:-1"},"og_locale":"pl_PL","og_type":"article","og_title":"Home - connect","og_description":"Connect &amp; Activate helps you reconnect with your natural intelligence the inner clarity that makes life simpler, more grounded, and more meaningful. Below you\u2019ll find descriptions, videos, and a free downloadable book.","og_url":"https:\/\/connectandactivate.info\/pl\/dom\/","og_site_name":"connect","article_modified_time":"2025-12-29T23:58:57+00:00","twitter_card":"summary_large_image","twitter_misc":{"Szacowany czas czytania":"1 minuta"},"schema":{"@context":"https:\/\/schema.org","@graph":[{"@type":"WebPage","@id":"https:\/\/connectandactivate.info\/home\/","url":"https:\/\/connectandactivate.info\/home\/","name":"Strona g\u0142\u00f3wna - po\u0142\u0105cz","isPartOf":{"@id":"https:\/\/connectandactivate.info\/#website"},"datePublished":"2024-11-11T10:14:20+00:00","dateModified":"2025-12-29T23:58:57+00:00","breadcrumb":{"@id":"https:\/\/connectandactivate.info\/home\/#breadcrumb"},"inLanguage":"pl-PL","potentialAction":[{"@type":"ReadAction","target":["https:\/\/connectandactivate.info\/home\/"]}]},{"@type":"BreadcrumbList","@id":"https:\/\/connectandactivate.info\/home\/#breadcrumb","itemListElement":[{"@type":"ListItem","position":1,"name":"Home","item":"https:\/\/connectandactivate.info\/"},{"@type":"ListItem","position":2,"name":"Home"}]},{"@type":"WebSite","@id":"https:\/\/connectandactivate.info\/#website","url":"https:\/\/connectandactivate.info\/","name":"po\u0142\u0105czenie","description":"","potentialAction":[{"@type":"SearchAction","target":{"@type":"EntryPoint","urlTemplate":"https:\/\/connectandactivate.info\/?s={search_term_string}"},"query-input":{"@type":"PropertyValueSpecification","valueRequired":true,"valueName":"search_term_string"}}],"inLanguage":"pl-PL"}]}},"_links":{"self":[{"href":"https:\/\/connectandactivate.info\/pl\/wp-json\/wp\/v2\/pages\/6","targetHints":{"allow":["GET"]}}],"collection":[{"href":"https:\/\/connectandactivate.info\/pl\/wp-json\/wp\/v2\/pages"}],"about":[{"href":"https:\/\/connectandactivate.info\/pl\/wp-json\/wp\/v2\/types\/page"}],"author":[{"embeddable":true,"href":"https:\/\/connectandactivate.info\/pl\/wp-json\/wp\/v2\/users\/1"}],"replies":[{"embeddable":true,"href":"https:\/\/connectandactivate.info\/pl\/wp-json\/wp\/v2\/comments?post=6"}],"version-history":[{"count":0,"href":"https:\/\/connectandactivate.info\/pl\/wp-json\/wp\/v2\/pages\/6\/revisions"}],"wp:attachment":[{"href":"https:\/\/connectandactivate.info\/pl\/wp-json\/wp\/v2\/media?parent=6"}],"curies":[{"name":"wp","href":"https:\/\/api.w.org\/{rel}","templated":true}]}}