{"id":64,"date":"2024-11-12T06:51:17","date_gmt":"2024-11-12T06:51:17","guid":{"rendered":"http:\/\/localhost\/connectwp\/?page_id=64"},"modified":"2025-12-22T07:55:34","modified_gmt":"2025-12-22T07:55:34","slug":"krotki-opis","status":"publish","type":"page","link":"https:\/\/connectandactivate.info\/pl\/krotki-opis\/","title":{"rendered":"kr\u00f3tki opis"},"content":{"rendered":"","protected":false},"excerpt":{"rendered":"","protected":false},"author":1,"featured_media":0,"parent":0,"menu_order":0,"comment_status":"closed","ping_status":"closed","template":"shortdescription.php","meta":{"footnotes":""},"class_list":["post-64","page","type-page","status-publish","hentry"],"yoast_head":"<!-- This site is optimized with the Yoast SEO plugin v26.8 - https:\/\/yoast.com\/product\/yoast-seo-wordpress\/ -->\n<title>short-description - connect<\/title>\n<meta name=\"description\" content=\"Inner Freedom: A subtle support for awareness, clarity, and the release of outdated patterns. Recognize what has shaped you, regain emotional space, and move toward a more authentic, self-directed life.\" \/>\n<meta name=\"robots\" content=\"noindex, follow, max-snippet:-1, max-image-preview:large, max-video-preview:-1\" \/>\n<meta property=\"og:locale\" content=\"pl_PL\" \/>\n<meta property=\"og:type\" content=\"article\" \/>\n<meta property=\"og:title\" content=\"short-description - connect\" \/>\n<meta property=\"og:description\" content=\"Inner Freedom: A subtle support for awareness, clarity, and the release of outdated patterns. Recognize what has shaped you, regain emotional space, and move toward a more authentic, self-directed life.\" \/>\n<meta property=\"og:url\" content=\"https:\/\/connectandactivate.info\/pl\/krotki-opis\/\" \/>\n<meta property=\"og:site_name\" content=\"connect\" \/>\n<meta property=\"article:modified_time\" content=\"2025-12-22T07:55:34+00:00\" \/>\n<meta name=\"twitter:card\" content=\"summary_large_image\" \/>\n<script type=\"application\/ld+json\" class=\"yoast-schema-graph\">{\"@context\":\"https:\/\/schema.org\",\"@graph\":[{\"@type\":\"WebPage\",\"@id\":\"https:\/\/connectandactivate.info\/short-description\/\",\"url\":\"https:\/\/connectandactivate.info\/short-description\/\",\"name\":\"short-description - connect\",\"isPartOf\":{\"@id\":\"https:\/\/connectandactivate.info\/#website\"},\"datePublished\":\"2024-11-12T06:51:17+00:00\",\"dateModified\":\"2025-12-22T07:55:34+00:00\",\"description\":\"Inner Freedom: A subtle support for awareness, clarity, and the release of outdated patterns. Recognize what has shaped you, regain emotional space, and move toward a more authentic, self-directed life.\",\"breadcrumb\":{\"@id\":\"https:\/\/connectandactivate.info\/short-description\/#breadcrumb\"},\"inLanguage\":\"pl-PL\",\"potentialAction\":[{\"@type\":\"ReadAction\",\"target\":[\"https:\/\/connectandactivate.info\/short-description\/\"]}]},{\"@type\":\"BreadcrumbList\",\"@id\":\"https:\/\/connectandactivate.info\/short-description\/#breadcrumb\",\"itemListElement\":[{\"@type\":\"ListItem\",\"position\":1,\"name\":\"Home\",\"item\":\"https:\/\/connectandactivate.info\/\"},{\"@type\":\"ListItem\",\"position\":2,\"name\":\"short-description\"}]},{\"@type\":\"WebSite\",\"@id\":\"https:\/\/connectandactivate.info\/#website\",\"url\":\"https:\/\/connectandactivate.info\/\",\"name\":\"connect\",\"description\":\"\",\"potentialAction\":[{\"@type\":\"SearchAction\",\"target\":{\"@type\":\"EntryPoint\",\"urlTemplate\":\"https:\/\/connectandactivate.info\/?s={search_term_string}\"},\"query-input\":{\"@type\":\"PropertyValueSpecification\",\"valueRequired\":true,\"valueName\":\"search_term_string\"}}],\"inLanguage\":\"pl-PL\"}]}<\/script>\n<!-- \/ Yoast SEO plugin. -->","yoast_head_json":{"title":"kr\u00f3tki opis - connect","description":"Wewn\u0119trzna wolno\u015b\u0107: Subtelne wsparcie dla \u015bwiadomo\u015bci, jasno\u015bci i uwolnienia przestarza\u0142ych wzorc\u00f3w. Rozpoznaj, co ci\u0119 ukszta\u0142towa\u0142o, odzyskaj przestrze\u0144 emocjonaln\u0105 i pod\u0105\u017caj w kierunku bardziej autentycznego, kierowanego przez siebie \u017cycia.","robots":{"index":"noindex","follow":"follow","max-snippet":"max-snippet:-1","max-image-preview":"max-image-preview:large","max-video-preview":"max-video-preview:-1"},"og_locale":"pl_PL","og_type":"article","og_title":"short-description - connect","og_description":"Inner Freedom: A subtle support for awareness, clarity, and the release of outdated patterns. Recognize what has shaped you, regain emotional space, and move toward a more authentic, self-directed life.","og_url":"https:\/\/connectandactivate.info\/pl\/krotki-opis\/","og_site_name":"connect","article_modified_time":"2025-12-22T07:55:34+00:00","twitter_card":"summary_large_image","schema":{"@context":"https:\/\/schema.org","@graph":[{"@type":"WebPage","@id":"https:\/\/connectandactivate.info\/short-description\/","url":"https:\/\/connectandactivate.info\/short-description\/","name":"kr\u00f3tki opis - connect","isPartOf":{"@id":"https:\/\/connectandactivate.info\/#website"},"datePublished":"2024-11-12T06:51:17+00:00","dateModified":"2025-12-22T07:55:34+00:00","description":"Wewn\u0119trzna wolno\u015b\u0107: Subtelne wsparcie dla \u015bwiadomo\u015bci, jasno\u015bci i uwolnienia przestarza\u0142ych wzorc\u00f3w. Rozpoznaj, co ci\u0119 ukszta\u0142towa\u0142o, odzyskaj przestrze\u0144 emocjonaln\u0105 i pod\u0105\u017caj w kierunku bardziej autentycznego, kierowanego przez siebie \u017cycia.","breadcrumb":{"@id":"https:\/\/connectandactivate.info\/short-description\/#breadcrumb"},"inLanguage":"pl-PL","potentialAction":[{"@type":"ReadAction","target":["https:\/\/connectandactivate.info\/short-description\/"]}]},{"@type":"BreadcrumbList","@id":"https:\/\/connectandactivate.info\/short-description\/#breadcrumb","itemListElement":[{"@type":"ListItem","position":1,"name":"Home","item":"https:\/\/connectandactivate.info\/"},{"@type":"ListItem","position":2,"name":"short-description"}]},{"@type":"WebSite","@id":"https:\/\/connectandactivate.info\/#website","url":"https:\/\/connectandactivate.info\/","name":"po\u0142\u0105czenie","description":"","potentialAction":[{"@type":"SearchAction","target":{"@type":"EntryPoint","urlTemplate":"https:\/\/connectandactivate.info\/?s={search_term_string}"},"query-input":{"@type":"PropertyValueSpecification","valueRequired":true,"valueName":"search_term_string"}}],"inLanguage":"pl-PL"}]}},"_links":{"self":[{"href":"https:\/\/connectandactivate.info\/pl\/wp-json\/wp\/v2\/pages\/64","targetHints":{"allow":["GET"]}}],"collection":[{"href":"https:\/\/connectandactivate.info\/pl\/wp-json\/wp\/v2\/pages"}],"about":[{"href":"https:\/\/connectandactivate.info\/pl\/wp-json\/wp\/v2\/types\/page"}],"author":[{"embeddable":true,"href":"https:\/\/connectandactivate.info\/pl\/wp-json\/wp\/v2\/users\/1"}],"replies":[{"embeddable":true,"href":"https:\/\/connectandactivate.info\/pl\/wp-json\/wp\/v2\/comments?post=64"}],"version-history":[{"count":0,"href":"https:\/\/connectandactivate.info\/pl\/wp-json\/wp\/v2\/pages\/64\/revisions"}],"wp:attachment":[{"href":"https:\/\/connectandactivate.info\/pl\/wp-json\/wp\/v2\/media?parent=64"}],"curies":[{"name":"wp","href":"https:\/\/api.w.org\/{rel}","templated":true}]}}