{"id":76,"date":"2025-10-21T17:48:09","date_gmt":"2025-10-21T17:48:09","guid":{"rendered":"https:\/\/connectandactivate.info\/?page_id=76"},"modified":"2026-01-05T17:32:20","modified_gmt":"2026-01-05T17:32:20","slug":"o-nas","status":"publish","type":"page","link":"https:\/\/connectandactivate.info\/pl\/o-nas\/","title":{"rendered":"O nas"},"content":{"rendered":"<h3>Odpowiedzialno\u015b\u0107 prawna za zawarto\u015b\u0107 strony internetowej<\/h3>\n<p>Karl Gerhard Pieroth<br \/>\n27163 Rd P.3, Dolores, CO, USA<br \/>\n\ud83d\udce7 BeComplete@mailbox.org<br \/>\n\ud83d\udcde +1 970 570 0151<br \/>\n(Europa): +49 170 4790895<\/p>\n<h3>Informacje o tej witrynie<\/h3>\n<p>Strona ConnectAndActivate.info dostarcza informacji na temat rozwoju \u015bwiadomo\u015bci, wewn\u0119trznej wolno\u015bci i aktywacji wy\u017cszej \u015bwiadomo\u015bci w codziennym \u017cyciu. Nie ma sklepu internetowego. Tylko w przypadku bezpo\u015bredniego kontaktu z nami lub pobrania bezp\u0142atnych e-book\u00f3w przechowywane s\u0105 niezb\u0119dne dane (takie jak adres e-mail). Adres e-mail BeComplete@mailbox.org jest szyfrowany i obs\u0142ugiwany na bezpiecznym serwerze w Niemczech. Produkty s\u0105 dost\u0119pne za po\u015brednictwem partner\u00f3w dystrybucyjnych wymienionych poni\u017cej.<\/p>\n<h3>Zastrze\u017cenie dotycz\u0105ce j\u0119zyka i t\u0142umaczenia<u><\/u><u><\/u><\/h3>\n<p>Oryginalna zawarto\u015b\u0107 tej witryny, w tym teksty i publikacje, zosta\u0142a stworzona w j\u0119zyku angielskim.<u><\/u><u><\/u><\/p>\n<p>T\u0142umaczenia na inne j\u0119zyki s\u0105 dostarczane przy u\u017cyciu narz\u0119dzi sztucznej inteligencji w celu poprawy dost\u0119pno\u015bci dla mi\u0119dzynarodowej publiczno\u015bci.<u><\/u><u><\/u><\/p>\n<p>Ze wzgl\u0119du na natur\u0119 j\u0119zyka oraz poruszane tematy empiryczne, symboliczne i koncepcyjne, t\u0142umaczenia mog\u0105 r\u00f3\u017cni\u0107 si\u0119 niuansami lub interpretacj\u0105.<u><\/u><u><\/u><\/p>\n<p>Wersja angielska jest miarodajnym punktem odniesienia. W przypadku rozbie\u017cno\u015bci w znaczeniu lub interpretacji, wersja angielska b\u0119dzie rozstrzygaj\u0105ca.<u><\/u><u><\/u><\/p>\n<p>Wszystkie tre\u015bci s\u0105 dostarczane wy\u0142\u0105cznie w celach informacyjnych i kulturalnych i nie stanowi\u0105 porady medycznej, terapeutycznej ani profesjonalnej.<\/p>\n<h3>Cel projektu<\/h3>\n<p>Projekt Connect and Activate ma na celu uzupe\u0142nienie istniej\u0105cych form terapii i samo\u015bwiadomo\u015bci poprzez w\u0142\u0105czenie wy\u017cszej \u015bwiadomo\u015bci ju\u017c obecnej w ka\u017cdym cz\u0142owieku. Do\u015bwiadczenie pokaza\u0142o, \u017ce w ten spos\u00f3b mo\u017cna znacznie przyspieszy\u0107 procesy rozwoju osobistego. Produkty tworz\u0105 indywidualne po\u0142\u0105czenie z w\u0142asn\u0105 \u015bwiadomo\u015bci\u0105 i aktywuj\u0105 wewn\u0119trzne zdolno\u015bci - co\u015b, co wcze\u015bniej by\u0142o mo\u017cliwe tylko poprzez rozleg\u0142\u0105 medytacj\u0119 lub wycofanie si\u0119 z codziennego \u017cycia. Obecnie ta poszerzona \u015bwiadomo\u015b\u0107 mo\u017ce by\u0107 \u0142atwo zintegrowana z normalnym \u017cyciem rodzinnym, zawodowym i obowi\u0105zkami - to nowa \u015bcie\u017cka rozwoju osobistego i wolno\u015bci umys\u0142owej.<\/p>\n<h3>Praktyczne korzy\u015bci i efekty<\/h3>\n<p>\u015awiadome \u0142\u0105czenie si\u0119 ze swoj\u0105 wy\u017csz\u0105 ja\u017ani\u0105 otwiera szersze spojrzenie poza granice ego - \u2018orl\u0105 perspektyw\u0119\u2019 na swoje \u017cycie, mo\u017cliwo\u015bci i cele. Wzmacnia to wewn\u0119trzn\u0105 stabilno\u015b\u0107, skupienie i pewno\u015b\u0107 siebie. Zaczynasz rozpoznawa\u0107, co naprawd\u0119 nadaje sens i rozwijasz naturalny autorytet, kt\u00f3ry szanuje innych, nie umniejszaj\u0105c ich. Pojawia si\u0119 prawdziwa wolno\u015b\u0107 osobista, wraz z jasnym i indywidualnym poczuciem kierunku w \u017cyciu.<\/p>\n<h3>Jak dzia\u0142aj\u0105 produkty<\/h3>\n<p>Do soli nie dodaje si\u0119 niczego zewn\u0119trznego. Sk\u0142adaj\u0105 si\u0119 one z czystej himalajskiej soli krystalicznej, w kt\u00f3rej impulsy energetyczne s\u0105 odciskane za pomoc\u0105 specjalnej techniki. Kiedy s\u00f3l rozpuszcza si\u0119 pod j\u0119zykiem, impulsy te s\u0105 wch\u0142aniane przez w\u0142asny system informacyjny organizmu. Pod\u015bwiadomo\u015b\u0107 \u0142\u0105czy si\u0119 w\u00f3wczas z wy\u017cszym poziomem \u015bwiadomo\u015bci - wewn\u0119trznym, czystym \"ja\" i zwi\u0105zanymi z nim zdolno\u015bciami. Metoda ta wspiera rozw\u00f3j \u015bwiadomo\u015bci i zach\u0119ca do naturalnych proces\u00f3w samoleczenia bez interwencji medycznej.<\/p>\n<h3>Informacje prawne<\/h3>\n<p>Ani ja, Karl Gerhard Pieroth, ani produkty Connect i Activate nie wysuwamy \u017cadnych roszcze\u0144 medycznych. Nie s\u0105 one przeznaczone do diagnozowania lub leczenia chor\u00f3b. Pozostaje to oczywi\u015bcie w gestii lekarzy i licencjonowanych pracownik\u00f3w s\u0142u\u017cby zdrowia. Nasze produkty nie s\u0105 lekami i nie zast\u0119puj\u0105 leczenia. Wspieraj\u0105 one odpowiedzialne za siebie osoby i terapeut\u00f3w w integrowaniu wy\u017cszej \u015bwiadomo\u015bci i rozwoju osobistego z codziennym \u017cyciem. Sole Connect i Activate nie s\u0105 produktami leczniczymi w rozumieniu prawa. Nie zawieraj\u0105 chemicznych substancji czynnych i nie powoduj\u0105 standardowych reakcji, takich jak te wywo\u0142ywane przez leki. Odci\u015bni\u0119te impulsy nie mog\u0105 by\u0107 obecnie wykryte za pomoc\u0105 istniej\u0105cych metod pomiarowych - podobnie jak wiele zjawisk w fizyce, kt\u00f3re istnia\u0142y na d\u0142ugo przed tym, zanim mo\u017cna je by\u0142o zmierzy\u0107.<\/p>\n<h3>Dystrybucja<\/h3>\n<p>Sie\u0107 dystrybucji jest obecnie tworzona. Je\u015bli chcesz kupi\u0107 produkty, skontaktuj si\u0119 z jednym z nast\u0119puj\u0105cych partner\u00f3w dystrybucyjnych:<\/p>\n<p><a href=\"https:\/\/hb22.nl\/zoeken?controller=search&amp;s=conne\">https:\/\/hb22.nl\/zoeken?controller=search&amp;s=conne<\/a><\/p>\n<p>Importer dla UE:<br \/>\nHandelshuis Bouwman B.V.<br \/>\nWinkelskamp 6, 7255 PZ Hengelo (Gld), Holandia<br \/>\n\ud83d\udcde +31 650 227 512<br \/>\n\ud83d\udce7 jbouwman@handelshuisbouwman.nl<br \/>\n(J\u0119zyki: angielski, niderlandzki, niemiecki)<\/p>\n<p>Szwajcaria:<br \/>\nBuchhandlung Sphinx<br \/>\n\ud83d\udce7 sphinx@sphinx-book.ch<\/p>\n<p>Japonia:<br \/>\nAxis Mundi \u682a\u5f0f\u4f1a\u793e<br \/>\n250-0117, prefektura Kanagawa, miasto Minamiashigara, Tsukahara 4871-37<br \/>\n\ud83d\udcde +81 465 46 6459<br \/>\n\ud83d\udce7 info@axis-mundi.jp<\/p>","protected":false},"excerpt":{"rendered":"<p>Legally Responsible for the Website Content Karl Gerhard Pieroth 27163 Rd P.3, Dolores, CO, USA \ud83d\udce7 BeComplete@mailbox.org \ud83d\udcde +1 970 570 0151 \ud83d\udcde (Europe): +49 170 4790895 About this Website The website ConnectAndActivate.info provides information on awareness development, inner freedom, and the activation of higher consciousness in everyday life. There is no online shop. Only [&hellip;]<\/p>","protected":false},"author":1,"featured_media":0,"parent":0,"menu_order":0,"comment_status":"closed","ping_status":"closed","template":"about.php","meta":{"footnotes":""},"class_list":["post-76","page","type-page","status-publish","hentry"],"yoast_head":"<!-- This site is optimized with the Yoast SEO plugin v26.8 - https:\/\/yoast.com\/product\/yoast-seo-wordpress\/ -->\n<title>About Us - connect<\/title>\n<meta name=\"robots\" content=\"noindex, follow, max-snippet:-1, max-image-preview:large, max-video-preview:-1\" \/>\n<meta property=\"og:locale\" content=\"pl_PL\" \/>\n<meta property=\"og:type\" content=\"article\" \/>\n<meta property=\"og:title\" content=\"About Us - connect\" \/>\n<meta property=\"og:description\" content=\"Legally Responsible for the Website Content Karl Gerhard Pieroth 27163 Rd P.3, Dolores, CO, USA \ud83d\udce7 BeComplete@mailbox.org \ud83d\udcde +1 970 570 0151 \ud83d\udcde (Europe): +49 170 4790895 About this Website The website ConnectAndActivate.info provides information on awareness development, inner freedom, and the activation of higher consciousness in everyday life. There is no online shop. Only [&hellip;]\" \/>\n<meta property=\"og:url\" content=\"https:\/\/connectandactivate.info\/pl\/o-nas\/\" \/>\n<meta property=\"og:site_name\" content=\"connect\" \/>\n<meta property=\"article:modified_time\" content=\"2026-01-05T17:32:20+00:00\" \/>\n<meta name=\"twitter:card\" content=\"summary_large_image\" \/>\n<meta name=\"twitter:label1\" content=\"Szacowany czas czytania\" \/>\n\t<meta name=\"twitter:data1\" content=\"3 minuty\" \/>\n<script type=\"application\/ld+json\" class=\"yoast-schema-graph\">{\"@context\":\"https:\/\/schema.org\",\"@graph\":[{\"@type\":\"WebPage\",\"@id\":\"https:\/\/connectandactivate.info\/about-us\/\",\"url\":\"https:\/\/connectandactivate.info\/about-us\/\",\"name\":\"About Us - connect\",\"isPartOf\":{\"@id\":\"https:\/\/connectandactivate.info\/#website\"},\"datePublished\":\"2025-10-21T17:48:09+00:00\",\"dateModified\":\"2026-01-05T17:32:20+00:00\",\"breadcrumb\":{\"@id\":\"https:\/\/connectandactivate.info\/about-us\/#breadcrumb\"},\"inLanguage\":\"pl-PL\",\"potentialAction\":[{\"@type\":\"ReadAction\",\"target\":[\"https:\/\/connectandactivate.info\/about-us\/\"]}]},{\"@type\":\"BreadcrumbList\",\"@id\":\"https:\/\/connectandactivate.info\/about-us\/#breadcrumb\",\"itemListElement\":[{\"@type\":\"ListItem\",\"position\":1,\"name\":\"Home\",\"item\":\"https:\/\/connectandactivate.info\/\"},{\"@type\":\"ListItem\",\"position\":2,\"name\":\"About Us\"}]},{\"@type\":\"WebSite\",\"@id\":\"https:\/\/connectandactivate.info\/#website\",\"url\":\"https:\/\/connectandactivate.info\/\",\"name\":\"connect\",\"description\":\"\",\"potentialAction\":[{\"@type\":\"SearchAction\",\"target\":{\"@type\":\"EntryPoint\",\"urlTemplate\":\"https:\/\/connectandactivate.info\/?s={search_term_string}\"},\"query-input\":{\"@type\":\"PropertyValueSpecification\",\"valueRequired\":true,\"valueName\":\"search_term_string\"}}],\"inLanguage\":\"pl-PL\"}]}<\/script>\n<!-- \/ Yoast SEO plugin. -->","yoast_head_json":{"title":"O nas - po\u0142\u0105cz si\u0119","robots":{"index":"noindex","follow":"follow","max-snippet":"max-snippet:-1","max-image-preview":"max-image-preview:large","max-video-preview":"max-video-preview:-1"},"og_locale":"pl_PL","og_type":"article","og_title":"About Us - connect","og_description":"Legally Responsible for the Website Content Karl Gerhard Pieroth 27163 Rd P.3, Dolores, CO, USA \ud83d\udce7 BeComplete@mailbox.org \ud83d\udcde +1 970 570 0151 \ud83d\udcde (Europe): +49 170 4790895 About this Website The website ConnectAndActivate.info provides information on awareness development, inner freedom, and the activation of higher consciousness in everyday life. There is no online shop. Only [&hellip;]","og_url":"https:\/\/connectandactivate.info\/pl\/o-nas\/","og_site_name":"connect","article_modified_time":"2026-01-05T17:32:20+00:00","twitter_card":"summary_large_image","twitter_misc":{"Szacowany czas czytania":"3 minuty"},"schema":{"@context":"https:\/\/schema.org","@graph":[{"@type":"WebPage","@id":"https:\/\/connectandactivate.info\/about-us\/","url":"https:\/\/connectandactivate.info\/about-us\/","name":"O nas - po\u0142\u0105cz si\u0119","isPartOf":{"@id":"https:\/\/connectandactivate.info\/#website"},"datePublished":"2025-10-21T17:48:09+00:00","dateModified":"2026-01-05T17:32:20+00:00","breadcrumb":{"@id":"https:\/\/connectandactivate.info\/about-us\/#breadcrumb"},"inLanguage":"pl-PL","potentialAction":[{"@type":"ReadAction","target":["https:\/\/connectandactivate.info\/about-us\/"]}]},{"@type":"BreadcrumbList","@id":"https:\/\/connectandactivate.info\/about-us\/#breadcrumb","itemListElement":[{"@type":"ListItem","position":1,"name":"Home","item":"https:\/\/connectandactivate.info\/"},{"@type":"ListItem","position":2,"name":"About Us"}]},{"@type":"WebSite","@id":"https:\/\/connectandactivate.info\/#website","url":"https:\/\/connectandactivate.info\/","name":"po\u0142\u0105czenie","description":"","potentialAction":[{"@type":"SearchAction","target":{"@type":"EntryPoint","urlTemplate":"https:\/\/connectandactivate.info\/?s={search_term_string}"},"query-input":{"@type":"PropertyValueSpecification","valueRequired":true,"valueName":"search_term_string"}}],"inLanguage":"pl-PL"}]}},"_links":{"self":[{"href":"https:\/\/connectandactivate.info\/pl\/wp-json\/wp\/v2\/pages\/76","targetHints":{"allow":["GET"]}}],"collection":[{"href":"https:\/\/connectandactivate.info\/pl\/wp-json\/wp\/v2\/pages"}],"about":[{"href":"https:\/\/connectandactivate.info\/pl\/wp-json\/wp\/v2\/types\/page"}],"author":[{"embeddable":true,"href":"https:\/\/connectandactivate.info\/pl\/wp-json\/wp\/v2\/users\/1"}],"replies":[{"embeddable":true,"href":"https:\/\/connectandactivate.info\/pl\/wp-json\/wp\/v2\/comments?post=76"}],"version-history":[{"count":0,"href":"https:\/\/connectandactivate.info\/pl\/wp-json\/wp\/v2\/pages\/76\/revisions"}],"wp:attachment":[{"href":"https:\/\/connectandactivate.info\/pl\/wp-json\/wp\/v2\/media?parent=76"}],"curies":[{"name":"wp","href":"https:\/\/api.w.org\/{rel}","templated":true}]}}