{"id":84,"date":"2025-10-21T17:59:33","date_gmt":"2025-10-21T17:59:33","guid":{"rendered":"https:\/\/connectandactivate.info\/?page_id=84"},"modified":"2025-12-20T13:43:14","modified_gmt":"2025-12-20T13:43:14","slug":"jak-uzywac","status":"publish","type":"page","link":"https:\/\/connectandactivate.info\/pl\/jak-uzywac\/","title":{"rendered":"Jak u\u017cywa\u0107"},"content":{"rendered":"<h3>Cz\u0119stotliwo\u015b\u0107 u\u017cytkowania<\/h3>\n<p>Poniewa\u017c pracujemy z <strong>nawyki i wzorce wewn\u0119trzne<\/strong>, Regularne, ma\u0142e impulsy s\u0105 bardziej korzystne ni\u017c przyjmowanie du\u017cych ilo\u015bci na raz. <strong>Regularno\u015b\u0107 ma wi\u0119ksze znaczenie ni\u017c ilo\u015b\u0107<\/strong>.<\/p>\n<p>U\u017cyj soli <strong>pi\u0119\u0107 razy dziennie<\/strong>:<\/p>\n<ul>\n<li>raz rano<\/li>\n<li>raz wieczorem<\/li>\n<li>i trzy razy w ci\u0105gu dnia<\/li>\n<\/ul>\n<p>Konsekwencja wspiera proces skuteczniej ni\u017c wy\u017csze dawki.<\/p>\n<p>&nbsp;<\/p>\n<h3>Wa\u017cna uwaga<\/h3>\n<p>Gdy s\u00f3l rozpuszcza si\u0119 pod j\u0119zykiem, uwalniany jest zmagazynowany wdech.<\/p>\n<p>Prosz\u0119 <strong>nie przygotowywa\u0107 nalewek<\/strong> z soli.<br \/>\nWoda i inne p\u0142yny zatrzymuj\u0105 tylko cz\u0119\u015b\u0107 nadruku, co zmniejsza zamierzony efekt.<\/p>\n<p>Zawsze u\u017cywaj soli bezpo\u015brednio jako ziaren.<br \/>\nPojemnik z brelokiem zosta\u0142 zaprojektowany tak, aby mo\u017cna by\u0142o <strong>\u0142atwe przenoszenie<\/strong>, podobnie jak klucze.<\/p>","protected":false},"excerpt":{"rendered":"<p>Frequency of Use Because we are working with habits and internal patterns, regular small impulses are more beneficial than taking large amounts at once. Regularity matters more than quantity. Use the salt five times a day: once in the morning once in the evening and three times during the day Consistency supports the process more [&hellip;]<\/p>","protected":false},"author":1,"featured_media":0,"parent":0,"menu_order":0,"comment_status":"closed","ping_status":"closed","template":"how-to-use.php","meta":{"footnotes":""},"class_list":["post-84","page","type-page","status-publish","hentry"],"yoast_head":"<!-- This site is optimized with the Yoast SEO plugin v26.8 - https:\/\/yoast.com\/product\/yoast-seo-wordpress\/ -->\n<title>How to Use - connect<\/title>\n<meta name=\"robots\" content=\"noindex, follow, max-snippet:-1, max-image-preview:large, max-video-preview:-1\" \/>\n<meta property=\"og:locale\" content=\"pl_PL\" \/>\n<meta property=\"og:type\" content=\"article\" \/>\n<meta property=\"og:title\" content=\"How to Use - connect\" \/>\n<meta property=\"og:description\" content=\"Frequency of Use Because we are working with habits and internal patterns, regular small impulses are more beneficial than taking large amounts at once. Regularity matters more than quantity. Use the salt five times a day: once in the morning once in the evening and three times during the day Consistency supports the process more [&hellip;]\" \/>\n<meta property=\"og:url\" content=\"https:\/\/connectandactivate.info\/pl\/jak-uzywac\/\" \/>\n<meta property=\"og:site_name\" content=\"connect\" \/>\n<meta property=\"article:modified_time\" content=\"2025-12-20T13:43:14+00:00\" \/>\n<meta name=\"twitter:card\" content=\"summary_large_image\" \/>\n<meta name=\"twitter:label1\" content=\"Szacowany czas czytania\" \/>\n\t<meta name=\"twitter:data1\" content=\"1 minuta\" \/>\n<script type=\"application\/ld+json\" class=\"yoast-schema-graph\">{\"@context\":\"https:\/\/schema.org\",\"@graph\":[{\"@type\":\"WebPage\",\"@id\":\"https:\/\/connectandactivate.info\/how-to-use\/\",\"url\":\"https:\/\/connectandactivate.info\/how-to-use\/\",\"name\":\"How to Use - connect\",\"isPartOf\":{\"@id\":\"https:\/\/connectandactivate.info\/#website\"},\"datePublished\":\"2025-10-21T17:59:33+00:00\",\"dateModified\":\"2025-12-20T13:43:14+00:00\",\"breadcrumb\":{\"@id\":\"https:\/\/connectandactivate.info\/how-to-use\/#breadcrumb\"},\"inLanguage\":\"pl-PL\",\"potentialAction\":[{\"@type\":\"ReadAction\",\"target\":[\"https:\/\/connectandactivate.info\/how-to-use\/\"]}]},{\"@type\":\"BreadcrumbList\",\"@id\":\"https:\/\/connectandactivate.info\/how-to-use\/#breadcrumb\",\"itemListElement\":[{\"@type\":\"ListItem\",\"position\":1,\"name\":\"Home\",\"item\":\"https:\/\/connectandactivate.info\/\"},{\"@type\":\"ListItem\",\"position\":2,\"name\":\"How to Use\"}]},{\"@type\":\"WebSite\",\"@id\":\"https:\/\/connectandactivate.info\/#website\",\"url\":\"https:\/\/connectandactivate.info\/\",\"name\":\"connect\",\"description\":\"\",\"potentialAction\":[{\"@type\":\"SearchAction\",\"target\":{\"@type\":\"EntryPoint\",\"urlTemplate\":\"https:\/\/connectandactivate.info\/?s={search_term_string}\"},\"query-input\":{\"@type\":\"PropertyValueSpecification\",\"valueRequired\":true,\"valueName\":\"search_term_string\"}}],\"inLanguage\":\"pl-PL\"}]}<\/script>\n<!-- \/ Yoast SEO plugin. -->","yoast_head_json":{"title":"Jak u\u017cywa\u0107 - pod\u0142\u0105cz","robots":{"index":"noindex","follow":"follow","max-snippet":"max-snippet:-1","max-image-preview":"max-image-preview:large","max-video-preview":"max-video-preview:-1"},"og_locale":"pl_PL","og_type":"article","og_title":"How to Use - connect","og_description":"Frequency of Use Because we are working with habits and internal patterns, regular small impulses are more beneficial than taking large amounts at once. Regularity matters more than quantity. Use the salt five times a day: once in the morning once in the evening and three times during the day Consistency supports the process more [&hellip;]","og_url":"https:\/\/connectandactivate.info\/pl\/jak-uzywac\/","og_site_name":"connect","article_modified_time":"2025-12-20T13:43:14+00:00","twitter_card":"summary_large_image","twitter_misc":{"Szacowany czas czytania":"1 minuta"},"schema":{"@context":"https:\/\/schema.org","@graph":[{"@type":"WebPage","@id":"https:\/\/connectandactivate.info\/how-to-use\/","url":"https:\/\/connectandactivate.info\/how-to-use\/","name":"Jak u\u017cywa\u0107 - pod\u0142\u0105cz","isPartOf":{"@id":"https:\/\/connectandactivate.info\/#website"},"datePublished":"2025-10-21T17:59:33+00:00","dateModified":"2025-12-20T13:43:14+00:00","breadcrumb":{"@id":"https:\/\/connectandactivate.info\/how-to-use\/#breadcrumb"},"inLanguage":"pl-PL","potentialAction":[{"@type":"ReadAction","target":["https:\/\/connectandactivate.info\/how-to-use\/"]}]},{"@type":"BreadcrumbList","@id":"https:\/\/connectandactivate.info\/how-to-use\/#breadcrumb","itemListElement":[{"@type":"ListItem","position":1,"name":"Home","item":"https:\/\/connectandactivate.info\/"},{"@type":"ListItem","position":2,"name":"How to Use"}]},{"@type":"WebSite","@id":"https:\/\/connectandactivate.info\/#website","url":"https:\/\/connectandactivate.info\/","name":"po\u0142\u0105czenie","description":"","potentialAction":[{"@type":"SearchAction","target":{"@type":"EntryPoint","urlTemplate":"https:\/\/connectandactivate.info\/?s={search_term_string}"},"query-input":{"@type":"PropertyValueSpecification","valueRequired":true,"valueName":"search_term_string"}}],"inLanguage":"pl-PL"}]}},"_links":{"self":[{"href":"https:\/\/connectandactivate.info\/pl\/wp-json\/wp\/v2\/pages\/84","targetHints":{"allow":["GET"]}}],"collection":[{"href":"https:\/\/connectandactivate.info\/pl\/wp-json\/wp\/v2\/pages"}],"about":[{"href":"https:\/\/connectandactivate.info\/pl\/wp-json\/wp\/v2\/types\/page"}],"author":[{"embeddable":true,"href":"https:\/\/connectandactivate.info\/pl\/wp-json\/wp\/v2\/users\/1"}],"replies":[{"embeddable":true,"href":"https:\/\/connectandactivate.info\/pl\/wp-json\/wp\/v2\/comments?post=84"}],"version-history":[{"count":0,"href":"https:\/\/connectandactivate.info\/pl\/wp-json\/wp\/v2\/pages\/84\/revisions"}],"wp:attachment":[{"href":"https:\/\/connectandactivate.info\/pl\/wp-json\/wp\/v2\/media?parent=84"}],"curies":[{"name":"wp","href":"https:\/\/api.w.org\/{rel}","templated":true}]}}