{"id":104,"date":"2025-11-03T19:33:30","date_gmt":"2025-11-03T19:33:30","guid":{"rendered":"https:\/\/connectandactivate.info\/?post_type=product&#038;p=104"},"modified":"2025-12-22T08:01:44","modified_gmt":"2025-12-22T08:01:44","slug":"stabilnosc-i-ponowne-polaczenie","status":"publish","type":"product","link":"https:\/\/connectandactivate.info\/pl\/product\/stabilnosc-i-ponowne-polaczenie\/","title":{"rendered":"Stabilno\u015b\u0107 i ponowne po\u0142\u0105czenie"},"content":{"rendered":"<p><strong>S\u00f3l nr 4: Stabilno\u015b\u0107 i ponowne po\u0142\u0105czenie<\/strong><\/p>\n<p><strong>Powr\u00f3t do r\u00f3wnowagi<\/strong><\/p>\n<p><strong>\u00a0<\/strong><\/p>\n<p>Kiedy \u017cycie staje si\u0119 stresuj\u0105ce lub wymagaj\u0105ce, \u0142atwo jest straci\u0107 wewn\u0119trzn\u0105 stabilno\u015b\u0107, kt\u00f3ra utrzymuje nas na ziemi i \u0142\u0105czy.<br \/>\nInspiracja nr 4 wspiera naturalny proces osiadania, \u0142agodz\u0105c presj\u0119, kt\u00f3ra gromadzi si\u0119 w wyniku ci\u0105g\u0142ej aktywno\u015bci, odpowiedzialno\u015bci i zaanga\u017cowania emocjonalnego.<\/p>\n<p>Nie naciska ani nie stymuluje - wspiera naturalny, \u0142agodny powr\u00f3t do r\u00f3wnowagi i sp\u00f3jno\u015bci w codziennym \u017cyciu.<\/p>\n<p>&nbsp;<\/p>\n<p><strong>Dlaczego stres jest tak wyczerpuj\u0105cy<\/strong><\/p>\n<p>Stres to nie tylko \u201czbyt wiele zada\u0144\u201d.\u201d<br \/>\nCz\u0119sto jest wynikiem nie\u015bwiadomych wzorc\u00f3w, kt\u00f3re generuj\u0105 napi\u0119cie, presj\u0119 lub strach - nawet w zwyk\u0142ych sytuacjach.<\/p>\n<p>Wzorce te mog\u0105 prowadzi\u0107 do:<br \/>\n- zm\u0119czenie emocjonalne<br \/>\n- nadmierna reakcja na ma\u0142e czynniki wyzwalaj\u0105ce<br \/>\n- trudno\u015bci z odpoczynkiem<br \/>\n- zak\u0142\u00f3cony sen<br \/>\n- sta\u0142a czujno\u015b\u0107 wewn\u0119trzna<\/p>\n<p>Nie dlatego, \u017ce co\u015b jest \u201cnie tak\u201d.\u201d<br \/>\nale dlatego, \u017ce system zosta\u0142 wytr\u0105cony z r\u00f3wnowagi.<\/p>\n<p>&nbsp;<\/p>\n<p><strong>Rozpoznawanie braku r\u00f3wnowagi<\/strong><\/p>\n<p>Brak r\u00f3wnowagi jest cz\u0119sto stopniowy i subtelny.<br \/>\nNormalizujemy to, poniewa\u017c dostosowujemy si\u0119 do tego.<\/p>\n<p>Osoby stosuj\u0105ce t\u0119 s\u00f3l cz\u0119sto zauwa\u017caj\u0105, \u017ce:<br \/>\n- spowolni\u0107 wewn\u0119trznie<br \/>\n- rozpoznawa\u0107 niezdrowe nawyki<br \/>\n- zmniejszy\u0107 reaktywno\u015b\u0107 emocjonaln\u0105<br \/>\n- uwolni\u0107 drenuj\u0105ce relacje<br \/>\n- g\u0142\u0119bszy sen<br \/>\n- szuka\u0107 natury, ciszy lub prostszych wybor\u00f3w<\/p>\n<p>Nie s\u0105 to cele zwi\u0105zane z wydajno\u015bci\u0105.<br \/>\nS\u0105 to oznaki powracaj\u0105cej i rosn\u0105cej stabilno\u015bci.<\/p>\n<p>&nbsp;<\/p>\n<p><strong>Integracja i uziemienie<\/strong><\/p>\n<p>Po spostrze\u017ceniach i zmianach wspieranych przez sole 1-3,<br \/>\n<strong>Salt 4 pomaga utrwali\u0107 zdobyte umiej\u0119tno\u015bci, osadzaj\u0105c je w codziennym \u017cyciu.<\/strong><\/p>\n<p>Cz\u0119sto jest to odczuwalne:<br \/>\n- przerwa<br \/>\n- reset<br \/>\n- lub cicha reorganizacja, zanim naturalnie pojawi si\u0119 kolejny etap rozwoju.<\/p>\n<p>&nbsp;<\/p>\n<p><strong>Pe\u0142nia<\/strong><\/p>\n<p>Dobre samopoczucie to nie doskona\u0142o\u015b\u0107.<br \/>\nJest to zdolno\u015b\u0107 do \u017cycia z r\u00f3wnowag\u0105, klarowno\u015bci\u0105 i przestrzeni\u0105 emocjonaln\u0105.<\/p>\n<p>Salt 4 nie sprawia, \u017ce nauka i zmiany staj\u0105 si\u0119 przestarza\u0142e.<br \/>\nPomaga ci stawi\u0107 czo\u0142a \u017cyciu z bardziej ustabilizowanego, ugruntowanego miejsca wewn\u0119trznego - co mo\u017ce zmieni\u0107 jako\u015b\u0107 do\u015bwiadczenia od wewn\u0105trz.<\/p>\n<p>&nbsp;<\/p>\n<p>&nbsp;<\/p>\n<p><strong>Wsparcie dla praktyk i terapii<\/strong><\/p>\n<p>Wiele os\u00f3b uwa\u017ca, \u017ce Salt 4 dobrze integruje si\u0119 z:<br \/>\n- medytacja<br \/>\n- karoseria<br \/>\n- joga<br \/>\n- praca z oddechem<br \/>\n- coaching<br \/>\n- psychoterapia<\/p>\n<p>nie dlatego, \u017ce przynosi rezultaty,<br \/>\nale dlatego, \u017ce redukuje zak\u0142\u00f3cenia i zapewnia przejrzysto\u015b\u0107, obecno\u015b\u0107 i szybko\u015b\u0107 reakcji.<\/p>\n<p>Praktycy czasami opisuj\u0105 to jako \u201crzeczy poruszaj\u0105ce si\u0119 \u0142atwiej\u201d, bez konieczno\u015bci naciskania.<\/p>\n<p>&nbsp;<\/p>\n<p><strong>Jak u\u017cywa\u0107<\/strong><\/p>\n<p>Stosowa\u0107 kilka ziaren pi\u0119\u0107 razy dziennie.<br \/>\nPozw\u00f3l im rozpu\u015bci\u0107 si\u0119 pod j\u0119zykiem.<\/p>\n<p>Puszka wystarcza zwykle na oko\u0142o dwa miesi\u0105ce przy regularnym stosowaniu.<\/p>\n<p>Nie jest to proces oparty na tre\u015bci -.<br \/>\nJest to impuls informacyjny, kt\u00f3ry wsp\u00f3\u0142dzia\u0142a ze \u015bwiadomo\u015bci\u0105 i regulacj\u0105, a nie chemi\u0105.<\/p>\n<p>&nbsp;<\/p>\n<p><strong>Prosta praktyka<\/strong><br \/>\n1. Po\u015bwi\u0119\u0107 chwil\u0119 na zatrzymanie si\u0119<br \/>\n2. Zauwa\u017c sw\u00f3j stan bez oceniania go<br \/>\n3. Pozw\u00f3l sobie si\u0119 uspokoi\u0107<br \/>\n4. Kontynuuj sw\u00f3j dzie\u0144<\/p>\n<p>Celem nie jest kontrola, ale pozwolenie na odpoczynek w sobie.<\/p>\n<p>&nbsp;<\/p>\n<p><strong>Informacje o procesie produkcji<\/strong><\/p>\n<p>Struktura informacyjna wdrukowana w sole nie mo\u017ce by\u0107 obecnie mierzona za pomoc\u0105 dost\u0119pnej technologii.<br \/>\nMetoda produkcji jest stosowana od 1993 r. i zosta\u0142a znacznie udoskonalona w 2024 r.<\/p>\n<p>Pod wzgl\u0119dem chemicznym produkt ten jest czyst\u0105, jadaln\u0105 sol\u0105 krystaliczn\u0105 pochodz\u0105c\u0105 z tych samych z\u0142\u00f3\u017c, kt\u00f3re s\u0105 powszechnie znane jako s\u00f3l himalajska.<\/p>\n<p>&nbsp;<\/p>\n<p><strong>Wa\u017cna uwaga<\/strong><\/p>\n<p>Po\u0142\u0105cz i aktywuj produkty:<br \/>\n- nie s\u0105 lekarstwem<br \/>\n- nie diagnozuj\u0105, nie lecz\u0105 ani nie lecz\u0105 chor\u00f3b<br \/>\n- nie zast\u0119puj\u0105 profesjonalnej opieki<\/p>\n<p>Maj\u0105 one na celu wspieranie samo\u015bwiadomo\u015bci, r\u00f3wnowagi emocjonalnej i rozwoju osobistego.<\/p>\n<p>W przypadku w\u0105tpliwo\u015bci zdrowotnych nale\u017cy skonsultowa\u0107 si\u0119 z wykwalifikowanymi specjalistami.<\/p>","protected":false},"excerpt":{"rendered":"<p>It provides subtle impulses that help the body-mind-emotion system regain balance, similar to the effects people often experience after meditation, time in nature, or deep rest.<\/p>\n<p>Many users describe more calmness, better sleep, and a clearer sense of internal stability \u2014 not as a dramatic shift, but as a gradual return to themselves.<\/p>\n<p>This salt is supportive when you need grounding, emotional recovery, or a pause before moving forward.<\/p>\n<p>Salt 4 pomaga utrwali\u0107 zdobyte umiej\u0119tno\u015bci, osadzaj\u0105c je w codziennym \u017cyciu.<\/p>","protected":false},"featured_media":105,"comment_status":"open","ping_status":"closed","template":"","meta":[],"product_brand":[],"product_cat":[16],"product_tag":[],"class_list":{"0":"post-104","1":"product","2":"type-product","3":"status-publish","4":"has-post-thumbnail","6":"product_cat-uncategorized","8":"first","9":"instock","10":"shipping-taxable","11":"product-type-simple"},"yoast_head":"<!-- This site is optimized with the Yoast SEO plugin v26.8 - https:\/\/yoast.com\/product\/yoast-seo-wordpress\/ -->\n<title>Stability and Reconnection<\/title>\n<meta name=\"description\" content=\"Inspiration No. 4 \u2013 Stability and Reconnection. Subtle support for balance, grounding, and emotional recovery. A gentle return to clarity, rest, and inner coherence in daily life.\" \/>\n<meta name=\"robots\" content=\"noindex, follow, max-snippet:-1, max-image-preview:large, max-video-preview:-1\" \/>\n<meta property=\"og:locale\" content=\"pl_PL\" \/>\n<meta property=\"og:type\" content=\"article\" \/>\n<meta property=\"og:title\" content=\"Stability and Reconnection\" \/>\n<meta property=\"og:description\" content=\"Inspiration No. 4 \u2013 Stability and Reconnection. Subtle support for balance, grounding, and emotional recovery. A gentle return to clarity, rest, and inner coherence in daily life.\" \/>\n<meta property=\"og:url\" content=\"https:\/\/connectandactivate.info\/pl\/product\/stabilnosc-i-ponowne-polaczenie\/\" \/>\n<meta property=\"og:site_name\" content=\"connect\" \/>\n<meta property=\"article:modified_time\" content=\"2025-12-22T08:01:44+00:00\" \/>\n<meta property=\"og:image\" content=\"https:\/\/connectandactivate.info\/wp-content\/uploads\/2025\/11\/Gold01137.jpg\" \/>\n\t<meta property=\"og:image:width\" content=\"500\" \/>\n\t<meta property=\"og:image:height\" content=\"500\" \/>\n\t<meta property=\"og:image:type\" content=\"image\/jpeg\" \/>\n<meta name=\"twitter:card\" content=\"summary_large_image\" \/>\n<meta name=\"twitter:label1\" content=\"Szacowany czas czytania\" \/>\n\t<meta name=\"twitter:data1\" content=\"3 minuty\" \/>\n<script type=\"application\/ld+json\" class=\"yoast-schema-graph\">{\"@context\":\"https:\/\/schema.org\",\"@graph\":[{\"@type\":\"WebPage\",\"@id\":\"https:\/\/connectandactivate.info\/product\/stability-and-reconnection\/\",\"url\":\"https:\/\/connectandactivate.info\/product\/stability-and-reconnection\/\",\"name\":\"Stability and Reconnection\",\"isPartOf\":{\"@id\":\"https:\/\/connectandactivate.info\/#website\"},\"primaryImageOfPage\":{\"@id\":\"https:\/\/connectandactivate.info\/product\/stability-and-reconnection\/#primaryimage\"},\"image\":{\"@id\":\"https:\/\/connectandactivate.info\/product\/stability-and-reconnection\/#primaryimage\"},\"thumbnailUrl\":\"https:\/\/connectandactivate.info\/wp-content\/uploads\/2025\/11\/Gold01137.jpg\",\"datePublished\":\"2025-11-03T19:33:30+00:00\",\"dateModified\":\"2025-12-22T08:01:44+00:00\",\"description\":\"Inspiration No. 4 \u2013 Stability and Reconnection. Subtle support for balance, grounding, and emotional recovery. A gentle return to clarity, rest, and inner coherence in daily life.\",\"breadcrumb\":{\"@id\":\"https:\/\/connectandactivate.info\/product\/stability-and-reconnection\/#breadcrumb\"},\"inLanguage\":\"pl-PL\",\"potentialAction\":[{\"@type\":\"ReadAction\",\"target\":[\"https:\/\/connectandactivate.info\/product\/stability-and-reconnection\/\"]}]},{\"@type\":\"ImageObject\",\"inLanguage\":\"pl-PL\",\"@id\":\"https:\/\/connectandactivate.info\/product\/stability-and-reconnection\/#primaryimage\",\"url\":\"https:\/\/connectandactivate.info\/wp-content\/uploads\/2025\/11\/Gold01137.jpg\",\"contentUrl\":\"https:\/\/connectandactivate.info\/wp-content\/uploads\/2025\/11\/Gold01137.jpg\",\"width\":500,\"height\":500},{\"@type\":\"BreadcrumbList\",\"@id\":\"https:\/\/connectandactivate.info\/product\/stability-and-reconnection\/#breadcrumb\",\"itemListElement\":[{\"@type\":\"ListItem\",\"position\":1,\"name\":\"Home\",\"item\":\"https:\/\/connectandactivate.info\/\"},{\"@type\":\"ListItem\",\"position\":2,\"name\":\"Shop\",\"item\":\"https:\/\/connectandactivate.info\/shop\/\"},{\"@type\":\"ListItem\",\"position\":3,\"name\":\"Stability and Reconnection\"}]},{\"@type\":\"WebSite\",\"@id\":\"https:\/\/connectandactivate.info\/#website\",\"url\":\"https:\/\/connectandactivate.info\/\",\"name\":\"connect\",\"description\":\"\",\"potentialAction\":[{\"@type\":\"SearchAction\",\"target\":{\"@type\":\"EntryPoint\",\"urlTemplate\":\"https:\/\/connectandactivate.info\/?s={search_term_string}\"},\"query-input\":{\"@type\":\"PropertyValueSpecification\",\"valueRequired\":true,\"valueName\":\"search_term_string\"}}],\"inLanguage\":\"pl-PL\"}]}<\/script>\n<!-- \/ Yoast SEO plugin. -->","yoast_head_json":{"title":"Stabilno\u015b\u0107 i ponowne po\u0142\u0105czenie","description":"Inspiracja nr 4 - Stabilno\u015b\u0107 i ponowne po\u0142\u0105czenie. Subtelne wsparcie dla r\u00f3wnowagi, uziemienia i regeneracji emocjonalnej. Delikatny powr\u00f3t do jasno\u015bci, odpoczynku i wewn\u0119trznej sp\u00f3jno\u015bci w codziennym \u017cyciu.","robots":{"index":"noindex","follow":"follow","max-snippet":"max-snippet:-1","max-image-preview":"max-image-preview:large","max-video-preview":"max-video-preview:-1"},"og_locale":"pl_PL","og_type":"article","og_title":"Stability and Reconnection","og_description":"Inspiration No. 4 \u2013 Stability and Reconnection. Subtle support for balance, grounding, and emotional recovery. A gentle return to clarity, rest, and inner coherence in daily life.","og_url":"https:\/\/connectandactivate.info\/pl\/product\/stabilnosc-i-ponowne-polaczenie\/","og_site_name":"connect","article_modified_time":"2025-12-22T08:01:44+00:00","og_image":[{"width":500,"height":500,"url":"https:\/\/connectandactivate.info\/wp-content\/uploads\/2025\/11\/Gold01137.jpg","type":"image\/jpeg"}],"twitter_card":"summary_large_image","twitter_misc":{"Szacowany czas czytania":"3 minuty"},"schema":{"@context":"https:\/\/schema.org","@graph":[{"@type":"WebPage","@id":"https:\/\/connectandactivate.info\/product\/stability-and-reconnection\/","url":"https:\/\/connectandactivate.info\/product\/stability-and-reconnection\/","name":"Stabilno\u015b\u0107 i ponowne po\u0142\u0105czenie","isPartOf":{"@id":"https:\/\/connectandactivate.info\/#website"},"primaryImageOfPage":{"@id":"https:\/\/connectandactivate.info\/product\/stability-and-reconnection\/#primaryimage"},"image":{"@id":"https:\/\/connectandactivate.info\/product\/stability-and-reconnection\/#primaryimage"},"thumbnailUrl":"https:\/\/connectandactivate.info\/wp-content\/uploads\/2025\/11\/Gold01137.jpg","datePublished":"2025-11-03T19:33:30+00:00","dateModified":"2025-12-22T08:01:44+00:00","description":"Inspiracja nr 4 - Stabilno\u015b\u0107 i ponowne po\u0142\u0105czenie. Subtelne wsparcie dla r\u00f3wnowagi, uziemienia i regeneracji emocjonalnej. Delikatny powr\u00f3t do jasno\u015bci, odpoczynku i wewn\u0119trznej sp\u00f3jno\u015bci w codziennym \u017cyciu.","breadcrumb":{"@id":"https:\/\/connectandactivate.info\/product\/stability-and-reconnection\/#breadcrumb"},"inLanguage":"pl-PL","potentialAction":[{"@type":"ReadAction","target":["https:\/\/connectandactivate.info\/product\/stability-and-reconnection\/"]}]},{"@type":"ImageObject","inLanguage":"pl-PL","@id":"https:\/\/connectandactivate.info\/product\/stability-and-reconnection\/#primaryimage","url":"https:\/\/connectandactivate.info\/wp-content\/uploads\/2025\/11\/Gold01137.jpg","contentUrl":"https:\/\/connectandactivate.info\/wp-content\/uploads\/2025\/11\/Gold01137.jpg","width":500,"height":500},{"@type":"BreadcrumbList","@id":"https:\/\/connectandactivate.info\/product\/stability-and-reconnection\/#breadcrumb","itemListElement":[{"@type":"ListItem","position":1,"name":"Home","item":"https:\/\/connectandactivate.info\/"},{"@type":"ListItem","position":2,"name":"Shop","item":"https:\/\/connectandactivate.info\/shop\/"},{"@type":"ListItem","position":3,"name":"Stability and Reconnection"}]},{"@type":"WebSite","@id":"https:\/\/connectandactivate.info\/#website","url":"https:\/\/connectandactivate.info\/","name":"po\u0142\u0105czenie","description":"","potentialAction":[{"@type":"SearchAction","target":{"@type":"EntryPoint","urlTemplate":"https:\/\/connectandactivate.info\/?s={search_term_string}"},"query-input":{"@type":"PropertyValueSpecification","valueRequired":true,"valueName":"search_term_string"}}],"inLanguage":"pl-PL"}]}},"_links":{"self":[{"href":"https:\/\/connectandactivate.info\/pl\/wp-json\/wp\/v2\/product\/104","targetHints":{"allow":["GET"]}}],"collection":[{"href":"https:\/\/connectandactivate.info\/pl\/wp-json\/wp\/v2\/product"}],"about":[{"href":"https:\/\/connectandactivate.info\/pl\/wp-json\/wp\/v2\/types\/product"}],"replies":[{"embeddable":true,"href":"https:\/\/connectandactivate.info\/pl\/wp-json\/wp\/v2\/comments?post=104"}],"wp:featuredmedia":[{"embeddable":true,"href":"https:\/\/connectandactivate.info\/pl\/wp-json\/wp\/v2\/media\/105"}],"wp:attachment":[{"href":"https:\/\/connectandactivate.info\/pl\/wp-json\/wp\/v2\/media?parent=104"}],"wp:term":[{"taxonomy":"product_brand","embeddable":true,"href":"https:\/\/connectandactivate.info\/pl\/wp-json\/wp\/v2\/product_brand?post=104"},{"taxonomy":"product_cat","embeddable":true,"href":"https:\/\/connectandactivate.info\/pl\/wp-json\/wp\/v2\/product_cat?post=104"},{"taxonomy":"product_tag","embeddable":true,"href":"https:\/\/connectandactivate.info\/pl\/wp-json\/wp\/v2\/product_tag?post=104"}],"curies":[{"name":"wp","href":"https:\/\/api.w.org\/{rel}","templated":true}]}}