{"id":117,"date":"2025-11-04T05:24:51","date_gmt":"2025-11-04T05:24:51","guid":{"rendered":"https:\/\/connectandactivate.info\/?post_type=product&#038;p=117"},"modified":"2025-12-18T08:54:43","modified_gmt":"2025-12-18T08:54:43","slug":"zestaw-rodzinny-dla-praktykow","status":"publish","type":"product","link":"https:\/\/connectandactivate.info\/pl\/product\/zestaw-rodzinny-dla-praktykow\/","title":{"rendered":"Zestaw dla lekarza i rodziny"},"content":{"rendered":"<p>\u0142\u0105czy wszystkie siedem soli Connect &amp; Activate w obni\u017conej cenie, dzi\u0119ki czemu jest dost\u0119pny zar\u00f3wno dla profesjonalist\u00f3w, jak i dla rodzin lub grup, kt\u00f3re chc\u0105 osi\u0105gn\u0105\u0107 maksymaln\u0105 wydajno\u015b\u0107 podczas procesu, pracuj\u0105c z pe\u0142nym procesem.<br \/>\nDo\u015bwiadczenia pokazuj\u0105, \u017ce ka\u017cdy indywidualnie w mniejszym lub wi\u0119kszym stopniu mo\u017ce czerpa\u0107 korzy\u015bci z u\u017cywania ka\u017cdej z soli w r\u00f3\u017cnych sytuacjach \u017cyciowych. Je\u015bli przejrzysz stron\u0119 \u201cZnajd\u017a to, czego potrzebujesz\u201d, sam si\u0119 o tym przekonasz.<\/p>\n<p>Zestaw ten nie zast\u0119puje metod terapeutycznych ani system\u00f3w rodzinnych; jest delikatnym wsparciem, kt\u00f3re mo\u017ce towarzyszy\u0107 istniej\u0105cym praktykom, zmniejszaj\u0105c wewn\u0119trzne zak\u0142\u00f3cenia i u\u0142atwiaj\u0105c jasno\u015b\u0107, regulacj\u0119 i integracj\u0119.<\/p>\n<p>Dla terapeut\u00f3w, trener\u00f3w, bodyworker\u00f3w i facylitator\u00f3w, zestaw ten oferuje dodatkowy poziom g\u0142\u0119bi bez zmiany ich w\u0142asnej metodologii. Dla rodzin i grup stanowi wsp\u00f3lny fundament r\u00f3wnowagi emocjonalnej, komunikacji i samodzielnego rozwoju.<\/p>\n<h3>Dla praktyk\u00f3w<\/h3>\n<p>Sole mog\u0105 towarzyszy\u0107 szerokiej gamie praktyk, w tym:<br \/>\n- psychoterapia<br \/>\n- coaching<br \/>\n- praca somatyczna<br \/>\n- metody oparte na traumie<br \/>\n- medytacja i praca z oddechem<br \/>\n- cia\u0142o i ruch<\/p>\n<p>Sole wspieraj\u0105 warunki, w kt\u00f3rych istniej\u0105ce metody terapeutyczne mog\u0105 rozwija\u0107 si\u0119 p\u0142ynniej. Indywidualne mieszanki soli mog\u0105 by\u0107 tworzone dla klient\u00f3w i sprzedawane im jako \u201cpraca domowa\u201d w celu nap\u0119dzania tego, co zosta\u0142o rozpocz\u0119te podczas sesji. Zestaw zawiera 20 specjalnych pustych butelek z breloczkiem i \u0142y\u017ceczk\u0105 do dozowania.<\/p>\n<p>Praktycy cz\u0119sto opisuj\u0105:<br \/>\n- klienci staj\u0105 si\u0119 mniej defensywni lub wycofani<br \/>\n- \u0141atwiejsza integracja wgl\u0105du<br \/>\n- poprawa regulacji emocjonalnej mi\u0119dzy sesjami<br \/>\n- zmniejszony op\u00f3r wewn\u0119trzny<br \/>\n- wyra\u017aniejsze rozpoznawanie wzorc\u00f3w<\/p>\n<p>Zmiany te s\u0105 subtelne, humanitarne i samokieruj\u0105ce.<\/p>\n<h3>Dla rodzin i grup<\/h3>\n<p>Zestaw Practitioner &amp; Family Set wspiera gospodarstwa domowe i grupy, kt\u00f3re chc\u0105 bardziej stabilnego \u015brodowiska emocjonalnego i wsp\u00f3lnego j\u0119zyka rozwoju.<\/p>\n<p>Rodziny i grupy cz\u0119sto to zauwa\u017caj\u0105:<br \/>\n- spokojniejsze interakcje<br \/>\n- zmniejszone reakcje na stres<br \/>\n- \u0142atwiejsza komunikacja<br \/>\n- mniej eskalacji<br \/>\n- bardziej wspieraj\u0105ca atmosfera<\/p>\n<p>Nie dlatego, \u017ce sole zmieniaj\u0105 kogokolwiek, ale dlatego, \u017ce wspieraj\u0105 klarowno\u015b\u0107 pochodz\u0105c\u0105 z wn\u0119trza, cierpliwo\u015b\u0107 i przestrze\u0144 emocjonaln\u0105.<\/p>\n<p>Zakup pe\u0142nego zestawu jest bardziej ekonomiczny ni\u017c kupowanie pojedynczych soli i pozwala cz\u0142onkom na odkrywanie r\u00f3\u017cnych wymiar\u00f3w w zale\u017cno\u015bci od potrzeb.<\/p>\n<h3>Jak mo\u017cna go u\u017cywa\u0107<\/h3>\n<p>Sole mog\u0105 by\u0107 u\u017cywane przez:<br \/>\n- Klienci indywidualni<br \/>\n- Wielu cz\u0142onk\u00f3w rodziny<br \/>\n- Grupy terapeutyczne<br \/>\n- Warsztaty lub rekolekcje<\/p>\n<p>Ka\u017cda osoba mo\u017ce eksplorowa\u0107 we w\u0142asnym tempie, bez presji i protoko\u0142\u00f3w.<\/p>\n<p>Sole nie narzucaj\u0105 przekona\u0144 ani nie wymagaj\u0105 okre\u015blonych praktyk. Wspieraj\u0105 klarowno\u015b\u0107, r\u00f3wnowag\u0119 emocjonaln\u0105 i samodzielny rozw\u00f3j w codziennym \u017cyciu.<\/p>\n<h3>Stanowisko etyczne<\/h3>\n<p>Zestaw ten jest zgodny z niedogmatycznym, niehierarchicznym spojrzeniem na wzrost.<\/p>\n<p>Tak nie jest:<br \/>\n- diagnozowa\u0107, leczy\u0107 lub leczy\u0107 choroby<br \/>\n- zast\u0105pi\u0107 opiek\u0119 medyczn\u0105 lub psychologiczn\u0105<br \/>\n- zagwarantowa\u0107 okre\u015blone wyniki<\/p>\n<p>Obs\u0142uguje:<br \/>\n- autonomia<br \/>\n- godno\u015b\u0107<br \/>\n- dojrza\u0142o\u015b\u0107 emocjonalna<br \/>\n- ja\u015bniejsza percepcja<br \/>\n- Samokieruj\u0105ca si\u0119 zmiana<\/p>\n<p>Odpowiedzialno\u015b\u0107 terapeutyczna spoczywa na terapeucie, a odpowiedzialno\u015b\u0107 rodzinna na jej cz\u0142onkach.<\/p>\n<h3>Dlaczego zestaw ma znaczenie<\/h3>\n<p>Zakup pe\u0142nego zestawu jest bardziej ekonomiczny ni\u017c zakup pojedynczych produkt\u00f3w.<\/p>\n<p>U\u0142atwia to:<br \/>\n- Poznaj ca\u0142y proces<br \/>\n- dopasowanie do r\u00f3\u017cnych potrzeb w r\u00f3\u017cnym czasie<br \/>\n- obs\u0142uga wielu u\u017cytkownik\u00f3w<br \/>\n- praca z g\u0142\u0119bszym lub d\u0142ugoterminowym rozwojem<\/p>\n<p>Dla praktyk\u00f3w umo\u017cliwia to elastyczne wsparcie dla r\u00f3\u017cnych klient\u00f3w.<br \/>\nDla rodzin staje si\u0119 wsp\u00f3lnym zasobem.<\/p>\n<h3>Wa\u017cna uwaga<\/h3>\n<p>Po\u0142\u0105cz i aktywuj produkty:<br \/>\n- nie s\u0105 lekarstwem<br \/>\n- nie diagnozuj\u0105, nie lecz\u0105 ani nie lecz\u0105 chor\u00f3b<br \/>\n- nie zast\u0119puj\u0105 profesjonalnej opieki<\/p>\n<p>S\u0105 one przeznaczone do obs\u0142ugi:<br \/>\n- r\u00f3wnowaga emocjonalna<br \/>\n- samo\u015bwiadomo\u015b\u0107<br \/>\n- rozw\u00f3j osobisty<\/p>\n<p>W przypadku w\u0105tpliwo\u015bci zdrowotnych nale\u017cy skonsultowa\u0107 si\u0119 z wykwalifikowanymi specjalistami.<\/p>","protected":false},"excerpt":{"rendered":"<p>\u0142\u0105czy wszystkie siedem soli Connect &amp; Activate w obni\u017conej cenie, dzi\u0119ki czemu jest dost\u0119pny zar\u00f3wno dla profesjonalist\u00f3w, jak i dla rodzin lub grup, kt\u00f3re chc\u0105 osi\u0105gn\u0105\u0107 maksymaln\u0105 wydajno\u015b\u0107 podczas procesu, pracuj\u0105c z pe\u0142nym procesem.<br \/>\nDo\u015bwiadczenia pokazuj\u0105, \u017ce ka\u017cdy indywidualnie w mniejszym lub wi\u0119kszym stopniu mo\u017ce czerpa\u0107 korzy\u015bci z u\u017cywania ka\u017cdej z soli w r\u00f3\u017cnych sytuacjach \u017cyciowych. Je\u015bli przejrzysz stron\u0119 \u201cZnajd\u017a to, czego potrzebujesz\u201d, sam si\u0119 o tym przekonasz.<\/p>","protected":false},"featured_media":118,"comment_status":"open","ping_status":"closed","template":"","meta":[],"product_brand":[],"product_cat":[16],"product_tag":[],"class_list":{"0":"post-117","1":"product","2":"type-product","3":"status-publish","4":"has-post-thumbnail","6":"product_cat-uncategorized","8":"first","9":"instock","10":"shipping-taxable","11":"product-type-simple"},"yoast_head":"<!-- This site is optimized with the Yoast SEO plugin v26.8 - https:\/\/yoast.com\/product\/yoast-seo-wordpress\/ -->\n<title>The Practitioner &amp; Family Set - connect<\/title>\n<meta name=\"robots\" content=\"noindex, follow, max-snippet:-1, max-image-preview:large, max-video-preview:-1\" \/>\n<meta property=\"og:locale\" content=\"pl_PL\" \/>\n<meta property=\"og:type\" content=\"article\" \/>\n<meta property=\"og:title\" content=\"The Practitioner &amp; Family Set - connect\" \/>\n<meta property=\"og:description\" content=\"brings together all seven Connect &amp; Activate salts at a reduced price, making it accessible for professionals and for families or groups who want to achieve the maximum output during the process by work with the full process. Experiences show that everyone individually more or less can benefit from using each of the salts at different situations your of life. If you go through the \u201cFind What you Need\u201d page, you see it for yourself.\" \/>\n<meta property=\"og:url\" content=\"https:\/\/connectandactivate.info\/pl\/product\/zestaw-rodzinny-dla-praktykow\/\" \/>\n<meta property=\"og:site_name\" content=\"connect\" \/>\n<meta property=\"article:modified_time\" content=\"2025-12-18T08:54:43+00:00\" \/>\n<meta property=\"og:image\" content=\"https:\/\/connectandactivate.info\/wp-content\/uploads\/2025\/11\/Untitled-2.jpg\" \/>\n\t<meta property=\"og:image:width\" content=\"500\" \/>\n\t<meta property=\"og:image:height\" content=\"500\" \/>\n\t<meta property=\"og:image:type\" content=\"image\/jpeg\" \/>\n<meta name=\"twitter:card\" content=\"summary_large_image\" \/>\n<meta name=\"twitter:label1\" content=\"Szacowany czas czytania\" \/>\n\t<meta name=\"twitter:data1\" content=\"3 minuty\" \/>\n<script type=\"application\/ld+json\" class=\"yoast-schema-graph\">{\"@context\":\"https:\/\/schema.org\",\"@graph\":[{\"@type\":\"WebPage\",\"@id\":\"https:\/\/connectandactivate.info\/product\/the-practitioner-family-set\/\",\"url\":\"https:\/\/connectandactivate.info\/product\/the-practitioner-family-set\/\",\"name\":\"The Practitioner & Family Set - connect\",\"isPartOf\":{\"@id\":\"https:\/\/connectandactivate.info\/#website\"},\"primaryImageOfPage\":{\"@id\":\"https:\/\/connectandactivate.info\/product\/the-practitioner-family-set\/#primaryimage\"},\"image\":{\"@id\":\"https:\/\/connectandactivate.info\/product\/the-practitioner-family-set\/#primaryimage\"},\"thumbnailUrl\":\"https:\/\/connectandactivate.info\/wp-content\/uploads\/2025\/11\/Untitled-2.jpg\",\"datePublished\":\"2025-11-04T05:24:51+00:00\",\"dateModified\":\"2025-12-18T08:54:43+00:00\",\"breadcrumb\":{\"@id\":\"https:\/\/connectandactivate.info\/product\/the-practitioner-family-set\/#breadcrumb\"},\"inLanguage\":\"pl-PL\",\"potentialAction\":[{\"@type\":\"ReadAction\",\"target\":[\"https:\/\/connectandactivate.info\/product\/the-practitioner-family-set\/\"]}]},{\"@type\":\"ImageObject\",\"inLanguage\":\"pl-PL\",\"@id\":\"https:\/\/connectandactivate.info\/product\/the-practitioner-family-set\/#primaryimage\",\"url\":\"https:\/\/connectandactivate.info\/wp-content\/uploads\/2025\/11\/Untitled-2.jpg\",\"contentUrl\":\"https:\/\/connectandactivate.info\/wp-content\/uploads\/2025\/11\/Untitled-2.jpg\",\"width\":500,\"height\":500},{\"@type\":\"BreadcrumbList\",\"@id\":\"https:\/\/connectandactivate.info\/product\/the-practitioner-family-set\/#breadcrumb\",\"itemListElement\":[{\"@type\":\"ListItem\",\"position\":1,\"name\":\"Home\",\"item\":\"https:\/\/connectandactivate.info\/\"},{\"@type\":\"ListItem\",\"position\":2,\"name\":\"Shop\",\"item\":\"https:\/\/connectandactivate.info\/shop\/\"},{\"@type\":\"ListItem\",\"position\":3,\"name\":\"The Practitioner &#038; Family Set\"}]},{\"@type\":\"WebSite\",\"@id\":\"https:\/\/connectandactivate.info\/#website\",\"url\":\"https:\/\/connectandactivate.info\/\",\"name\":\"connect\",\"description\":\"\",\"potentialAction\":[{\"@type\":\"SearchAction\",\"target\":{\"@type\":\"EntryPoint\",\"urlTemplate\":\"https:\/\/connectandactivate.info\/?s={search_term_string}\"},\"query-input\":{\"@type\":\"PropertyValueSpecification\",\"valueRequired\":true,\"valueName\":\"search_term_string\"}}],\"inLanguage\":\"pl-PL\"}]}<\/script>\n<!-- \/ Yoast SEO plugin. -->","yoast_head_json":{"title":"Zestaw Praktyk i Rodzina - po\u0142\u0105cz","robots":{"index":"noindex","follow":"follow","max-snippet":"max-snippet:-1","max-image-preview":"max-image-preview:large","max-video-preview":"max-video-preview:-1"},"og_locale":"pl_PL","og_type":"article","og_title":"The Practitioner & Family Set - connect","og_description":"brings together all seven Connect &amp; Activate salts at a reduced price, making it accessible for professionals and for families or groups who want to achieve the maximum output during the process by work with the full process. Experiences show that everyone individually more or less can benefit from using each of the salts at different situations your of life. If you go through the \u201cFind What you Need\u201d page, you see it for yourself.","og_url":"https:\/\/connectandactivate.info\/pl\/product\/zestaw-rodzinny-dla-praktykow\/","og_site_name":"connect","article_modified_time":"2025-12-18T08:54:43+00:00","og_image":[{"width":500,"height":500,"url":"https:\/\/connectandactivate.info\/wp-content\/uploads\/2025\/11\/Untitled-2.jpg","type":"image\/jpeg"}],"twitter_card":"summary_large_image","twitter_misc":{"Szacowany czas czytania":"3 minuty"},"schema":{"@context":"https:\/\/schema.org","@graph":[{"@type":"WebPage","@id":"https:\/\/connectandactivate.info\/product\/the-practitioner-family-set\/","url":"https:\/\/connectandactivate.info\/product\/the-practitioner-family-set\/","name":"Zestaw Praktyk i Rodzina - po\u0142\u0105cz","isPartOf":{"@id":"https:\/\/connectandactivate.info\/#website"},"primaryImageOfPage":{"@id":"https:\/\/connectandactivate.info\/product\/the-practitioner-family-set\/#primaryimage"},"image":{"@id":"https:\/\/connectandactivate.info\/product\/the-practitioner-family-set\/#primaryimage"},"thumbnailUrl":"https:\/\/connectandactivate.info\/wp-content\/uploads\/2025\/11\/Untitled-2.jpg","datePublished":"2025-11-04T05:24:51+00:00","dateModified":"2025-12-18T08:54:43+00:00","breadcrumb":{"@id":"https:\/\/connectandactivate.info\/product\/the-practitioner-family-set\/#breadcrumb"},"inLanguage":"pl-PL","potentialAction":[{"@type":"ReadAction","target":["https:\/\/connectandactivate.info\/product\/the-practitioner-family-set\/"]}]},{"@type":"ImageObject","inLanguage":"pl-PL","@id":"https:\/\/connectandactivate.info\/product\/the-practitioner-family-set\/#primaryimage","url":"https:\/\/connectandactivate.info\/wp-content\/uploads\/2025\/11\/Untitled-2.jpg","contentUrl":"https:\/\/connectandactivate.info\/wp-content\/uploads\/2025\/11\/Untitled-2.jpg","width":500,"height":500},{"@type":"BreadcrumbList","@id":"https:\/\/connectandactivate.info\/product\/the-practitioner-family-set\/#breadcrumb","itemListElement":[{"@type":"ListItem","position":1,"name":"Home","item":"https:\/\/connectandactivate.info\/"},{"@type":"ListItem","position":2,"name":"Shop","item":"https:\/\/connectandactivate.info\/shop\/"},{"@type":"ListItem","position":3,"name":"The Practitioner &#038; Family Set"}]},{"@type":"WebSite","@id":"https:\/\/connectandactivate.info\/#website","url":"https:\/\/connectandactivate.info\/","name":"po\u0142\u0105czenie","description":"","potentialAction":[{"@type":"SearchAction","target":{"@type":"EntryPoint","urlTemplate":"https:\/\/connectandactivate.info\/?s={search_term_string}"},"query-input":{"@type":"PropertyValueSpecification","valueRequired":true,"valueName":"search_term_string"}}],"inLanguage":"pl-PL"}]}},"_links":{"self":[{"href":"https:\/\/connectandactivate.info\/pl\/wp-json\/wp\/v2\/product\/117","targetHints":{"allow":["GET"]}}],"collection":[{"href":"https:\/\/connectandactivate.info\/pl\/wp-json\/wp\/v2\/product"}],"about":[{"href":"https:\/\/connectandactivate.info\/pl\/wp-json\/wp\/v2\/types\/product"}],"replies":[{"embeddable":true,"href":"https:\/\/connectandactivate.info\/pl\/wp-json\/wp\/v2\/comments?post=117"}],"wp:featuredmedia":[{"embeddable":true,"href":"https:\/\/connectandactivate.info\/pl\/wp-json\/wp\/v2\/media\/118"}],"wp:attachment":[{"href":"https:\/\/connectandactivate.info\/pl\/wp-json\/wp\/v2\/media?parent=117"}],"wp:term":[{"taxonomy":"product_brand","embeddable":true,"href":"https:\/\/connectandactivate.info\/pl\/wp-json\/wp\/v2\/product_brand?post=117"},{"taxonomy":"product_cat","embeddable":true,"href":"https:\/\/connectandactivate.info\/pl\/wp-json\/wp\/v2\/product_cat?post=117"},{"taxonomy":"product_tag","embeddable":true,"href":"https:\/\/connectandactivate.info\/pl\/wp-json\/wp\/v2\/product_tag?post=117"}],"curies":[{"name":"wp","href":"https:\/\/api.w.org\/{rel}","templated":true}]}}